{"id":27887,"date":"2025-11-14T09:33:44","date_gmt":"2025-11-14T08:33:44","guid":{"rendered":"https:\/\/pb.edu.pl\/iros\/?page_id=27887"},"modified":"2025-11-24T09:37:52","modified_gmt":"2025-11-24T08:37:52","slug":"kontakt","status":"publish","type":"page","link":"https:\/\/pb.edu.pl\/iros\/projekty-nawa\/wsparcie-uniwersytetow-europejskich\/wue2025\/kontakt\/","title":{"rendered":"Kontakt"},"content":{"rendered":"<p><strong>Kierownik projektu<\/strong><br \/>\nmgr in\u017c. Agata Dzieko\u0144ska<br \/>\n<i class=\"fal fa-phone\"><\/i> 85 746 9661<br \/>\n <i class=\"fal fa-envelope\"><\/i> <a href=\"#\" rel=\"nofollow\"  onclick=\"this.href='mailto:' + 'a.dziekonska' + '@' + 'pb.edu.pl'\">a.dziekonska [at] pb.edu.pl<\/a>\n&nbsp;<\/p>\n<p><strong>Zast\u0119pca kierownika projektu<\/strong><br \/>\nmgr Gra\u017cyna Jakimiuk<br \/>\n<i class=\"fal fa-phone\"><\/i> 85 746 9662<br \/>\n <i class=\"fal fa-envelope\"><\/i> <a href=\"#\" rel=\"nofollow\"  onclick=\"this.href='mailto:' + 'g.jakimiuk' + '@' + 'pb.edu.pl'\">g.jakimiuk [at] pb.edu.pl<\/a>\n&nbsp;<\/p>\n<p><strong>Koordynator administracyjny oraz osoba do kontaktu w projekcie<\/strong><br \/>\nmgr Izabela Karpi\u0144ska<br \/>\n<i class=\"fal fa-phone\"><\/i> 85 746 7010<br \/>\n <i class=\"fal fa-envelope\"><\/i> <a href=\"#\" rel=\"nofollow\"  onclick=\"this.href='mailto:' + 'izabela.karpinska' + '@' + 'pb.edu.pl'\">izabela.karpinska [at] pb.edu.pl<\/a>\n&nbsp;<\/p>\n<p><strong>Zast\u0119pca koordynatora administracyjnego<\/strong><br \/>\nmgr Marta Orpik<br \/>\n<i class=\"fal fa-phone\"><\/i> 85 746 7010<br \/>\n <i class=\"fal fa-envelope\"><\/i> <a href=\"#\" rel=\"nofollow\"  onclick=\"this.href='mailto:' + 'm.orpik' + '@' + 'pb.edu.pl'\">m.orpik [at] pb.edu.pl<\/a>\n&nbsp;<\/p>\n","protected":false},"excerpt":{"rendered":"<p>Kierownik projektu mgr in\u017c. Agata Dzieko\u0144ska 85 746 9661 &nbsp; Zast\u0119pca kierownika projektu mgr Gra\u017cyna<\/p>\n","protected":false},"author":2,"featured_media":0,"parent":27853,"menu_order":6,"comment_status":"closed","ping_status":"closed","template":"","meta":{"_acf_changed":false,"ngg_post_thumbnail":0,"footnotes":""},"class_list":["post-27887","page","type-page","status-publish","hentry"],"acf":[],"_links":{"self":[{"href":"https:\/\/pb.edu.pl\/iros\/wp-json\/wp\/v2\/pages\/27887","targetHints":{"allow":["GET"]}}],"collection":[{"href":"https:\/\/pb.edu.pl\/iros\/wp-json\/wp\/v2\/pages"}],"about":[{"href":"https:\/\/pb.edu.pl\/iros\/wp-json\/wp\/v2\/types\/page"}],"author":[{"embeddable":true,"href":"https:\/\/pb.edu.pl\/iros\/wp-json\/wp\/v2\/users\/2"}],"replies":[{"embeddable":true,"href":"https:\/\/pb.edu.pl\/iros\/wp-json\/wp\/v2\/comments?post=27887"}],"version-history":[{"count":0,"href":"https:\/\/pb.edu.pl\/iros\/wp-json\/wp\/v2\/pages\/27887\/revisions"}],"up":[{"embeddable":true,"href":"https:\/\/pb.edu.pl\/iros\/wp-json\/wp\/v2\/pages\/27853"}],"wp:attachment":[{"href":"https:\/\/pb.edu.pl\/iros\/wp-json\/wp\/v2\/media?parent=27887"}],"curies":[{"name":"wp","href":"https:\/\/api.w.org\/{rel}","templated":true}]}}