{"id":27883,"date":"2025-11-14T09:31:58","date_gmt":"2025-11-14T08:31:58","guid":{"rendered":"https:\/\/pb.edu.pl\/iros\/?page_id=27883"},"modified":"2026-02-19T10:00:18","modified_gmt":"2026-02-19T09:00:18","slug":"rekrutacja","status":"publish","type":"page","link":"https:\/\/pb.edu.pl\/iros\/projekty-nawa\/wsparcie-uniwersytetow-europejskich\/wue2025\/rekrutacja\/","title":{"rendered":"Rekrutacja"},"content":{"rendered":"<p style=\"text-align: center\"><span style=\"font-size: 14pt\"><strong>Open Recruitment for Project Participation<\/strong><\/span><\/p>\n<div class=\"panel-group\" id=\"custom-collapse-0\">\n<div class=\"panel panel-default\">\n\t\t\t\t<div class=\"panel-heading\">\n\t\t\t\t\t<div class=\"panel-title\">\n\t\t\t\t\t\t<a class=\"collapsed h4\" data-toggle=\"collapse\" data-parent=\"#custom-collapse-0\" href=\"#custom-collapse-0-0\">1. Internships for Employees\/PhD Students of Bia\u0142ystok University of Technology at Across Partner Universities<\/a>\n\t\t\t\t\t<\/div>\n\t\t\t\t<\/div>\n\t\t\t\t<div id=\"custom-collapse-0-0\" class=\"panel-collapse collapse\">\n\t\t\t\t\t<div class=\"panel-body\">\nMore information soon.<br \/>\n<\/div>\n\t\t\t\t<\/div>\n\t\t\t<\/div>\n<div class=\"panel panel-default\">\n\t\t\t\t<div class=\"panel-heading\">\n\t\t\t\t\t<div class=\"panel-title\">\n\t\t\t\t\t\t<a class=\"collapsed h4\" data-toggle=\"collapse\" data-parent=\"#custom-collapse-0\" href=\"#custom-collapse-0-1\">2. Study Visits for Academic Teachers of Bia\u0142ystok University of Technology at Across Partner Universities<\/a>\n\t\t\t\t\t<\/div>\n\t\t\t\t<\/div>\n\t\t\t\t<div id=\"custom-collapse-0-1\" class=\"panel-collapse collapse\">\n\t\t\t\t\t<div class=\"panel-body\">\nMore information soon.<br \/>\n<\/div>\n\t\t\t\t<\/div>\n\t\t\t<\/div>\n<div class=\"panel panel-default\">\n\t\t\t\t<div class=\"panel-heading\">\n\t\t\t\t\t<div class=\"panel-title\">\n\t\t\t\t\t\t<a class=\"collapsed h4\" data-toggle=\"collapse\" data-parent=\"#custom-collapse-0\" href=\"#custom-collapse-0-2\">3. Scientific Conferences for Academic Teachers from Bia\u0142ystok University of Technology<\/a>\n\t\t\t\t\t<\/div>\n\t\t\t\t<\/div>\n\t\t\t\t<div id=\"custom-collapse-0-2\" class=\"panel-collapse collapse\">\n\t\t\t\t\t<div class=\"panel-body\">\n<p><strong>Activity Type: <\/strong>International Scientific Conference \u2013 APAIE 2026<\/p>\n<p><strong>Dates: <\/strong>23\u201327 February 2026<\/p>\n<p><strong>Conference Website: <em><a href=\"https:\/\/apaie.net\/conferences\/apaie-2026\/\">https:\/\/apaie.net\/conferences\/apaie-2026\/<\/a><\/em><\/strong><\/p>\n<p><strong>On-site Location: <\/strong>Hong Kong Convention and Exhibition Centre, Hong Kong<\/p>\n<p><strong>Documents &amp; Applications:<\/strong><\/p>\n<ul>\n<li><strong>Call for Applications\/ Og\u0142oszenie o naborze: <a class=\"pdf\" title=\"\" href=\"https:\/\/pb.edu.pl\/iros\/wp-content\/uploads\/sites\/24\/2025\/12\/WUE-Ogloszenie-o-naborze-na-konferencje-APAIE-2026.pdf\" target=\"_blank\" rel=\"noopener\" data-id=\"28415\">WUE Og\u0142oszenie o naborze na konferencje APAIE 2026 (PDF, 256 KB, otworzy si\u0119 w nowej karcie)<\/a><\/strong><\/li>\n<li><strong>BUT Application Form\/ Aplikacja na konferencj\u0119:&nbsp; <a title=\"\" href=\"https:\/\/forms.office.com\/Pages\/ResponsePage.aspx?id=jfpgeCGkpUCDJwcSAm6Q5KgdvsKZnC5GtZtT__IJGnBUREpTU09KQ0NKSzYyTTU1RTJMWUZVQzRTUC4u\"> Aplikacja na konferencj\u0119 APAIE 2026 \u2013 Hongkong, 23\u201327 lutego 2026 \u2013 Wype\u0142nij formularz<\/a><\/strong><\/li>\n<\/ul>\n<p><b>Deadline for <\/b><b>Application: <\/b>12.12.2025 r.<\/p>\n<p><strong>Selected participants will receive:<\/strong><\/p>\n<ul>\n<li>coverage of the conference registration fee<\/li>\n<\/ul>\n<hr>\n<p><strong>Activity Type:&nbsp;<\/strong>18th annual International Conference on Education and New Learning Technologies \u2013 EDULEARN26<\/p>\n<p><strong>Dates:&nbsp;<\/strong>29 June \u2013 01 July 2026<\/p>\n<p><strong>Conference Website:&nbsp;<\/strong> <a href=\"https:\/\/iated.org\/edulearn\/\"><strong>https:\/\/iated.org\/edulearn\/<\/strong><\/a><\/p>\n<p><strong>On-site Location:&nbsp;<\/strong>The&nbsp;Palma Convention Centre, Palma, Balearic Islands, Spain<\/p>\n<p><strong>&nbsp;<\/strong><\/p>\n<p><strong>Documents &amp; Applications:<\/strong><\/p>\n<ul>\n<li><strong>Call for Applications\/ Og\u0142oszenie o naborze:&nbsp;<\/strong><a class=\"pdf\" href=\"https:\/\/pb.edu.pl\/iros\/wp-content\/uploads\/sites\/24\/2026\/02\/WUE-Ogloszenie-o-naborze-na-konferencje-EDULEARN26.pdf\" target=\"_blank\" rel=\"noopener\" data-id=\"29180\">WUE Og\u0142oszenie o naborze na konferencje EDULEARN26 (PDF, 259 KB, otworzy si\u0119 w nowej karcie)<\/a><\/li>\n<li><strong>BUT Application Form\/ Aplikacja na konferencj\u0119: <a href=\"https:\/\/forms.office.com\/Pages\/ResponsePage.aspx?id=jfpgeCGkpUCDJwcSAm6Q5KgdvsKZnC5GtZtT__IJGnBUNjZZNzRUUjdZMUhDU1BJMlFINlFFTUNMUC4u\">Aplikacja na konferencj\u0119 EDULEARN26 \u2013 Hiszpania, 29 czerwca\u20131 lipca 2026 \u2013 Wype\u0142nij formularz<\/a><\/strong><\/li>\n<\/ul>\n<p>&nbsp;<\/p>\n<p><strong>Deadline for&nbsp;Application:&nbsp;<\/strong>08.02.2026 r.<\/p>\n<p><strong>&nbsp;<\/strong><\/p>\n<p><strong>Selected participants will receive:<\/strong><\/p>\n<ul>\n<li>A&nbsp;<strong>scholarship<\/strong>&nbsp;to cover travel expenses &#8211; <strong>3000 PLN<\/strong>&nbsp;\u2013 Spain;<\/li>\n<li>A&nbsp;<strong>lump sum<\/strong>&nbsp;for living and accommodation costs &#8211; <strong>400 PLN\/ per 1 day (3 days of conference + 2 travel days)<\/strong>;<\/li>\n<li>coverage of the conference registration fee<\/li>\n<\/ul>\n<\/div>\n\t\t\t\t<\/div>\n\t\t\t<\/div>\n<div class=\"panel panel-default\">\n\t\t\t\t<div class=\"panel-heading\">\n\t\t\t\t\t<div class=\"panel-title\">\n\t\t\t\t\t\t<a class=\"collapsed h4\" data-toggle=\"collapse\" data-parent=\"#custom-collapse-0\" href=\"#custom-collapse-0-3\">4. INNOBUILD2026 Conference \u2013 Across Partner Universities at Bia\u0142ystok University of Technology<\/a>\n\t\t\t\t\t<\/div>\n\t\t\t\t<\/div>\n\t\t\t\t<div id=\"custom-collapse-0-3\" class=\"panel-collapse collapse\">\n\t\t\t\t\t<div class=\"panel-body\">\n<p><strong>Activity Type:<\/strong> INNOBUILD 2026 Conference for Academic Staff and Doctoral Students from ACROSS Alliance Partner Universities at Bia\u0142ystok University of Technology<\/p>\n<p><strong>Date of activity:<\/strong> 20-22 May 2026.<\/p>\n<p><strong>Conference Website:&nbsp;<a href=\"https:\/\/pb.edu.pl\/innobuild2026\/\">https:\/\/pb.edu.pl\/innobuild2026\/<\/a> <\/strong><\/p>\n<p><strong>On-site location:<\/strong>&nbsp; <strong>Bia\u0142ystok University of Technology, Poland<\/strong><\/p>\n<p>Faculty of Civil Engineering and Environmental Sciences &#8211; 45 E Wiejska, 15-351 Bialystok<\/p>\n<p><strong>Documents &amp; Applications:<\/strong><\/p>\n<ul>\n<li><strong>Call for Applications\/ Og\u0142oszenie o naborze: <a title=\"Call for Applications\" href=\"https:\/\/pb.edu.pl\/iros\/wp-content\/uploads\/sites\/24\/2025\/12\/Call-for-Applications-1.pdf\">Call for Applications (PDF, 238 KB, otworzy si\u0119 w nowej karcie)<\/a>&nbsp;<\/strong><\/li>\n<\/ul>\n<p><strong>Deadline for&nbsp;Application:&nbsp;<\/strong>Open until all available places are filled<\/p>\n<p><strong>Selected participants will receive:<\/strong><\/p>\n<ol>\n<li>A scholarship to cover travel expenses (round trip):<\/li>\n<\/ol>\n<ul>\n<li><strong>1500 PLN<\/strong> \u2013 participants from Germany, Bosnia and Herzegovina, Romania and Slovenia;&nbsp;<\/li>\n<li><strong>2000 PLN<\/strong> \u2013 participants from France, Bulgaria, Italy;<\/li>\n<li><strong>3000 PLN<\/strong> \u2013 participants from Spain<\/li>\n<\/ul>\n<ol start=\"2\">\n<li>A&nbsp;<strong>lump sum <\/strong>for living and accommodation costs&nbsp; <strong>&#8211; 300 PLN per day spent in Poland and travel days <\/strong><em>(5 days x 300 PLN)<\/em><\/li>\n<li>A&nbsp;<strong>residency scholarship<\/strong> <strong>&#8211; 300 PLN per day spent in Poland:<\/strong><\/li>\n<\/ol>\n<ul>\n<li><strong>125 PLN\/ per 1 day<\/strong>&nbsp;\u2013 for doctoral students <em>(5 days x 125 PLN)<\/em><\/li>\n<li><strong style=\"font-size: 1.5rem\">250 PLN\/ per 1 day<\/strong><span style=\"font-size: 1.5rem\">&nbsp;\u2013 for academic teachers <\/span><em style=\"font-size: 1.5rem\">(5 days x 250 PLN)<\/em><\/li>\n<\/ul>\n<\/div>\n\t\t\t\t<\/div>\n\t\t\t<\/div>\n<div class=\"panel panel-default\">\n\t\t\t\t<div class=\"panel-heading\">\n\t\t\t\t\t<div class=\"panel-title\">\n\t\t\t\t\t\t<a class=\"collapsed h4\" data-toggle=\"collapse\" data-parent=\"#custom-collapse-0\" href=\"#custom-collapse-0-4\">5. Summer School at Bia\u0142ystok University of Technology<\/a>\n\t\t\t\t\t<\/div>\n\t\t\t\t<\/div>\n\t\t\t\t<div id=\"custom-collapse-0-4\" class=\"panel-collapse collapse\">\n\t\t\t\t\t<div class=\"panel-body\">\nMore information soon.<br \/>\n<\/div>\n\t\t\t\t<\/div>\n\t\t\t<\/div>\n<div class=\"panel panel-default\">\n\t\t\t\t<div class=\"panel-heading\">\n\t\t\t\t\t<div class=\"panel-title\">\n\t\t\t\t\t\t<a class=\"collapsed h4\" data-toggle=\"collapse\" data-parent=\"#custom-collapse-0\" href=\"#custom-collapse-0-5\">6. Joint Scientific Publications with Across Partners<\/a>\n\t\t\t\t\t<\/div>\n\t\t\t\t<\/div>\n\t\t\t\t<div id=\"custom-collapse-0-5\" class=\"panel-collapse collapse\">\n\t\t\t\t\t<div class=\"panel-body\">\nMore information soon.<br \/>\n<\/div>\n\t\t\t\t<\/div>\n\t\t\t<\/div>\n<\/div>\n&nbsp;<\/p>\n<div class=\"row\">\n<div class=\"col-sm-6\">\n<p><strong>Zaproszenie do udzia\u0142u w projekcie \u201eWsparcie Uniwersytet\u00f3w Europejskich\u201d \u2013 nab\u00f3r 2025<\/strong><\/p>\n<p>Politechnika Bia\u0142ostocka zaprasza:<\/p>\n<ul>\n<li>pracownik\u00f3w uczelni, w tym przedstawicieli kadry akademickiej, naukowo-badawczej oraz pracownik\u00f3w nieb\u0119d\u0105cych nauczycielami akademickimi (je\u017celi ich udzia\u0142 w projekcie jest uzasadniony),<\/li>\n<li>student\u00f3w i doktorant\u00f3w Politechniki Bia\u0142ostockiej oraz uczelni partnerskich Uniwersytetu Europejskiego \u201eAcross\u201d,<\/li>\n<li>wszystkich partner\u00f3w zagranicznych \u201eAcross\u201d<\/li>\n<\/ul>\n<p>do udzia\u0142u w projekcie <strong>\u201eWsparcie Uniwersytet\u00f3w Europejskich\u201d<\/strong> w ramach naboru 2025.<\/p>\n<p><strong>Regulamin udzia\u0142u w projekcie<\/strong><\/p>\n<p>Regulamin dotycz\u0105cy zasad organizacji, rekrutacji, udzia\u0142u oraz wyp\u0142at stypendi\u00f3w i innych form wsparcia finansowego w ramach Programu NAWA znajdziesz tutaj: <a href=\"https:\/\/pb.edu.pl\/iros\/projekty-nawa\/wsparcie-uniwersytetow-europejskich\/wue2025\/dokumenty-projektu\/\"><strong>link<\/strong><\/a>.<\/p>\n<p>Akceptacja zapis\u00f3w regulaminu jest warunkiem przyst\u0105pienia do rekrutacji, kt\u00f3ra b\u0119dzie og\u0142aszana z odpowiednim wyprzedzeniem, aby zapewni\u0107 wszystkim zainteresowanym mo\u017cliwo\u015b\u0107 udzia\u0142u.<\/p>\n<p><strong>Rejestracja do systemu NAWA<\/strong><\/p>\n<p>W przypadku zakwalifikowania si\u0119 do udzia\u0142u w projekcie (otrzymania wsparcia), konieczne b\u0119dzie zarejestrowanie si\u0119 w systemie NAWA.<br \/>\n<strong>Instrukcja u\u017cytkownika projektu<\/strong> znajduje si\u0119 tutaj: <a href=\"https:\/\/pb.edu.pl\/iros\/projekty-nawa\/wsparcie-uniwersytetow-europejskich\/wue2025\/dokumenty-projektu\/\"><strong>link<\/strong><\/a>.<\/p>\n<p><strong>Kontakt z Biurem Obs\u0142ugi Projektu<\/strong><\/p>\n<p>Wszelkie pytania dotycz\u0105ce projektu oraz procesu rekrutacji prosimy kierowa\u0107 do <strong>Biura Obs\u0142ugi Projektu<\/strong> \u2013 <a href=\"mailto:izabela.karpinska@pb.edu.pl\">izabela.karpinska@pb.edu.pl<\/a><\/p>\n<p>Nasz zesp\u00f3\u0142 ch\u0119tnie udzieli szczeg\u00f3\u0142owych informacji i pomo\u017ce w razie w\u0105tpliwo\u015bci.<\/p>\n<p>Serdecznie zapraszamy do udzia\u0142u w projekcie i \u017cyczymy powodzenia!<\/p>\n<p><strong>Rekrutacyjne Zalecenia Doradcy ds. polityk horyzontalnych: <\/strong><a href=\"https:\/\/pb.edu.pl\/iros\/projekty-nawa\/wsparcie-uniwersytetow-europejskich\/wue2025\/dokumenty-projektu\/\">link<\/a><strong><br \/>\n<\/strong><\/p>\n<\/div>\n<p><strong>Invitation to Participate in the &#8222;Support for European Universities&#8221; Project \u2013 Recruitment 2025<\/strong><\/p>\n<p>Bialystok University of Technology invites:<\/p>\n<ul>\n<li>university staff, including members of academic, research, and non-academic staff (provided their participation in the project is justified),<\/li>\n<li>students and doctoral candidates from Bialystok University of Technology and partner universities of the European University &#8222;Across&#8221;,<\/li>\n<li>all foreign partners of the &#8222;Across&#8221; project<\/li>\n<\/ul>\n<p>to participate in the <strong>&#8222;Support for European Universities&#8221;<\/strong> project as part of the 2025 recruitment.<\/p>\n<p><strong>Project Participation Regulations<\/strong><\/p>\n<p>Regulations for organization, recruitment, participation and payment of scholarships and othe forms of financial support under the NAWA Programme can be found here: <a href=\"https:\/\/pb.edu.pl\/iros\/projekty-nawa\/wsparcie-uniwersytetow-europejskich\/wue2025\/dokumenty-projektu\/\"><strong>link<\/strong><\/a>.<\/p>\n<p>&nbsp;<\/p>\n<p>Acceptance of the regulations is a prerequisite for participating in the recruitment process, which will be announced in advance to ensure everyone has the opportunity to apply.<\/p>\n<p><strong>Registration in the NAWA System<\/strong><\/p>\n<p>If you are selected to participate in the project (and receive support), registration in the NAWA system will be required.<br \/>\nThe <strong>Project User Manual<\/strong> can be found here: <a href=\"https:\/\/pb.edu.pl\/iros\/projekty-nawa\/wsparcie-uniwersytetow-europejskich\/wue2025\/dokumenty-projektu\/\"><strong>link<\/strong><\/a>.<\/p>\n<p><strong>Contact the Project Support Office<\/strong><\/p>\n<p>For any questions regarding the project or the recruitment process, please contact the <strong>Project Support Office<\/strong> &#8211; <a href=\"mailto:izabela.karpinska@pb.edu.pl\">izabela.karpinska@pb.edu.pl<\/a><\/p>\n<p>Our team is available to provide detailed information and assist you with any concerns.<\/p>\n<p>We warmly invite you to participate in the project and wish you the best of luck!<\/p>\n<\/div>\n<p>&nbsp;<\/p>\n<p>&nbsp;<\/p>\n","protected":false},"excerpt":{"rendered":"<p>Open Recruitment for Project Participation &nbsp; Zaproszenie do udzia\u0142u w projekcie \u201eWsparcie Uniwersytet\u00f3w Europejskich\u201d \u2013<\/p>\n","protected":false},"author":2,"featured_media":0,"parent":27853,"menu_order":4,"comment_status":"closed","ping_status":"closed","template":"","meta":{"_acf_changed":false,"ngg_post_thumbnail":0,"footnotes":""},"class_list":["post-27883","page","type-page","status-publish","hentry"],"acf":[],"_links":{"self":[{"href":"https:\/\/pb.edu.pl\/iros\/wp-json\/wp\/v2\/pages\/27883","targetHints":{"allow":["GET"]}}],"collection":[{"href":"https:\/\/pb.edu.pl\/iros\/wp-json\/wp\/v2\/pages"}],"about":[{"href":"https:\/\/pb.edu.pl\/iros\/wp-json\/wp\/v2\/types\/page"}],"author":[{"embeddable":true,"href":"https:\/\/pb.edu.pl\/iros\/wp-json\/wp\/v2\/users\/2"}],"replies":[{"embeddable":true,"href":"https:\/\/pb.edu.pl\/iros\/wp-json\/wp\/v2\/comments?post=27883"}],"version-history":[{"count":5,"href":"https:\/\/pb.edu.pl\/iros\/wp-json\/wp\/v2\/pages\/27883\/revisions"}],"predecessor-version":[{"id":29184,"href":"https:\/\/pb.edu.pl\/iros\/wp-json\/wp\/v2\/pages\/27883\/revisions\/29184"}],"up":[{"embeddable":true,"href":"https:\/\/pb.edu.pl\/iros\/wp-json\/wp\/v2\/pages\/27853"}],"wp:attachment":[{"href":"https:\/\/pb.edu.pl\/iros\/wp-json\/wp\/v2\/media?parent=27883"}],"curies":[{"name":"wp","href":"https:\/\/api.w.org\/{rel}","templated":true}]}}