{"id":27881,"date":"2025-11-14T09:31:03","date_gmt":"2025-11-14T08:31:03","guid":{"rendered":"https:\/\/pb.edu.pl\/iros\/?page_id=27881"},"modified":"2025-11-24T09:32:35","modified_gmt":"2025-11-24T08:32:35","slug":"o-projekcie","status":"publish","type":"page","link":"https:\/\/pb.edu.pl\/iros\/projekty-nawa\/wsparcie-uniwersytetow-europejskich\/wue2025\/o-projekcie\/","title":{"rendered":"O projekcie"},"content":{"rendered":"<p style=\"font-weight: 400\"><strong>Tytu\u0142 projektu:&nbsp;<\/strong>Wsp\u00f3lnie ku doskona\u0142o\u015bci \u2013 Politechnika Bia\u0142ostocka w dzia\u0142aniach sojuszu Across-PBAcross<\/p>\n<p style=\"font-weight: 400\"><strong>Numer wniosku projektowego:&nbsp;<\/strong>BPI\/WUE\/2025\/1\/00022<\/p>\n<p style=\"font-weight: 400\"><strong>Wysoko\u015b\u0107 przyznanego dofinansowania:&nbsp;<\/strong>1 489 638,10 PLN<strong><br \/>\nData rozpocz\u0119cia projektu<\/strong>:&nbsp;01.10.2025<strong><br \/>\nData zako\u0144czenia projektu:&nbsp;<\/strong>31.05.2027<\/p>\n<p style=\"font-weight: 400\"><strong>&nbsp;<\/strong><\/p>\n<p style=\"font-weight: 400\">Projekt pt. Wsp\u00f3lnie ku doskona\u0142o\u015bci \u2013 Politechnika Bia\u0142ostocka w dzia\u0142aniach sojuszu Across-PBAcross &nbsp;ma na celu synergiczne i komplementarne wsparcie dzia\u0142a\u0144 zaplanowanych w ramach Uniwersytetu Europejskiego Across \u2013 European Cross-Border University.<\/p>\n<p style=\"font-weight: 400\">W ramach Uniwersytetu Europejskiego Across, kt\u00f3rego cz\u0119\u015bci\u0105 jest Politechnika Bia\u0142ostocka, opracowywana jest d\u0142ugoterminowa strategia w obszarze kszta\u0142cenia oraz promocji europejskich warto\u015bci. Celem jej jest zwi\u0119kszenie mobilno\u015bci student\u00f3w, kadry akademickiej i \u015brodowiska naukowego, a tak\u017ce wspieranie jako\u015bci, integracji oraz konkurencyjno\u015bci europejskiego szkolnictwa wy\u017cszego. Partnerzy Across \u0142\u0105cz\u0105 swoj\u0105 wiedz\u0119 i do\u015bwiadczenie, aby zwi\u0119kszy\u0107 szanse student\u00f3w, pracownik\u00f3w akademickich i nieakademickich, obywateli, przedsi\u0119biorstw i w\u0142adz regionalnych, koncentruj\u0105c dzia\u0142ania w nast\u0119puj\u0105cych obszarach:<\/p>\n<ul style=\"font-weight: 400\">\n<li>Rozw\u00f3j gospodarczy i spo\u0142eczny<\/li>\n<li>Kultura, to\u017csamo\u015b\u0107 i dziedzictwo<\/li>\n<li>Zarz\u0105dzanie zasobami naturalnymi<\/li>\n<li>Edukacja w kontek\u015bcie transgranicznym<\/li>\n<\/ul>\n<p style=\"font-weight: 400\"><strong>&nbsp;<\/strong><\/p>\n<p style=\"font-weight: 400\">Dzi\u0119ki pozyskanym \u015brodkom uczelnia b\u0119dzie mog\u0142a rozwija\u0107 umi\u0119dzynarodowienie, budowa\u0107 potencja\u0142 wsp\u00f3\u0142pracy w ramach sojuszu oraz wdra\u017ca\u0107 innowacyjne dzia\u0142ania dla student\u00f3w, doktorant\u00f3w i kadry akademickiej.<\/p>\n<p style=\"font-weight: 400\">W efekcie realizacji projektu 68 nauczycieli akademickich PB, 16 nauczycieli uczelni partnerskich oraz 48 student\u00f3w podniesie swoje kompetencje i kwalifikacje.<\/p>\n<p style=\"font-weight: 400\">Kluczowe dzia\u0142ania projektu to:<\/p>\n<ul style=\"font-weight: 400\">\n<li>24 sta\u017ce pracownik\u00f3w naukowych PB w uczelniach partnerskich (m.in. University of Perpignan, University of Udine, University of Girona, University of Banja Luka, University of Ruse, University of Nova Gorica, Technical University of Chemnitz, University of Craiova);<\/li>\n<li>18 wizyt studyjnych pracownik\u00f3w PB w uczelniach partnerskich Across (m.in. Francja, Bo\u015bnia i Hercegowina, Rumunia, Hiszpania, S\u0142owenia, W\u0142ochy, Niemcy, Bu\u0142garia);<\/li>\n<li>Udzia\u0142 9 nauczycieli akademickich PB w mi\u0119dzynarodowych konferencjach naukowych;<\/li>\n<li>Przygotowanie 24 publikacji naukowych open access we wsp\u00f3\u0142pracy z partnerami sojuszu;<\/li>\n<li>Opracowanie 30 pakiet\u00f3w dydaktycznych \u2013 20 do wykorzystania podczas zaj\u0119\u0107 oraz 10 w trakcie Szko\u0142y Letniej;<\/li>\n<li>Organizacja na Politechnice Bia\u0142ostockiej mi\u0119dzynarodowej konferencji naukowej z udzia\u0142em partner\u00f3w Across;<\/li>\n<li>Udzia\u0142 48 student\u00f3w uczelni partnerskich i 8 nauczycieli w Szkole Letniej na Politechnice Bia\u0142ostockiej.<\/li>\n<\/ul>\n<p style=\"font-weight: 400\"><strong>&nbsp;<\/strong><strong>&nbsp;<\/strong><\/p>\n<p style=\"font-weight: 400\">Projekt \u201eWsp\u00f3lnie ku doskona\u0142o\u015bci \u2013 Politechnika Bia\u0142ostocka w dzia\u0142aniach sojuszu Across-PBAcross\u201d jest finansowany ze \u015brodk\u00f3w Unii Europejskiej z Funduszu Europejskiego dla Rozwoju Spo\u0142ecznego 2021-2027 (FERS) w ramach projektu NAWA pt. \u201eWsparcie sojuszy Uniwersytet\u00f3w Europejskich\u201d o numerze FERS.01.05-IP.08-0219\/23.<\/p>\n<p style=\"font-weight: 400\"><strong>&nbsp;<\/strong><\/p>\n<p style=\"font-weight: 400\"><strong><a href=\"https:\/\/nawa.gov.pl\/nawa\/aktualnosci\/wyniki-naboru-w-programie-wsparcie-uniwersytetow-europejskich\">Link do wynik\u00f3w naboru NAWA.<\/a><\/strong><\/p>\n<p style=\"font-weight: 400\"><strong>&nbsp;<\/strong><\/p>\n<p style=\"font-weight: 400\"><strong>Program jest finansowany ze \u015brodk\u00f3w Unii Europejskiej w ramach projektu pn. Wsparcie sojuszy Uniwersytet\u00f3w Europejskich o numerze FERS.01.05-IP.08-0219\/23 (Projekty FERS).<br \/>\n<a href=\"https:\/\/pb.edu.pl\/iros\/wp-content\/uploads\/sites\/24\/2025\/11\/FERS-RP-UE-NAWA-poziom-kolor-1.jpg\"><img loading=\"lazy\" decoding=\"async\" class=\"aligncenter size-full wp-image-27761\" src=\"https:\/\/pb.edu.pl\/iros\/wp-content\/uploads\/sites\/24\/2025\/11\/FERS-RP-UE-NAWA-poziom-kolor-1.jpg\" alt=\"\" width=\"678\" height=\"72\" srcset=\"https:\/\/pb.edu.pl\/iros\/wp-content\/uploads\/sites\/24\/2025\/11\/FERS-RP-UE-NAWA-poziom-kolor-1.jpg 678w, https:\/\/pb.edu.pl\/iros\/wp-content\/uploads\/sites\/24\/2025\/11\/FERS-RP-UE-NAWA-poziom-kolor-1-300x32.jpg 300w\" sizes=\"auto, (max-width: 678px) 100vw, 678px\" \/><\/a><br \/>\n<\/strong><\/p>\n","protected":false},"excerpt":{"rendered":"<p>Tytu\u0142 projektu:&nbsp;Wsp\u00f3lnie ku doskona\u0142o\u015bci \u2013 Politechnika Bia\u0142ostocka w dzia\u0142aniach sojuszu Across-PBAcross Numer wniosku projektowego:&nbsp;BPI\/WUE\/2025\/1\/00022 Wysoko\u015b\u0107<\/p>\n","protected":false},"author":2,"featured_media":0,"parent":27853,"menu_order":3,"comment_status":"closed","ping_status":"closed","template":"","meta":{"_acf_changed":false,"ngg_post_thumbnail":0,"footnotes":""},"class_list":["post-27881","page","type-page","status-publish","hentry"],"acf":[],"_links":{"self":[{"href":"https:\/\/pb.edu.pl\/iros\/wp-json\/wp\/v2\/pages\/27881","targetHints":{"allow":["GET"]}}],"collection":[{"href":"https:\/\/pb.edu.pl\/iros\/wp-json\/wp\/v2\/pages"}],"about":[{"href":"https:\/\/pb.edu.pl\/iros\/wp-json\/wp\/v2\/types\/page"}],"author":[{"embeddable":true,"href":"https:\/\/pb.edu.pl\/iros\/wp-json\/wp\/v2\/users\/2"}],"replies":[{"embeddable":true,"href":"https:\/\/pb.edu.pl\/iros\/wp-json\/wp\/v2\/comments?post=27881"}],"version-history":[{"count":0,"href":"https:\/\/pb.edu.pl\/iros\/wp-json\/wp\/v2\/pages\/27881\/revisions"}],"up":[{"embeddable":true,"href":"https:\/\/pb.edu.pl\/iros\/wp-json\/wp\/v2\/pages\/27853"}],"wp:attachment":[{"href":"https:\/\/pb.edu.pl\/iros\/wp-json\/wp\/v2\/media?parent=27881"}],"curies":[{"name":"wp","href":"https:\/\/api.w.org\/{rel}","templated":true}]}}