{"id":27853,"date":"2025-11-13T21:53:56","date_gmt":"2025-11-13T20:53:56","guid":{"rendered":"https:\/\/pb.edu.pl\/iros\/?page_id=27853"},"modified":"2025-11-24T09:31:14","modified_gmt":"2025-11-24T08:31:14","slug":"wue2025","status":"publish","type":"page","link":"https:\/\/pb.edu.pl\/iros\/projekty-nawa\/wsparcie-uniwersytetow-europejskich\/wue2025\/","title":{"rendered":"Wsp\u00f3lnie ku doskona\u0142o\u015bci \u2013 Politechnika Bia\u0142ostocka w dzia\u0142aniach sojuszu Across \u2013 PBAcross \u2013 2025"},"content":{"rendered":"<div class=\"row\">\n<div class=\"col-md-4\">\n\t<div class=\"boxlink animated zoomIn \">\n\t\t<a href=\"\/iros\/projekty-nawa\/wsparcie-uniwersytetow-europejskich\/wue2025\/aktualnosci\/\" class=\"no-icon\">\n\t\t\t<div class=\"boxlink-title\">Aktualno\u015bci<span><\/span><\/div>\n\t\t\t<div class=\"boxlink-content\">\n\t\t\t\t<img decoding=\"async\" src=\"https:\/\/pb.edu.pl\/iros\/wp-content\/uploads\/sites\/24\/2018\/11\/aktualnosci-prom-box.jpg\" alt=\"What's new\" class=\"aligncenter size-full wp-image-10684\" \/>\t\t\t<\/div>\n\t\t<\/a>\n\t<\/div>\n\n<\/div>\n<div class=\"col-md-4\">\n\t<div class=\"boxlink animated zoomIn \">\n\t\t<a href=\"\/iros\/projekty-nawa\/wsparcie-uniwersytetow-europejskich\/wue2025\/harmonogram-projektu\/\" class=\"no-icon\">\n\t\t\t<div class=\"boxlink-title\">Harmonogram projektu<span><\/span><\/div>\n\t\t\t<div class=\"boxlink-content\">\n\t\t\t\t<img decoding=\"async\" src=\"https:\/\/pb.edu.pl\/iros\/wp-content\/uploads\/sites\/24\/2018\/11\/harmonogram-prom-box.jpg\" alt=\"kartka kalendarza\" class=\"aligncenter size-full wp-image-10684\" \/>\t\t\t<\/div>\n\t\t<\/a>\n\t<\/div>\n\n<\/div>\n<div class=\"col-md-4\">\n\t<div class=\"boxlink animated zoomIn \">\n\t\t<a href=\"\/iros\/projekty-nawa\/wsparcie-uniwersytetow-europejskich\/wue2025\/o-projekcie\/\" class=\"no-icon\">\n\t\t\t<div class=\"boxlink-title\">O projekcie<span><\/span><\/div>\n\t\t\t<div class=\"boxlink-content\">\n\t\t\t\t<img decoding=\"async\" src=\"https:\/\/pb.edu.pl\/iros\/wp-content\/uploads\/sites\/24\/2018\/11\/prom-box.jpg\" alt=\"wyk\u0142adowca przy tablicy\" class=\"aligncenter size-full wp-image-10684\" \/>\t\t\t<\/div>\n\t\t<\/a>\n\t<\/div>\n\n<\/div>\n<\/div>\n<div class=\"row\">\n<div class=\"col-md-4\">\n\t<div class=\"boxlink animated zoomIn \">\n\t\t<a href=\"\/iros\/projekty-nawa\/wsparcie-uniwersytetow-europejskich\/wue2025\/rekrutacja\/\" class=\"no-icon\">\n\t\t\t<div class=\"boxlink-title\">Rekrutacja<span><\/span><\/div>\n\t\t\t<div class=\"boxlink-content\">\n\t\t\t\t<img decoding=\"async\" src=\"https:\/\/pb.edu.pl\/iros\/wp-content\/uploads\/sites\/24\/2018\/11\/zadania-prom-box.jpg\" alt=\"pola typu checkbox\" class=\"aligncenter size-full wp-image-10684\" \/>\t\t\t<\/div>\n\t\t<\/a>\n\t<\/div>\n\n<\/div>\n<div class=\"col-md-4\">\n\t<div class=\"boxlink animated zoomIn \">\n\t\t<a href=\"\/iros\/projekty-nawa\/wsparcie-uniwersytetow-europejskich\/wue2025\/dokumenty-projektu\/\" class=\"no-icon\">\n\t\t\t<div class=\"boxlink-title\">Dokumenty projektu<span><\/span><\/div>\n\t\t\t<div class=\"boxlink-content\">\n\t\t\t\t<img decoding=\"async\" src=\"https:\/\/pb.edu.pl\/iros\/wp-content\/uploads\/sites\/24\/2018\/11\/dokumenty-prom-box.jpg\" alt=\"trzy skoroszyty u\u0142o\u017cone jeden na drugim\" class=\"aligncenter size-full wp-image-10684\" \/>\t\t\t<\/div>\n\t\t<\/a>\n\t<\/div>\n\n<\/div>\n<div class=\"col-md-4\">\n\t<div class=\"boxlink animated zoomIn \">\n\t\t<a href=\"\/iros\/projekty-nawa\/wsparcie-uniwersytetow-europejskich\/wue2025\/kontakt\/\" class=\"no-icon\">\n\t\t\t<div class=\"boxlink-title\">Kontakt<span><\/span><\/div>\n\t\t\t<div class=\"boxlink-content\">\n\t\t\t\t<img decoding=\"async\" src=\"https:\/\/pb.edu.pl\/iros\/wp-content\/uploads\/sites\/24\/2018\/11\/kontakt-prom-box.jpg\" alt=\"aparat telefoniczny na trawie\" class=\"aligncenter size-full wp-image-10684\" \/>\t\t\t<\/div>\n\t\t<\/a>\n\t<\/div>\n\n<\/div>\n<\/div>\n","protected":false},"excerpt":{"rendered":"","protected":false},"author":2,"featured_media":0,"parent":21784,"menu_order":2,"comment_status":"closed","ping_status":"closed","template":"","meta":{"_acf_changed":false,"ngg_post_thumbnail":0,"footnotes":""},"class_list":["post-27853","page","type-page","status-publish","hentry"],"acf":[],"_links":{"self":[{"href":"https:\/\/pb.edu.pl\/iros\/wp-json\/wp\/v2\/pages\/27853","targetHints":{"allow":["GET"]}}],"collection":[{"href":"https:\/\/pb.edu.pl\/iros\/wp-json\/wp\/v2\/pages"}],"about":[{"href":"https:\/\/pb.edu.pl\/iros\/wp-json\/wp\/v2\/types\/page"}],"author":[{"embeddable":true,"href":"https:\/\/pb.edu.pl\/iros\/wp-json\/wp\/v2\/users\/2"}],"replies":[{"embeddable":true,"href":"https:\/\/pb.edu.pl\/iros\/wp-json\/wp\/v2\/comments?post=27853"}],"version-history":[{"count":0,"href":"https:\/\/pb.edu.pl\/iros\/wp-json\/wp\/v2\/pages\/27853\/revisions"}],"up":[{"embeddable":true,"href":"https:\/\/pb.edu.pl\/iros\/wp-json\/wp\/v2\/pages\/21784"}],"wp:attachment":[{"href":"https:\/\/pb.edu.pl\/iros\/wp-json\/wp\/v2\/media?parent=27853"}],"curies":[{"name":"wp","href":"https:\/\/api.w.org\/{rel}","templated":true}]}}