{"id":26862,"date":"2025-09-09T21:22:28","date_gmt":"2025-09-09T19:22:28","guid":{"rendered":"https:\/\/pb.edu.pl\/iros\/?page_id=26862"},"modified":"2026-02-20T08:08:32","modified_gmt":"2026-02-20T07:08:32","slug":"rejestracja","status":"publish","type":"page","link":"https:\/\/pb.edu.pl\/iros\/projekty-nawa\/spinaker\/budownictwo-energooszczedne-przyjazne-uzytkownikom-i-srodowisku-2\/rejestracja\/","title":{"rendered":"Rejestracja"},"content":{"rendered":"<p><strong>Zaproszenie do udzia\u0142u w rekrutacji Mi\u0119dzynarodowa Interdyscyplinarna Szko\u0142a Letnia<\/strong><\/p>\n<p>\u201eBudownictwo energooszcz\u0119dne, przyjazne u\u017cytkownikom i \u015brodowisku_2\u201d- w ramach Programu SPINAKER<\/p>\n<p>Politechnika Bia\u0142ostocka zaprasza student\u00f3w studi\u00f3w I i II stopnia, kszta\u0142c\u0105cych si\u0119 na kierunkach takich jak in\u017cynieria \u015brodowiska, budownictwo, architektura, energetyka oraz innych kierunkach pokrewnych, z zagranicznych uczelni partnerskich oraz Politechniki Bia\u0142ostockiej, do udzia\u0142u w rekrutacji na Mi\u0119dzynarodow\u0105 Interdyscyplinarn\u0105 Szko\u0142\u0119 Letni\u0105.<\/p>\n<p>Szko\u0142a Letnia odb\u0119dzie si\u0119 na Politechnice Bia\u0142ostockiej w terminie <strong>02\u201311 lipca 2026 r.<\/strong><\/p>\n<p><strong>Zagraniczni uczestnicy Szko\u0142y Letniej otrzymaj\u0105 stypendium skalkulowane <\/strong><strong>na podstawie zrycza\u0142towanych stawek w podziale na trzy kategorie: <\/strong><\/p>\n<ol>\n<li>koszty podr\u00f3\u017cy \u2013 w wysoko\u015bci zgodnej z Za\u0142\u0105cznikiem 1 &#8211; Regulaminu;<\/li>\n<li>koszty utrzymania i zakwaterowania w Polsce \u2013 12 dni * 300 PL\/ za dni dzia\u0142ania plus 2 dni podr\u00f3\u017cy = 3600 PLN;<\/li>\n<li>stypendium \u2013 12 dni * 75 PL\/ za dni dzia\u0142ania plus 2 dni podr\u00f3\u017cy = 900 PLN<\/li>\n<\/ol>\n<p>&nbsp;<\/p>\n<p><span style=\"font-size: 14pt\"><strong>Link do rejestracji na Szko\u0142\u0119 Letni\u0105<\/strong>: <a href=\"https:\/\/forms.office.com\/Pages\/ResponsePage.aspx?id=jfpgeCGkpUCDJwcSAm6Q5KgdvsKZnC5GtZtT__IJGnBUODJYTE1LMU9RUVhKRVVWQjBRWTcxNjRBUS4u\"><strong>link<\/strong><\/a><\/span><\/p>\n<p>Regulamin okre\u015blaj\u0105cy zasady organizacji, rekrutacji, udzia\u0142u w projekcie oraz wyp\u0142at stypendi\u00f3w i innych form wsparcia finansowego w ramach Programu NAWA dost\u0119pny jest pod linkiem: <strong>[<a href=\"https:\/\/pb.edu.pl\/iros\/projekty-nawa\/spinaker\/budownictwo-energooszczedne-przyjazne-uzytkownikom-i-srodowisku-2\/dokumenty\/\">link<\/a>]<\/strong><br \/>\nW przypadku zakwalifikowania si\u0119 do udzia\u0142u w projekcie (uzyskania wsparcia finansowego) konieczne b\u0119dzie zarejestrowanie si\u0119 w systemie NAWA. Instrukcja u\u017cytkownika projektu dost\u0119pna jest pod linkiem: <strong>[<a title=\"\" href=\"https:\/\/pb.edu.pl\/iros\/projekty-nawa\/spinaker\/budownictwo-energooszczedne-przyjazne-uzytkownikom-i-srodowisku-2\/dokumenty\/\">link<\/a>]<\/strong><\/p>\n<p>&nbsp;<\/p>\n<p><strong>Kontakt z Biurem Obs\u0142ugi Projektu<\/strong><\/p>\n<p>Wszelkie pytania dotycz\u0105ce projektu oraz procesu rekrutacji prosimy kierowa\u0107 do Biura Obs\u0142ugi Projektu: <a href=\"mailto:izabela.karpinska@pb.edu.pl\">izabela.karpinska@pb.edu.pl<\/a><\/p>\n<p>Nasz zesp\u00f3\u0142 z przyjemno\u015bci\u0105 udzieli szczeg\u00f3\u0142owych informacji oraz pomo\u017ce w przypadku ewentualnych w\u0105tpliwo\u015bci.<\/p>\n<p>Serdecznie zapraszamy do udzia\u0142u w projekcie i \u017cyczymy powodzenia w procesie rekrutacji!<\/p>\n<p><strong>Rekrutacyjne Zalecenia Doradcy ds. polityk horyzontalnych:<\/strong> <strong>[<a title=\"\" href=\"https:\/\/pb.edu.pl\/iros\/projekty-nawa\/spinaker\/budownictwo-energooszczedne-przyjazne-uzytkownikom-i-srodowisku-2\/dokumenty\/\">link<\/a>]<\/strong><\/p>\n","protected":false},"excerpt":{"rendered":"<p>Zaproszenie do udzia\u0142u w rekrutacji Mi\u0119dzynarodowa Interdyscyplinarna Szko\u0142a Letnia \u201eBudownictwo energooszcz\u0119dne, przyjazne u\u017cytkownikom i \u015brodowisku_2\u201d-<\/p>\n","protected":false},"author":2,"featured_media":0,"parent":26819,"menu_order":3,"comment_status":"closed","ping_status":"closed","template":"","meta":{"_acf_changed":false,"ngg_post_thumbnail":0,"footnotes":""},"class_list":["post-26862","page","type-page","status-publish","hentry"],"acf":[],"_links":{"self":[{"href":"https:\/\/pb.edu.pl\/iros\/wp-json\/wp\/v2\/pages\/26862","targetHints":{"allow":["GET"]}}],"collection":[{"href":"https:\/\/pb.edu.pl\/iros\/wp-json\/wp\/v2\/pages"}],"about":[{"href":"https:\/\/pb.edu.pl\/iros\/wp-json\/wp\/v2\/types\/page"}],"author":[{"embeddable":true,"href":"https:\/\/pb.edu.pl\/iros\/wp-json\/wp\/v2\/users\/2"}],"replies":[{"embeddable":true,"href":"https:\/\/pb.edu.pl\/iros\/wp-json\/wp\/v2\/comments?post=26862"}],"version-history":[{"count":7,"href":"https:\/\/pb.edu.pl\/iros\/wp-json\/wp\/v2\/pages\/26862\/revisions"}],"predecessor-version":[{"id":29450,"href":"https:\/\/pb.edu.pl\/iros\/wp-json\/wp\/v2\/pages\/26862\/revisions\/29450"}],"up":[{"embeddable":true,"href":"https:\/\/pb.edu.pl\/iros\/wp-json\/wp\/v2\/pages\/26819"}],"wp:attachment":[{"href":"https:\/\/pb.edu.pl\/iros\/wp-json\/wp\/v2\/media?parent=26862"}],"curies":[{"name":"wp","href":"https:\/\/api.w.org\/{rel}","templated":true}]}}