{"id":26829,"date":"2025-09-08T23:33:02","date_gmt":"2025-09-08T21:33:02","guid":{"rendered":"https:\/\/pb.edu.pl\/iros\/?page_id=26829"},"modified":"2025-10-10T21:23:54","modified_gmt":"2025-10-10T19:23:54","slug":"kontakt","status":"publish","type":"page","link":"https:\/\/pb.edu.pl\/iros\/projekty-nawa\/spinaker\/biometrics-and-artificial-intelligence\/kontakt\/","title":{"rendered":"Kontakt"},"content":{"rendered":"<p><strong>dr in\u017c. Miros\u0142aw Omieljanowicz<\/strong><br \/>\nKoordynator projektu<\/p>\n<p> <i class=\"fal fa-envelope\"><\/i> <a href=\"#\" rel=\"nofollow\"  onclick=\"this.href='mailto:' + 'm.omieljanowicz' + '@' + 'pb.edu.pl'\">m.omieljanowicz [at] pb.edu.pl<\/a>\n<p>&nbsp;<\/p>\n<p><strong>prof. dr hab. in\u017c. Khalid Saeed<\/strong><br \/>\nDyrektor naukowy<\/p>\n<p> <i class=\"fal fa-envelope\"><\/i> <a href=\"#\" rel=\"nofollow\"  onclick=\"this.href='mailto:' + 'k.saeed' + '@' + 'pb.edu.pl'\">k.saeed [at] pb.edu.pl<\/a>\n<p>&nbsp;<\/p>\n<p><strong>mgr Joanna Panasiuk<\/strong><br \/>\nKoordynator ds. rekrutacji<\/p>\n<p> <i class=\"fal fa-envelope\"><\/i> <a href=\"#\" rel=\"nofollow\"  onclick=\"this.href='mailto:' + 'j.panasiuk' + '@' + 'pb.edu.pl'\">j.panasiuk [at] pb.edu.pl<\/a>\n<p> <i class=\"fal fa-phone\"><\/i> +48 85 746 90 94<\/p>\n<p>&nbsp;<\/p>\n<p><strong>mgr Kinga Piasecka<\/strong><br \/>\nKoordynator ds. administracji<\/p>\n<p> <i class=\"fal fa-envelope\"><\/i> <a href=\"#\" rel=\"nofollow\"  onclick=\"this.href='mailto:' + 'kinga.piasecka' + '@' + 'pb.edu.pl'\">kinga.piasecka [at] pb.edu.pl<\/a>\n<p> <i class=\"fal fa-phone\"><\/i> +48 85 746 70 28<\/p>\n","protected":false},"excerpt":{"rendered":"<p>dr in\u017c. Miros\u0142aw Omieljanowicz Koordynator projektu &nbsp; prof. dr hab. in\u017c. Khalid Saeed Dyrektor naukowy<\/p>\n","protected":false},"author":2,"featured_media":0,"parent":26821,"menu_order":2,"comment_status":"closed","ping_status":"closed","template":"","meta":{"_acf_changed":false,"ngg_post_thumbnail":0,"footnotes":""},"class_list":["post-26829","page","type-page","status-publish","hentry"],"acf":[],"_links":{"self":[{"href":"https:\/\/pb.edu.pl\/iros\/wp-json\/wp\/v2\/pages\/26829","targetHints":{"allow":["GET"]}}],"collection":[{"href":"https:\/\/pb.edu.pl\/iros\/wp-json\/wp\/v2\/pages"}],"about":[{"href":"https:\/\/pb.edu.pl\/iros\/wp-json\/wp\/v2\/types\/page"}],"author":[{"embeddable":true,"href":"https:\/\/pb.edu.pl\/iros\/wp-json\/wp\/v2\/users\/2"}],"replies":[{"embeddable":true,"href":"https:\/\/pb.edu.pl\/iros\/wp-json\/wp\/v2\/comments?post=26829"}],"version-history":[{"count":0,"href":"https:\/\/pb.edu.pl\/iros\/wp-json\/wp\/v2\/pages\/26829\/revisions"}],"up":[{"embeddable":true,"href":"https:\/\/pb.edu.pl\/iros\/wp-json\/wp\/v2\/pages\/26821"}],"wp:attachment":[{"href":"https:\/\/pb.edu.pl\/iros\/wp-json\/wp\/v2\/media?parent=26829"}],"curies":[{"name":"wp","href":"https:\/\/api.w.org\/{rel}","templated":true}]}}