{"id":26827,"date":"2025-09-08T23:32:14","date_gmt":"2025-09-08T21:32:14","guid":{"rendered":"https:\/\/pb.edu.pl\/iros\/?page_id=26827"},"modified":"2025-10-10T21:23:19","modified_gmt":"2025-10-10T19:23:19","slug":"o-projekcie","status":"publish","type":"page","link":"https:\/\/pb.edu.pl\/iros\/projekty-nawa\/spinaker\/biometrics-and-artificial-intelligence\/o-projekcie\/","title":{"rendered":"O projekcie"},"content":{"rendered":"<p><strong>Projekt \u201eBiometrics and Artificial Intelligence: Security and Modern Challenges\u201d<\/strong><\/p>\n<p><strong>Czas realizacji:<\/strong> 1 czerwca 2025 r. \u2013 31 lipca 2026 r. (14 miesi\u0119cy)<\/p>\n<p><strong>Realizator:<\/strong> Politechnika Bia\u0142ostocka, Wydzia\u0142 Informatyki<\/p>\n<p><strong>Ca\u0142kowity bud\u017cet projektu:<\/strong> 705 030,12 PLN<\/p>\n<p>&nbsp;<\/p>\n<p>Projekt ma na celu podniesienie jako\u015bci kszta\u0142cenia oraz rozw\u00f3j umi\u0119dzynarodowienia Politechniki Bia\u0142ostockiej poprzez realizacj\u0119 Intensywnego Mi\u0119dzynarodowego Programu Kszta\u0142cenia (IMPK) w obszarze biometrii i sztucznej inteligencji. Kluczowe cele obejmuj\u0105:<\/p>\n<ul>\n<li>wdro\u017cenie nowoczesnego programu dydaktycznego w j\u0119zyku angielskim,<\/li>\n<li>zaanga\u017cowanie mi\u0119dzynarodowych ekspert\u00f3w i student\u00f3w z uczelni zagranicznych,<\/li>\n<li>rozw\u00f3j interdyscyplinarnych kompetencji uczestnik\u00f3w w zakresie AI i biometrii,<\/li>\n<li>wzmocnienie wsp\u00f3\u0142pracy mi\u0119dzynarodowej,<\/li>\n<li>promocj\u0119 Polski jako atrakcyjnego o\u015brodka akademickiego i badawczego.<\/li>\n<\/ul>\n<p><strong>Zadania projektu<\/strong><\/p>\n<ul>\n<li>opracowanie programu i materia\u0142\u00f3w dydaktycznych we wsp\u00f3\u0142pracy z ekspertami z Indii, USA, W\u0142och, Kanady i Japonii,<\/li>\n<li>realizacja szko\u0142y letniej (14 dni, w tym 10 dni dydaktycznych, 80 godzin zaj\u0119\u0107 \u2013 40h wyk\u0142ad\u00f3w i 40h laboratori\u00f3w),<\/li>\n<li>monitorowanie i ewaluacja efekt\u00f3w kszta\u0142cenia (mikropo\u015bwiadczenia kompetencji w trzech blokach tematycznych: <em>Podstawy system\u00f3w biometrycznych<\/em>, <em>Podstawy sztucznej inteligencji<\/em>, <em>Sztuczna inteligencja w biometrii<\/em>),<\/li>\n<li>dzia\u0142ania promocyjne i rekrutacyjne na skal\u0119 mi\u0119dzynarodow\u0105.<\/li>\n<\/ul>\n<p><strong>Grupa docelowa<\/strong><\/p>\n<p>Projekt skierowany jest do <strong>45 student\u00f3w i doktorant\u00f3w zagranicznych<\/strong> z Europy, Azji, Ameryki P\u00f3\u0142nocnej i Po\u0142udniowej. Adresatami s\u0105 osoby studiuj\u0105ce kierunki techniczne zwi\u0105zane z informatyk\u0105, elektronik\u0105, fizyk\u0105 i matematyk\u0105, posiadaj\u0105ce podstawowe umiej\u0119tno\u015bci programowania i znajomo\u015b\u0107 j\u0119zyka angielskiego.<\/p>\n<p><strong>Rezultaty<\/strong><\/p>\n<ul>\n<li>podniesienie kompetencji uczestnik\u00f3w w zakresie AI i biometrii,<\/li>\n<li>umi\u0119dzynarodowienie oferty edukacyjnej Politechniki Bia\u0142ostockiej,<\/li>\n<li>wzmocnienie pozycji uczelni w \u015brodowisku akademickim na \u015bwiecie,<\/li>\n<li>rozw\u00f3j d\u0142ugofalowej wsp\u00f3\u0142pracy z uczelniami i ekspertami z zagranicy.<\/li>\n<\/ul>\n","protected":false},"excerpt":{"rendered":"<p>Projekt \u201eBiometrics and Artificial Intelligence: Security and Modern Challenges\u201d Czas realizacji: 1 czerwca 2025 r.<\/p>\n","protected":false},"author":2,"featured_media":0,"parent":26821,"menu_order":1,"comment_status":"closed","ping_status":"closed","template":"","meta":{"_acf_changed":false,"ngg_post_thumbnail":0,"footnotes":""},"class_list":["post-26827","page","type-page","status-publish","hentry"],"acf":[],"_links":{"self":[{"href":"https:\/\/pb.edu.pl\/iros\/wp-json\/wp\/v2\/pages\/26827","targetHints":{"allow":["GET"]}}],"collection":[{"href":"https:\/\/pb.edu.pl\/iros\/wp-json\/wp\/v2\/pages"}],"about":[{"href":"https:\/\/pb.edu.pl\/iros\/wp-json\/wp\/v2\/types\/page"}],"author":[{"embeddable":true,"href":"https:\/\/pb.edu.pl\/iros\/wp-json\/wp\/v2\/users\/2"}],"replies":[{"embeddable":true,"href":"https:\/\/pb.edu.pl\/iros\/wp-json\/wp\/v2\/comments?post=26827"}],"version-history":[{"count":0,"href":"https:\/\/pb.edu.pl\/iros\/wp-json\/wp\/v2\/pages\/26827\/revisions"}],"up":[{"embeddable":true,"href":"https:\/\/pb.edu.pl\/iros\/wp-json\/wp\/v2\/pages\/26821"}],"wp:attachment":[{"href":"https:\/\/pb.edu.pl\/iros\/wp-json\/wp\/v2\/media?parent=26827"}],"curies":[{"name":"wp","href":"https:\/\/api.w.org\/{rel}","templated":true}]}}