{"id":26819,"date":"2025-09-08T23:19:57","date_gmt":"2025-09-08T21:19:57","guid":{"rendered":"https:\/\/pb.edu.pl\/iros\/?page_id=26819"},"modified":"2025-11-21T14:37:49","modified_gmt":"2025-11-21T13:37:49","slug":"budownictwo-energooszczedne-przyjazne-uzytkownikom-i-srodowisku-2","status":"publish","type":"page","link":"https:\/\/pb.edu.pl\/iros\/projekty-nawa\/spinaker\/budownictwo-energooszczedne-przyjazne-uzytkownikom-i-srodowisku-2\/","title":{"rendered":"Mi\u0119dzynarodowa Interdyscyplinarna Szko\u0142a Letnia \u2013 Budownictwo energooszcz\u0119dne, przyjazne u\u017cytkownikom i \u015brodowisku_2"},"content":{"rendered":"<div class=\"row\">\n<div class=\"col-sm-3 text-center\"><\/div>\n<div class=\"col-sm-6 text-center\"><a class=\"button btn-niebieski btn-niebieski text-center animated zoomIn lead\" style=\"width: 100%\" title=\"\" href=\"\/iros\/projekty-nawa\/spinaker\/budownictwo-energooszczedne-przyjazne-uzytkownikom-i-srodowisku-2\/rejestracja\">Rejestracja<\/a><\/div>\n<div class=\"col-sm-6 text-center\"><\/div>\n<\/div>\n<div class=\"row\">\n<div class=\"col-md-4\">\n\t<div class=\"boxlink animated zoomIn \">\n\t\t<a href=\"\/iros\/projekty-nawa\/spinaker\/budownictwo-energooszczedne-przyjazne-uzytkownikom-i-srodowisku-2\/o-projekcie\/\" class=\"no-icon\">\n\t\t\t<div class=\"boxlink-title\">O projekcie<span><\/span><\/div>\n\t\t\t<div class=\"boxlink-content\">\n\t\t\t\t<img loading=\"lazy\" decoding=\"async\" src=\"https:\/\/pb.edu.pl\/iros\/wp-content\/uploads\/sites\/24\/2025\/10\/grafika-na-strone-do-IISS-SPINAKER.png\" alt=\"grafika dom z ogniwem fotowoltaicznym\" width=\"597\" height=\"398\" class=\"aligncenter size-full wp-image-27429\" srcset=\"https:\/\/pb.edu.pl\/iros\/wp-content\/uploads\/sites\/24\/2025\/10\/grafika-na-strone-do-IISS-SPINAKER.png 597w, https:\/\/pb.edu.pl\/iros\/wp-content\/uploads\/sites\/24\/2025\/10\/grafika-na-strone-do-IISS-SPINAKER-300x200.png 300w, https:\/\/pb.edu.pl\/iros\/wp-content\/uploads\/sites\/24\/2025\/10\/grafika-na-strone-do-IISS-SPINAKER-480x320.png 480w\" sizes=\"auto, (max-width: 597px) 100vw, 597px\" \/>\t\t\t<\/div>\n\t\t<\/a>\n\t<\/div>\n\n<\/div>\n<div class=\"col-md-4\">\n\t<div class=\"boxlink animated zoomIn \">\n\t\t<a href=\"\/iros\/projekty-nawa\/spinaker\/budownictwo-energooszczedne-przyjazne-uzytkownikom-i-srodowisku-2\/kontakt\/\" class=\"no-icon\">\n\t\t\t<div class=\"boxlink-title\">Kontakt<span><\/span><\/div>\n\t\t\t<div class=\"boxlink-content\">\n\t\t\t\t<img loading=\"lazy\" decoding=\"async\" width=\"600\" height=\"398\" class=\"aligncenter size-full wp-image-744\" src=\"https:\/\/pb.edu.pl\/iros\/wp-content\/uploads\/sites\/24\/2019\/02\/apm-kontakt.jpg\" alt=\"Kontakt\" srcset=\"https:\/\/pb.edu.pl\/iros\/wp-content\/uploads\/sites\/24\/2019\/02\/apm-kontakt.jpg 600w, https:\/\/pb.edu.pl\/iros\/wp-content\/uploads\/sites\/24\/2019\/02\/apm-kontakt-300x199.jpg 300w\" sizes=\"auto, (max-width: 600px) 100vw, 600px\" \/>\t\t\t<\/div>\n\t\t<\/a>\n\t<\/div>\n\n<\/div>\n<div class=\"col-md-4\">\n\t<div class=\"boxlink animated zoomIn \">\n\t\t<a href=\"\/iros\/projekty-nawa\/spinaker\/budownictwo-energooszczedne-przyjazne-uzytkownikom-i-srodowisku-2\/dokumenty\/\" class=\"no-icon\">\n\t\t\t<div class=\"boxlink-title\">Dokumenty<span><\/span><\/div>\n\t\t\t<div class=\"boxlink-content\">\n\t\t\t\t<img loading=\"lazy\" decoding=\"async\" src=\"https:\/\/pb.edu.pl\/iros\/wp-content\/uploads\/sites\/24\/2025\/11\/dokumenty-prom-box-480x320-1.jpg\" alt=\"teczki z dokumentami\" width=\"480\" height=\"320\" class=\"aligncenter size-full wp-image-28021\" srcset=\"https:\/\/pb.edu.pl\/iros\/wp-content\/uploads\/sites\/24\/2025\/11\/dokumenty-prom-box-480x320-1.jpg 480w, https:\/\/pb.edu.pl\/iros\/wp-content\/uploads\/sites\/24\/2025\/11\/dokumenty-prom-box-480x320-1-300x200.jpg 300w\" sizes=\"auto, (max-width: 480px) 100vw, 480px\" \/>\t\t\t<\/div>\n\t\t<\/a>\n\t<\/div>\n\n<\/div>\n<\/div>\n","protected":false},"excerpt":{"rendered":"<p>Rejestracja<\/p>\n","protected":false},"author":2,"featured_media":0,"parent":26814,"menu_order":1,"comment_status":"closed","ping_status":"closed","template":"","meta":{"_acf_changed":false,"ngg_post_thumbnail":0,"footnotes":""},"class_list":["post-26819","page","type-page","status-publish","hentry"],"acf":[],"_links":{"self":[{"href":"https:\/\/pb.edu.pl\/iros\/wp-json\/wp\/v2\/pages\/26819","targetHints":{"allow":["GET"]}}],"collection":[{"href":"https:\/\/pb.edu.pl\/iros\/wp-json\/wp\/v2\/pages"}],"about":[{"href":"https:\/\/pb.edu.pl\/iros\/wp-json\/wp\/v2\/types\/page"}],"author":[{"embeddable":true,"href":"https:\/\/pb.edu.pl\/iros\/wp-json\/wp\/v2\/users\/2"}],"replies":[{"embeddable":true,"href":"https:\/\/pb.edu.pl\/iros\/wp-json\/wp\/v2\/comments?post=26819"}],"version-history":[{"count":0,"href":"https:\/\/pb.edu.pl\/iros\/wp-json\/wp\/v2\/pages\/26819\/revisions"}],"up":[{"embeddable":true,"href":"https:\/\/pb.edu.pl\/iros\/wp-json\/wp\/v2\/pages\/26814"}],"wp:attachment":[{"href":"https:\/\/pb.edu.pl\/iros\/wp-json\/wp\/v2\/media?parent=26819"}],"curies":[{"name":"wp","href":"https:\/\/api.w.org\/{rel}","templated":true}]}}