{"id":26814,"date":"2025-09-08T23:14:21","date_gmt":"2025-09-08T21:14:21","guid":{"rendered":"https:\/\/pb.edu.pl\/iros\/?page_id=26814"},"modified":"2026-04-17T13:16:04","modified_gmt":"2026-04-17T11:16:04","slug":"spinaker","status":"publish","type":"page","link":"https:\/\/pb.edu.pl\/iros\/projekty-nawa\/spinaker\/","title":{"rendered":"SPINAKER"},"content":{"rendered":"<div class=\"row\">\n<div class=\"col-sm-4 text-center\"><a class=\"button text-center animated zoomIn\" style=\"width: 100%;padding: 0px 5px 10px 5px\" href=\"\/iros\/projekty-nawa\/spinaker\/budownictwo-energooszczedne-przyjazne-uzytkownikom-i-srodowisku-2\/\"><img loading=\"lazy\" decoding=\"async\" src=\"https:\/\/pb.edu.pl\/iros\/wp-content\/uploads\/sites\/24\/2025\/10\/grafika-na-strone-do-IISS-SPINAKER.png\" alt=\"grafika dom z ogniwem fotowoltaicznym\" width=\"597\" height=\"398\" class=\"aligncenter size-full wp-image-27429\" srcset=\"https:\/\/pb.edu.pl\/iros\/wp-content\/uploads\/sites\/24\/2025\/10\/grafika-na-strone-do-IISS-SPINAKER.png 597w, https:\/\/pb.edu.pl\/iros\/wp-content\/uploads\/sites\/24\/2025\/10\/grafika-na-strone-do-IISS-SPINAKER-300x200.png 300w, https:\/\/pb.edu.pl\/iros\/wp-content\/uploads\/sites\/24\/2025\/10\/grafika-na-strone-do-IISS-SPINAKER-480x320.png 480w\" sizes=\"auto, (max-width: 597px) 100vw, 597px\" \/><span style=\"font-size: 2rem;font-weight: 500\">Mi\u0119dzynarodowa Interdyscyplinarna Szko\u0142a Letnia \u2013 Budownictwo energooszcz\u0119dne, przyjazne u\u017cytkownikom i \u015brodowisku_2<\/span><br \/>\n<\/a><\/div>\n<div class=\"col-sm-4 text-center\"><a class=\"button text-center animated zoomIn\" style=\"width: 100%;padding: 0px 5px 10px 5px\" href=\"\/iros\/projekty-nawa\/spinaker\/biometrics-and-artificial-intelligence\"><img loading=\"lazy\" decoding=\"async\" src=\"https:\/\/pb.edu.pl\/iros\/wp-content\/uploads\/sites\/24\/2022\/12\/biometria.jpg\" alt=\"\" width=\"600\" height=\"398\" class=\"aligncenter size-full wp-image-10684\" srcset=\"https:\/\/pb.edu.pl\/iros\/wp-content\/uploads\/sites\/24\/2022\/12\/biometria.jpg 600w, https:\/\/pb.edu.pl\/iros\/wp-content\/uploads\/sites\/24\/2022\/12\/biometria-300x199.jpg 300w\" sizes=\"auto, (max-width: 600px) 100vw, 600px\" \/><span style=\"font-size: 2rem;font-weight: 500\">Biometrics<br \/>\nand Artificial Intelligence<\/span><br \/>\n<\/a><\/div>\n<\/div>\n<p>&nbsp;<\/p>\n<p>#FunduszeEuropejskie<br \/>\n#FunduszeEU<\/p>\n","protected":false},"excerpt":{"rendered":"<p>Mi\u0119dzynarodowa Interdyscyplinarna Szko\u0142a Letnia \u2013 Budownictwo energooszcz\u0119dne, przyjazne u\u017cytkownikom i \u015brodowisku_2 Biometrics and Artificial Intelligence<\/p>\n","protected":false},"author":2,"featured_media":0,"parent":311,"menu_order":0,"comment_status":"closed","ping_status":"closed","template":"","meta":{"_acf_changed":false,"ngg_post_thumbnail":0,"footnotes":""},"class_list":["post-26814","page","type-page","status-publish","hentry"],"acf":[],"_links":{"self":[{"href":"https:\/\/pb.edu.pl\/iros\/wp-json\/wp\/v2\/pages\/26814","targetHints":{"allow":["GET"]}}],"collection":[{"href":"https:\/\/pb.edu.pl\/iros\/wp-json\/wp\/v2\/pages"}],"about":[{"href":"https:\/\/pb.edu.pl\/iros\/wp-json\/wp\/v2\/types\/page"}],"author":[{"embeddable":true,"href":"https:\/\/pb.edu.pl\/iros\/wp-json\/wp\/v2\/users\/2"}],"replies":[{"embeddable":true,"href":"https:\/\/pb.edu.pl\/iros\/wp-json\/wp\/v2\/comments?post=26814"}],"version-history":[{"count":1,"href":"https:\/\/pb.edu.pl\/iros\/wp-json\/wp\/v2\/pages\/26814\/revisions"}],"predecessor-version":[{"id":30341,"href":"https:\/\/pb.edu.pl\/iros\/wp-json\/wp\/v2\/pages\/26814\/revisions\/30341"}],"up":[{"embeddable":true,"href":"https:\/\/pb.edu.pl\/iros\/wp-json\/wp\/v2\/pages\/311"}],"wp:attachment":[{"href":"https:\/\/pb.edu.pl\/iros\/wp-json\/wp\/v2\/media?parent=26814"}],"curies":[{"name":"wp","href":"https:\/\/api.w.org\/{rel}","templated":true}]}}