{"id":26208,"date":"2025-07-16T21:40:07","date_gmt":"2025-07-16T19:40:07","guid":{"rendered":"https:\/\/pb.edu.pl\/iros\/?page_id=26208"},"modified":"2025-11-26T14:59:33","modified_gmt":"2025-11-26T13:59:33","slug":"mgu","status":"publish","type":"page","link":"https:\/\/pb.edu.pl\/iros\/eks\/mgu\/","title":{"rendered":"My Green University"},"content":{"rendered":"<p><img loading=\"lazy\" decoding=\"async\" class=\"alignnone size-medium wp-image-24515\" src=\"https:\/\/pb.edu.pl\/iros\/wp-content\/uploads\/sites\/24\/2025\/05\/eks-300x110.png\" alt=\"logo Europejski Korpus Solidarno\u015bci razem mo\u017cemy wi\u0119cej\" width=\"300\" height=\"110\" srcset=\"https:\/\/pb.edu.pl\/iros\/wp-content\/uploads\/sites\/24\/2025\/05\/eks-300x110.png 300w, https:\/\/pb.edu.pl\/iros\/wp-content\/uploads\/sites\/24\/2025\/05\/eks-1024x374.png 1024w, https:\/\/pb.edu.pl\/iros\/wp-content\/uploads\/sites\/24\/2025\/05\/eks-768x281.png 768w, https:\/\/pb.edu.pl\/iros\/wp-content\/uploads\/sites\/24\/2025\/05\/eks-1536x561.png 1536w, https:\/\/pb.edu.pl\/iros\/wp-content\/uploads\/sites\/24\/2025\/05\/eks.png 1893w\" sizes=\"auto, (max-width: 300px) 100vw, 300px\" \/><img loading=\"lazy\" decoding=\"async\" class=\"size-medium wp-image-24517 alignright\" src=\"https:\/\/pb.edu.pl\/iros\/wp-content\/uploads\/sites\/24\/2025\/05\/PL_FundedbytheEU_RGB_POS-300x68.png\" alt=\"logo finansowane przez Uni\u0119 Europejsk\u0105\" width=\"300\" height=\"68\" srcset=\"https:\/\/pb.edu.pl\/iros\/wp-content\/uploads\/sites\/24\/2025\/05\/PL_FundedbytheEU_RGB_POS-300x68.png 300w, https:\/\/pb.edu.pl\/iros\/wp-content\/uploads\/sites\/24\/2025\/05\/PL_FundedbytheEU_RGB_POS-1024x232.png 1024w, https:\/\/pb.edu.pl\/iros\/wp-content\/uploads\/sites\/24\/2025\/05\/PL_FundedbytheEU_RGB_POS-768x174.png 768w, https:\/\/pb.edu.pl\/iros\/wp-content\/uploads\/sites\/24\/2025\/05\/PL_FundedbytheEU_RGB_POS-1536x349.png 1536w, https:\/\/pb.edu.pl\/iros\/wp-content\/uploads\/sites\/24\/2025\/05\/PL_FundedbytheEU_RGB_POS-2048x465.png 2048w\" sizes=\"auto, (max-width: 300px) 100vw, 300px\" \/><\/p>\n<p>Za nami pierwsza edycja projektu wolontariatu grupowego!<\/p>\n<p>W dniach 2\u201315 czerwca 2025 r. Politechnika Bia\u0142ostocka go\u015bci\u0142a 11 uczestnik\u00f3w pierwszej edycji projektu wolontariatu grupowego realizowanego w ramach Europejskiego Korpusu Solidarno\u015bci, a tak\u017ce grup\u0119 6 student\u00f3w z Colorado School of Mines w USA, kt\u00f3rzy do\u0142\u0105czyli do realizacji zada\u0144 przewidzianych w inicjatywie <em>My Green University<\/em>. W\u015br\u00f3d wolontariuszy EKS znalaz\u0142o si\u0119 dwoje student\u00f3w PB, kt\u00f3rzy odegrali wa\u017cn\u0105 rol\u0119 w adaptacji zagranicznych koleg\u00f3w i kole\u017canek. Wspierali ich nie tylko w dzia\u0142aniach projektowych, lecz tak\u017ce w codziennym \u017cyciu, podpowiadaj\u0105c mi\u0119dzy innymi, gdzie w Bia\u0142ymstoku mo\u017cna spr\u00f3bowa\u0107 najlepszych lod\u00f3w\u2026<br \/>\n&nbsp;<\/p>\n<div class=\"row\">\n<div class=\"col-sm-3\"><img loading=\"lazy\" decoding=\"async\" class=\"size-full wp-image-26736\" src=\"https:\/\/pb.edu.pl\/iros\/wp-content\/uploads\/sites\/24\/2025\/08\/carla-france.png\" alt=\"Carla\" width=\"444\" height=\"592\" srcset=\"https:\/\/pb.edu.pl\/iros\/wp-content\/uploads\/sites\/24\/2025\/08\/carla-france.png 444w, https:\/\/pb.edu.pl\/iros\/wp-content\/uploads\/sites\/24\/2025\/08\/carla-france-225x300.png 225w\" sizes=\"auto, (max-width: 444px) 100vw, 444px\" \/><\/p>\n<div class=\"text-center\"><a class=\"link\" role=\"button\" href=\"#more10\" data-toggle=\"collapse\"><span class=\"more\">Carla, France<\/span><span class=\"less\">close<\/span><\/a><\/div>\n<div id=\"more10\" class=\"collapse\">&nbsp;<br \/>\n<em>Volunteering at Bialystok University of Technology gave me the chance to connect with amazing people and contribute to something meaningful. It helped me step out of my comfort zone, gain confidence, and feel part of a larger community. I\u2019ll carry the inspiration and sense of purpose this experience gave me into whatever comes next.<\/em><\/div>\n<\/div>\n<div class=\"col-sm-3\"><img loading=\"lazy\" decoding=\"async\" class=\"size-full wp-image-26724\" src=\"https:\/\/pb.edu.pl\/iros\/wp-content\/uploads\/sites\/24\/2025\/08\/sebastian-poland.jpg\" alt=\"Sebastian\" width=\"444\" height=\"592\" srcset=\"https:\/\/pb.edu.pl\/iros\/wp-content\/uploads\/sites\/24\/2025\/08\/sebastian-poland.jpg 444w, https:\/\/pb.edu.pl\/iros\/wp-content\/uploads\/sites\/24\/2025\/08\/sebastian-poland-225x300.jpg 225w\" sizes=\"auto, (max-width: 444px) 100vw, 444px\" \/><\/p>\n<div class=\"text-center\"><a class=\"link\" role=\"button\" href=\"#more11\" data-toggle=\"collapse\"><span class=\"more\">Sebastian, Poland<\/span><span class=\"less\">close<\/span><\/a><\/div>\n<div id=\"more11\" class=\"collapse\">&nbsp;<br \/>\n<em>Volunteering gave me an oppurtunity to meet a lot of people from different countries and cultures. That was great time with amazing persons which gives me a different perspective on many issues. This project encouraged me to further activity.<\/em><\/div>\n<\/div>\n<div class=\"col-sm-3\"><img loading=\"lazy\" decoding=\"async\" class=\"size-full wp-image-26726\" src=\"https:\/\/pb.edu.pl\/iros\/wp-content\/uploads\/sites\/24\/2025\/08\/maxime-france-e1756364503506.jpg\" alt=\"Maxime\" width=\"444\" height=\"592\"><\/p>\n<div class=\"text-center\"><a class=\"link\" role=\"button\" href=\"#more12\" data-toggle=\"collapse\"><span class=\"more\">Maxime, France<\/span><span class=\"less\">close<\/span><\/a><\/div>\n<div id=\"more12\" class=\"collapse\">&nbsp;<br \/>\n<em>I heard first about &#8222;my green university&#8221; in order to do an internship. However it didn&#8217;t fit with my university requirements, but I choose to take part to the project anyway. This was definitely the right choice: it was a so enriching experiences! The first week was mainly about green areas and planting on the campus, and the second week took place in the framework of the week of welcoming international partners. I made new friends and I improved my english. I also feel more self-confident after this experience.<\/em><\/div>\n<\/div>\n<div class=\"col-sm-3\"><img loading=\"lazy\" decoding=\"async\" class=\"size-full wp-image-26728\" src=\"https:\/\/pb.edu.pl\/iros\/wp-content\/uploads\/sites\/24\/2025\/08\/rawa-germany-e1756364710620.jpg\" alt=\"Rawa\" width=\"444\" height=\"592\"><\/p>\n<div class=\"text-center\"><a class=\"link\" role=\"button\" href=\"#more13\" data-toggle=\"collapse\"><span class=\"more\">Rawa, Germany<\/span><span class=\"less\">close<\/span><\/a><\/div>\n<div id=\"more13\" class=\"collapse\">&nbsp;<br \/>\n<em>The volunteering project at Bialystok University of Technology was a valuable experience that helped me grow personally and professionally. I enjoyed working with people from different backgrounds, learning new skills, and building lasting friendships. This project strengthened my commitment to sustainability and teamwork, and I\u2019ll carry these lessons with me going forward.<\/em><\/div>\n<\/div>\n<\/div>\n<p>&nbsp;<\/p>\n<div class=\"row\">\n<div class=\"col-sm-3\"><img loading=\"lazy\" decoding=\"async\" class=\"size-full wp-image-26730\" src=\"https:\/\/pb.edu.pl\/iros\/wp-content\/uploads\/sites\/24\/2025\/08\/nizar-germany-e1756364825727.jpg\" alt=\"Nizar\" width=\"444\" height=\"592\"><\/p>\n<div class=\"text-center\"><a class=\"link\" role=\"button\" href=\"#more14\" data-toggle=\"collapse\"><span class=\"more\">Nizar, Germany<\/span><span class=\"less\">close<\/span><\/a><\/div>\n<div id=\"more14\" class=\"collapse\">&nbsp;<br \/>\n<em>Joining the My Green University project in Bia\u0142ystok was a chance to turn values into action. Working with students from Europe and the US, I saw how different perspectives can come together toward one shared goal. It reminded me that real change starts locally, with people who care and show up.<\/em><\/div>\n<\/div>\n<div class=\"col-sm-3\"><img loading=\"lazy\" decoding=\"async\" class=\"size-full wp-image-26734\" src=\"https:\/\/pb.edu.pl\/iros\/wp-content\/uploads\/sites\/24\/2025\/08\/picture_Ln-1-e1756365108118.jpg\" alt=\"Fabiana\" width=\"444\" height=\"592\"><\/p>\n<div class=\"text-center\"><a class=\"link\" role=\"button\" href=\"#more15\" data-toggle=\"collapse\"><span class=\"more\">Fabiana, Italy<\/span><span class=\"less\">close<\/span><\/a><\/div>\n<div id=\"more15\" class=\"collapse\">&nbsp;<br \/>\n<em>During my volunteering experience, I learned about the essential role green spaces play in urban well-being and the significant effort, planning, and collaboration required to create them. Working with people from diverse backgrounds taught me the value of patience, active listening, and clear communication.<\/em><\/div>\n<\/div>\n<div class=\"col-sm-3\"><img loading=\"lazy\" decoding=\"async\" class=\"size-full wp-image-26738\" src=\"https:\/\/pb.edu.pl\/iros\/wp-content\/uploads\/sites\/24\/2025\/08\/amandine-france-e1756365479214.jpg\" alt=\"Amandine\" width=\"444\" height=\"592\"><\/p>\n<div class=\"text-center\"><a class=\"link\" role=\"button\" href=\"#more16\" data-toggle=\"collapse\"><span class=\"more\">Amandine, France<\/span><span class=\"less\">close<\/span><\/a><\/div>\n<div id=\"more16\" class=\"collapse\">&nbsp;<br \/>\n<em>As a geography student, I enjoy exploring the world and different cultures. This project was great, thanks to the exchanges with European volunteers and the International Staff Week participants. It was a great opportunity to discover how sustainable development is approached differently from my country. Thant you for all!<\/em><\/div>\n<\/div>\n<div class=\"col-sm-3\"><img loading=\"lazy\" decoding=\"async\" class=\"size-full wp-image-26740\" src=\"https:\/\/pb.edu.pl\/iros\/wp-content\/uploads\/sites\/24\/2025\/08\/tayyaba-spain-e1756365704784.jpg\" alt=\"Tayyaba\" width=\"444\" height=\"592\"><\/p>\n<div class=\"text-center\"><a class=\"link\" role=\"button\" href=\"#more17\" data-toggle=\"collapse\"><span class=\"more\">Tayyaba, Spain<\/span><span class=\"less\">close<\/span><\/a><\/div>\n<div id=\"more17\" class=\"collapse\">&nbsp;<br \/>\n<em>I think every aspect participation in this project had a value of its own but I would say collaborating with my teammates was the most valuable. It was a great opportunity to learn about other cultures within Europe and outside Europe. For example, we cooked food together for 2 weeks and this was a good chance to understand about cuisines from other countries, learn new recipes, engage in language &amp; cultural exchange. Also, it was a nice time working in the team during workshops and then preparing our videos and presentations &amp; getting ready for the internastional staff week. Everyone brought their ideas to the table and we could create something creative for our stalls.<\/em><\/div>\n<\/div>\n<\/div>\n<p>&nbsp;<\/p>\n<p>Przez dwa tygodnie wolontariusze z r\u00f3\u017cnych stron \u015bwiata aktywnie w\u0142\u0105czali si\u0119 w \u017cycie uczelni i spo\u0142eczno\u015bci lokalnej, wnosz\u0105c sw\u00f3j wk\u0142ad w budowanie bardziej otwartego, zielonego i przyjaznego kampusu . Zakres ich dzia\u0142a\u0144 by\u0142 bardzo szeroki i obejmowa\u0142 m.in.:<\/p>\n<ul>\n<li>udzia\u0142 w zaj\u0119ciach teoretycznych i szkoleniach po\u015bwi\u0119conych wsp\u00f3\u0142czesnym zagro\u017ceniom wynikaj\u0105cym ze zmian klimatu oraz poznawanie rozwi\u0105za\u0144 odpowiadaj\u0105cych na te wyzwania, takich jak tworzenie b\u0142\u0119kitno-zielonej infrastruktury, kt\u00f3ra poprawia jako\u015b\u0107 \u017cycia w mie\u015bcie i stanowi form\u0119 aktywnego obywatelstwa,<\/li>\n<li>wsp\u00f3\u0142tworzenie dw\u00f3ch kampanii: ekologicznej oraz promuj\u0105cej ide\u0119 wolontariatu \u2013 poprzez projektowanie i rozpowszechnianie proekologicznych przekaz\u00f3w skierowanych zar\u00f3wno do spo\u0142eczno\u015bci lokalnej, jak i do zagranicznych go\u015bci odwiedzaj\u0105cych w tym czasie uczelni\u0119,<\/li>\n<li>opracowywanie materia\u0142\u00f3w edukacyjnych zach\u0119caj\u0105cych do wdra\u017cania na co dzie\u0144 nawyk\u00f3w przyjaznych \u015brodowisku,<\/li>\n<li>wsp\u00f3lne prace na rzecz zazieleniania kampusu Politechniki Bia\u0142ostockiej wraz ze studentami z USA, uczestnikami 14th International Staff Week oraz przedstawicielami spo\u0142eczno\u015bci lokalnej.<\/li>\n<\/ul>\n<div class=\"row\">\n<div class=\"col-sm-3\">\n<div class=\"embed-responsive embed-responsive-16by9\"><iframe loading=\"lazy\" title=\"1  My Green University Nizar, Emma, Sebastian\" width=\"500\" height=\"281\" src=\"https:\/\/www.youtube.com\/embed\/URccIAU7uGY?feature=oembed\" frameborder=\"0\" allow=\"accelerometer; autoplay; clipboard-write; encrypted-media; gyroscope; picture-in-picture; web-share\" referrerpolicy=\"strict-origin-when-cross-origin\" allowfullscreen><\/iframe><\/div>\n<\/div>\n<div class=\"col-sm-3\">\n<div class=\"embed-responsive embed-responsive-16by9\"><iframe loading=\"lazy\" title=\"2  My Green University Carla, Anna\" width=\"500\" height=\"281\" src=\"https:\/\/www.youtube.com\/embed\/CaBUHMrOHGI?feature=oembed\" frameborder=\"0\" allow=\"accelerometer; autoplay; clipboard-write; encrypted-media; gyroscope; picture-in-picture; web-share\" referrerpolicy=\"strict-origin-when-cross-origin\" allowfullscreen><\/iframe><\/div>\n<\/div>\n<div class=\"col-sm-3\">\n<div class=\"embed-responsive embed-responsive-16by9\"><iframe loading=\"lazy\" title=\"3  My Green University Amandine, Sebastian\" width=\"500\" height=\"281\" src=\"https:\/\/www.youtube.com\/embed\/KmW8B3H8QF4?feature=oembed\" frameborder=\"0\" allow=\"accelerometer; autoplay; clipboard-write; encrypted-media; gyroscope; picture-in-picture; web-share\" referrerpolicy=\"strict-origin-when-cross-origin\" allowfullscreen><\/iframe><\/div>\n<\/div>\n<div class=\"col-sm-3\">\n<div class=\"embed-responsive embed-responsive-16by9\"><iframe loading=\"lazy\" title=\"4  My Green Sebastian Maxime\" width=\"500\" height=\"281\" src=\"https:\/\/www.youtube.com\/embed\/nTmrt_uQH6o?feature=oembed\" frameborder=\"0\" allow=\"accelerometer; autoplay; clipboard-write; encrypted-media; gyroscope; picture-in-picture; web-share\" referrerpolicy=\"strict-origin-when-cross-origin\" allowfullscreen><\/iframe><\/div>\n<\/div>\n<\/div>\n<p>&nbsp;<\/p>\n<div class=\"row\">\n<div class=\"col-sm-3\">\n<div class=\"embed-responsive embed-responsive-16by9\"><iframe loading=\"lazy\" title=\"5  My Green University Kaden, Calvin\" width=\"500\" height=\"281\" src=\"https:\/\/www.youtube.com\/embed\/6TUWwcd8cV8?feature=oembed\" frameborder=\"0\" allow=\"accelerometer; autoplay; clipboard-write; encrypted-media; gyroscope; picture-in-picture; web-share\" referrerpolicy=\"strict-origin-when-cross-origin\" allowfullscreen><\/iframe><\/div>\n<\/div>\n<div class=\"col-sm-3\">\n<div class=\"embed-responsive embed-responsive-16by9\"><iframe loading=\"lazy\" title=\"6  My Green University Ava, Eldwin, Raymos\" width=\"500\" height=\"281\" src=\"https:\/\/www.youtube.com\/embed\/FIw6P_dWfsc?feature=oembed\" frameborder=\"0\" allow=\"accelerometer; autoplay; clipboard-write; encrypted-media; gyroscope; picture-in-picture; web-share\" referrerpolicy=\"strict-origin-when-cross-origin\" allowfullscreen><\/iframe><\/div>\n<\/div>\n<div class=\"col-sm-3\">\n<div class=\"embed-responsive embed-responsive-16by9\"><iframe loading=\"lazy\" title=\"7 My Green University Annja\" width=\"500\" height=\"281\" src=\"https:\/\/www.youtube.com\/embed\/ixgvt-spH_Y?feature=oembed\" frameborder=\"0\" allow=\"accelerometer; autoplay; clipboard-write; encrypted-media; gyroscope; picture-in-picture; web-share\" referrerpolicy=\"strict-origin-when-cross-origin\" allowfullscreen><\/iframe><\/div>\n<\/div>\n<div class=\"col-sm-3\">\n<div class=\"embed-responsive embed-responsive-16by9\"><iframe loading=\"lazy\" title=\"8  My Green University Tayyaba\" width=\"500\" height=\"281\" src=\"https:\/\/www.youtube.com\/embed\/xI3ez8-DAsg?feature=oembed\" frameborder=\"0\" allow=\"accelerometer; autoplay; clipboard-write; encrypted-media; gyroscope; picture-in-picture; web-share\" referrerpolicy=\"strict-origin-when-cross-origin\" allowfullscreen><\/iframe><\/div>\n<\/div>\n<\/div>\n<p>&nbsp;<\/p>\n<p>Wszystkie zadania realizowane przez wolontariuszy powi\u0105zane by\u0142y z uczelnian\u0105 strategi\u0105 zr\u00f3wnowa\u017conego rozwoju pod nazw\u0105 <a href=\"https:\/\/pb.edu.pl\/moja-zielona-politechnika\/\">\u201eMoja Zielona Politechnika\u201d<\/a>.<\/p>\n<p>By\u0142 to czas wyj\u0105tkowo warto\u015bciowy \u2013 pe\u0142en inspiracji, wsp\u00f3\u0142pracy i pozytywnych emocji. Wolontariusze dzielili si\u0119 swoj\u0105 energi\u0105 i pomys\u0142ami, a jednocze\u015bnie sami zdobywali nowe do\u015bwiadczenia i umiej\u0119tno\u015bci. Politechnika Bia\u0142ostocka zyska\u0142a dzi\u0119ki temu nie tylko wsparcie w realizacji swoich inicjatyw, ale tak\u017ce pi\u0119kne wspomnienia i motywacj\u0119 do kontynuowania podobnych dzia\u0142a\u0144 w przysz\u0142o\u015bci.<\/p>\n<div class=\"row\">\n<div class=\"col-sm-3\"><a href=\"https:\/\/pb.edu.pl\/iros\/wp-content\/uploads\/sites\/24\/2025\/08\/2025-06-02-My-Green-University-na-PB-fot-Dariusz-Piekut-PB-3.jpg\"><img loading=\"lazy\" decoding=\"async\" class=\"alignnone size-full wp-image-26745\" src=\"https:\/\/pb.edu.pl\/iros\/wp-content\/uploads\/sites\/24\/2025\/08\/2025-06-02-My-Green-University-na-PB-fot-Dariusz-Piekut-PB-3.jpg\" alt=\"students\" width=\"2160\" height=\"1350\" srcset=\"https:\/\/pb.edu.pl\/iros\/wp-content\/uploads\/sites\/24\/2025\/08\/2025-06-02-My-Green-University-na-PB-fot-Dariusz-Piekut-PB-3.jpg 2160w, https:\/\/pb.edu.pl\/iros\/wp-content\/uploads\/sites\/24\/2025\/08\/2025-06-02-My-Green-University-na-PB-fot-Dariusz-Piekut-PB-3-300x188.jpg 300w, https:\/\/pb.edu.pl\/iros\/wp-content\/uploads\/sites\/24\/2025\/08\/2025-06-02-My-Green-University-na-PB-fot-Dariusz-Piekut-PB-3-1024x640.jpg 1024w, https:\/\/pb.edu.pl\/iros\/wp-content\/uploads\/sites\/24\/2025\/08\/2025-06-02-My-Green-University-na-PB-fot-Dariusz-Piekut-PB-3-768x480.jpg 768w, https:\/\/pb.edu.pl\/iros\/wp-content\/uploads\/sites\/24\/2025\/08\/2025-06-02-My-Green-University-na-PB-fot-Dariusz-Piekut-PB-3-1536x960.jpg 1536w, https:\/\/pb.edu.pl\/iros\/wp-content\/uploads\/sites\/24\/2025\/08\/2025-06-02-My-Green-University-na-PB-fot-Dariusz-Piekut-PB-3-2048x1280.jpg 2048w, https:\/\/pb.edu.pl\/iros\/wp-content\/uploads\/sites\/24\/2025\/08\/2025-06-02-My-Green-University-na-PB-fot-Dariusz-Piekut-PB-3-480x300.jpg 480w\" sizes=\"auto, (max-width: 2160px) 100vw, 2160px\" \/><\/a><\/div>\n<div class=\"col-sm-3\"><a href=\"https:\/\/pb.edu.pl\/iros\/wp-content\/uploads\/sites\/24\/2025\/08\/2025-06-04-My-Green-University-na-PB-fot-Dariusz-Piekut-PB-19.jpg\"><img loading=\"lazy\" decoding=\"async\" class=\"alignnone size-full wp-image-26748\" src=\"https:\/\/pb.edu.pl\/iros\/wp-content\/uploads\/sites\/24\/2025\/08\/2025-06-04-My-Green-University-na-PB-fot-Dariusz-Piekut-PB-19.jpg\" alt=\"students\" width=\"2160\" height=\"1350\" srcset=\"https:\/\/pb.edu.pl\/iros\/wp-content\/uploads\/sites\/24\/2025\/08\/2025-06-04-My-Green-University-na-PB-fot-Dariusz-Piekut-PB-19.jpg 2160w, https:\/\/pb.edu.pl\/iros\/wp-content\/uploads\/sites\/24\/2025\/08\/2025-06-04-My-Green-University-na-PB-fot-Dariusz-Piekut-PB-19-300x188.jpg 300w, https:\/\/pb.edu.pl\/iros\/wp-content\/uploads\/sites\/24\/2025\/08\/2025-06-04-My-Green-University-na-PB-fot-Dariusz-Piekut-PB-19-1024x640.jpg 1024w, https:\/\/pb.edu.pl\/iros\/wp-content\/uploads\/sites\/24\/2025\/08\/2025-06-04-My-Green-University-na-PB-fot-Dariusz-Piekut-PB-19-768x480.jpg 768w, https:\/\/pb.edu.pl\/iros\/wp-content\/uploads\/sites\/24\/2025\/08\/2025-06-04-My-Green-University-na-PB-fot-Dariusz-Piekut-PB-19-1536x960.jpg 1536w, https:\/\/pb.edu.pl\/iros\/wp-content\/uploads\/sites\/24\/2025\/08\/2025-06-04-My-Green-University-na-PB-fot-Dariusz-Piekut-PB-19-2048x1280.jpg 2048w, https:\/\/pb.edu.pl\/iros\/wp-content\/uploads\/sites\/24\/2025\/08\/2025-06-04-My-Green-University-na-PB-fot-Dariusz-Piekut-PB-19-480x300.jpg 480w\" sizes=\"auto, (max-width: 2160px) 100vw, 2160px\" \/><\/a><\/div>\n<div class=\"col-sm-3\"><a href=\"https:\/\/pb.edu.pl\/iros\/wp-content\/uploads\/sites\/24\/2025\/08\/2025-06-04-My-Green-University-na-PB-fot-Dariusz-Piekut-PB-22.jpg\"><img loading=\"lazy\" decoding=\"async\" class=\"alignnone size-full wp-image-26750\" src=\"https:\/\/pb.edu.pl\/iros\/wp-content\/uploads\/sites\/24\/2025\/08\/2025-06-04-My-Green-University-na-PB-fot-Dariusz-Piekut-PB-22.jpg\" alt=\"studenci w laboratorium\" width=\"2160\" height=\"1350\" srcset=\"https:\/\/pb.edu.pl\/iros\/wp-content\/uploads\/sites\/24\/2025\/08\/2025-06-04-My-Green-University-na-PB-fot-Dariusz-Piekut-PB-22.jpg 2160w, https:\/\/pb.edu.pl\/iros\/wp-content\/uploads\/sites\/24\/2025\/08\/2025-06-04-My-Green-University-na-PB-fot-Dariusz-Piekut-PB-22-300x188.jpg 300w, https:\/\/pb.edu.pl\/iros\/wp-content\/uploads\/sites\/24\/2025\/08\/2025-06-04-My-Green-University-na-PB-fot-Dariusz-Piekut-PB-22-1024x640.jpg 1024w, https:\/\/pb.edu.pl\/iros\/wp-content\/uploads\/sites\/24\/2025\/08\/2025-06-04-My-Green-University-na-PB-fot-Dariusz-Piekut-PB-22-768x480.jpg 768w, https:\/\/pb.edu.pl\/iros\/wp-content\/uploads\/sites\/24\/2025\/08\/2025-06-04-My-Green-University-na-PB-fot-Dariusz-Piekut-PB-22-1536x960.jpg 1536w, https:\/\/pb.edu.pl\/iros\/wp-content\/uploads\/sites\/24\/2025\/08\/2025-06-04-My-Green-University-na-PB-fot-Dariusz-Piekut-PB-22-2048x1280.jpg 2048w, https:\/\/pb.edu.pl\/iros\/wp-content\/uploads\/sites\/24\/2025\/08\/2025-06-04-My-Green-University-na-PB-fot-Dariusz-Piekut-PB-22-480x300.jpg 480w\" sizes=\"auto, (max-width: 2160px) 100vw, 2160px\" \/><\/a><\/div>\n<div class=\"col-sm-3\"><a href=\"https:\/\/pb.edu.pl\/iros\/wp-content\/uploads\/sites\/24\/2025\/08\/2025-06-04-My-Green-University-na-PB-fot-Dariusz-Piekut-PB-50.jpg\"><img loading=\"lazy\" decoding=\"async\" class=\"alignnone size-full wp-image-26752\" src=\"https:\/\/pb.edu.pl\/iros\/wp-content\/uploads\/sites\/24\/2025\/08\/2025-06-04-My-Green-University-na-PB-fot-Dariusz-Piekut-PB-50.jpg\" alt=\"studenci podczas prac ogrodniczych\" width=\"2160\" height=\"1350\" srcset=\"https:\/\/pb.edu.pl\/iros\/wp-content\/uploads\/sites\/24\/2025\/08\/2025-06-04-My-Green-University-na-PB-fot-Dariusz-Piekut-PB-50.jpg 2160w, https:\/\/pb.edu.pl\/iros\/wp-content\/uploads\/sites\/24\/2025\/08\/2025-06-04-My-Green-University-na-PB-fot-Dariusz-Piekut-PB-50-300x188.jpg 300w, https:\/\/pb.edu.pl\/iros\/wp-content\/uploads\/sites\/24\/2025\/08\/2025-06-04-My-Green-University-na-PB-fot-Dariusz-Piekut-PB-50-1024x640.jpg 1024w, https:\/\/pb.edu.pl\/iros\/wp-content\/uploads\/sites\/24\/2025\/08\/2025-06-04-My-Green-University-na-PB-fot-Dariusz-Piekut-PB-50-768x480.jpg 768w, https:\/\/pb.edu.pl\/iros\/wp-content\/uploads\/sites\/24\/2025\/08\/2025-06-04-My-Green-University-na-PB-fot-Dariusz-Piekut-PB-50-1536x960.jpg 1536w, https:\/\/pb.edu.pl\/iros\/wp-content\/uploads\/sites\/24\/2025\/08\/2025-06-04-My-Green-University-na-PB-fot-Dariusz-Piekut-PB-50-2048x1280.jpg 2048w, https:\/\/pb.edu.pl\/iros\/wp-content\/uploads\/sites\/24\/2025\/08\/2025-06-04-My-Green-University-na-PB-fot-Dariusz-Piekut-PB-50-480x300.jpg 480w\" sizes=\"auto, (max-width: 2160px) 100vw, 2160px\" \/><\/a><\/div>\n<\/div>\n<div class=\"h3 text-center\"><a class=\"link\" role=\"button\" href=\"#more1\" data-toggle=\"collapse\"><span class=\"more\">Zobacz wi\u0119cej zdj\u0119\u0107<\/span><span class=\"less\">Zamknij<\/span><\/a><\/div>\n<div id=\"more1\" class=\"collapse\">ngg_shortcode_0_placeholder<\/div>\n<p>&nbsp;<\/p>\n<p>Pierwsza edycja to dopiero pocz\u0105tek \u2013 wierzymy, \u017ce kolejne ods\u0142ony projektu przynios\u0105 jeszcze wi\u0119cej dobra, zielonej energii i mi\u0119dzynarodowej wsp\u00f3\u0142pracy!<\/p>\n<p><a href=\"https:\/\/pb.edu.pl\/2025\/06\/04\/my-green-university-wolontariusze-ze-swiata-zazieleniaja-kampus-politechniki-bialostockiej\/\">My Green University. Wolontariusze ze \u015bwiata zazieleniaj\u0105 kampus Politechniki Bia\u0142ostockiej.<\/a><\/p>\n<p>&nbsp;<\/p>\n<div class=\"embed-responsive embed-responsive-16by9\"><iframe loading=\"lazy\" title=\"My Green University 2025 w Politechnice Bia\u0142ostockiej. Zagraniczni wolontariusze zazielenili kampus\" width=\"500\" height=\"281\" src=\"https:\/\/www.youtube.com\/embed\/8m2vRVSsKoI?feature=oembed\" frameborder=\"0\" allow=\"accelerometer; autoplay; clipboard-write; encrypted-media; gyroscope; picture-in-picture; web-share\" referrerpolicy=\"strict-origin-when-cross-origin\" allowfullscreen><\/iframe><\/div>\n<hr>\n<p><em>Sfinansowane ze \u015brodk\u00f3w UE. Wyra\u017cone pogl\u0105dy i opinie s\u0105 jedynie opiniami autora lub autor\u00f3w i niekoniecznie odzwierciedlaj\u0105 <\/em><em>podgl\u0105dy i opinie Unii Europejskiej lub Fundacji Rozwoju Systemu Edukacji i Europejskiego Korpusu Solidarno\u015bci. Unia Europejska ani podmiot udzielaj\u0105cy dotacji nie <\/em><em>ponosz\u0105 za nie odpowiedzialno\u015bci.<\/em><\/p>\n<p><strong><em>Program:<\/em><\/strong><em>&nbsp;Europejski Korpus Solidarno\u015bci<br \/>\n<strong>Projekt wolontariatu grupowego:<\/strong>&nbsp;My Green University<br \/>\n<strong>Numer projektu:<\/strong>&nbsp;2024-2-PL01-ESC51-VTJ-000274564<\/em><\/p>\n","protected":false},"excerpt":{"rendered":"<p>Za nami pierwsza edycja projektu wolontariatu grupowego! W dniach 2\u201315 czerwca 2025 r. Politechnika Bia\u0142ostocka<\/p>\n","protected":false},"author":2,"featured_media":0,"parent":24149,"menu_order":1,"comment_status":"closed","ping_status":"closed","template":"","meta":{"_acf_changed":false,"ngg_post_thumbnail":0,"footnotes":""},"class_list":["post-26208","page","type-page","status-publish","hentry"],"acf":[],"_links":{"self":[{"href":"https:\/\/pb.edu.pl\/iros\/wp-json\/wp\/v2\/pages\/26208","targetHints":{"allow":["GET"]}}],"collection":[{"href":"https:\/\/pb.edu.pl\/iros\/wp-json\/wp\/v2\/pages"}],"about":[{"href":"https:\/\/pb.edu.pl\/iros\/wp-json\/wp\/v2\/types\/page"}],"author":[{"embeddable":true,"href":"https:\/\/pb.edu.pl\/iros\/wp-json\/wp\/v2\/users\/2"}],"replies":[{"embeddable":true,"href":"https:\/\/pb.edu.pl\/iros\/wp-json\/wp\/v2\/comments?post=26208"}],"version-history":[{"count":0,"href":"https:\/\/pb.edu.pl\/iros\/wp-json\/wp\/v2\/pages\/26208\/revisions"}],"up":[{"embeddable":true,"href":"https:\/\/pb.edu.pl\/iros\/wp-json\/wp\/v2\/pages\/24149"}],"wp:attachment":[{"href":"https:\/\/pb.edu.pl\/iros\/wp-json\/wp\/v2\/media?parent=26208"}],"curies":[{"name":"wp","href":"https:\/\/api.w.org\/{rel}","templated":true}]}}