{"id":2455,"date":"2020-07-31T10:17:19","date_gmt":"2020-07-31T08:17:19","guid":{"rendered":"https:\/\/pb.edu.pl\/bwm\/?page_id=2455"},"modified":"2021-01-26T15:16:24","modified_gmt":"2021-01-26T14:16:24","slug":"uczelnie-partnerskie","status":"publish","type":"page","link":"https:\/\/pb.edu.pl\/iros\/program-edukacja\/o-projekcie\/uczelnie-partnerskie\/","title":{"rendered":"Uczelnie partnerskie"},"content":{"rendered":"<p><img loading=\"lazy\" decoding=\"async\" class=\"alignnone wp-image-3966 size-full\" src=\"https:\/\/pb.edu.pl\/iros\/wp-content\/uploads\/sites\/24\/2021\/01\/logo_edukacja_frse.png\" alt=\"\" width=\"1073\" height=\"172\" srcset=\"https:\/\/pb.edu.pl\/iros\/wp-content\/uploads\/sites\/24\/2021\/01\/logo_edukacja_frse.png 1073w, https:\/\/pb.edu.pl\/iros\/wp-content\/uploads\/sites\/24\/2021\/01\/logo_edukacja_frse-300x48.png 300w, https:\/\/pb.edu.pl\/iros\/wp-content\/uploads\/sites\/24\/2021\/01\/logo_edukacja_frse-1024x164.png 1024w, https:\/\/pb.edu.pl\/iros\/wp-content\/uploads\/sites\/24\/2021\/01\/logo_edukacja_frse-768x123.png 768w\" sizes=\"auto, (max-width: 1073px) 100vw, 1073px\" \/><\/p>\n<div class=\"row\">\n<div class=\"col-sm-6\">\n<h2>University of Agder<\/h2>\n<p><img loading=\"lazy\" decoding=\"async\" class=\"alignnone wp-image-2497 size-full\" src=\"https:\/\/pb.edu.pl\/iros\/wp-content\/uploads\/sites\/24\/2020\/08\/uia-kristiansand_fullwidth.jpg\" alt=\"budynki kampusu Kristiansand\" width=\"940\" height=\"436\" srcset=\"https:\/\/pb.edu.pl\/iros\/wp-content\/uploads\/sites\/24\/2020\/08\/uia-kristiansand_fullwidth.jpg 940w, https:\/\/pb.edu.pl\/iros\/wp-content\/uploads\/sites\/24\/2020\/08\/uia-kristiansand_fullwidth-300x139.jpg 300w, https:\/\/pb.edu.pl\/iros\/wp-content\/uploads\/sites\/24\/2020\/08\/uia-kristiansand_fullwidth-768x356.jpg 768w\" sizes=\"auto, (max-width: 940px) 100vw, 940px\" \/><span style=\"font-size: 8pt\">Kampus Kristiansand, UiA. Foto: Olav Breen<\/span><br \/>\n<strong>University of Agder (UiA)<\/strong> to jeden z najnowocze\u015bniejszych uniwersytet\u00f3w w Norwegii, b\u0119d\u0105cy w czo\u0142\u00f3wce innowacji, edukacji i bada\u0144. Posiada dwa kampusy w <strong>Kristiansand i Grimstad<\/strong> w po\u0142udniowej Norwegii.&nbsp;<br \/>\n<strong>UiA<\/strong> jest mocno zaanga\u017cowany we wsp\u00f3\u0142prac\u0119 mi\u0119dzynarodow\u0105. Obecnie posiada ok. 400 podpisanych um\u00f3w wymiany i co roku przyjmuje <strong>ponad 350 zagranicznych student\u00f3w. <\/strong><br \/>\n&nbsp;<br \/>\n<strong>Wydzia\u0142y:<\/strong><\/p>\n<ul>\n<li>Wydzia\u0142 Nauk o Zdrowiu i Sporcie<\/li>\n<li>Wydzia\u0142 Nauk Humanistycznych i Edukacji<\/li>\n<li>Wydzia\u0142 Sztuk Pi\u0119knych<\/li>\n<li>Wydzia\u0142 Nauk Spo\u0142ecznych<\/li>\n<li>Wydzia\u0142 In\u017cynierii i Nauki<\/li>\n<li>Szko\u0142a Biznesu i Prawa<\/li>\n<\/ul>\n<p>&nbsp;<a class=\"pdf\" title=\"otworzy si\u0119 w nowej karcie\" href=\"https:\/\/pb.edu.pl\/iros\/wp-content\/uploads\/sites\/24\/2020\/08\/Uia-broszura.pdf\" target=\"_blank\" rel=\"noopener noreferrer\" data-id=\"2499\">Broszura UiA w j\u0119z.angielskim (PDF, wersja dost\u0119pna cyfrowo, 3 MB)<\/a><br \/>\n&nbsp;<br \/>\n&nbsp;<a title=\"Przejd\u017a do strony UiA\" href=\"https:\/\/www.uia.no\/en\"><span style=\"color: #0000ff\">Wi\u0119cej informacji o uczelni<\/span><\/a><\/li>\n<div class=\"embed-responsive embed-responsive-16by9\"><iframe loading=\"lazy\" title=\"Bli student p\u00e5 S\u00f8rlandet - www.uia.no\" width=\"500\" height=\"281\" src=\"https:\/\/www.youtube.com\/embed\/fiZQjQd-D1o?start=7&#038;feature=oembed\" frameborder=\"0\" allow=\"accelerometer; autoplay; clipboard-write; encrypted-media; gyroscope; picture-in-picture; web-share\" referrerpolicy=\"strict-origin-when-cross-origin\" allowfullscreen><\/iframe><\/div>\n<\/div>\n<div class=\"col-sm-6\">\n<h2>Norwegian University of Science and Technology<\/h2>\n<p><img loading=\"lazy\" decoding=\"async\" class=\"alignnone wp-image-2502 size-full\" src=\"https:\/\/pb.edu.pl\/iros\/wp-content\/uploads\/sites\/24\/2020\/08\/NTNU.jpg\" alt=\"widok z g\u00f3ry na kampus \u00c5lesund znajduj\u0105cy si\u0119 przy rzece\" width=\"672\" height=\"312\" srcset=\"https:\/\/pb.edu.pl\/iros\/wp-content\/uploads\/sites\/24\/2020\/08\/NTNU.jpg 672w, https:\/\/pb.edu.pl\/iros\/wp-content\/uploads\/sites\/24\/2020\/08\/NTNU-300x139.jpg 300w\" sizes=\"auto, (max-width: 672px) 100vw, 672px\" \/><span style=\"font-size: 8pt\">NTNU w \u00c5lesund z lotu ptaka.&nbsp;Foto: Kriszti\u00e1n Sere<\/span><br \/>\nNajwi\u0119kszy uniwersytet w Norwegii. <strong>NTNU<\/strong> to uczelnia o mi\u0119dzynarodowym zasi\u0119gu, z <strong>siedzib\u0105 w Trondheim i kampusami w \u00c5lesund i Gj\u00f8vik.<\/strong><br \/>\nPosiada bogat\u0105 ofert\u0119 edukacyjn\u0105 m.in. nauki \u015bcis\u0142e, medycyna, architektura, nauki humanistyczne i artystyczne. Uniwersytet podpisa\u0142 ponad 300 um\u00f3w o wsp\u00f3\u0142pracy z <strong>60 uczelniami z ca\u0142ego \u015bwiata. <\/strong><br \/>\n&nbsp;<br \/>\n<strong>Wydzia\u0142y:<\/strong><\/p>\n<ul>\n<li>Wydzia\u0142 Architektury i Wzornictwa<\/li>\n<li>Wydzia\u0142 Nauk Humanistycznych<\/li>\n<li>Wydzia\u0142 Informatyki i Elektrotechniki<\/li>\n<li>Wydzia\u0142 In\u017cynierii<\/li>\n<li>Wydzia\u0142 Lekarski i Nauk o Zdrowiu<\/li>\n<li>Wydzia\u0142 Nauk Przyrodniczych<\/li>\n<li>Wydzia\u0142 Nauk Spo\u0142ecznych i Edukacyjnych<\/li>\n<li>Wydzia\u0142 Ekonomii i Zarz\u0105dzania<\/li>\n<li>Szko\u0142a biznesu<\/li>\n<\/ul>\n<p><a class=\"pdf\" title=\"otworzy si\u0119 w nowej karcie\" href=\"https:\/\/pb.edu.pl\/iros\/wp-content\/uploads\/sites\/24\/2020\/08\/NTNU-broszura.pdf\" target=\"_blank\" rel=\"noopener noreferrer\" data-id=\"2512\">Broszura NTNU w j\u0119z.angielskim (PDF, wersja dost\u0119pna cyfrowo, 6 MB)<\/a><br \/>\n&nbsp;<br \/>\n&nbsp;<span style=\"color: #0000ff\"><a style=\"color: #0000ff\" title=\"Przejd\u017a do strony NTNU\" href=\"https:\/\/www.ntnu.edu\/\" rel=\"noopener noreferrer\">Wi\u0119cej informacji o uczelni<\/a><\/span><\/p>\n<div class=\"embed-responsive embed-responsive-16by9\"><iframe loading=\"lazy\" title=\"Dette er NTNU\" width=\"500\" height=\"281\" src=\"https:\/\/www.youtube.com\/embed\/cIgKd1SwGLI?feature=oembed\" frameborder=\"0\" allow=\"accelerometer; autoplay; clipboard-write; encrypted-media; gyroscope; picture-in-picture; web-share\" referrerpolicy=\"strict-origin-when-cross-origin\" allowfullscreen><\/iframe><\/div>\n<\/div>\n<\/div>\n","protected":false},"excerpt":{"rendered":"<p>University of Agder Kampus Kristiansand, UiA. Foto: Olav Breen University of Agder (UiA) to jeden<\/p>\n","protected":false},"author":48,"featured_media":0,"parent":2410,"menu_order":0,"comment_status":"closed","ping_status":"closed","template":"","meta":{"_acf_changed":false,"ngg_post_thumbnail":0,"footnotes":""},"class_list":["post-2455","page","type-page","status-publish","hentry"],"acf":[],"_links":{"self":[{"href":"https:\/\/pb.edu.pl\/iros\/wp-json\/wp\/v2\/pages\/2455","targetHints":{"allow":["GET"]}}],"collection":[{"href":"https:\/\/pb.edu.pl\/iros\/wp-json\/wp\/v2\/pages"}],"about":[{"href":"https:\/\/pb.edu.pl\/iros\/wp-json\/wp\/v2\/types\/page"}],"author":[{"embeddable":true,"href":"https:\/\/pb.edu.pl\/iros\/wp-json\/wp\/v2\/users\/48"}],"replies":[{"embeddable":true,"href":"https:\/\/pb.edu.pl\/iros\/wp-json\/wp\/v2\/comments?post=2455"}],"version-history":[{"count":0,"href":"https:\/\/pb.edu.pl\/iros\/wp-json\/wp\/v2\/pages\/2455\/revisions"}],"up":[{"embeddable":true,"href":"https:\/\/pb.edu.pl\/iros\/wp-json\/wp\/v2\/pages\/2410"}],"wp:attachment":[{"href":"https:\/\/pb.edu.pl\/iros\/wp-json\/wp\/v2\/media?parent=2455"}],"curies":[{"name":"wp","href":"https:\/\/api.w.org\/{rel}","templated":true}]}}