{"id":24152,"date":"2025-04-16T21:53:08","date_gmt":"2025-04-16T19:53:08","guid":{"rendered":"https:\/\/pb.edu.pl\/iros\/?page_id=24152"},"modified":"2025-10-27T11:21:50","modified_gmt":"2025-10-27T10:21:50","slug":"studiazagranica","status":"publish","type":"page","link":"https:\/\/pb.edu.pl\/iros\/studiazagranica\/","title":{"rendered":"Studia za granic\u0105"},"content":{"rendered":"<div class=\"panel-group\" id=\"custom-collapse-0\">\n<div class=\"panel panel-default\">\n\t\t\t\t<div class=\"panel-heading\">\n\t\t\t\t\t<div class=\"panel-title\">\n\t\t\t\t\t\t<a class=\"collapsed h4\" data-toggle=\"collapse\" data-parent=\"#custom-collapse-0\" href=\"#custom-collapse-0-0\">Podw\u00f3jne dyplomowanie<\/a>\n\t\t\t\t\t<\/div>\n\t\t\t\t<\/div>\n\t\t\t\t<div id=\"custom-collapse-0-0\" class=\"panel-collapse collapse\">\n\t\t\t\t\t<div class=\"panel-body\">\n<div class=\"row\">\n<div class=\"col-sm-8\">\n<p><span style=\"font-size: 11.5pt;font-family: 'Open Sans',sans-serif;color: #292929\">Politechnika Bia\u0142ostocka oferuje studentom mo\u017cliwo\u015b\u0107 kszta\u0142cenia w ramach um\u00f3w podw\u00f3jnego dyplomowania tj. double degree. Umowy te oferuj\u0105 studentom mo\u017cliwo\u015b\u0107 studiowania w uczelni partnerskiej i umo\u017cliwiaj\u0105 zdobycie kompetencji w mi\u0119dzynarodowym \u015brodowisku potwierdzone podw\u00f3jnym dyplomem obu uczelni (PB i uczelni partnerskiej). <\/span><span style=\"font-size: 11.5pt;font-family: 'Open Sans',sans-serif;color: #292929\">Podw\u00f3jny dyplom mog\u0105 uzyska\u0107 studenci pierwszego stopnia kierunku Zarz\u0105dzanie (Wydzia\u0142 In\u017cynierii Zarz\u0105dzania). Studenci sp\u0119dzaj\u0105 2 semestry za granic\u0105 realizuj\u0105c ustalony program.<\/span><\/p>\n<p><span style=\"font-size: 11.5pt;font-family: 'Open Sans',sans-serif;color: #292929\">Studenci zainteresowani programem podw\u00f3jnego dyplomowania powinni zapozna\u0107 si\u0119 z zapisami umowy oraz ustali\u0107 wszystkie warunki z w\u0142adzami swojego Wydzia\u0142u.<\/span><\/p>\n<p><span style=\"font-size: 11.5pt;font-family: 'Open Sans',sans-serif;color: #292929\">Orygina\u0142y um\u00f3w znajduj\u0105 si\u0119 w Dziale Mobilno\u015bci i Obs\u0142ugi Um\u00f3w Mi\u0119dzynarodowych.<\/span><\/p>\n<p><span style=\"font-size: 11.5pt;font-family: 'Open Sans',sans-serif;color: #292929\">&nbsp;<\/span><\/p>\n<p><span style=\"font-size: 11.5pt;font-family: 'Open Sans',sans-serif;color: #292929\">Aktualnie Politechnika Bia\u0142ostocka ma podpisane 20 um\u00f3w o podw\u00f3jnym dyplomowaniu, z 16 uczelniami z Europy i Azji.<\/span><\/p>\n<p><a class=\"pdf\" href=\"https:\/\/pb.edu.pl\/iros\/wp-content\/uploads\/sites\/24\/2025\/02\/lista-umow-o-programach-podwojnego-dyplomowania_pol-2025.pdf\" target=\"_blank\" rel=\"noopener\" data-id=\"23062\">_lista um\u00f3w o programach podw\u00f3jnego dyplomowania_pol 2025 (PDF, 176 KB, otworzy si\u0119 w nowej karcie)<\/a><br \/>\n&nbsp;<\/p>\n<p>Studenci kierunku Zarz\u0105dzanie, przyj\u0119ci na studia w Politechnice Bia\u0142ostockiej w roku akademickim 2022\/2023, mog\u0105 studiowa\u0107 od wrze\u015bnia 2024 roku na kierunku <strong>International Trade &amp; Business Administration<\/strong> \u2013 semestr <strong>5 i 6<\/strong> w ramach programu podw\u00f3jnego dyplomowania.<\/p>\n<p>Studentom oferowany jest dwusemestralny plan studi\u00f3w z przedmiotami i konsultacjami prowadzonymi w j\u0119zyku angielskim, odpowiadaj\u0105cy co najmniej 30 punktom ECTS w semestrze (<a class=\"pdf\" href=\"https:\/\/pb.edu.pl\/iros\/wp-content\/uploads\/sites\/24\/2024\/02\/Bachelor-in-International-Trade-and-Business-Administration.pdf\" target=\"_blank\" rel=\"noopener\" data-id=\"17132\">Bachelor in International Trade and Business Administration (PDF, 961 KB, otworzy si\u0119 w nowej karcie)<\/a>)<\/p>\n<p>Studenci zakwalifikowani do udzia\u0142u w studiach pierwszego stopnia w ramach niniejszej umowy s\u0105 zwolnieni z op\u0142at wst\u0119pnych, ale b\u0119d\u0105 zobowi\u0105zani do uiszczenia op\u0142aty CVEC (Student and Campus Life Contribution) w wysoko\u015bci ok. 100 euro. Dopuszcza si\u0119 realizowanie programu w trakcie wyjazdu w ramach Erasmus+.<\/p>\n<p>Termin rekrutacji znajduje si\u0119 w <a href=\"https:\/\/pb.edu.pl\/iros\/program-erasmus\/harmonogram\/\">harmonogramie<\/a> dzia\u0142a\u0144 dot. Programu Erasmus+&nbsp;<\/p>\n<p><strong>Kontakt dla student\u00f3w WIZ:<\/strong><br \/>\nAnna Matwiejczuk a.matwiejczuk@pb.edu.pl<\/p>\n<\/div>\n<div class=\"col-sm-4 text-center\">\n<div class=\"well well-sm lead text-center boxy-prawe\">\n<h2>Kontakt<\/h2>\n<h3>pok\u00f3j C31\/C28<\/h3>\n<p>Podw\u00f3jne dyplomowanie<\/p>\n<p>Artur Mazur<\/p>\n<i class=\"fa fa-phone\" aria-hidden=\"true\"><\/i> (85) 746 70 20<\/p>\n<a href=\"#\" rel=\"nofollow\"  onclick=\"this.href='mailto:' + 'artur.mazur' + '@' + 'pb.edu.pl'\">artur.mazur [at] pb.edu.pl<\/a>\n<p>Studia za granic\u0105<\/p>\n<p>mgr Julita Jurgiel<br \/>\n<i class=\"fa fa-phone\" aria-hidden=\"true\"><\/i> (85) 746 90 44<\/p>\n<p><i class=\"fal fa-envelope\"><\/i> <a href=\"#\" rel=\"nofollow\"  onclick=\"this.href='mailto:' + 'j.jurgiel' + '@' + 'pb.edu.pl'\">j.jurgiel [at] pb.edu.pl<\/a>\n<\/div>\n<\/div>\n<\/div>\n<\/div>\n\t\t\t\t<\/div>\n\t\t\t<\/div>\n<\/div>\n<div class=\"panel-group\" id=\"custom-collapse-1\">\n<div class=\"panel panel-default\">\n\t\t\t\t<div class=\"panel-heading\">\n\t\t\t\t\t<div class=\"panel-title\">\n\t\t\t\t\t\t<a class=\"collapsed h4\" data-toggle=\"collapse\" data-parent=\"#custom-collapse-1\" href=\"#custom-collapse-1-1\">Studia za granic\u0105<\/a>\n\t\t\t\t\t<\/div>\n\t\t\t\t<\/div>\n\t\t\t\t<div id=\"custom-collapse-1-1\" class=\"panel-collapse collapse\">\n\t\t\t\t\t<div class=\"panel-body\">\n<div class=\"row\">\n<div class=\"col-sm-12\">\n<p>Studenci PB maj\u0105 mo\u017cliwo\u015b\u0107 studiowania za granic\u0105 przez jeden lub dwa semestry w ramach podpisanych um\u00f3w. Wi\u0119kszo\u015b\u0107 um\u00f3w przewiduje zwolnienie z op\u0142at za studia. Politechnika Bia\u0142ostocka zobowi\u0105zana jest do uznania przedmiot\u00f3w zrealizowanych za granic\u0105. W ramach tych um\u00f3w student nie ma mo\u017cliwo\u015bci uzyskania podw\u00f3jnego dyplomu, chyba \u017ce zosta\u0142a podpisana dodatkowa umowa na podw\u00f3jne dyplomowanie.<\/p>\n<h2>Lista aktualnych um\u00f3w<\/h2>\n<h3>1. Brazylia<\/h3>\n<h3>Universidade Municipal de S\u00e3o Caetano do Sul<\/h3>\n<p>Szczeg\u00f3\u0142owe informacje na temat warunk\u00f3w wymiany student\u00f3w po kontakcie z uczelni\u0105 zagraniczn\u0105 na wniosek studenta.<\/p>\n<h3>2. Gruzja<\/h3>\n<h3>Georgian Technical University<\/h3>\n<p>Szczeg\u00f3\u0142owe informacje na temat warunk\u00f3w wymiany student\u00f3w po kontakcie z uczelni\u0105 zagraniczn\u0105 na wniosek studenta.<\/p>\n<\/div>\n<\/div>\n<\/div>\n\t\t\t\t<\/div>\n\t\t\t<\/div>\n<\/div>\n","protected":false},"excerpt":{"rendered":"","protected":false},"author":2,"featured_media":0,"parent":0,"menu_order":11,"comment_status":"closed","ping_status":"closed","template":"","meta":{"_acf_changed":false,"ngg_post_thumbnail":0,"footnotes":""},"class_list":["post-24152","page","type-page","status-publish","hentry"],"acf":[],"_links":{"self":[{"href":"https:\/\/pb.edu.pl\/iros\/wp-json\/wp\/v2\/pages\/24152","targetHints":{"allow":["GET"]}}],"collection":[{"href":"https:\/\/pb.edu.pl\/iros\/wp-json\/wp\/v2\/pages"}],"about":[{"href":"https:\/\/pb.edu.pl\/iros\/wp-json\/wp\/v2\/types\/page"}],"author":[{"embeddable":true,"href":"https:\/\/pb.edu.pl\/iros\/wp-json\/wp\/v2\/users\/2"}],"replies":[{"embeddable":true,"href":"https:\/\/pb.edu.pl\/iros\/wp-json\/wp\/v2\/comments?post=24152"}],"version-history":[{"count":0,"href":"https:\/\/pb.edu.pl\/iros\/wp-json\/wp\/v2\/pages\/24152\/revisions"}],"wp:attachment":[{"href":"https:\/\/pb.edu.pl\/iros\/wp-json\/wp\/v2\/media?parent=24152"}],"curies":[{"name":"wp","href":"https:\/\/api.w.org\/{rel}","templated":true}]}}