{"id":2412,"date":"2020-07-28T12:02:33","date_gmt":"2020-07-28T10:02:33","guid":{"rendered":"https:\/\/pb.edu.pl\/bwm\/?page_id=2412"},"modified":"2021-01-26T15:15:41","modified_gmt":"2021-01-26T14:15:41","slug":"aktualnosci","status":"publish","type":"page","link":"https:\/\/pb.edu.pl\/iros\/program-edukacja\/aktualnosci\/","title":{"rendered":"Aktualno\u015bci"},"content":{"rendered":"<p><img loading=\"lazy\" decoding=\"async\" class=\"alignnone wp-image-3966 size-full\" src=\"https:\/\/pb.edu.pl\/iros\/wp-content\/uploads\/sites\/24\/2021\/01\/logo_edukacja_frse.png\" alt=\"\" width=\"1073\" height=\"172\" srcset=\"https:\/\/pb.edu.pl\/iros\/wp-content\/uploads\/sites\/24\/2021\/01\/logo_edukacja_frse.png 1073w, https:\/\/pb.edu.pl\/iros\/wp-content\/uploads\/sites\/24\/2021\/01\/logo_edukacja_frse-300x48.png 300w, https:\/\/pb.edu.pl\/iros\/wp-content\/uploads\/sites\/24\/2021\/01\/logo_edukacja_frse-1024x164.png 1024w, https:\/\/pb.edu.pl\/iros\/wp-content\/uploads\/sites\/24\/2021\/01\/logo_edukacja_frse-768x123.png 768w\" sizes=\"auto, (max-width: 1073px) 100vw, 1073px\" \/><br \/>\n\t\t<div class=\"box news-box \">\n\t\t<div class=\"row\">\n\t\t\t\n\t\t\t\n\t\t\t\t\n\t\t\t\t\t\t\t\t\t\t<div class=\"col-sm-3\">\n\t\t\t\t\t\t\t\n<article class=\"format-standard\">\n    <span class=\"date text-right\"><i class=\"fal fa-calendar-alt\"><\/i> 10-10-2023<\/span>\n    <a href=\"https:\/\/pb.edu.pl\/iros\/2023\/10\/10\/spotkanie-informacyjne-dla-pracownikow-pb-dzialania-miedzynarodowe-prowadzone-przez-uczelnie\/\">\n      <div class=\"article-image\">\n        <img loading=\"lazy\" decoding=\"async\" width=\"480\" height=\"300\" src=\"https:\/\/pb.edu.pl\/iros\/wp-content\/uploads\/sites\/24\/2023\/10\/Projekt-bez-nazwy-18-480x300.png\" class=\"attachment-medium-image-16x10 size-medium-image-16x10 wp-post-image\" alt=\"\" \/>      <\/div>\n      <h3>Spotkanie informacyjne dla pracownik\u00f3w PB &#8211; dzia\u0142ania mi\u0119dzynarodowe prowadzone przez uczelni\u0119<\/h3>\n      Relacja z wydarzenia, kt\u00f3re odby\u0142o si\u0119 9 pa\u017adziernika 2023    <\/a>\n<\/article>\t\t\t\t\t\t<\/div>\n\t\t\t\t\t\t\t\t\t\t\t<div class=\"col-sm-3\">\n\t\t\t\t\t\t\t\n<article class=\"format-standard\">\n    <span class=\"date text-right\"><i class=\"fal fa-calendar-alt\"><\/i> 26-09-2023<\/span>\n    <a href=\"https:\/\/pb.edu.pl\/iros\/2023\/09\/26\/ostatnia-mobilnosc-w-ramach-programu-edukacja-eog-21-k2-w-0004\/\">\n      <div class=\"article-image\">\n        <img loading=\"lazy\" decoding=\"async\" width=\"480\" height=\"300\" src=\"https:\/\/pb.edu.pl\/iros\/wp-content\/uploads\/sites\/24\/2023\/09\/molde-mini-480x300.jpg\" class=\"attachment-medium-image-16x10 size-medium-image-16x10 wp-post-image\" alt=\"\" \/>      <\/div>\n      <h3>Ostatnia mobilno\u015b\u0107 w ramach Programu Edukacja EOG\/21\/K2\/W\/0004<\/h3>\n      W dniach 18-22.09.2023 r. Marta Orpik i Agnieszka Gniazdowska z Biura    <\/a>\n<\/article>\t\t\t\t\t\t<\/div>\n\t\t\t\t\t\t\t\t\t\t\t<div class=\"col-sm-3\">\n\t\t\t\t\t\t\t\n<article class=\"format-standard\">\n    <span class=\"date text-right\"><i class=\"fal fa-calendar-alt\"><\/i> 11-09-2023<\/span>\n    <a href=\"https:\/\/pb.edu.pl\/iros\/2023\/09\/11\/wizyta-przedstawicieli-wiz-w-molde-university-college-specialized-university-in-logistics\/\">\n      <div class=\"article-image\">\n        <img loading=\"lazy\" decoding=\"async\" width=\"480\" height=\"300\" src=\"https:\/\/pb.edu.pl\/iros\/wp-content\/uploads\/sites\/24\/2023\/10\/MUC-LN-480x300.jpg\" class=\"attachment-medium-image-16x10 size-medium-image-16x10 wp-post-image\" alt=\"\" \/>      <\/div>\n      <h3>Wizyta przedstawicieli WIZ w Molde University College \u2013 Specialized University in Logistics<\/h3>\n      Wyjazd odby\u0142 si\u0119 w ramach programu EDUKACJA finansowanego z Funduszy Europejskiego    <\/a>\n<\/article>\t\t\t\t\t\t<\/div>\n\t\t\t\t\t\t\t\t\t\t\t<div class=\"col-sm-3\">\n\t\t\t\t\t\t\t\n<article class=\"format-standard\">\n    <span class=\"date text-right\"><i class=\"fal fa-calendar-alt\"><\/i> 08-09-2023<\/span>\n    <a href=\"https:\/\/pb.edu.pl\/iros\/2023\/09\/08\/przedstawicielki-sjo-na-molde-university-college\/\">\n      <div class=\"article-image\">\n        <img loading=\"lazy\" decoding=\"async\" width=\"450\" height=\"300\" src=\"https:\/\/pb.edu.pl\/iros\/wp-content\/uploads\/sites\/24\/2023\/09\/www-miniaturki-1.jpg\" class=\"attachment-medium-image-16x10 size-medium-image-16x10 wp-post-image\" alt=\"\" srcset=\"https:\/\/pb.edu.pl\/iros\/wp-content\/uploads\/sites\/24\/2023\/09\/www-miniaturki-1.jpg 480w, https:\/\/pb.edu.pl\/iros\/wp-content\/uploads\/sites\/24\/2023\/09\/www-miniaturki-1-300x200.jpg 300w\" sizes=\"auto, (max-width: 450px) 100vw, 450px\" \/>      <\/div>\n      <h3>Przedstawicielki SJO na Molde University College<\/h3>\n      W dniach 28.08-01.09.2023 roku mgr Halina Bramska i mgr Monika \u015aleszy\u0144ska    <\/a>\n<\/article>\t\t\t\t\t\t<\/div>\n\t\t\t\t\t\t\t\t\t\t\t<div class=\"col-sm-3\">\n\t\t\t\t\t\t\t\n<article class=\"format-standard\">\n    <span class=\"date text-right\"><i class=\"fal fa-calendar-alt\"><\/i> 29-08-2023<\/span>\n    <a href=\"https:\/\/pb.edu.pl\/iros\/2023\/08\/29\/program-edukacja-pierwsza-mobilnosc-przedstawicieli-pb-do-molde-university-college\/\">\n      <div class=\"article-image\">\n        <img loading=\"lazy\" decoding=\"async\" width=\"450\" height=\"300\" src=\"https:\/\/pb.edu.pl\/iros\/wp-content\/uploads\/sites\/24\/2023\/08\/www-miniaturki-2.jpg\" class=\"attachment-medium-image-16x10 size-medium-image-16x10 wp-post-image\" alt=\"\" srcset=\"https:\/\/pb.edu.pl\/iros\/wp-content\/uploads\/sites\/24\/2023\/08\/www-miniaturki-2.jpg 480w, https:\/\/pb.edu.pl\/iros\/wp-content\/uploads\/sites\/24\/2023\/08\/www-miniaturki-2-300x200.jpg 300w\" sizes=\"auto, (max-width: 450px) 100vw, 450px\" \/>      <\/div>\n      <h3>Program Edukacja: pierwsza mobilno\u015b\u0107 przedstawicieli PB do Molde University College<\/h3>\n      Rozpocz\u0119li\u015bmy realizacj\u0119 mobilno\u015bci do Molde University College w ramach Programu Edukacja.    <\/a>\n<\/article>\t\t\t\t\t\t<\/div>\n\t\t\t\t\t\t\t\t\t\t\t<div class=\"col-sm-3\">\n\t\t\t\t\t\t\t\n<article class=\"format-standard\">\n    <span class=\"date text-right\"><i class=\"fal fa-calendar-alt\"><\/i> 12-07-2023<\/span>\n    <a href=\"https:\/\/pb.edu.pl\/iros\/2023\/07\/12\/konkurs-edustories\/\">\n      <div class=\"article-image\">\n        <img loading=\"lazy\" decoding=\"async\" width=\"480\" height=\"270\" src=\"https:\/\/pb.edu.pl\/iros\/wp-content\/uploads\/sites\/24\/2023\/07\/Bez-nazwy-1.png\" class=\"attachment-medium-image-16x10 size-medium-image-16x10 wp-post-image\" alt=\"\" srcset=\"https:\/\/pb.edu.pl\/iros\/wp-content\/uploads\/sites\/24\/2023\/07\/Bez-nazwy-1.png 1200w, https:\/\/pb.edu.pl\/iros\/wp-content\/uploads\/sites\/24\/2023\/07\/Bez-nazwy-1-300x169.png 300w, https:\/\/pb.edu.pl\/iros\/wp-content\/uploads\/sites\/24\/2023\/07\/Bez-nazwy-1-1024x576.png 1024w, https:\/\/pb.edu.pl\/iros\/wp-content\/uploads\/sites\/24\/2023\/07\/Bez-nazwy-1-768x432.png 768w\" sizes=\"auto, (max-width: 480px) 100vw, 480px\" \/>      <\/div>\n      <h3>KONKURS #EduStories<\/h3>\n      By\u0142a\/e\u015b uczestnikiem projektu realizowanego w ramach Funduszy Norweskich i EOG? Podziel    <\/a>\n<\/article>\t\t\t\t\t\t<\/div>\n\t\t\t\t\t\t\t\t\t\t\t<div class=\"col-sm-3\">\n\t\t\t\t\t\t\t\n<article class=\"format-standard\">\n    <span class=\"date text-right\"><i class=\"fal fa-calendar-alt\"><\/i> 15-02-2023<\/span>\n    <a href=\"https:\/\/pb.edu.pl\/iros\/2023\/02\/15\/profil-pracownika-4-0-konferencja-upowszechniajaca-projekt-technologie-przyszlosci-w-dzisiejszej-szkole\/\">\n      <div class=\"article-image\">\n        <img loading=\"lazy\" decoding=\"async\" width=\"384\" height=\"232\" src=\"https:\/\/pb.edu.pl\/iros\/wp-content\/uploads\/sites\/24\/2023\/02\/pp.png\" class=\"attachment-medium-image-16x10 size-medium-image-16x10 wp-post-image\" alt=\"\" srcset=\"https:\/\/pb.edu.pl\/iros\/wp-content\/uploads\/sites\/24\/2023\/02\/pp.png 384w, https:\/\/pb.edu.pl\/iros\/wp-content\/uploads\/sites\/24\/2023\/02\/pp-300x181.png 300w\" sizes=\"auto, (max-width: 384px) 100vw, 384px\" \/>      <\/div>\n      <h3>Profil pracownika 4.0 \u2013 konferencja upowszechniaj\u0105ca projekt \u201eTechnologie przysz\u0142o\u015bci w dzisiejszej szkole\u201d<\/h3>\n      Konferencja dofinansowana ze \u015brodk\u00f3w funduszy EOG    <\/a>\n<\/article>\t\t\t\t\t\t<\/div>\n\t\t\t\t\t\t\t\t\t\t\t<div class=\"col-sm-3\">\n\t\t\t\t\t\t\t\n<article class=\"format-standard\">\n    <span class=\"date text-right\"><i class=\"fal fa-calendar-alt\"><\/i> 30-11-2022<\/span>\n    <a href=\"https:\/\/pb.edu.pl\/iros\/2022\/11\/30\/zaproszenie-do-udzialu-w-programie-edukacja-mobilnosci-pracownikow\/\">\n      <div class=\"article-image\">\n        <img loading=\"lazy\" decoding=\"async\" width=\"450\" height=\"300\" src=\"https:\/\/pb.edu.pl\/iros\/wp-content\/uploads\/sites\/24\/2022\/11\/MUC-wyjazdy.jpg\" class=\"attachment-medium-image-16x10 size-medium-image-16x10 wp-post-image\" alt=\"\" srcset=\"https:\/\/pb.edu.pl\/iros\/wp-content\/uploads\/sites\/24\/2022\/11\/MUC-wyjazdy.jpg 480w, https:\/\/pb.edu.pl\/iros\/wp-content\/uploads\/sites\/24\/2022\/11\/MUC-wyjazdy-300x200.jpg 300w\" sizes=\"auto, (max-width: 450px) 100vw, 450px\" \/>      <\/div>\n      <h3>Zaproszenie do udzia\u0142u w Programie Edukacja &#8211; mobilno\u015bci pracownik\u00f3w<\/h3>\n      Biuro ds. Wsp\u00f3\u0142pracy Mi\u0119dzynarodowej zaprasza pracownik\u00f3w PB do skorzystania z mo\u017cliwo\u015bci    <\/a>\n<\/article>\t\t\t\t\t\t<\/div>\n\t\t\t\t\t\t\t\t\t\t\t<div class=\"col-sm-3\">\n\t\t\t\t\t\t\t\n<article class=\"format-standard\">\n    <span class=\"date text-right\"><i class=\"fal fa-calendar-alt\"><\/i> 30-09-2022<\/span>\n    <a href=\"https:\/\/pb.edu.pl\/iros\/2022\/09\/30\/mobilnosc-szkoleniowa-w-norwegian-university-of-science-and-technology\/\">\n      <div class=\"article-image\">\n        <img loading=\"lazy\" decoding=\"async\" width=\"450\" height=\"300\" src=\"https:\/\/pb.edu.pl\/iros\/wp-content\/uploads\/sites\/24\/2022\/11\/NTNU-MO-AG.jpg\" class=\"attachment-medium-image-16x10 size-medium-image-16x10 wp-post-image\" alt=\"\" srcset=\"https:\/\/pb.edu.pl\/iros\/wp-content\/uploads\/sites\/24\/2022\/11\/NTNU-MO-AG.jpg 480w, https:\/\/pb.edu.pl\/iros\/wp-content\/uploads\/sites\/24\/2022\/11\/NTNU-MO-AG-300x200.jpg 300w\" sizes=\"auto, (max-width: 450px) 100vw, 450px\" \/>      <\/div>\n      <h3>Mobilno\u015b\u0107 szkoleniowa w Norwegian University of Science and Technology<\/h3>\n      Zapraszamy do przeczytania relacji z wyjazdu STA w NTNU w ramach    <\/a>\n<\/article>\t\t\t\t\t\t<\/div>\n\t\t\t\t\t\t\t\t\t\t\t<div class=\"col-sm-3\">\n\t\t\t\t\t\t\t\n<article class=\"format-standard\">\n    <span class=\"date text-right\"><i class=\"fal fa-calendar-alt\"><\/i> 26-09-2022<\/span>\n    <a href=\"https:\/\/pb.edu.pl\/iros\/2022\/09\/26\/mobilnosc-dydaktyczna-7-pracownikow-pb-na-ntnu\/\">\n      <div class=\"article-image\">\n        <img loading=\"lazy\" decoding=\"async\" width=\"450\" height=\"300\" src=\"https:\/\/pb.edu.pl\/iros\/wp-content\/uploads\/sites\/24\/2022\/11\/www-miniaturki.jpg\" class=\"attachment-medium-image-16x10 size-medium-image-16x10 wp-post-image\" alt=\"\" srcset=\"https:\/\/pb.edu.pl\/iros\/wp-content\/uploads\/sites\/24\/2022\/11\/www-miniaturki.jpg 480w, https:\/\/pb.edu.pl\/iros\/wp-content\/uploads\/sites\/24\/2022\/11\/www-miniaturki-300x200.jpg 300w\" sizes=\"auto, (max-width: 450px) 100vw, 450px\" \/>      <\/div>\n      <h3>Mobilno\u015b\u0107 dydaktyczna 7 pracownik\u00f3w PB na NTNU<\/h3>\n      W dn. 5-9.09.2022 r. siedmioro pracownik\u00f3w PB, dr in\u017c. Anna Maria    <\/a>\n<\/article>\t\t\t\t\t\t<\/div>\n\t\t\t\t\t\t\t\t\t\t\t<div class=\"col-sm-3\">\n\t\t\t\t\t\t\t\n<article class=\"format-standard\">\n    <span class=\"date text-right\"><i class=\"fal fa-calendar-alt\"><\/i> 16-09-2022<\/span>\n    <a href=\"https:\/\/pb.edu.pl\/iros\/2022\/09\/16\/delegacja-politechniki-bialostockiej-z-wizyta-na-molde-university-college-norwegia\/\">\n      <div class=\"article-image\">\n        <img loading=\"lazy\" decoding=\"async\" width=\"411\" height=\"300\" src=\"https:\/\/pb.edu.pl\/iros\/wp-content\/uploads\/sites\/24\/2022\/09\/molde_01.jpg\" class=\"attachment-medium-image-16x10 size-medium-image-16x10 wp-post-image\" alt=\"\" srcset=\"https:\/\/pb.edu.pl\/iros\/wp-content\/uploads\/sites\/24\/2022\/09\/molde_01.jpg 2048w, https:\/\/pb.edu.pl\/iros\/wp-content\/uploads\/sites\/24\/2022\/09\/molde_01-300x219.jpg 300w, https:\/\/pb.edu.pl\/iros\/wp-content\/uploads\/sites\/24\/2022\/09\/molde_01-1024x747.jpg 1024w, https:\/\/pb.edu.pl\/iros\/wp-content\/uploads\/sites\/24\/2022\/09\/molde_01-768x560.jpg 768w, https:\/\/pb.edu.pl\/iros\/wp-content\/uploads\/sites\/24\/2022\/09\/molde_01-1536x1121.jpg 1536w\" sizes=\"auto, (max-width: 411px) 100vw, 411px\" \/>      <\/div>\n      <h3>Delegacja Politechniki Bia\u0142ostockiej z wizyt\u0105 na Molde University College, Norwegia<\/h3>\n      Realizacja zada\u0144 w ramach Programu Edukacja    <\/a>\n<\/article>\t\t\t\t\t\t<\/div>\n\t\t\t\t\t\t\t\t\t\t\t<div class=\"col-sm-3\">\n\t\t\t\t\t\t\t\n<article class=\"format-standard\">\n    <span class=\"date text-right\"><i class=\"fal fa-calendar-alt\"><\/i> 05-07-2022<\/span>\n    <a href=\"https:\/\/pb.edu.pl\/iros\/2022\/07\/05\/program-edukacja-dostepne-miejsca-wyjazdowe\/\">\n      <div class=\"article-image\">\n        <img loading=\"lazy\" decoding=\"async\" width=\"450\" height=\"300\" src=\"https:\/\/pb.edu.pl\/iros\/wp-content\/uploads\/sites\/24\/2022\/07\/www-miniaturki8.png\" class=\"attachment-medium-image-16x10 size-medium-image-16x10 wp-post-image\" alt=\"\" srcset=\"https:\/\/pb.edu.pl\/iros\/wp-content\/uploads\/sites\/24\/2022\/07\/www-miniaturki8.png 480w, https:\/\/pb.edu.pl\/iros\/wp-content\/uploads\/sites\/24\/2022\/07\/www-miniaturki8-300x200.png 300w\" sizes=\"auto, (max-width: 450px) 100vw, 450px\" \/>      <\/div>\n      <h3>Program Edukacja &#8211; dost\u0119pne miejsca wyjazdowe<\/h3>\n      University of Agder (UiA) to jeden z najnowocze\u015bniejszych uniwersytet\u00f3w w Norwegii,    <\/a>\n<\/article>\t\t\t\t\t\t<\/div>\n\t\t\t\t\t\n\t\t\t\t\n\t\t\t\t\t<\/div>\n\t\t\n\t<nav class=\"navigation pagination\" aria-label=\"Stronicowanie wpis\u00f3w\">\n\t\t<h2 class=\"screen-reader-text\">Stronicowanie wpis\u00f3w<\/h2>\n\t\t<div class=\"nav-links\"><span aria-current=\"page\" class=\"page-numbers current\">1<\/span>\n<a class=\"page-numbers\" href=\"https:\/\/pb.edu.pl\/iros\/wp-json\/wp\/v2\/pages\/2412\/page\/2\/\">2<\/a>\n<a class=\"next page-numbers\" href=\"https:\/\/pb.edu.pl\/iros\/wp-json\/wp\/v2\/pages\/2412\/page\/2\/\">Nast\u0119pne<\/a><\/div>\n\t<\/nav>\t\t\t<\/div>\n\n","protected":false},"excerpt":{"rendered":"","protected":false},"author":48,"featured_media":0,"parent":2311,"menu_order":0,"comment_status":"closed","ping_status":"closed","template":"","meta":{"_acf_changed":false,"ngg_post_thumbnail":0,"footnotes":""},"class_list":["post-2412","page","type-page","status-publish","hentry"],"acf":[],"_links":{"self":[{"href":"https:\/\/pb.edu.pl\/iros\/wp-json\/wp\/v2\/pages\/2412","targetHints":{"allow":["GET"]}}],"collection":[{"href":"https:\/\/pb.edu.pl\/iros\/wp-json\/wp\/v2\/pages"}],"about":[{"href":"https:\/\/pb.edu.pl\/iros\/wp-json\/wp\/v2\/types\/page"}],"author":[{"embeddable":true,"href":"https:\/\/pb.edu.pl\/iros\/wp-json\/wp\/v2\/users\/48"}],"replies":[{"embeddable":true,"href":"https:\/\/pb.edu.pl\/iros\/wp-json\/wp\/v2\/comments?post=2412"}],"version-history":[{"count":0,"href":"https:\/\/pb.edu.pl\/iros\/wp-json\/wp\/v2\/pages\/2412\/revisions"}],"up":[{"embeddable":true,"href":"https:\/\/pb.edu.pl\/iros\/wp-json\/wp\/v2\/pages\/2311"}],"wp:attachment":[{"href":"https:\/\/pb.edu.pl\/iros\/wp-json\/wp\/v2\/media?parent=2412"}],"curies":[{"name":"wp","href":"https:\/\/api.w.org\/{rel}","templated":true}]}}