{"id":22674,"date":"2025-01-23T14:20:30","date_gmt":"2025-01-23T13:20:30","guid":{"rendered":"https:\/\/pb.edu.pl\/iros\/?page_id=22674"},"modified":"2025-01-23T14:26:42","modified_gmt":"2025-01-23T13:26:42","slug":"blended-intensiv-programmes-2023-2024","status":"publish","type":"page","link":"https:\/\/pb.edu.pl\/iros\/blended-intensiv-programmes-2023-2024\/","title":{"rendered":"Blended Intensiv Programmes 2023-2024"},"content":{"rendered":"<div class=\"panel-group\" id=\"custom-collapse-0\">\n<div class=\"panel panel-default\">\n\t\t\t\t<div class=\"panel-heading\">\n\t\t\t\t\t<div class=\"panel-title\">\n\t\t\t\t\t\t<a class=\"collapsed h4\" data-toggle=\"collapse\" data-parent=\"#custom-collapse-0\" href=\"#custom-collapse-0-0\">Land Art workshop \u201eDay Reborn<\/a>\n\t\t\t\t\t<\/div>\n\t\t\t\t<\/div>\n\t\t\t\t<div id=\"custom-collapse-0-0\" class=\"panel-collapse collapse\">\n\t\t\t\t\t<div class=\"panel-body\">\n<p><strong>Tytu\u0142: <\/strong>Land Art workshop \u201eDay Reborn\u201d<\/p>\n<p>Data: 10-16.11.2024 (zaj\u0119cia stacjonarne) i 14.10.2024- 31.10.2024 (online)<br \/>\nMiejsce realizacji zaj\u0119\u0107 stacjonarnych: Wilno, Litwa.<br \/>\nOrganizator: Vilniaus kolegija<\/p>\n<p>Zapraszamy student\u00f3w i doktorant\u00f3w PB do udzia\u0142u w rekrutacji na Blended Intensive Programme organizowany przez Vilniaus kolegija!<\/p>\n<p><a title=\"\" href=\"https:\/\/pb.edu.pl\/iros\/2024\/10\/01\/rekrutacja-do-udzialu-w-land-art-workshop-day-reborn-blended-intensive-programme\/\">Informacja o rekrutacji (link)<\/a><\/p>\n<\/div>\n\t\t\t\t<\/div>\n\t\t\t<\/div>\n<div class=\"panel panel-default\">\n\t\t\t\t<div class=\"panel-heading\">\n\t\t\t\t\t<div class=\"panel-title\">\n\t\t\t\t\t\t<a class=\"collapsed h4\" data-toggle=\"collapse\" data-parent=\"#custom-collapse-0\" href=\"#custom-collapse-0-1\">Managing Virtual Interdisciplinary Multicultural Teams<\/a>\n\t\t\t\t\t<\/div>\n\t\t\t\t<\/div>\n\t\t\t\t<div id=\"custom-collapse-0-1\" class=\"panel-collapse collapse\">\n\t\t\t\t\t<div class=\"panel-body\">\n<p><strong>Tytu\u0142: Managing Virtual Interdisciplinary Multicultural Teams<\/strong><br \/>\nData: 2-6.12.2024 (zaj\u0119cia stacjonarne) i 25-28 listopada 2024 r., 9-12 grudnia 2024 r. (online)<br \/>\nMiejsce realizacji zaj\u0119\u0107 stacjonarnych: School of Economics and Business, Kaunas University of Technology, Litwa.<br \/>\nOrganizator: Kaunas University of Technology<\/p>\n<p>Zapraszamy student\u00f3w i doktorant\u00f3w PB do udzia\u0142u w rekrutacji na Blended Intensive Programme organizowany przez Kaunas University of Technology!<\/p>\n<p><a title=\"\" href=\"https:\/\/pb.edu.pl\/iros\/2024\/06\/14\/wez-udzial-w-bip-w-kaunas-university-of-technology-kowno-litwa\/\">Informacja o rekrutacji (link)<\/a><br \/>\n<\/div>\n\t\t\t\t<\/div>\n\t\t\t<\/div>\n<div class=\"panel panel-default\">\n\t\t\t\t<div class=\"panel-heading\">\n\t\t\t\t\t<div class=\"panel-title\">\n\t\t\t\t\t\t<a class=\"collapsed h4\" data-toggle=\"collapse\" data-parent=\"#custom-collapse-0\" href=\"#custom-collapse-0-2\">Madrid: History, urbanistic developement. Steps towards a sustainable city<\/a>\n\t\t\t\t\t<\/div>\n\t\t\t\t<\/div>\n\t\t\t\t<div id=\"custom-collapse-0-2\" class=\"panel-collapse collapse\">\n\t\t\t\t\t<div class=\"panel-body\">\n<p><strong>Tytu\u0142: Madrid: History, urbanistic developement. Steps towards a sustainable city <\/strong><br \/>\nData: 9-13.09.2024 (zaj\u0119cia stacjonarne) i 16-17.10.2024 (online)<br \/>\nMiejsce realizacji zaj\u0119\u0107 stacjonarnych: Escuela T\u00e9cnica Superior de Edificaci\u00f3nn (ETSEM), Hiszpania.<br \/>\nOrganizator: Universidad Polit\u00e9cnica de Madrid<\/p>\n<p>Zapraszamy student\u00f3w i doktorant\u00f3w kierunk\u00f3w Architektura Krajobrazu lub Gospodarka Przestrzenna WBiN\u015a do udzia\u0142u w rekrutacji na Blended Intensive Programme organizowany przez Universidad Polit\u00e9cnica de Madrid!<\/p>\n<p><a title=\"\" href=\"https:\/\/pb.edu.pl\/iros\/2024\/06\/26\/wez-udzial-w-bip-na-universidad-politecnica-de-madrid\/\">Informacja o rekrutacji (link)<\/a><br \/>\n<\/div>\n\t\t\t\t<\/div>\n\t\t\t<\/div>\n<div class=\"panel panel-default\">\n\t\t\t\t<div class=\"panel-heading\">\n\t\t\t\t\t<div class=\"panel-title\">\n\t\t\t\t\t\t<a class=\"collapsed h4\" data-toggle=\"collapse\" data-parent=\"#custom-collapse-0\" href=\"#custom-collapse-0-3\">DIGITAL BUSINESS AND FINANCE: MANAGING FOR TOMORROW<\/a>\n\t\t\t\t\t<\/div>\n\t\t\t\t<\/div>\n\t\t\t\t<div id=\"custom-collapse-0-3\" class=\"panel-collapse collapse\">\n\t\t\t\t\t<div class=\"panel-body\">\n<p><strong>Tytu\u0142: DIGITAL BUSINESS AND FINANCE: MANAGING FOR TOMORROW<\/strong><br \/>\nData: 14-21 lipca 2024 (zaj\u0119cia stacjonarne) i 9 lipca 2024 (online)<br \/>\nMiejsce realizacji zaj\u0119\u0107 stacjonarnych: BALTIC INTERNATIONAL ACADEMY, Ryga, \u0141otwa.<br \/>\nOrganizator: BALTIC INTERNATIONAL ACADEMY<\/p>\n<p>Zapraszamy student\u00f3w i doktorant\u00f3w PB do udzia\u0142u w rekrutacji na Blended Intensive Programme organizowany przez BALTIC INTERNATIONAL ACADEMY!<\/p>\n<p><a title=\"\" href=\"https:\/\/pb.edu.pl\/iros\/2024\/05\/17\/wez-udzial-w-bip-w-baltic-international-academy-w-rydze\/\">Informacja o rekrutacji (link)<\/a><br \/>\n<\/div>\n\t\t\t\t<\/div>\n\t\t\t<\/div>\n<div class=\"panel panel-default\">\n\t\t\t\t<div class=\"panel-heading\">\n\t\t\t\t\t<div class=\"panel-title\">\n\t\t\t\t\t\t<a class=\"collapsed h4\" data-toggle=\"collapse\" data-parent=\"#custom-collapse-0\" href=\"#custom-collapse-0-4\">From place to city: constructing collectively the habitat<\/a>\n\t\t\t\t\t<\/div>\n\t\t\t\t<\/div>\n\t\t\t\t<div id=\"custom-collapse-0-4\" class=\"panel-collapse collapse\">\n\t\t\t\t\t<div class=\"panel-body\">\n<p><strong>Tytu\u0142: From place to city: constructing collectively the habitat&nbsp;<\/strong><br \/>\nData: 08-12.07.2024 (zaj\u0119cia stacjonarne) i 4.06.2024, 18.06.2024 oraz 22.07.2024 (online)<br \/>\nMiejsce realizacji zaj\u0119\u0107 stacjonarnych: Instituto Universit\u00e1rio de Lisboa, Portugalia.<br \/>\nOrganizator: Instituto Universit\u00e1rio de Lisboa<\/p>\n<p>Zapraszamy student\u00f3w i doktorant\u00f3w Wydzia\u0142u Budownictwa i Nauk o \u015brodowisku do udzia\u0142u w rekrutacji na Blended Intensive Programme organizowany przez Instituto Universit\u00e1rio de Lisboa!<\/p>\n<p><a title=\"\" href=\"https:\/\/pb.edu.pl\/iros\/2024\/03\/26\/wez-udzial-w-bip-w-instituto-universitario-de-lisboa\/\">Informacja o rekrutacji (link)<\/a><br \/>\n<\/div>\n\t\t\t\t<\/div>\n\t\t\t<\/div>\n<div class=\"panel panel-default\">\n\t\t\t\t<div class=\"panel-heading\">\n\t\t\t\t\t<div class=\"panel-title\">\n\t\t\t\t\t\t<a class=\"collapsed h4\" data-toggle=\"collapse\" data-parent=\"#custom-collapse-0\" href=\"#custom-collapse-0-5\">BIP Erasmus+ 2024 VILNIUS TECH Faculty of Mechanics<\/a>\n\t\t\t\t\t<\/div>\n\t\t\t\t<\/div>\n\t\t\t\t<div id=\"custom-collapse-0-5\" class=\"panel-collapse collapse\">\n\t\t\t\t\t<div class=\"panel-body\">\n<p><strong>Tytu\u0142: BIP Erasmus+ 2024 VILNIUS TECH Faculty of Mechanics &#8211;<\/strong> dwa modu\u0142y \u201eInteligentne i zr\u00f3wnowa\u017cone projektowanie system\u00f3w mechanicznych\u201d oraz&nbsp;\u201eInteligentne czujniki i inteligentne materia\u0142y\u201d.&nbsp;<br \/>\nData: 08.04.2024 \u2013 12.04.2024&nbsp; (zaj\u0119cia stacjonarne) i&nbsp;01.03.2024 &#8211;&nbsp;31.03.2024 (online)<br \/>\nMiejsce realizacji zaj\u0119\u0107 stacjonarnych: Vilnius Gediminas Technical University, Litwa.<br \/>\nOrganizator: Vilnius Gediminas Technical University<\/p>\n<p>Zapraszamy student\u00f3w Wydzia\u0142u Mechanicznego do udzia\u0142u w rekrutacji na Blended Intensive Programme organizowany przez Vilnius Gediminas Technical University!<\/p>\n<p><a title=\"\" href=\"https:\/\/pb.edu.pl\/iros\/2024\/01\/25\/zapraszamy-do-udzialu-w-bip-erasmus-2024-vilnius-tech-faculty-of-mechanics\/\">Informacja o rekrutacji (link)<\/a><br \/>\n<\/div>\n\t\t\t\t<\/div>\n\t\t\t<\/div>\n<div class=\"panel panel-default\">\n\t\t\t\t<div class=\"panel-heading\">\n\t\t\t\t\t<div class=\"panel-title\">\n\t\t\t\t\t\t<a class=\"collapsed h4\" data-toggle=\"collapse\" data-parent=\"#custom-collapse-0\" href=\"#custom-collapse-0-6\">Sustainable Consumption<\/a>\n\t\t\t\t\t<\/div>\n\t\t\t\t<\/div>\n\t\t\t\t<div id=\"custom-collapse-0-6\" class=\"panel-collapse collapse\">\n\t\t\t\t\t<div class=\"panel-body\">\n<p><strong>Tytu\u0142: Sustainable Consumption<\/strong><br \/>\nData: 08.04.2024 \u2013 12.04.2024 (zaj\u0119cia stacjonarne) i 12.03.2024 \u2013 14.03.2024 (online)<br \/>\nMiejsce realizacji zaj\u0119\u0107 stacjonarnych: Utena Higher Education Institution, Litwa.<br \/>\nOrganizator: Utena Higher Education Institution<\/p>\n<p>Zapraszamy student\u00f3w i doktorant\u00f3w PB do udzia\u0142u w rekrutacji na Blended Intensive Programme organizowany przez Utena Higher Education Institution!<\/p>\n<p><a title=\"\" href=\"https:\/\/pb.edu.pl\/iros\/2024\/02\/09\/zapraszamy-do-udzialu-w-bip-sustainable-consumption\/\">Informacja o rekrutacji (link)<\/a><br \/>\n<\/div>\n\t\t\t\t<\/div>\n\t\t\t<\/div>\n<div class=\"panel panel-default\">\n\t\t\t\t<div class=\"panel-heading\">\n\t\t\t\t\t<div class=\"panel-title\">\n\t\t\t\t\t\t<a class=\"collapsed h4\" data-toggle=\"collapse\" data-parent=\"#custom-collapse-0\" href=\"#custom-collapse-0-7\">Cybersecurity strategies in the era of artificial intelligence<\/a>\n\t\t\t\t\t<\/div>\n\t\t\t\t<\/div>\n\t\t\t\t<div id=\"custom-collapse-0-7\" class=\"panel-collapse collapse\">\n\t\t\t\t\t<div class=\"panel-body\">\n<p><strong>Tytu\u0142: Cybersecurity strategies in the era of artificial intelligence&nbsp;<\/strong><br \/>\nData: 20-24 maja 2024 (zaj\u0119cia stacjonarne) i 16-17 maja 2024 (online)<br \/>\nMiejsce realizacji zaj\u0119\u0107 stacjonarnych: Babe\u0219-Bolyai University Cluj-Napoca, Rumunia.<br \/>\nOrganizator: Babe\u0219-Bolyai University<\/p>\n<p>Zapraszamy student\u00f3w Wydzia\u0142u Informatyki do udzia\u0142u w rekrutacji na Blended Intensive Programme organizowany przez Babe\u0219-Bolyai University!<\/p>\n<p><a title=\"\" href=\"https:\/\/pb.edu.pl\/iros\/2024\/01\/24\/cybersecurity-strategies-in-the-era-of-artificial-intelligence\/\">Informacja o rekrutacji (link)<\/a><br \/>\n<\/div>\n\t\t\t\t<\/div>\n\t\t\t<\/div>\n<div class=\"panel panel-default\">\n\t\t\t\t<div class=\"panel-heading\">\n\t\t\t\t\t<div class=\"panel-title\">\n\t\t\t\t\t\t<a class=\"collapsed h4\" data-toggle=\"collapse\" data-parent=\"#custom-collapse-0\" href=\"#custom-collapse-0-8\">Course on Renewable and Sustainable HVAC systems in near Zero Energy and Carbon in Buildings<\/a>\n\t\t\t\t\t<\/div>\n\t\t\t\t<\/div>\n\t\t\t\t<div id=\"custom-collapse-0-8\" class=\"panel-collapse collapse\">\n\t\t\t\t\t<div class=\"panel-body\">\n<p><strong>Tytu\u0142: Course on Renewable and Sustainable HVAC systems in near Zero Energy and Carbon in Buildings <\/strong>\/ Kurs na temat odnawialnych i zr\u00f3wnowa\u017conych system\u00f3w HVAC w budynkach o niemal zerowym zu\u017cyciu energii i emisji dwutlenku w\u0119gla<br \/>\nData: 24-28 lipca 2023 (zaj\u0119cia stacjonarne) i 23-27 pa\u017adziernika 2023 (online)<br \/>\nMiejsce realizacji zaj\u0119\u0107 stacjonarnych: University of Malta Valletta Campus<br \/>\nOrganizator: University of Valladoi<\/p>\n<p>Zapraszamy student\u00f3w ekoenergetyki, in\u017cynierii \u015brodowiska oraz kierunk\u00f3w pokrewnych do udzia\u0142u w rekrutacji na Blended Intensive Programme organizowany przez University of Valladolid!<\/p>\n<p><a href=\"https:\/\/pb.edu.pl\/iros\/2023\/03\/06\/rekrutacja-studentow-na-intensywny-program-mieszany-erasmus-dotyczacy-zrownowazonego-rozwoju\/\">Informacja o rekrutacji (link)<\/a><br \/>\n<\/div>\n\t\t\t\t<\/div>\n\t\t\t<\/div>\n<div class=\"panel panel-default\">\n\t\t\t\t<div class=\"panel-heading\">\n\t\t\t\t\t<div class=\"panel-title\">\n\t\t\t\t\t\t<a class=\"collapsed h4\" data-toggle=\"collapse\" data-parent=\"#custom-collapse-0\" href=\"#custom-collapse-0-9\">Digital twin of equipment used in industry<\/a>\n\t\t\t\t\t<\/div>\n\t\t\t\t<\/div>\n\t\t\t\t<div id=\"custom-collapse-0-9\" class=\"panel-collapse collapse\">\n\t\t\t\t\t<div class=\"panel-body\">\n<strong>Tytu\u0142: Digital twin of equipment used in industry <\/strong>\/ Cyfrowe bli\u017aniaki urz\u0105dze\u0144 wykorzystywanych w przemy\u015ble<br \/>\nData: 24-28.04.2023 (zaj\u0119cia stacjonarne) i 01-05.05.2023 (online)<br \/>\nMiejsce realizacji zaj\u0119\u0107 stacjonarnych: Klaip\u0117dos Valstybin\u0117 Kolegija (KVK)<\/p>\n<p>Zapraszamy student\u00f3w Wydzia\u0142u Mechanicznego i Wydzia\u0142u Elektrycznego do udzia\u0142u w rekrutacji na Blended Intensive Programme organizowany przez Klaip\u0117dos Valstybin\u0117 Kolegija!<br \/>\n<a href=\"https:\/\/pb.edu.pl\/iros\/2023\/03\/29\/rekrutacja-studentow-na-intensywny-program-mieszany-erasmus-w-klajpedzie\/\">Informacja o rekrutacji (link)<\/a><br \/>\n<\/div>\n\t\t\t\t<\/div>\n\t\t\t<\/div>\n<div class=\"panel panel-default\">\n\t\t\t\t<div class=\"panel-heading\">\n\t\t\t\t\t<div class=\"panel-title\">\n\t\t\t\t\t\t<a class=\"collapsed h4\" data-toggle=\"collapse\" data-parent=\"#custom-collapse-0\" href=\"#custom-collapse-0-10\">Vernacular Construction in Europe and Environmental Sustainability<\/a>\n\t\t\t\t\t<\/div>\n\t\t\t\t<\/div>\n\t\t\t\t<div id=\"custom-collapse-0-10\" class=\"panel-collapse collapse\">\n\t\t\t\t\t<div class=\"panel-body\">\n<strong>Tytu\u0142: Vernacular Construction in Europe and Environmental Sustainability <\/strong>\/ Budownictwo wernakularne w Europie i zr\u00f3wnowa\u017cony rozw\u00f3j \u015brodowiska<br \/>\nData: 25-29 wrze\u015bnia 2023 (zaj\u0119cia stacjonarne) i 16-20 i 23-27 pa\u017adziernika 2023 (online)<br \/>\nMiejsce realizacji zaj\u0119\u0107 stacjonarnych: Escuela T\u00e9cnica Superior de Edificaci\u00f3n de la Universidad Polit\u00e9cnica de Madrid<\/p>\n<p>Zapraszamy student\u00f3w VI semestru architektury i IV semestru architektury krajobrazu do udzia\u0142u w rekrutacji na Blended Intensive Programme organizowany przez Universidad Polit\u00e9cnica de Madrid!<br \/>\n<a href=\"https:\/\/pb.edu.pl\/iros\/2023\/04\/05\/11663\/\">Informacja o rekrutacji (link)<\/a><br \/>\n<\/div>\n\t\t\t\t<\/div>\n\t\t\t<\/div>\n<div class=\"panel panel-default\">\n\t\t\t\t<div class=\"panel-heading\">\n\t\t\t\t\t<div class=\"panel-title\">\n\t\t\t\t\t\t<a class=\"collapsed h4\" data-toggle=\"collapse\" data-parent=\"#custom-collapse-0\" href=\"#custom-collapse-0-11\">From place to city: constructing collectively the habitat<\/a>\n\t\t\t\t\t<\/div>\n\t\t\t\t<\/div>\n\t\t\t\t<div id=\"custom-collapse-0-11\" class=\"panel-collapse collapse\">\n\t\t\t\t\t<div class=\"panel-body\">\n<strong>Tytu\u0142: <\/strong><strong>From place to city: constructing collectively the habitat<\/strong><br \/>\n<span class=\"HwtZe\" lang=\"pl\"><span class=\"jCAhz ChMk0b\"><span class=\"ryNqvb\">Data: 2-6.10.2023 zaj\u0119cia stacjonarne + zaj\u0119cia online 22,29.09.2023 oraz 13.10.2023<br \/>\nMiejsce realizacji zaj\u0119\u0107 stacjonarnych: Iscte \u2013 Instituto Universit\u00e1rio de Lisboa<br \/>\nSzczeg\u00f3\u0142y kursu: <a class=\"pdf\" href=\"https:\/\/pb.edu.pl\/iros\/wp-content\/uploads\/sites\/24\/2023\/08\/ISCTE-ERASMUS-BIP_October2023_.pdf\" target=\"_blank\" rel=\"noopener\" data-id=\"12787\">ISCTE ERASMUS BIP_October2023_ (PDF, 93 KB, otworzy si\u0119 w nowej karcie)<\/a><\/span><\/span><\/span><\/p>\n<p>Zapraszamy student\u00f3w architektury krajobrazu i gospodarki przestrzennej do udzia\u0142u w rekrutacji na Blended Intensive Programme organizowany przez <span class=\"HwtZe\" lang=\"pl\"><span class=\"jCAhz ChMk0b\"><span class=\"ryNqvb\">Instituto Universit\u00e1rio de Lisboa<\/span><\/span><\/span>!<br \/>\n<a href=\"https:\/\/pb.edu.pl\/iros\/2023\/08\/10\/rekrutacja-studentow-wbins-na-intensywny-program-mieszany-erasmus-w-iscte-portugalia\/\">Informacja o rekrutacji (link)<\/a><\/p>\n<\/div>\n\t\t\t\t<\/div>\n\t\t\t<\/div>\n<\/div>\n","protected":false},"excerpt":{"rendered":"","protected":false},"author":69,"featured_media":0,"parent":0,"menu_order":0,"comment_status":"closed","ping_status":"closed","template":"","meta":{"_acf_changed":false,"ngg_post_thumbnail":0,"footnotes":""},"class_list":["post-22674","page","type-page","status-publish","hentry"],"acf":[],"_links":{"self":[{"href":"https:\/\/pb.edu.pl\/iros\/wp-json\/wp\/v2\/pages\/22674","targetHints":{"allow":["GET"]}}],"collection":[{"href":"https:\/\/pb.edu.pl\/iros\/wp-json\/wp\/v2\/pages"}],"about":[{"href":"https:\/\/pb.edu.pl\/iros\/wp-json\/wp\/v2\/types\/page"}],"author":[{"embeddable":true,"href":"https:\/\/pb.edu.pl\/iros\/wp-json\/wp\/v2\/users\/69"}],"replies":[{"embeddable":true,"href":"https:\/\/pb.edu.pl\/iros\/wp-json\/wp\/v2\/comments?post=22674"}],"version-history":[{"count":0,"href":"https:\/\/pb.edu.pl\/iros\/wp-json\/wp\/v2\/pages\/22674\/revisions"}],"wp:attachment":[{"href":"https:\/\/pb.edu.pl\/iros\/wp-json\/wp\/v2\/media?parent=22674"}],"curies":[{"name":"wp","href":"https:\/\/api.w.org\/{rel}","templated":true}]}}