{"id":2244,"date":"2020-07-08T09:48:09","date_gmt":"2020-07-08T07:48:09","guid":{"rendered":"https:\/\/pb.edu.pl\/bwm\/?page_id=2244"},"modified":"2025-02-12T08:54:58","modified_gmt":"2025-02-12T07:54:58","slug":"materialy-promocyjne","status":"publish","type":"page","link":"https:\/\/pb.edu.pl\/iros\/multimedia\/materialy-promocyjne\/","title":{"rendered":"Materia\u0142y promocyjne"},"content":{"rendered":"<div class=\"row\">\n<div class=\"col-sm-4 text-center\"><img loading=\"lazy\" decoding=\"async\" class=\"alignnone wp-image-20440 size-full\" title=\"Rekrutacja na studia w Programie Erasmus+\" src=\"https:\/\/pb.edu.pl\/iros\/wp-content\/uploads\/sites\/24\/2024\/07\/Projekt-bez-nazwy-2024-07-29T131804.662.png\" alt=\"\" width=\"940\" height=\"559\" srcset=\"https:\/\/pb.edu.pl\/iros\/wp-content\/uploads\/sites\/24\/2024\/07\/Projekt-bez-nazwy-2024-07-29T131804.662.png 940w, https:\/\/pb.edu.pl\/iros\/wp-content\/uploads\/sites\/24\/2024\/07\/Projekt-bez-nazwy-2024-07-29T131804.662-300x178.png 300w, https:\/\/pb.edu.pl\/iros\/wp-content\/uploads\/sites\/24\/2024\/07\/Projekt-bez-nazwy-2024-07-29T131804.662-768x457.png 768w\" sizes=\"auto, (max-width: 940px) 100vw, 940px\" \/><a class=\"pdf\" href=\"https:\/\/pb.edu.pl\/iros\/wp-content\/uploads\/sites\/24\/2024\/07\/Erasmus-days-20242025-2.pdf\" target=\"_blank\" rel=\"noopener\" data-id=\"20435\">Erasmus days 20242025-2 (PDF, 7 MB, otworzy si\u0119 w nowej karcie)<\/a><\/div>\n<div class=\"col-sm-4 text-center\"><img loading=\"lazy\" decoding=\"async\" class=\"alignnone wp-image-12839 \" title=\"Rekrutacja na studia w Programie Erasmus+\" src=\"https:\/\/pb.edu.pl\/iros\/wp-content\/uploads\/sites\/24\/2023\/08\/Erasmus-studia-i-praktyki-300x178.png\" alt=\"\" width=\"940\" height=\"559\" srcset=\"https:\/\/pb.edu.pl\/iros\/wp-content\/uploads\/sites\/24\/2023\/08\/Erasmus-studia-i-praktyki-300x178.png 300w, https:\/\/pb.edu.pl\/iros\/wp-content\/uploads\/sites\/24\/2023\/08\/Erasmus-studia-i-praktyki-768x457.png 768w, https:\/\/pb.edu.pl\/iros\/wp-content\/uploads\/sites\/24\/2023\/08\/Erasmus-studia-i-praktyki.png 940w\" sizes=\"auto, (max-width: 940px) 100vw, 940px\" \/><a class=\"pdf\" href=\"https:\/\/pb.edu.pl\/iros\/wp-content\/uploads\/sites\/24\/2023\/08\/Erasmus-rekrutacja-20232024.pdf\" target=\"_blank\" rel=\"noopener\" data-id=\"12838\">Erasmus+ rekrutacja 20232024 (PDF, 5 MB, otworzy si\u0119 w nowej karcie)<\/a><\/div>\n<div class=\"col-sm-4 text-center\"><img loading=\"lazy\" decoding=\"async\" class=\"aligncenter wp-image-4633 size-full\" title=\"Oferta programu Erasmus+ na rok akademicki 2021\/2022\" src=\"https:\/\/pb.edu.pl\/iros\/wp-content\/uploads\/sites\/24\/2021\/04\/erasmus-pb-oferta.jpg\" alt=\"grafika promuj\u0105ca ofert\u0119 Programu Erasmus+ w roku akademickim 2021\/2022. Dziewczyna ubrana w kr\u00f3tkie spodenki, z plecakiem na plecach spogl\u0105da w d\u00f3\u0142 na egzotyczny las.\" width=\"800\" height=\"471\" srcset=\"https:\/\/pb.edu.pl\/iros\/wp-content\/uploads\/sites\/24\/2021\/04\/erasmus-pb-oferta.jpg 800w, https:\/\/pb.edu.pl\/iros\/wp-content\/uploads\/sites\/24\/2021\/04\/erasmus-pb-oferta-300x177.jpg 300w, https:\/\/pb.edu.pl\/iros\/wp-content\/uploads\/sites\/24\/2021\/04\/erasmus-pb-oferta-768x452.jpg 768w\" sizes=\"auto, (max-width: 800px) 100vw, 800px\" \/><a title=\"\" href=\"https:\/\/pb.edu.pl\/iros\/wp-content\/uploads\/sites\/24\/2021\/04\/Erasmus-PB-SMS-SMP-przewodnik-21-22.pdf\" rel=\"noopener noreferrer\">Ulotka informacyjna Erasmus+ 2021\/2022<\/a><\/div>\n<\/div>\n<div class=\"col-sm-4 text-center\"><a href=\"https:\/\/pb.edu.pl\/iros\/wp-content\/uploads\/sites\/24\/2021\/04\/erasmus-pb-rekrutacja.png\"><img loading=\"lazy\" decoding=\"async\" class=\"aligncenter wp-image-4640 size-full\" title=\"Rekrutacja na studia w Programie Erasmus+\" src=\"https:\/\/pb.edu.pl\/iros\/wp-content\/uploads\/sites\/24\/2021\/04\/erasmus-pb-rekrutacja-miniatura.jpg\" alt=\"Plakat dotycz\u0105cy rekrutacji do Programu Erasmus+\" width=\"940\" height=\"559\" srcset=\"https:\/\/pb.edu.pl\/iros\/wp-content\/uploads\/sites\/24\/2021\/04\/erasmus-pb-rekrutacja-miniatura.jpg 940w, https:\/\/pb.edu.pl\/iros\/wp-content\/uploads\/sites\/24\/2021\/04\/erasmus-pb-rekrutacja-miniatura-300x178.jpg 300w, https:\/\/pb.edu.pl\/iros\/wp-content\/uploads\/sites\/24\/2021\/04\/erasmus-pb-rekrutacja-miniatura-768x457.jpg 768w\" sizes=\"auto, (max-width: 940px) 100vw, 940px\" \/><\/a><\/div>\n<div class=\"col-sm-4 text-center\"><a href=\"https:\/\/pb.edu.pl\/iros\/wp-content\/uploads\/sites\/24\/2021\/04\/erasmus-pb-praktyki.png\"><img loading=\"lazy\" decoding=\"async\" class=\"aligncenter wp-image-4635 size-full\" title=\"Oferta praktyk w ramach Programu Erasmus+\" src=\"https:\/\/pb.edu.pl\/iros\/wp-content\/uploads\/sites\/24\/2021\/04\/erasmus-pb-praktyki-miniatura.jpg\" alt=\"Grafika promuj\u0105ca praktyki Erasmus+. W tle laptop kawa, komputer, o\u0142\u00f3wek i notes z logo Erasmus+.\" width=\"800\" height=\"476\" srcset=\"https:\/\/pb.edu.pl\/iros\/wp-content\/uploads\/sites\/24\/2021\/04\/erasmus-pb-praktyki-miniatura.jpg 800w, https:\/\/pb.edu.pl\/iros\/wp-content\/uploads\/sites\/24\/2021\/04\/erasmus-pb-praktyki-miniatura-300x179.jpg 300w, https:\/\/pb.edu.pl\/iros\/wp-content\/uploads\/sites\/24\/2021\/04\/erasmus-pb-praktyki-miniatura-768x457.jpg 768w\" sizes=\"auto, (max-width: 800px) 100vw, 800px\" \/><\/a><\/div>\n","protected":false},"excerpt":{"rendered":"<p>Erasmus days 20242025-2 (PDF, 7 MB, otworzy si\u0119 w nowej karcie) Erasmus+ rekrutacja 20232024 (PDF,<\/p>\n","protected":false},"author":50,"featured_media":0,"parent":61,"menu_order":0,"comment_status":"closed","ping_status":"closed","template":"","meta":{"_acf_changed":false,"ngg_post_thumbnail":0,"footnotes":""},"class_list":["post-2244","page","type-page","status-publish","hentry"],"acf":[],"_links":{"self":[{"href":"https:\/\/pb.edu.pl\/iros\/wp-json\/wp\/v2\/pages\/2244","targetHints":{"allow":["GET"]}}],"collection":[{"href":"https:\/\/pb.edu.pl\/iros\/wp-json\/wp\/v2\/pages"}],"about":[{"href":"https:\/\/pb.edu.pl\/iros\/wp-json\/wp\/v2\/types\/page"}],"author":[{"embeddable":true,"href":"https:\/\/pb.edu.pl\/iros\/wp-json\/wp\/v2\/users\/50"}],"replies":[{"embeddable":true,"href":"https:\/\/pb.edu.pl\/iros\/wp-json\/wp\/v2\/comments?post=2244"}],"version-history":[{"count":0,"href":"https:\/\/pb.edu.pl\/iros\/wp-json\/wp\/v2\/pages\/2244\/revisions"}],"up":[{"embeddable":true,"href":"https:\/\/pb.edu.pl\/iros\/wp-json\/wp\/v2\/pages\/61"}],"wp:attachment":[{"href":"https:\/\/pb.edu.pl\/iros\/wp-json\/wp\/v2\/media?parent=2244"}],"curies":[{"name":"wp","href":"https:\/\/api.w.org\/{rel}","templated":true}]}}