{"id":21805,"date":"2024-11-19T20:52:04","date_gmt":"2024-11-19T19:52:04","guid":{"rendered":"https:\/\/pb.edu.pl\/iros\/?page_id=21805"},"modified":"2025-11-21T15:40:41","modified_gmt":"2025-11-21T14:40:41","slug":"kontakt","status":"publish","type":"page","link":"https:\/\/pb.edu.pl\/iros\/projekty-nawa\/wsparcie-uniwersytetow-europejskich\/kontakt\/","title":{"rendered":"Kontakt"},"content":{"rendered":"<p><strong>Kierownik projektu<br \/>\n<\/strong>mgr in\u017c. Agata Dzieko\u0144ska<br \/>\n85 746 9661<br \/>\n<a href=\"mailto:a.dziekonska@pb.edu.pl\">a.dziekonska@pb.edu.pl<\/a><\/p>\n<p><strong>&nbsp;<\/strong><\/p>\n<p><strong>Zast\u0119pca kierownika projektu<br \/>\n<\/strong>mgr Gra\u017cyna Jakimiuk<br \/>\n85 746 9662<br \/>\n<a href=\"mailto:g.jakimiuk@pb.edu.pl\">g.jakimiuk@pb.edu.pl<\/a><\/p>\n<p><strong>&nbsp;<\/strong><\/p>\n<p><strong>Koordynator administracyjny oraz osoba do kontaktu w projekcie<br \/>\n<\/strong>mgr Izabela Karpi\u0144ska<br \/>\n85 746 7010<br \/>\n<a href=\"mailto:izabela.karpinska@pb.edu.pl\">izabela.karpinska@pb.edu.pl<\/a><\/p>\n<p><strong>&nbsp;<\/strong><\/p>\n<p><strong>Zast\u0119pca koordynatora administracyjnego<br \/>\n<\/strong>mgr Marta Orpik<br \/>\n85 746 7010<br \/>\n<a href=\"mailto:m.orpik@pb.edu.pl\">m.orpik@pb.edu.pl<\/a><\/p>\n","protected":false},"excerpt":{"rendered":"<p>Kierownik projektu mgr in\u017c. Agata Dzieko\u0144ska 85 746 9661 a.dziekonska@pb.edu.pl &nbsp; Zast\u0119pca kierownika projektu mgr<\/p>\n","protected":false},"author":2,"featured_media":0,"parent":21784,"menu_order":6,"comment_status":"closed","ping_status":"closed","template":"","meta":{"_acf_changed":false,"ngg_post_thumbnail":0,"footnotes":""},"class_list":["post-21805","page","type-page","status-publish","hentry"],"acf":[],"_links":{"self":[{"href":"https:\/\/pb.edu.pl\/iros\/wp-json\/wp\/v2\/pages\/21805","targetHints":{"allow":["GET"]}}],"collection":[{"href":"https:\/\/pb.edu.pl\/iros\/wp-json\/wp\/v2\/pages"}],"about":[{"href":"https:\/\/pb.edu.pl\/iros\/wp-json\/wp\/v2\/types\/page"}],"author":[{"embeddable":true,"href":"https:\/\/pb.edu.pl\/iros\/wp-json\/wp\/v2\/users\/2"}],"replies":[{"embeddable":true,"href":"https:\/\/pb.edu.pl\/iros\/wp-json\/wp\/v2\/comments?post=21805"}],"version-history":[{"count":0,"href":"https:\/\/pb.edu.pl\/iros\/wp-json\/wp\/v2\/pages\/21805\/revisions"}],"up":[{"embeddable":true,"href":"https:\/\/pb.edu.pl\/iros\/wp-json\/wp\/v2\/pages\/21784"}],"wp:attachment":[{"href":"https:\/\/pb.edu.pl\/iros\/wp-json\/wp\/v2\/media?parent=21805"}],"curies":[{"name":"wp","href":"https:\/\/api.w.org\/{rel}","templated":true}]}}