{"id":21799,"date":"2024-11-19T20:49:04","date_gmt":"2024-11-19T19:49:04","guid":{"rendered":"https:\/\/pb.edu.pl\/iros\/?page_id=21799"},"modified":"2025-11-21T15:41:26","modified_gmt":"2025-11-21T14:41:26","slug":"o-projekcie","status":"publish","type":"page","link":"https:\/\/pb.edu.pl\/iros\/projekty-nawa\/wsparcie-uniwersytetow-europejskich\/o-projekcie\/","title":{"rendered":"O projekcie"},"content":{"rendered":"<p><strong>Tytu\u0142 projektu:<\/strong> Across &#8211; Transgraniczny Uniwersytet Europejski&nbsp;<br \/>\n<strong>Numer wniosku projektowego: <\/strong>BPI\/WUE\/2024\/1\/00013<\/p>\n<p><strong>Wysoko\u015b\u0107 przyznanego dofinansowania:<\/strong>&nbsp;950 784,80 PLN<br \/>\n<strong>Data rozpocz\u0119cia projektu:<\/strong>&nbsp;01.10.2024<br \/>\n<strong>Data zako\u0144czenia projektu:<\/strong>&nbsp;30.09.2026<\/p>\n<p>Projekt pt. Across \u2013 Transgraniczny Uniwersytet Europejski &nbsp;ma na celu synergiczne i komplementarne wsparcie dzia\u0142a\u0144 zaplanowanych w ramach Uniwersytetu Europejskiego Across \u2013 European Cross-Border University.<\/p>\n<p>W ramach Uniwersytetu Europejskiego Across, kt\u00f3rego cz\u0119\u015bci\u0105 jest Politechnika Bia\u0142ostocka, opracowywana jest d\u0142ugoterminowa strategia w obszarze kszta\u0142cenia oraz promocji europejskich warto\u015bci. Celem jej jest zwi\u0119kszenie mobilno\u015bci student\u00f3w, kadry akademickiej i \u015brodowiska naukowego, a tak\u017ce wspieranie jako\u015bci, integracji oraz konkurencyjno\u015bci europejskiego szkolnictwa wy\u017cszego. Partnerzy Across \u0142\u0105cz\u0105 swoj\u0105 wiedz\u0119 i do\u015bwiadczenie, aby zwi\u0119kszy\u0107 szanse student\u00f3w, pracownik\u00f3w akademickich i nieakademickich, obywateli, przedsi\u0119biorstw i w\u0142adz regionalnych, koncentruj\u0105c dzia\u0142ania w nast\u0119puj\u0105cych obszarach:<\/p>\n<ol>\n<li>Rozw\u00f3j gospodarczy i spo\u0142eczny<\/li>\n<li>Kultura, to\u017csamo\u015b\u0107 i dziedzictwo<\/li>\n<li>Zarz\u0105dzanie zasobami naturalnymi<\/li>\n<li>Edukacja w kontek\u015bcie transgranicznym<\/li>\n<\/ol>\n<p>&nbsp;<\/p>\n<p>Dzi\u0119ki pozyskanym z programu \u201eWsparcie Uniwersytet\u00f3w Europejskich\u201d \u015brodkom planowane jest wzmocnienie dzia\u0142a\u0144 sojuszu Across poprzez:<\/p>\n<ol>\n<li>Umo\u017cliwienie pracownikom Politechniki Bia\u0142ostockiej uczestnictwa w spotkaniach projektowych organizowanych w uczelniach partnerskich Across;<\/li>\n<li>Umo\u017cliwienie 48 studentom oraz 8 opiekunom zagranicznych uczelni partnerskich udzia\u0142u w&nbsp; Szkole Letniej organizowanej na Politechnice Bia\u0142ostockiej;<\/li>\n<li>Realizacj\u0119 16 miesi\u0119cznych sta\u017cy naukowych doktorant\u00f3w oraz nauczycieli akademickich Politechniki Bia\u0142ostockiej w uczelniach partnerskich Across;<\/li>\n<li>Przyj\u0119cie 8 zagranicznych nauczycieli\/doktorant\u00f3w z uczelni partnerskich Across na miesi\u0119czne sta\u017ce w Politechnice Bia\u0142ostockiej;<\/li>\n<li>Organizacj\u0119 wizyt studyjnych dla 48 student\u00f3w oraz 8 nauczycieli Politechniki Bia\u0142ostockiej w uczelniach partnerskich Across.<\/li>\n<\/ol>\n<p>&nbsp;<\/p>\n<p>Program \u201eAcross &#8211; Transgraniczny Uniwersytet Europejski&nbsp;\u201d jest finansowany ze \u015brodk\u00f3w Unii Europejskiej z Funduszu Europejskiego dla Rozwoju Spo\u0142ecznego 2021-2027 (FERS) w ramach projektu NAWA pt. \u201eWsparcie sojuszy Uniwersytet\u00f3w Europejskich\u201d o numerze FERS.01.05-IP.08-0219\/23.<\/p>\n","protected":false},"excerpt":{"rendered":"<p>Tytu\u0142 projektu: Across &#8211; Transgraniczny Uniwersytet Europejski&nbsp; Numer wniosku projektowego: BPI\/WUE\/2024\/1\/00013 Wysoko\u015b\u0107 przyznanego dofinansowania:&nbsp;950 784,80<\/p>\n","protected":false},"author":2,"featured_media":0,"parent":21784,"menu_order":3,"comment_status":"closed","ping_status":"closed","template":"","meta":{"_acf_changed":false,"ngg_post_thumbnail":0,"footnotes":""},"class_list":["post-21799","page","type-page","status-publish","hentry"],"acf":[],"_links":{"self":[{"href":"https:\/\/pb.edu.pl\/iros\/wp-json\/wp\/v2\/pages\/21799","targetHints":{"allow":["GET"]}}],"collection":[{"href":"https:\/\/pb.edu.pl\/iros\/wp-json\/wp\/v2\/pages"}],"about":[{"href":"https:\/\/pb.edu.pl\/iros\/wp-json\/wp\/v2\/types\/page"}],"author":[{"embeddable":true,"href":"https:\/\/pb.edu.pl\/iros\/wp-json\/wp\/v2\/users\/2"}],"replies":[{"embeddable":true,"href":"https:\/\/pb.edu.pl\/iros\/wp-json\/wp\/v2\/comments?post=21799"}],"version-history":[{"count":0,"href":"https:\/\/pb.edu.pl\/iros\/wp-json\/wp\/v2\/pages\/21799\/revisions"}],"up":[{"embeddable":true,"href":"https:\/\/pb.edu.pl\/iros\/wp-json\/wp\/v2\/pages\/21784"}],"wp:attachment":[{"href":"https:\/\/pb.edu.pl\/iros\/wp-json\/wp\/v2\/media?parent=21799"}],"curies":[{"name":"wp","href":"https:\/\/api.w.org\/{rel}","templated":true}]}}