{"id":21794,"date":"2024-11-19T20:46:41","date_gmt":"2024-11-19T19:46:41","guid":{"rendered":"https:\/\/pb.edu.pl\/iros\/?page_id=21794"},"modified":"2024-11-20T15:41:55","modified_gmt":"2024-11-20T14:41:55","slug":"aktualnosci","status":"publish","type":"page","link":"https:\/\/pb.edu.pl\/iros\/projekty-nawa\/wsparcie-uniwersytetow-europejskich\/aktualnosci\/","title":{"rendered":"Aktualno\u015bci"},"content":{"rendered":"\t\t<div class=\"box news-box \">\n\t\t<div class=\"row\">\n\t\t\t\n\t\t\t\n\t\t\t\t\n\t\t\t\t\t\t\t\t\t\t<div class=\"col-sm-3\">\n\t\t\t\t\t\t\t\n<article class=\"format-standard\">\n    <span class=\"date text-right\"><i class=\"fal fa-calendar-alt\"><\/i> 07-04-2026<\/span>\n    <a href=\"https:\/\/pb.edu.pl\/iros\/2026\/04\/07\/wyjazd-studyjny-do-universitat-de-girona\/\">\n      <div class=\"article-image\">\n        <img loading=\"lazy\" decoding=\"async\" width=\"480\" height=\"300\" src=\"https:\/\/pb.edu.pl\/iros\/wp-content\/uploads\/sites\/24\/2026\/04\/Wizyta-na-Universitat-de-Girona.-Arch.-prywatne-P.-Rynkowski_6-480x300.jpg\" class=\"attachment-medium-image-16x10 size-medium-image-16x10 wp-post-image\" alt=\"\" \/>      <\/div>\n      <h3>Wyjazd studyjny do Universitat de Girona<\/h3>\n      Relacja z wyjazdu studyjnego w ramach projektu Across - Transgraniczny Uniwersytet    <\/a>\n<\/article>\t\t\t\t\t\t<\/div>\n\t\t\t\t\t\t\t\t\t\t\t<div class=\"col-sm-3\">\n\t\t\t\t\t\t\t\n<article class=\"format-standard\">\n    <span class=\"date text-right\"><i class=\"fal fa-calendar-alt\"><\/i> 31-03-2026<\/span>\n    <a href=\"https:\/\/pb.edu.pl\/iros\/2026\/03\/31\/relacja-ze-stazu-dydaktyczno-naukowego-w-universitat-de-girona\/\">\n      <div class=\"article-image\">\n        <img loading=\"lazy\" decoding=\"async\" width=\"480\" height=\"300\" src=\"https:\/\/pb.edu.pl\/iros\/wp-content\/uploads\/sites\/24\/2026\/03\/Staz-na-University-of-Girona-arch.-pryw.-F.-Broniewicz-4-480x300.jpeg\" class=\"attachment-medium-image-16x10 size-medium-image-16x10 wp-post-image\" alt=\"\" \/>      <\/div>\n      <h3>Relacja ze sta\u017cu dydaktyczno-naukowego w Universitat de Girona<\/h3>\n      Realizacja dzia\u0142ania projektowego.     <\/a>\n<\/article>\t\t\t\t\t\t<\/div>\n\t\t\t\t\t\t\t\t\t\t\t<div class=\"col-sm-3\">\n\t\t\t\t\t\t\t\n<article class=\"format-standard\">\n    <span class=\"date text-right\"><i class=\"fal fa-calendar-alt\"><\/i> 16-03-2026<\/span>\n    <a href=\"https:\/\/pb.edu.pl\/iros\/2026\/03\/16\/staz-dydaktyczno-naukowy-w-uniwersytecie-w-udine-wlochy\/\">\n      <div class=\"article-image\">\n        <img loading=\"lazy\" decoding=\"async\" width=\"480\" height=\"300\" src=\"https:\/\/pb.edu.pl\/iros\/wp-content\/uploads\/sites\/24\/2026\/03\/Staz-w-Udine-arch.-prywatne-K.-Miatluk-e1773668503264-480x300.jpeg\" class=\"attachment-medium-image-16x10 size-medium-image-16x10 wp-post-image\" alt=\"\" \/>      <\/div>\n      <h3>Sta\u017c dydaktyczno-naukowy w Uniwersytecie w Udine, W\u0142ochy<\/h3>\n      Dzia\u0142anie w ramach projektu NAWA WUE 2024.    <\/a>\n<\/article>\t\t\t\t\t\t<\/div>\n\t\t\t\t\t\t\t\t\t\t\t<div class=\"col-sm-3\">\n\t\t\t\t\t\t\t\n<article class=\"format-standard\">\n    <span class=\"date text-right\"><i class=\"fal fa-calendar-alt\"><\/i> 16-03-2026<\/span>\n    <a href=\"https:\/\/pb.edu.pl\/iros\/2026\/03\/16\/ogloszenie-dodatkowy-nabor-na-staz-w-ramach-projektu-nawa\/\">\n      <div class=\"article-image\">\n        <img loading=\"lazy\" decoding=\"async\" width=\"480\" height=\"300\" src=\"https:\/\/pb.edu.pl\/iros\/wp-content\/uploads\/sites\/24\/2026\/03\/www-miniatury-Across-staz-dodatkowy-nabor-480x300.jpg\" class=\"attachment-medium-image-16x10 size-medium-image-16x10 wp-post-image\" alt=\"\" \/>      <\/div>\n      <h3>Og\u0142oszenie \u2013 dodatkowy nab\u00f3r na sta\u017c w ramach projektu NAWA<\/h3>\n      Jedno dodatkowe miejsce na sta\u017c zagraniczny dla pracownika lub doktoranta Politechniki    <\/a>\n<\/article>\t\t\t\t\t\t<\/div>\n\t\t\t\t\t\t\t\t\t\t\t<div class=\"col-sm-3\">\n\t\t\t\t\t\t\t\n<article class=\"format-standard\">\n    <span class=\"date text-right\"><i class=\"fal fa-calendar-alt\"><\/i> 12-03-2026<\/span>\n    <a href=\"https:\/\/pb.edu.pl\/iros\/2026\/03\/12\/misja-po-zdrowie-dr-jolanta-zuzda-na-stazu-w-uniwersytecie-banja-luka\/\">\n      <div class=\"article-image\">\n        <img loading=\"lazy\" decoding=\"async\" width=\"480\" height=\"300\" src=\"https:\/\/pb.edu.pl\/iros\/wp-content\/uploads\/sites\/24\/2026\/03\/Uniwersytet-Banja-Luka-fot-UBL-480x300-1.jpg\" class=\"attachment-medium-image-16x10 size-medium-image-16x10 wp-post-image\" alt=\"\" srcset=\"https:\/\/pb.edu.pl\/iros\/wp-content\/uploads\/sites\/24\/2026\/03\/Uniwersytet-Banja-Luka-fot-UBL-480x300-1.jpg 480w, https:\/\/pb.edu.pl\/iros\/wp-content\/uploads\/sites\/24\/2026\/03\/Uniwersytet-Banja-Luka-fot-UBL-480x300-1-300x188.jpg 300w\" sizes=\"auto, (max-width: 480px) 100vw, 480px\" \/>      <\/div>\n      <h3>Misja po zdrowie. Dr Jolanta Zuzda na sta\u017cu w Uniwersytecie Banja Luka<\/h3>\n          <\/a>\n<\/article>\t\t\t\t\t\t<\/div>\n\t\t\t\t\t\t\t\t\t\t\t<div class=\"col-sm-3\">\n\t\t\t\t\t\t\t\n<article class=\"format-standard\">\n    <span class=\"date text-right\"><i class=\"fal fa-calendar-alt\"><\/i> 27-02-2026<\/span>\n    <a href=\"https:\/\/pb.edu.pl\/iros\/2026\/02\/27\/szkola-letnia-2026-effective-solutions-for-sustainable-buildings-in-cities\/\">\n      <div class=\"article-image\">\n        <img loading=\"lazy\" decoding=\"async\" width=\"480\" height=\"300\" src=\"https:\/\/pb.edu.pl\/iros\/wp-content\/uploads\/sites\/24\/2026\/02\/www-miniatury-Across-480x300.jpg\" class=\"attachment-medium-image-16x10 size-medium-image-16x10 wp-post-image\" alt=\"\" \/>      <\/div>\n      <h3>Szko\u0142a Letnia 2026 \u2013 Effective Solutions for Sustainable Buildings in Cities<\/h3>\n      Zapraszamy w szczeg\u00f3lno\u015bci student\u00f3w zagranicznych uczelni partnerskich ACROSS!    <\/a>\n<\/article>\t\t\t\t\t\t<\/div>\n\t\t\t\t\t\t\t\t\t\t\t<div class=\"col-sm-3\">\n\t\t\t\t\t\t\t\n<article class=\"format-standard\">\n    <span class=\"date text-right\"><i class=\"fal fa-calendar-alt\"><\/i> 19-01-2026<\/span>\n    <a href=\"https:\/\/pb.edu.pl\/iros\/2026\/01\/19\/zakonczenie-naboru-na-grupowe-wizyty-studyjne-w-uczelniach-partnerskich-across\/\">\n      <div class=\"article-image\">\n        <img loading=\"lazy\" decoding=\"async\" width=\"450\" height=\"300\" src=\"https:\/\/pb.edu.pl\/iros\/wp-content\/uploads\/sites\/24\/2020\/10\/spotkanie.png\" class=\"attachment-medium-image-16x10 size-medium-image-16x10 wp-post-image\" alt=\"\" srcset=\"https:\/\/pb.edu.pl\/iros\/wp-content\/uploads\/sites\/24\/2020\/10\/spotkanie.png 800w, https:\/\/pb.edu.pl\/iros\/wp-content\/uploads\/sites\/24\/2020\/10\/spotkanie-300x200.png 300w, https:\/\/pb.edu.pl\/iros\/wp-content\/uploads\/sites\/24\/2020\/10\/spotkanie-768x512.png 768w, https:\/\/pb.edu.pl\/iros\/wp-content\/uploads\/sites\/24\/2020\/10\/spotkanie-480x320.png 480w\" sizes=\"auto, (max-width: 450px) 100vw, 450px\" \/>      <\/div>\n      <h3>Zako\u0144czenie naboru na grupowe wizyty studyjne w uczelniach partnerskich ACROSS<\/h3>\n      Dzia\u0142anie w ramach projektu Wsparcie Uniwersytet\u00f3w Europejskich NAWA.    <\/a>\n<\/article>\t\t\t\t\t\t<\/div>\n\t\t\t\t\t\t\t\t\t\t\t<div class=\"col-sm-3\">\n\t\t\t\t\t\t\t\n<article class=\"format-standard\">\n    <span class=\"date text-right\"><i class=\"fal fa-calendar-alt\"><\/i> 09-01-2026<\/span>\n    <a href=\"https:\/\/pb.edu.pl\/iros\/2026\/01\/09\/staz-dydaktyczno-naukowy-na-uniwersytecie-w-banja-luce\/\">\n      <div class=\"article-image\">\n        <img loading=\"lazy\" decoding=\"async\" width=\"480\" height=\"300\" src=\"https:\/\/pb.edu.pl\/iros\/wp-content\/uploads\/sites\/24\/2026\/01\/staz-w-Banja-Luka-arch.-pryw.-W.-Czemiel-Grzybowska-480x300.jpg\" class=\"attachment-medium-image-16x10 size-medium-image-16x10 wp-post-image\" alt=\"\" \/>      <\/div>\n      <h3>Sta\u017c dydaktyczno-naukowy na Uniwersytecie w Banja Luce<\/h3>\n      Dzia\u0142anie w ramach w ramach projektu \"ACROSS Transgraniczny Uniwersytet Europejski\".    <\/a>\n<\/article>\t\t\t\t\t\t<\/div>\n\t\t\t\t\t\t\t\t\t\t\t<div class=\"col-sm-3\">\n\t\t\t\t\t\t\t\n<article class=\"format-standard\">\n    <span class=\"date text-right\"><i class=\"fal fa-calendar-alt\"><\/i> 30-12-2025<\/span>\n    <a href=\"https:\/\/pb.edu.pl\/iros\/2025\/12\/30\/staz-dydaktyczno-naukowy-w-technische-universitat-chemnitz\/\">\n      <div class=\"article-image\">\n        <img loading=\"lazy\" decoding=\"async\" width=\"480\" height=\"300\" src=\"https:\/\/pb.edu.pl\/iros\/wp-content\/uploads\/sites\/24\/2025\/12\/Centrum-Chemnitz-arch.-pryw.-P.Kieczmersk-480x300.jpg\" class=\"attachment-medium-image-16x10 size-medium-image-16x10 wp-post-image\" alt=\"\" \/>      <\/div>\n      <h3>Sta\u017c dydaktyczno-naukowy w Technische Universit\u00e4t Chemnitz<\/h3>\n      Rozwijamy wsp\u00f3\u0142prac\u0119 w ramach Across.    <\/a>\n<\/article>\t\t\t\t\t\t<\/div>\n\t\t\t\t\t\t\t\t\t\t\t<div class=\"col-sm-3\">\n\t\t\t\t\t\t\t\n<article class=\"format-standard\">\n    <span class=\"date text-right\"><i class=\"fal fa-calendar-alt\"><\/i> 08-12-2025<\/span>\n    <a href=\"https:\/\/pb.edu.pl\/iros\/2025\/12\/08\/grupowa-wizyta-studyjna-w-ramach-programu-wsparcie-uniwersytetow-europejskich\/\">\n      <div class=\"article-image\">\n        <img loading=\"lazy\" decoding=\"async\" width=\"480\" height=\"300\" src=\"https:\/\/pb.edu.pl\/iros\/wp-content\/uploads\/sites\/24\/2025\/12\/Wspolne-zdjecie-studentow-i-nauczycieli-arch.-pryw.-A.-Chmielewski-480x300.jpg\" class=\"attachment-medium-image-16x10 size-medium-image-16x10 wp-post-image\" alt=\"\" \/>      <\/div>\n      <h3>Grupowa wizyta studyjna w ramach programu Wsparcie Uniwersytet\u00f3w Europejskich<\/h3>\n      Relacja z wyjazdu do Banja Luki    <\/a>\n<\/article>\t\t\t\t\t\t<\/div>\n\t\t\t\t\t\t\t\t\t\t\t<div class=\"col-sm-3\">\n\t\t\t\t\t\t\t\n<article class=\"format-standard\">\n    <span class=\"date text-right\"><i class=\"fal fa-calendar-alt\"><\/i> 04-12-2025<\/span>\n    <a href=\"https:\/\/pb.edu.pl\/iros\/2025\/12\/04\/wizyta-studyjna-na-uniwersytecie-w-banja-luce-bosnia-i-hercegowina\/\">\n      <div class=\"article-image\">\n        <img loading=\"lazy\" decoding=\"async\" width=\"480\" height=\"300\" src=\"https:\/\/pb.edu.pl\/iros\/wp-content\/uploads\/sites\/24\/2025\/12\/Wizyta-z-Acoss-Banja-Luki-arch.-prywatne-A.Z.-Mierzejewska-3-480x300.jpg\" class=\"attachment-medium-image-16x10 size-medium-image-16x10 wp-post-image\" alt=\"\" srcset=\"https:\/\/pb.edu.pl\/iros\/wp-content\/uploads\/sites\/24\/2025\/12\/Wizyta-z-Acoss-Banja-Luki-arch.-prywatne-A.Z.-Mierzejewska-3-480x300.jpg 480w, https:\/\/pb.edu.pl\/iros\/wp-content\/uploads\/sites\/24\/2025\/12\/Wizyta-z-Acoss-Banja-Luki-arch.-prywatne-A.Z.-Mierzejewska-3-300x187.jpg 300w, https:\/\/pb.edu.pl\/iros\/wp-content\/uploads\/sites\/24\/2025\/12\/Wizyta-z-Acoss-Banja-Luki-arch.-prywatne-A.Z.-Mierzejewska-3-1024x639.jpg 1024w, https:\/\/pb.edu.pl\/iros\/wp-content\/uploads\/sites\/24\/2025\/12\/Wizyta-z-Acoss-Banja-Luki-arch.-prywatne-A.Z.-Mierzejewska-3-768x479.jpg 768w, https:\/\/pb.edu.pl\/iros\/wp-content\/uploads\/sites\/24\/2025\/12\/Wizyta-z-Acoss-Banja-Luki-arch.-prywatne-A.Z.-Mierzejewska-3-1536x959.jpg 1536w, https:\/\/pb.edu.pl\/iros\/wp-content\/uploads\/sites\/24\/2025\/12\/Wizyta-z-Acoss-Banja-Luki-arch.-prywatne-A.Z.-Mierzejewska-3.jpg 1637w\" sizes=\"auto, (max-width: 480px) 100vw, 480px\" \/>      <\/div>\n      <h3>Wizyta studyjna na Uniwersytecie w Banja Luce (Bo\u015bnia i Hercegowina)<\/h3>\n      Relacja z dzia\u0142ania w ramach WUE    <\/a>\n<\/article>\t\t\t\t\t\t<\/div>\n\t\t\t\t\t\t\t\t\t\t\t<div class=\"col-sm-3\">\n\t\t\t\t\t\t\t\n<article class=\"format-standard\">\n    <span class=\"date text-right\"><i class=\"fal fa-calendar-alt\"><\/i> 21-11-2025<\/span>\n    <a href=\"https:\/\/pb.edu.pl\/iros\/2025\/11\/21\/staze-naukowe-na-politechnice-bialostockiej-dla-partnerow-sojuszu-across\/\">\n      <div class=\"article-image\">\n        <img loading=\"lazy\" decoding=\"async\" width=\"480\" height=\"300\" src=\"https:\/\/pb.edu.pl\/iros\/wp-content\/uploads\/sites\/24\/2025\/11\/acrosss-stazz-mini-www-480x300.jpg\" class=\"attachment-medium-image-16x10 size-medium-image-16x10 wp-post-image\" alt=\"\" \/>      <\/div>\n      <h3>Sta\u017ce naukowe na Politechnice Bia\u0142ostockiej dla partner\u00f3w sojuszu ACROSS<\/h3>\n      Zapraszamy do rozwoju wsp\u00f3\u0142pracy w ramach Across!    <\/a>\n<\/article>\t\t\t\t\t\t<\/div>\n\t\t\t\t\t\n\t\t\t\t\n\t\t\t\t\t<\/div>\n\t\t\n\t<nav class=\"navigation pagination\" aria-label=\"Stronicowanie wpis\u00f3w\">\n\t\t<h2 class=\"screen-reader-text\">Stronicowanie wpis\u00f3w<\/h2>\n\t\t<div class=\"nav-links\"><span aria-current=\"page\" class=\"page-numbers current\">1<\/span>\n<a class=\"page-numbers\" href=\"https:\/\/pb.edu.pl\/iros\/wp-json\/wp\/v2\/pages\/21794\/page\/2\/\">2<\/a>\n<a class=\"next page-numbers\" href=\"https:\/\/pb.edu.pl\/iros\/wp-json\/wp\/v2\/pages\/21794\/page\/2\/\">Nast\u0119pne<\/a><\/div>\n\t<\/nav>\t\t\t<\/div>\n\n","protected":false},"excerpt":{"rendered":"","protected":false},"author":2,"featured_media":0,"parent":21784,"menu_order":1,"comment_status":"closed","ping_status":"closed","template":"","meta":{"_acf_changed":false,"ngg_post_thumbnail":0,"footnotes":""},"class_list":["post-21794","page","type-page","status-publish","hentry"],"acf":[],"_links":{"self":[{"href":"https:\/\/pb.edu.pl\/iros\/wp-json\/wp\/v2\/pages\/21794","targetHints":{"allow":["GET"]}}],"collection":[{"href":"https:\/\/pb.edu.pl\/iros\/wp-json\/wp\/v2\/pages"}],"about":[{"href":"https:\/\/pb.edu.pl\/iros\/wp-json\/wp\/v2\/types\/page"}],"author":[{"embeddable":true,"href":"https:\/\/pb.edu.pl\/iros\/wp-json\/wp\/v2\/users\/2"}],"replies":[{"embeddable":true,"href":"https:\/\/pb.edu.pl\/iros\/wp-json\/wp\/v2\/comments?post=21794"}],"version-history":[{"count":0,"href":"https:\/\/pb.edu.pl\/iros\/wp-json\/wp\/v2\/pages\/21794\/revisions"}],"up":[{"embeddable":true,"href":"https:\/\/pb.edu.pl\/iros\/wp-json\/wp\/v2\/pages\/21784"}],"wp:attachment":[{"href":"https:\/\/pb.edu.pl\/iros\/wp-json\/wp\/v2\/media?parent=21794"}],"curies":[{"name":"wp","href":"https:\/\/api.w.org\/{rel}","templated":true}]}}