{"id":21784,"date":"2024-11-19T20:36:33","date_gmt":"2024-11-19T19:36:33","guid":{"rendered":"https:\/\/pb.edu.pl\/iros\/?page_id=21784"},"modified":"2025-11-14T11:28:08","modified_gmt":"2025-11-14T10:28:08","slug":"wsparcie-uniwersytetow-europejskich","status":"publish","type":"page","link":"https:\/\/pb.edu.pl\/iros\/projekty-nawa\/wsparcie-uniwersytetow-europejskich\/","title":{"rendered":"Wsparcie Uniwersytet\u00f3w Europejskich"},"content":{"rendered":"<p>&nbsp;<br \/>\n<div class=\"row\"><\/div>\n<div class=\"col-md-6\">\n\t<div class=\"boxlink animated zoomIn \">\n\t\t<a href=\"\/iros\/projekty-nawa\/wsparcie-uniwersytetow-europejskich\/wue2024\/\" class=\"no-icon\">\n\t\t\t<div class=\"boxlink-title\">Across<br \/>- Transgraniczny Uniwersytet Europejski - 2024<span><\/span><\/div>\n\t\t\t<div class=\"boxlink-content\">\n\t\t\t\t<img loading=\"lazy\" decoding=\"async\" src=\"https:\/\/pb.edu.pl\/iros\/wp-content\/uploads\/sites\/24\/2025\/11\/TU_Across_Logo_Signet_CMYK_Einfarbig_Europablau.jpg\" alt=\"logo Across\" width=\"780\" height=\"780\" class=\"aligncenter size-full wp-image-27889\" srcset=\"https:\/\/pb.edu.pl\/iros\/wp-content\/uploads\/sites\/24\/2025\/11\/TU_Across_Logo_Signet_CMYK_Einfarbig_Europablau.jpg 780w, https:\/\/pb.edu.pl\/iros\/wp-content\/uploads\/sites\/24\/2025\/11\/TU_Across_Logo_Signet_CMYK_Einfarbig_Europablau-300x300.jpg 300w, https:\/\/pb.edu.pl\/iros\/wp-content\/uploads\/sites\/24\/2025\/11\/TU_Across_Logo_Signet_CMYK_Einfarbig_Europablau-150x150.jpg 150w, https:\/\/pb.edu.pl\/iros\/wp-content\/uploads\/sites\/24\/2025\/11\/TU_Across_Logo_Signet_CMYK_Einfarbig_Europablau-768x768.jpg 768w\" sizes=\"auto, (max-width: 780px) 100vw, 780px\" \/>\t\t\t<\/div>\n\t\t<\/a>\n\t<\/div>\n\n<\/div>\n<div class=\"col-md-6\">\n\t<div class=\"boxlink animated zoomIn \">\n\t\t<a href=\"\/iros\/projekty-nawa\/wsparcie-uniwersytetow-europejskich\/wue2025\/\" class=\"no-icon\">\n\t\t\t<div class=\"boxlink-title\">Wsp\u00f3lnie ku doskona\u0142o\u015bci \u2013 Politechnika Bia\u0142ostocka w dzia\u0142aniach sojuszu Across \u2013 PBAcross \u2013 2025<span><\/span><\/div>\n\t\t\t<div class=\"boxlink-content\">\n\t\t\t\t<img loading=\"lazy\" decoding=\"async\" src=\"https:\/\/pb.edu.pl\/iros\/wp-content\/uploads\/sites\/24\/2025\/11\/TU_Across_Logo_Signet_CMYK_Einfarbig_Europablau.jpg\" alt=\"logo Across\" width=\"780\" height=\"780\" class=\"aligncenter size-full wp-image-27889\" srcset=\"https:\/\/pb.edu.pl\/iros\/wp-content\/uploads\/sites\/24\/2025\/11\/TU_Across_Logo_Signet_CMYK_Einfarbig_Europablau.jpg 780w, https:\/\/pb.edu.pl\/iros\/wp-content\/uploads\/sites\/24\/2025\/11\/TU_Across_Logo_Signet_CMYK_Einfarbig_Europablau-300x300.jpg 300w, https:\/\/pb.edu.pl\/iros\/wp-content\/uploads\/sites\/24\/2025\/11\/TU_Across_Logo_Signet_CMYK_Einfarbig_Europablau-150x150.jpg 150w, https:\/\/pb.edu.pl\/iros\/wp-content\/uploads\/sites\/24\/2025\/11\/TU_Across_Logo_Signet_CMYK_Einfarbig_Europablau-768x768.jpg 768w\" sizes=\"auto, (max-width: 780px) 100vw, 780px\" \/>\t\t\t<\/div>\n\t\t<\/a>\n\t<\/div>\n\n<\/div>\n&nbsp;<\/p>\n<p><strong>Projekty Across &#8211; Transgraniczny Uniwersytet Europejski oraz Wsp\u00f3lnie ku doskona\u0142o\u015bci \u2013 Politechnika Bia\u0142ostocka w dzia\u0142aniach sojuszu Across \u2013 PBAcross s\u0105 finansowane ze \u015brodk\u00f3w Unii Europejskiej z Funduszu Europejskiego dla Rozwoju Spo\u0142ecznego 2021-2027 (FERS) w ramach projektu NAWA pt. \u201eWsparcie sojuszy Uniwersytet\u00f3w Europejskich\u201d o numerze FERS.01.05-IP.08-0219\/23.\u201d<\/strong><\/p>\n","protected":false},"excerpt":{"rendered":"<p>&nbsp; &nbsp; Projekty Across &#8211; Transgraniczny Uniwersytet Europejski oraz Wsp\u00f3lnie ku doskona\u0142o\u015bci \u2013 Politechnika Bia\u0142ostocka<\/p>\n","protected":false},"author":2,"featured_media":0,"parent":311,"menu_order":3,"comment_status":"closed","ping_status":"closed","template":"","meta":{"_acf_changed":false,"ngg_post_thumbnail":0,"footnotes":""},"class_list":["post-21784","page","type-page","status-publish","hentry"],"acf":[],"_links":{"self":[{"href":"https:\/\/pb.edu.pl\/iros\/wp-json\/wp\/v2\/pages\/21784","targetHints":{"allow":["GET"]}}],"collection":[{"href":"https:\/\/pb.edu.pl\/iros\/wp-json\/wp\/v2\/pages"}],"about":[{"href":"https:\/\/pb.edu.pl\/iros\/wp-json\/wp\/v2\/types\/page"}],"author":[{"embeddable":true,"href":"https:\/\/pb.edu.pl\/iros\/wp-json\/wp\/v2\/users\/2"}],"replies":[{"embeddable":true,"href":"https:\/\/pb.edu.pl\/iros\/wp-json\/wp\/v2\/comments?post=21784"}],"version-history":[{"count":0,"href":"https:\/\/pb.edu.pl\/iros\/wp-json\/wp\/v2\/pages\/21784\/revisions"}],"up":[{"embeddable":true,"href":"https:\/\/pb.edu.pl\/iros\/wp-json\/wp\/v2\/pages\/311"}],"wp:attachment":[{"href":"https:\/\/pb.edu.pl\/iros\/wp-json\/wp\/v2\/media?parent=21784"}],"curies":[{"name":"wp","href":"https:\/\/api.w.org\/{rel}","templated":true}]}}