{"id":20939,"date":"2024-10-07T13:59:03","date_gmt":"2024-10-07T11:59:03","guid":{"rendered":"https:\/\/pb.edu.pl\/iros\/?page_id=20939"},"modified":"2026-01-14T09:50:39","modified_gmt":"2026-01-14T08:50:39","slug":"rekrutacja","status":"publish","type":"page","link":"https:\/\/pb.edu.pl\/iros\/program-erasmus\/wyjazdy-pracownikow-program-ka171\/rekrutacja\/","title":{"rendered":"Rekrutacje pracownik\u00f3w"},"content":{"rendered":"<div class=\"panel-group\" id=\"custom-collapse-0\">\n<div class=\"panel panel-default\">\n\t\t\t\t<div class=\"panel-heading\">\n\t\t\t\t\t<div class=\"panel-title\">\n\t\t\t\t\t\t<a class=\"collapsed h4\" data-toggle=\"collapse\" data-parent=\"#custom-collapse-0\" href=\"#custom-collapse-0-0\">Rekrutacja na wyjazdy pracownik\u00f3w w ramach KA171 2024 w roku akademickim 2025\/2026<\/a>\n\t\t\t\t\t<\/div>\n\t\t\t\t<\/div>\n\t\t\t\t<div id=\"custom-collapse-0-0\" class=\"panel-collapse collapse\">\n\t\t\t\t\t<div class=\"panel-body\">\n<p>W dniu dzisiejszym rusza rekrutacja na wyjazdy dydaktyczne STA (Staff Mobility for Teaching) w ramach programu Erasmus+ KA171 2024.<\/p>\n<p>Serdecznie zach\u0119camy kadr\u0119 akademick\u0105 do aktywnego rozwijania wsp\u00f3\u0142pracy mi\u0119dzynarodowej i dzielenia si\u0119 wiedz\u0105 w roku akademickim 2025\/2026.<\/p>\n<p>Zainteresowane osoby prosimy o przes\u0142anie aplikacji poprzez <a title=\"\" href=\"https:\/\/forms.office.com\/Pages\/ResponsePage.aspx?id=jfpgeCGkpUCDJwcSAm6Q5FUwR6VRyF5MjJZscvjOK39UNzhPMDVPTE00MURZUVRHOUlUMUNLSlNNNy4u\"><u>formularz online.<\/u><\/a><\/p>\n<p>Mobilno\u015bci mo\u017cna realizowa\u0107 na nast\u0119puj\u0105cej uczelni:<\/p>\n<p>&nbsp;<\/p>\n<div class=\"table-responsive\">\n<table class=\"table table-bordered\">\n<thead>\n<tr>\n<th><strong>Kraj<\/strong><\/th>\n<th><strong>Liczba miejsc<\/strong><\/th>\n<th><strong>Uczelnia<\/strong><\/th>\n<th valign=\"top\"><strong>Wydzia\u0142<\/strong><\/th>\n<\/tr>\n<\/thead>\n<tbody>\n<tr>\n<td valign=\"top\">Mozambik<\/td>\n<td valign=\"top\">2<\/td>\n<td valign=\"top\">Eduardo Mondlane University<\/td>\n<td valign=\"top\">WBiN\u015a, WA, WI, WE, WIZ, WM<\/td>\n<\/tr>\n<\/tbody>\n<\/table>\n<\/div>\n<p>&nbsp;<\/p>\n<p><strong>Osoby zakwalifikowane na wyjazd mog\u0105 liczy\u0107 na nast\u0119puj\u0105ce wsparcie<\/strong>:<br \/>\n\u2705 <strong>Dofinansowanie koszt\u00f3w utrzymania:<\/strong> 1330 Euro<br \/>\n\u2705&nbsp;<strong>Rycza\u0142t na podr\u00f3\u017c:<\/strong>&nbsp; 1735 Euro&nbsp;<\/p>\n<p>&nbsp;<\/p>\n<p>Limit zg\u0142osze\u0144: Jeden pracownik mo\u017ce przes\u0142a\u0107 tylko jedn\u0105 aplikacj\u0119.<\/p>\n<p>&nbsp;<\/p>\n<p><strong>Termin naboru: wnioski przyjmowane s\u0105 do 16.01.2026 r. <\/strong>Zg\u0142oszenia otrzymane po tym terminie nie b\u0119d\u0105 brane pod uwag\u0119.<\/p>\n<p>Dzia\u0142 Mobilno\u015bci i Obs\u0142ugi Um\u00f3w Mi\u0119dzynarodowych poinformuje o wynikach rekrutacji drog\u0105 mailow\u0105 dnia <strong>19.01.2026 r.<\/strong><\/p>\n<p>Osoby zakwalifikowane zostan\u0105 poproszone o dostarczenie podpisanej umowy z uczelni\u0105 przyjmuj\u0105c\u0105 tj. Mobility Agreement. Wykaz dokument\u00f3w dost\u0119pny jest na stronie <a title=\"\" href=\"https:\/\/pb.edu.pl\/iros\/\"><u>Dzia\u0142\u00f3w Wsp\u00f3\u0142pracy Mi\u0119dzynarodowej.<\/u><\/a><\/p>\n<p><strong>Czas na realizacj\u0119: <\/strong>Wyjazdy musz\u0105 odby\u0107 si\u0119 <strong>do 25.07.2026 r.<\/strong><\/p>\n<p>Podstawa prawna: Mobilno\u015bci s\u0105 realizowane zgodnie z <a title=\"\" href=\"https:\/\/bip.pb.edu.pl\/index.php?event=informacja&amp;id=21491\"><u>Zarz\u0105dzeniem Rektora PB nr 65\/2024.<\/u><\/a><\/p>\n<p>&nbsp;<\/p>\n<\/div>\n\t\t\t\t<\/div>\n\t\t\t<\/div>\n<div class=\"panel panel-default\">\n\t\t\t\t<div class=\"panel-heading\">\n\t\t\t\t\t<div class=\"panel-title\">\n\t\t\t\t\t\t<a class=\"collapsed h4\" data-toggle=\"collapse\" data-parent=\"#custom-collapse-0\" href=\"#custom-collapse-0-1\">Rekrutacja na wyjazdy pracownik\u00f3w w ramach KA171 2023 w roku akademickim 2025\/2026 - ZAKO\u0143CZONA<\/a>\n\t\t\t\t\t<\/div>\n\t\t\t\t<\/div>\n\t\t\t\t<div id=\"custom-collapse-0-1\" class=\"panel-collapse collapse\">\n\t\t\t\t\t<div class=\"panel-body\">\n<p>Serdecznie zapraszamy nauczycieli akademickich do udzia\u0142u w rekrutacji na wyjazdy dydaktyczne STA (Staff Mobility for Teaching) w ramach programu Erasmus+ KA171 2023 w roku akademickim 2025\/2026.<\/p>\n<p>Zg\u0142oszenia na wyjazd przyjmowane s\u0105 za po\u015brednictwem <a title=\"\" href=\"https:\/\/forms.office.com\/Pages\/ResponsePage.aspx?id=jfpgeCGkpUCDJwcSAm6Q5H_ox423CBRDneW8sD5KF79URjIwSlIwUUFLNFFYQU1VUzFXOUVVVFZRUS4u\">formularza zg\u0142oszeniowego.<\/a><\/p>\n<p>&nbsp;<\/p>\n<p>Zapraszamy do aplikowania na wyjazdy pracownik\u00f3w do nast\u0119puj\u0105cych kraj\u00f3w:<\/p>\n<div class=\"table-responsive\">\n<table class=\"table table-bordered\">\n<thead>\n<tr>\n<th><strong>Kraj<\/strong><\/th>\n<th><strong>Liczba miejsc<\/strong><\/th>\n<th><strong>Uczelnia<\/strong><\/th>\n<th valign=\"top\"><strong>Wydzia\u0142<\/strong><\/th>\n<\/tr>\n<\/thead>\n<tbody>\n<tr>\n<td rowspan=\"2\" valign=\"top\">Albania<\/td>\n<td rowspan=\"2\" valign=\"top\">2<\/td>\n<td valign=\"top\">University of Tirana<\/td>\n<td valign=\"top\">WBiN\u015a, WA, &nbsp;WI, WE, WIZ, WM<\/td>\n<\/tr>\n<tr>\n<td valign=\"top\">University of Vlora &#8222;Ismail Qemali&#8221;<\/td>\n<td valign=\"top\">WI, WE, WIZ, WM<\/td>\n<\/tr>\n<tr>\n<td rowspan=\"3\" valign=\"top\">Tunezja<\/td>\n<td rowspan=\"3\" valign=\"top\">3<\/td>\n<td valign=\"top\">Higher Institute of Technological Studies of Sfax<\/td>\n<td valign=\"top\">WBiN\u015a, WI, WIZ, WM<\/td>\n<\/tr>\n<tr>\n<td valign=\"top\">Higher Institute of Applied Sciences and Technology of Mahdia (ISSAT MAHDIA)<\/td>\n<td valign=\"top\">WI, WE<\/td>\n<\/tr>\n<tr>\n<td valign=\"top\">University of Monastir<\/td>\n<td valign=\"top\">WBiN\u015a, WI, WE, WIZ, WM<\/td>\n<\/tr>\n<tr>\n<td rowspan=\"2\" valign=\"top\">Kirgistan<\/td>\n<td rowspan=\"2\" valign=\"top\">1<\/td>\n<td valign=\"top\">Kyrgyz State Technical University named after I. Razzakov<\/td>\n<td valign=\"top\">WBiN\u015a, WI, WE, WIZ, WM<\/td>\n<\/tr>\n<tr>\n<td valign=\"top\">Ala-Too International University<\/td>\n<td valign=\"top\">WI, WE, WIZ<\/td>\n<\/tr>\n<tr>\n<td valign=\"top\">Mozambik<\/td>\n<td valign=\"top\">1<\/td>\n<td valign=\"top\">Eduardo Mondlane University<\/td>\n<td valign=\"top\">WBiN\u015a, WA, WI, WE, WIZ, WM<\/td>\n<\/tr>\n<\/tbody>\n<\/table>\n<\/div>\n<p>&nbsp;<\/p>\n<p><strong>Uczestnikom mobilno\u015bci przys\u0142uguje<\/strong>:<br \/>\n\u2705&nbsp;<strong>Stypendium<\/strong>&nbsp;na pokrycie koszt\u00f3w utrzymania (1260 Euro)<br \/>\n\u2705&nbsp;<strong>Rycza\u0142t na podr\u00f3\u017c<\/strong> &nbsp;(275 Euro &#8211; Albania, 360 Euro \u2013 Tunezja, 530 Euro &#8211; Kirgistan, 1500 Euro &#8211; Mozambik)<\/p>\n<p>Ka\u017cdy pracownik mo\u017ce z\u0142o\u017cy\u0107 tylko 1 aplikacj\u0119.<\/p>\n<p><strong>Rekrutacja na wyjazdy trwa do 21 listopada 2025 r. <\/strong>Zg\u0142oszenia otrzymane po tym terminie nie b\u0119d\u0105 brane pod uwag\u0119.<\/p>\n<p>Wyjazdy pracownik\u00f3w Politechniki Bia\u0142ostockiej w ramach programu ERASMUS+ KA171 w roku akademickim 2025\/2026 realizowane s\u0105 zgodnie z <a href=\"https:\/\/bip.pb.edu.pl\/index.php?event=informacja&amp;id=21491\">zarz\u0105dzeniem nr 65\/2024 Rektora PB<\/a>&nbsp; z dnia 19 sierpnia 2024 r. z p\u00f3\u017aniejszymi zmianami.<\/p>\n<p>Wyjazdy nale\u017cy zrealizowa\u0107<strong>&nbsp;do 25 lipca 2026 r.<\/strong><\/p>\n<p>Dzia\u0142 Mobilno\u015bci i Obs\u0142ugi Um\u00f3w Mi\u0119dzynarodowych poinformuje o wynikach rekrutacji drog\u0105 mailow\u0105. Osoby zakwalifikowane zostan\u0105 poproszone o dostarczenie podpisanej umowy z uczelni\u0105 przyjmuj\u0105c\u0105 tj. Mobility Agreement. Wykaz dokument\u00f3w dost\u0119pny jest na stronie <a title=\"\" href=\"https:\/\/pb.edu.pl\/iros\/program-erasmus\/wyjazdy-pracownikow-program-ka171\/\"><u>Dzia\u0142\u00f3w Wsp\u00f3\u0142pracy Mi\u0119dzynarodowej.<\/u><\/a><\/p>\n<\/div>\n\t\t\t\t<\/div>\n\t\t\t<\/div>\n<div class=\"panel panel-default\">\n\t\t\t\t<div class=\"panel-heading\">\n\t\t\t\t\t<div class=\"panel-title\">\n\t\t\t\t\t\t<a class=\"collapsed h4\" data-toggle=\"collapse\" data-parent=\"#custom-collapse-0\" href=\"#custom-collapse-0-2\">Rekrutacja uzupe\u0142niaj\u0105ca na wyjazdy pracownik\u00f3w w ramach KA171 w roku akademickim 2024\/2025 - ZAKO\u0143CZONA<\/a>\n\t\t\t\t\t<\/div>\n\t\t\t\t<\/div>\n\t\t\t\t<div id=\"custom-collapse-0-2\" class=\"panel-collapse collapse\">\n\t\t\t\t\t<div class=\"panel-body\">\n<p><strong>Dodatkowa rekrutacja na wyjazdy kadry PB do uczelni partnerskich w ramach programu Erasmus+ KA171<\/strong><\/p>\n<p>Dzia\u0142 Mobilno\u015bci i Obs\u0142ugi Um\u00f3w Mi\u0119dzynarodowych ma przyjemno\u015b\u0107 og\u0142osi\u0107 dodatkow\u0105 rekrutacj\u0119 na wyjazdy dla pracownik\u00f3w naszej Uczelni w ramach programu Erasmus+ KA171 2022 \u2013 wsp\u00f3\u0142praca z krajami trzecimi niestowarzyszonymi z programem Erasmus+.<\/p>\n<p>&nbsp;<\/p>\n<p>Zapraszamy do aplikowania na wyjazdy pracownik\u00f3w do nast\u0119puj\u0105cych kraj\u00f3w:<\/p>\n<table style=\"height: 357px;width: 54.986%\" border=\"yes\">\n<tbody>\n<tr style=\"height: 32px\">\n<td style=\"height: 32px;width: 33.2787%;text-align: center\" width=\"201\">Kraj<\/td>\n<td style=\"height: 32px;width: 21.3115%;text-align: center\" width=\"129\">Liczba miejsc<\/td>\n<td style=\"height: 32px;width: 69.6721%;text-align: center\" width=\"274\">Uczelnia<\/td>\n<\/tr>\n<tr style=\"height: 94px\">\n<td style=\"height: 178px;width: 33.2787%;text-align: center\" rowspan=\"2\" width=\"201\">Albania<\/td>\n<td style=\"height: 178px;width: 21.3115%;text-align: center\" rowspan=\"2\" width=\"129\">2<\/td>\n<td style=\"height: 94px;width: 69.6721%;text-align: center\" width=\"274\">University of Tirana<\/p>\n<p>(WBiN\u015a, WM, WE, WIZ, WA, WI)<\/p>\n<p>&nbsp;<\/td>\n<\/tr>\n<tr style=\"height: 84px\">\n<td style=\"height: 84px;width: 69.6721%;text-align: center\" width=\"274\">Mediterranean University of Albania (WIZ, WI)<\/p>\n<p>&nbsp;<\/td>\n<\/tr>\n<tr style=\"height: 84px\">\n<td style=\"height: 84px;width: 33.2787%;text-align: center\" width=\"201\">Algieria<\/td>\n<td style=\"height: 84px;width: 21.3115%;text-align: center\" width=\"129\">2<\/td>\n<td style=\"height: 84px;width: 69.6721%;text-align: center\" width=\"274\">University of Science and Technology Houari Boumedienne \u2013 USTHB (WE, WI)<\/p>\n<p>&nbsp;<\/td>\n<\/tr>\n<tr style=\"height: 63px\">\n<td style=\"height: 63px;width: 33.2787%;text-align: center\" width=\"201\">Maroko<\/td>\n<td style=\"height: 63px;width: 21.3115%;text-align: center\" width=\"129\">2<\/td>\n<td style=\"height: 63px;width: 69.6721%;text-align: center\" width=\"274\">Cadi Ayyad University (WE, I\u015a, WIZ, WI)<\/p>\n<p>&nbsp;<\/td>\n<\/tr>\n<\/tbody>\n<\/table>\n<p>&nbsp;<\/p>\n<p><strong>Uczestnikom mobilno\u015bci przys\u0142uguje<\/strong>:<br \/>\n\u2705&nbsp;<strong>Stypendium<\/strong>&nbsp;na pokrycie koszt\u00f3w utrzymania (1260 Euro)<br \/>\n\u2705&nbsp;<strong>Rycza\u0142t na podr\u00f3\u017c<\/strong>&nbsp;&nbsp;(275 Euro &#8211; Albania, 360 Euro \u2013 Algieria, 530 Euro &#8211; Maroko)<\/p>\n<p>Zg\u0142oszenia na wyjazd s\u0105 przyjmowane za po\u015brednictwem&nbsp;<a href=\"https:\/\/forms.office.com\/e\/pB7ABiw2Ck\"><strong>formularza zg\u0142oszeniowego<\/strong><\/a>.<\/p>\n<p>Wyjazdy musz\u0105 zosta\u0107 zrealizowane&nbsp;<strong>do 25 lipca 2025 r.<\/strong><\/p>\n<p>Zach\u0119camy wszystkich zainteresowanych do zapoznania si\u0119 z kryteriami naboru oraz zasadami finansowania, kt\u00f3re znajduj\u0105 si\u0119 w&nbsp;<a href=\"https:\/\/bip.pb.edu.pl\/index.php?event=informacja&amp;id=21491\">zarz\u0105dzeniu nr 65\/2024 Rektora PB<\/a>&nbsp; z dnia 19 sierpnia 2024 r., a nast\u0119pnie do&nbsp;<strong>wype\u0142nienia formularza zg\u0142oszeniowego do 18 kwietnia 2025 r.<\/strong><\/p>\n<\/div>\n\t\t\t\t<\/div>\n\t\t\t<\/div>\n<div class=\"panel panel-default\">\n\t\t\t\t<div class=\"panel-heading\">\n\t\t\t\t\t<div class=\"panel-title\">\n\t\t\t\t\t\t<a class=\"collapsed h4\" data-toggle=\"collapse\" data-parent=\"#custom-collapse-0\" href=\"#custom-collapse-0-3\">Rekrutacja uzupe\u0142niaj\u0105ca na wyjazdy w ramach KA171 w roku akademickim 2024\/2025 - BiH - ZAKO\u0143CZONA<\/a>\n\t\t\t\t\t<\/div>\n\t\t\t\t<\/div>\n\t\t\t\t<div id=\"custom-collapse-0-3\" class=\"panel-collapse collapse\">\n\t\t\t\t\t<div class=\"panel-body\">\n<p><strong>Dodatkowa rekrutacja na wyjazdy kadry PB do University of Banja Luka (Bo\u015bnia i Hercegowina) w ramach programu Erasmus+ KA171<\/strong><\/p>\n<p>Dzia\u0142 Mobilno\u015bci i Obs\u0142ugi Um\u00f3w Mi\u0119dzynarodowych ma przyjemno\u015b\u0107 og\u0142osi\u0107 dodatkow\u0105 rekrutacj\u0119 na wyjazdy dla pracownik\u00f3w naszej Uczelni w ramach programu Erasmus+ KA171 2022 \u2013 wsp\u00f3\u0142praca z krajami trzecimi niestowarzyszonymi z programem Erasmus+.<\/p>\n<p>W ramach naboru dost\u0119pne s\u0105 <strong>trzy miejsca<\/strong>, w tym:<br \/>\n? <strong>2 STA \u2013 wyjazd w celach dydaktycznych<\/strong><br \/>\n? <strong>1 STT \u2013 wyjazd w celach szkoleniowych<\/strong><\/p>\n<p><strong>Uczestnikom mobilno\u015bci przys\u0142uguje<\/strong>:<br \/>\n\u2705 <strong>Stypendium<\/strong> na pokrycie koszt\u00f3w utrzymania (1260 Euro)<br \/>\n\u2705 <strong>Rycza\u0142t na podr\u00f3\u017c<\/strong> &nbsp;(275 Euro)<\/p>\n<p>Zg\u0142oszenia na wyjazd s\u0105 przyjmowane za po\u015brednictwem <a href=\"https:\/\/forms.office.com\/e\/hjBwdWcsfM\"><strong><u>formularza zg\u0142oszeniowego<\/u><\/strong><\/a>.<\/p>\n<p>Wyjazdy musz\u0105 zosta\u0107 zrealizowane <strong>do 25 lipca 2025 r.<\/strong><\/p>\n<p>Zach\u0119camy wszystkich zainteresowanych do zapoznania si\u0119 z kryteriami naboru oraz zasadami finansowania, kt\u00f3re znajduj\u0105 si\u0119 w <a href=\"https:\/\/bip.pb.edu.pl\/index.php?event=informacja&amp;id=21491\">zarz\u0105dzeniu nr 65\/2024 Rektora PB<\/a>&nbsp; z dnia 19 sierpnia 2024 r., a nast\u0119pnie do <strong>wype\u0142nienia formularza zg\u0142oszeniowego do 31 marca 2025 r.<\/strong><\/p>\n<\/div>\n\t\t\t\t<\/div>\n\t\t\t<\/div>\n<div class=\"panel panel-default\">\n\t\t\t\t<div class=\"panel-heading\">\n\t\t\t\t\t<div class=\"panel-title\">\n\t\t\t\t\t\t<a class=\"collapsed h4\" data-toggle=\"collapse\" data-parent=\"#custom-collapse-0\" href=\"#custom-collapse-0-4\">Rekrutacja na wyjazdy w ramach KA171 w roku akademickim 2024\/2025 - ZAKO\u0143CZONA<\/a>\n\t\t\t\t\t<\/div>\n\t\t\t\t<\/div>\n\t\t\t\t<div id=\"custom-collapse-0-4\" class=\"panel-collapse collapse\">\n\t\t\t\t\t<div class=\"panel-body\">\n<p><strong>Serdecznie zapraszamy nauczycieli akademickich do udzia\u0142u w rekrutacji na wyjazdy dydaktyczne STA w ramach programu Erasmus+ KA171 2022 i KA171 2023 w roku akademickim 2024\/2025.<\/strong><\/p>\n<p><strong>&nbsp;<\/strong><\/p>\n<p>Zg\u0142oszenia na wyjazd s\u0105 przyjmowane za po\u015brednictwem <strong><u>formularza zg\u0142oszeniowego<\/u><\/strong>.<\/p>\n<p>Wykaz dost\u0119pnych miejsc znajduje si\u0119 pod <u><a title=\"\" href=\"https:\/\/pbial-my.sharepoint.com\/:x:\/g\/personal\/a_gniazdowska_st_pb_edu_pl\/EYUdu9F9r3pNsRtHFlcGMggBhgHl-3gfp11jpCWP-aER8Q?e=YCLHmQ\">linkiem<\/a>.<\/u><\/p>\n<p>&nbsp;<\/p>\n<p>Ka\u017cdy pracownik mo\u017ce z\u0142o\u017cy\u0107 tylko 1 aplikacj\u0119.<\/p>\n<p>&nbsp;<\/p>\n<p>Rekrutacja na wyjazdy trwa do 25.10.2024 r. Zg\u0142oszenia otrzymane po tym terminie nie b\u0119d\u0105 brane pod uwag\u0119.<\/p>\n<p>&nbsp;<\/p>\n<p>Wyjazdy pracownik\u00f3w Politechniki Bia\u0142ostockiej&nbsp;<strong>w ramach programu ERASMUS+ KA171 <\/strong>w roku akademickim 2024\/2025 realizowane s\u0105 zgodnie z&nbsp;<a href=\"https:\/\/bip.pb.edu.pl\/index.php?event=informacja&amp;id=21491\">zarz\u0105dzeniem nr 65\/2024 Rektora PB<\/a>&nbsp; z dnia 19 sierpnia 2024r.<\/p>\n<p>&nbsp;<\/p>\n<p>Wyjazdy nale\u017cy zrealizowa\u0107 do&nbsp;<strong>25 lipca 2025 roku.<\/strong><\/p>\n<p>&nbsp;<\/p>\n<p>Dzia\u0142 Mobilno\u015bci i Obs\u0142ugi Um\u00f3w Mi\u0119dzynarodowych poinformuje o wynikach rekrutacji drog\u0105 mailow\u0105. Osoby zakwalifikowane zostan\u0105 poproszone o dostarczenie podpisanej umowy z uczelni\u0105 przyjmuj\u0105c\u0105 tj. Mobility Agreement. Wykaz dokument\u00f3w dost\u0119pny jest na stronie&nbsp;<a title=\"\" href=\"https:\/\/pb.edu.pl\/iros\/program-erasmus\/wyjazdy-pracownikow-program-ka171\/\">Dzia\u0142\u00f3w Wsp\u00f3\u0142pracy Mi\u0119dzynarodowej.<\/a><br \/>\n<\/div>\n\t\t\t\t<\/div>\n\t\t\t<\/div>\n<\/div>\n","protected":false},"excerpt":{"rendered":"","protected":false},"author":2,"featured_media":0,"parent":477,"menu_order":0,"comment_status":"closed","ping_status":"closed","template":"","meta":{"_acf_changed":false,"ngg_post_thumbnail":0,"footnotes":""},"class_list":["post-20939","page","type-page","status-publish","hentry"],"acf":[],"_links":{"self":[{"href":"https:\/\/pb.edu.pl\/iros\/wp-json\/wp\/v2\/pages\/20939","targetHints":{"allow":["GET"]}}],"collection":[{"href":"https:\/\/pb.edu.pl\/iros\/wp-json\/wp\/v2\/pages"}],"about":[{"href":"https:\/\/pb.edu.pl\/iros\/wp-json\/wp\/v2\/types\/page"}],"author":[{"embeddable":true,"href":"https:\/\/pb.edu.pl\/iros\/wp-json\/wp\/v2\/users\/2"}],"replies":[{"embeddable":true,"href":"https:\/\/pb.edu.pl\/iros\/wp-json\/wp\/v2\/comments?post=20939"}],"version-history":[{"count":0,"href":"https:\/\/pb.edu.pl\/iros\/wp-json\/wp\/v2\/pages\/20939\/revisions"}],"up":[{"embeddable":true,"href":"https:\/\/pb.edu.pl\/iros\/wp-json\/wp\/v2\/pages\/477"}],"wp:attachment":[{"href":"https:\/\/pb.edu.pl\/iros\/wp-json\/wp\/v2\/media?parent=20939"}],"curies":[{"name":"wp","href":"https:\/\/api.w.org\/{rel}","templated":true}]}}