{"id":20937,"date":"2024-10-07T13:57:43","date_gmt":"2024-10-07T11:57:43","guid":{"rendered":"https:\/\/pb.edu.pl\/iros\/?page_id=20937"},"modified":"2025-07-08T14:43:25","modified_gmt":"2025-07-08T12:43:25","slug":"rekrutacja","status":"publish","type":"page","link":"https:\/\/pb.edu.pl\/iros\/program-erasmus\/wyjazdy-pracownikow-program-ka131\/rekrutacja\/","title":{"rendered":"Rekrutacje pracownik\u00f3w"},"content":{"rendered":"<div class=\"panel-group\" id=\"custom-collapse-0\">\n<div class=\"panel panel-default\">\n\t\t\t\t<div class=\"panel-heading\">\n\t\t\t\t\t<div class=\"panel-title\">\n\t\t\t\t\t\t<a class=\"collapsed h4\" data-toggle=\"collapse\" data-parent=\"#custom-collapse-0\" href=\"#custom-collapse-0-0\">Rekrutacja na wyjazdy w ramach KA131 w okresie 1.09.2025 - 31.07.2026 - ZAKO\u0143CZONA<\/a>\n\t\t\t\t\t<\/div>\n\t\t\t\t<\/div>\n\t\t\t\t<div id=\"custom-collapse-0-0\" class=\"panel-collapse collapse\">\n\t\t\t\t\t<div class=\"panel-body\">\n<p><strong>Serdecznie zapraszamy pracownik\u00f3w Politechniki Bia\u0142ostockiej do udzia\u0142u w rekrutacji na wyjazdy dydaktyczne STA i wyjazdy szkoleniowe STT w ramach programu Erasmus+ KA131 2024 <\/strong>w okresie <strong>01.09.2025 &#8211; 31.07.2026<\/strong><\/p>\n<p><strong>&nbsp;<\/strong><\/p>\n<p>Zg\u0142oszenia na wyjazd s\u0105 przyjmowane za po\u015brednictwem&nbsp;<a href=\"https:\/\/forms.office.com\/e\/G2DzQQjxiA\"><strong>formularza zg\u0142oszeniowego<\/strong>.<\/a><\/p>\n<p>&nbsp;<\/p>\n<p>W ramach obecnego naboru dysponujemy 40 miejscami w nast\u0119puj\u0105cych kategoriach:<\/p>\n<p>\u2013 wyjazdy w celach dydaktycznych,<\/p>\n<p>\u2013 wyjazdy w celach szkoleniowych,<\/p>\n<p>\u2013 wyjazdy w celach dydaktyczno \u2013 szkoleniowych,<\/p>\n<p>\u2013 wyjazdy w ramach Blended Intensive Programmes.<\/p>\n<p>&nbsp;<\/p>\n<p>Ka\u017cdy pracownik mo\u017ce z\u0142o\u017cy\u0107 tylko 1 aplikacj\u0119.<\/p>\n<p>&nbsp;<\/p>\n<p>Pracownikom z orzeczonym stopniem niepe\u0142nosprawno\u015bci przys\u0142uguje dodatkowe finansowanie na wyjazd. Pracownik powinien przed wyjazdem z\u0142o\u017cy\u0107 dodatkowy wniosek, w kt\u00f3rym deklaruje dodatkowe koszty, a po powrocie dostarczy dowody finansowe potwierdzaj\u0105ce poniesienie tych koszt\u00f3w (zwrot za poniesione koszty rzeczywiste).<\/p>\n<p>&nbsp;<\/p>\n<p>Rekrutacja na wyjazdy trwa do <strong>04.07.2025 roku<\/strong>. Zg\u0142oszenia otrzymane po tym terminie nie b\u0119d\u0105 brane pod uwag\u0119.<\/p>\n<p>Szczeg\u00f3lnie zapraszamy na wyjazdy do partnerskich uczelni w ramach sieci Uniwersytet\u00f3w Europejskich ACROSS.<\/p>\n<p>Wyjazdy nale\u017cy zrealizowa\u0107 do&nbsp;<strong>31.07.2026 roku.<\/strong><\/p>\n<p>&nbsp;<\/p>\n<p>Dzia\u0142 Mobilno\u015bci i Obs\u0142ugi Um\u00f3w Mi\u0119dzynarodowych poinformuje o wynikach rekrutacji drog\u0105 mailow\u0105. Osoby zakwalifikowane zostan\u0105 poproszone o dostarczenie podpisanej umowy z uczelni\u0105 przyjmuj\u0105c\u0105 tj. Mobility Agreement. Wykaz dokument\u00f3w dost\u0119pny jest na stronie&nbsp;<a href=\"https:\/\/pb.edu.pl\/iros\/program-erasmus\/wyjazdy-pracownikow-program-ka131\/\">Dzia\u0142\u00f3w Wsp\u00f3\u0142pracy Mi\u0119dzynarodowej<\/a><\/p>\n<p>&nbsp;<\/p>\n<p>Stawki dotycz\u0105ce projektu KA131 2024 przedstawiaj\u0105 si\u0119 nast\u0119puj\u0105co:<\/p>\n<table style=\"width: 64.6633%;border-collapse: collapse\" border=\"yes\">\n<tbody>\n<tr>\n<td style=\"width: 41.0966%\" width=\"359\">Kraje nale\u017c\u0105ce do danej grupy<\/p>\n<p>&nbsp;<\/td>\n<td style=\"width: 35.8702%\">Dzienna warto\u015b\u0107 stypendium w EURO przy wyjazdach<\/p>\n<p>trwaj\u0105cych nie d\u0142u\u017cej <span style=\"font-family: inherit;font-size: inherit;background-color: transparent\">ni\u017c 14 dni<\/span><\/td>\n<\/tr>\n<tr>\n<td style=\"width: 41.0966%\">GRUPA 1.<\/p>\n<p>Austria, Belgia, Dania, Finlandia, Francja, Irlandia, Islandia, Liechtenstein, Luksemburg, Niderlandy,&nbsp; Niemcy, Norwegia, Szwecja, W\u0142ochy oraz kraje niestowarzyszone z programem z regionu 1- 14<\/td>\n<td style=\"width: 35.8702%\">190<\/td>\n<\/tr>\n<tr>\n<td style=\"width: 41.0966%\">GRUPA 2.<\/p>\n<p>Cypr, Czechy, Estonia, Grecja, Hiszpania, \u0141otwa, Malta, Portugalia, S\u0142owacja, S\u0142owenia<\/td>\n<td style=\"width: 35.8702%\">170<\/td>\n<\/tr>\n<tr>\n<td style=\"width: 41.0966%\">GRUPA 3.<\/p>\n<p>Bu\u0142garia, Chorwacja, Litwa, Republika Macedonii P\u00f3\u0142nocnej, Rumunia, Serbia, Turcja, W\u0119gry<\/td>\n<td style=\"width: 35.8702%\">148<\/td>\n<\/tr>\n<\/tbody>\n<\/table>\n<p>&nbsp;<\/p>\n<p>Preferowany czas pobytu w uczelni partnerskiej przy wyje\u017adzie typu STA i STT wynosi od 2 do 5 dni roboczych i 2 dni na podr\u00f3\u017c.<\/p>\n<p>&nbsp;<\/p>\n<p>Wysoko\u015b\u0107 stypendium na podr\u00f3\u017c uzale\u017cniona jest od wybranego \u015brodka transportu oraz od odleg\u0142o\u015bci od miejsca rozpocz\u0119cia podr\u00f3\u017cy do miejsca docelowego i jest okre\u015blona przez Komisj\u0119 Europejsk\u0105. Do obliczenia dofinansowania dla pracownika PB, przyjmuje si\u0119, \u017ce miejscem rozpocz\u0119cia podr\u00f3\u017cy jest Bia\u0142ystok, siedziba Politechniki Bia\u0142ostockiej.<\/p>\n<table style=\"height: 186px;width: 57.7842%;border-collapse: collapse\" border=\"yes\">\n<tbody>\n<tr style=\"height: 22px\">\n<td style=\"width: 20.438%;height: 22px\">Odleg\u0142o\u015b\u0107<\/td>\n<td style=\"width: 31.0361%;height: 22px\">Rycza\u0142t \u201egreen travel\u201d<\/td>\n<td style=\"width: 34.4552%;height: 22px\">Rycza\u0142t podr\u00f3\u017c standardowa<\/td>\n<\/tr>\n<tr style=\"height: 22px\">\n<td style=\"width: 20.438%;height: 22px\">od 10 do 99 km<\/td>\n<td style=\"width: 31.0361%;height: 22px\">56 \u20ac na uczestnika<\/td>\n<td style=\"width: 34.4552%;height: 22px\">28 \u20ac na uczestnika<\/td>\n<\/tr>\n<tr style=\"height: 22px\">\n<td style=\"width: 20.438%;height: 22px\">od 100 do 499 km<\/td>\n<td style=\"width: 31.0361%;height: 22px\">285 \u20ac na uczestnika<\/td>\n<td style=\"width: 34.4552%;height: 22px\">211 \u20ac na uczestnika<\/td>\n<\/tr>\n<tr style=\"height: 22px\">\n<td style=\"width: 20.438%;height: 22px\">od 500 do 1999 km<\/td>\n<td style=\"width: 31.0361%;height: 22px\">417 \u20ac na uczestnika<\/td>\n<td style=\"width: 34.4552%;height: 22px\">309 \u20ac na uczestnika<\/td>\n<\/tr>\n<tr style=\"height: 22px\">\n<td style=\"width: 20.438%;height: 22px\">od 2000 do 2999 km<\/td>\n<td style=\"width: 31.0361%;height: 22px\">535 \u20ac na uczestnika<\/td>\n<td style=\"width: 34.4552%;height: 22px\">395 \u20ac na uczestnika<\/td>\n<\/tr>\n<tr style=\"height: 22px\">\n<td style=\"width: 20.438%;height: 22px\">od 3000 do 3999 km<\/td>\n<td style=\"width: 31.0361%;height: 22px\">785 \u20ac na uczestnika<\/td>\n<td style=\"width: 34.4552%;height: 22px\">580 \u20ac na uczestnika<\/td>\n<\/tr>\n<tr style=\"height: 32px\">\n<td style=\"width: 20.438%;height: 32px\" width=\"201\">Od 4000 do 7999 km<\/td>\n<td style=\"width: 31.0361%;height: 32px\">1188 \u20ac na uczestnika<\/td>\n<td style=\"width: 34.4552%;height: 32px\">1188 \u20ac na uczestnika<\/td>\n<\/tr>\n<tr style=\"height: 22px\">\n<td style=\"width: 20.438%;height: 22px\">8000 km lub wi\u0119cej<\/td>\n<td style=\"width: 31.0361%;height: 22px\">1735 \u20ac na uczestnika<\/td>\n<td style=\"width: 34.4552%;height: 22px\">1735 \u20ac na uczestnika<\/td>\n<\/tr>\n<\/tbody>\n<\/table>\n<\/div>\n\t\t\t\t<\/div>\n\t\t\t<\/div>\n<\/div>\n<div class=\"panel-group\" id=\"custom-collapse-1\">\n<div class=\"panel panel-default\">\n\t\t\t\t<div class=\"panel-heading\">\n\t\t\t\t\t<div class=\"panel-title\">\n\t\t\t\t\t\t<a class=\"collapsed h4\" data-toggle=\"collapse\" data-parent=\"#custom-collapse-1\" href=\"#custom-collapse-1-1\">Rekrutacja na wyjazdy w ramach KA131 w roku akademickim 2024\/2025 - ZAKO\u0143CZONA<\/a>\n\t\t\t\t\t<\/div>\n\t\t\t\t<\/div>\n\t\t\t\t<div id=\"custom-collapse-1-1\" class=\"panel-collapse collapse\">\n\t\t\t\t\t<div class=\"panel-body\">\n<p><strong>Serdecznie zapraszamy pracownik\u00f3w Politechniki Bia\u0142ostockiej do udzia\u0142u w rekrutacji na wyjazdy dydaktyczne STA i wyjazdy szkoleniowe STT w ramach programu Erasmus+ KA131 2023 w roku akademickim 2024\/2025.<\/strong><\/p>\n<p><strong>&nbsp;<\/strong><\/p>\n<p>Zg\u0142oszenia na wyjazd s\u0105 przyjmowane za po\u015brednictwem <strong><u>formularza zg\u0142oszeniowego<\/u><\/strong>.<\/p>\n<p>&nbsp;<\/p>\n<p>W ramach obecnego naboru dysponujemy 40 miejscami w nast\u0119puj\u0105cych kategoriach:<\/p>\n<p>&#8211; wyjazdy w celach dydaktycznych,<\/p>\n<p>&#8211; wyjazdy w celach szkoleniowych,<\/p>\n<p>&#8211; wyjazdy w celach dydaktyczno \u2013 szkoleniowych,<\/p>\n<p>&#8211; wyjazdy w ramach Blended Intensive Programmes.<\/p>\n<p>&nbsp;<\/p>\n<p>Ka\u017cdy pracownik mo\u017ce z\u0142o\u017cy\u0107 tylko 1 aplikacj\u0119.<\/p>\n<p>&nbsp;<\/p>\n<p>Pracownikom z orzeczonym stopniem niepe\u0142nosprawno\u015bci przys\u0142uguje dodatkowe finansowanie na wyjazd. Pracownik powinien przed wyjazdem z\u0142o\u017cy\u0107 dodatkowy wniosek, w kt\u00f3rym deklaruje dodatkowe koszty, a po powrocie dostarczy dowody finansowe potwierdzaj\u0105ce poniesienie tych koszt\u00f3w (zwrot za poniesione koszty rzeczywiste).<\/p>\n<p>&nbsp;<\/p>\n<p>Rekrutacja na wyjazdy trwa do 25.10.2024 r. Zg\u0142oszenia otrzymane po tym terminie nie b\u0119d\u0105 brane pod uwag\u0119.<\/p>\n<p>&nbsp;<\/p>\n<p>Wyjazdy pracownik\u00f3w Politechniki Bia\u0142ostockiej&nbsp;<strong>w ramach programu ERASMUS+ KA131 <\/strong>w roku akademickim 2024\/2025 realizowane s\u0105 zgodnie z&nbsp;<a href=\"https:\/\/bip.pb.edu.pl\/index.php?event=informacja&amp;id=21491\">zarz\u0105dzeniem nr 65\/2024 Rektora PB<\/a>&nbsp; z dnia 19 sierpnia 2024r. Szczeg\u00f3lnie zapraszamy na wyjazdy do partnerskich uczelni w ramach nowo powsta\u0142ej sieci Uniwersytet\u00f3w Europejskich ACROSS.<\/p>\n<p>&nbsp;<\/p>\n<p>Wyjazdy nale\u017cy zrealizowa\u0107 do&nbsp;<strong>25 lipca 2025 roku.<\/strong><\/p>\n<p>&nbsp;<\/p>\n<p>Dzia\u0142 Mobilno\u015bci i Obs\u0142ugi Um\u00f3w Mi\u0119dzynarodowych poinformuje o wynikach rekrutacji drog\u0105 mailow\u0105. Osoby zakwalifikowane zostan\u0105 poproszone o dostarczenie podpisanej umowy z uczelni\u0105 przyjmuj\u0105c\u0105 tj. Mobility Agreement. Wykaz dokument\u00f3w dost\u0119pny jest na stronie&nbsp;<a title=\"\" href=\"https:\/\/pb.edu.pl\/iros\/program-erasmus\/wyjazdy-pracownikow-program-ka131\/\">Dzia\u0142\u00f3w Wsp\u00f3\u0142pracy Mi\u0119dzynarodowej<\/a><br \/>\n<\/div>\n\t\t\t\t<\/div>\n\t\t\t<\/div>\n<\/div>\n","protected":false},"excerpt":{"rendered":"","protected":false},"author":2,"featured_media":0,"parent":473,"menu_order":0,"comment_status":"closed","ping_status":"closed","template":"","meta":{"_acf_changed":false,"ngg_post_thumbnail":0,"footnotes":""},"class_list":["post-20937","page","type-page","status-publish","hentry"],"acf":[],"_links":{"self":[{"href":"https:\/\/pb.edu.pl\/iros\/wp-json\/wp\/v2\/pages\/20937","targetHints":{"allow":["GET"]}}],"collection":[{"href":"https:\/\/pb.edu.pl\/iros\/wp-json\/wp\/v2\/pages"}],"about":[{"href":"https:\/\/pb.edu.pl\/iros\/wp-json\/wp\/v2\/types\/page"}],"author":[{"embeddable":true,"href":"https:\/\/pb.edu.pl\/iros\/wp-json\/wp\/v2\/users\/2"}],"replies":[{"embeddable":true,"href":"https:\/\/pb.edu.pl\/iros\/wp-json\/wp\/v2\/comments?post=20937"}],"version-history":[{"count":0,"href":"https:\/\/pb.edu.pl\/iros\/wp-json\/wp\/v2\/pages\/20937\/revisions"}],"up":[{"embeddable":true,"href":"https:\/\/pb.edu.pl\/iros\/wp-json\/wp\/v2\/pages\/473"}],"wp:attachment":[{"href":"https:\/\/pb.edu.pl\/iros\/wp-json\/wp\/v2\/media?parent=20937"}],"curies":[{"name":"wp","href":"https:\/\/api.w.org\/{rel}","templated":true}]}}