{"id":2085,"date":"2020-05-07T11:31:55","date_gmt":"2020-05-07T09:31:55","guid":{"rendered":"https:\/\/pb.edu.pl\/bwm\/?page_id=2085"},"modified":"2021-05-20T14:50:45","modified_gmt":"2021-05-20T12:50:45","slug":"o-projekcie","status":"publish","type":"page","link":"https:\/\/pb.edu.pl\/iros\/projekty-nawa\/projekty-zakonczone\/promocja-zagraniczna\/o-projekcie\/","title":{"rendered":"O projekcie"},"content":{"rendered":"<div class=\"row\">\n<div class=\"col-sm-8\">\n<p>G\u0142\u00f3wnymi celami projektu s\u0105: pozyskanie student\u00f3w na studia pe\u0142nop\u0142atne prowadzone w j\u0119zyku angielskim w Politechnice Bia\u0142ostockiej, zwi\u0119kszenie poziomu umi\u0119dzynarodowienia studi\u00f3w w PB, upowszechnienie wizerunku uczelni na arenie mi\u0119dzynarodowej, a w szczeg\u00f3lno\u015bci w Turcji i Indiach.<\/p>\n<p>W ramach projektu zaplanowano nast\u0119puj\u0105ce dzia\u0142ania:<\/p>\n<ul>\n<li>udzia\u0142 pracownik\u00f3w Biura ds. Wsp\u00f3\u0142pracy Mi\u0119dzynarodowej w dw\u00f3ch edycjach Net Global Conference Warsaw,<\/li>\n<li>udzia\u0142 w targach 37th IEFT Turkey Fairs Spring 2020 w Turcji,&nbsp;<\/li>\n<li>udzia\u0142 w spotkaniach z rekruterami i studentami Spring A2 International Agents Workshop w Turcji,<\/li>\n<li>przeprowadzenie kampanii promocyjnej Facebook Ads,<\/li>\n<li>przygotowanie i produkcj\u0119 materia\u0142\u00f3w promocyjnych.<\/li>\n<\/ul>\n<p>Okres realizacji projektu: pa\u017adziernik 2019 \u2013 wrzesie\u0144 2020.<br \/>\n<strong>W zwi\u0105zku z zaistnia\u0142\u0105 sytuacj\u0105 epidemiczn\u0105 realizacja projektu zosta\u0142a przed\u0142u\u017cona do 31 marca 2021<\/strong>.<\/p>\n<p>Bud\u017cet projektu wynosi 98 349,00 z\u0142 i jest finansowany ze \u015brodk\u00f3w Narodowej Agencji Wymiany Akademickiej.<\/p>\n<p>Wi\u0119cej informacji o programie na stronie <a title=\"\" href=\"https:\/\/nawa.gov.pl\/instytucje\/promocja-zagraniczna\">NAWA<\/a><br \/>\n&nbsp;<\/p>\n<p><span style=\"font-size: 8pt\"><strong>Projekt finansowany przez Narodow\u0105 Agencj\u0119 Wymiany Akademickiej w ramach Programu Promocja Zagraniczna<\/strong>&nbsp;<\/span><br \/>\n<img loading=\"lazy\" decoding=\"async\" class=\"alignnone  wp-image-1828\" src=\"https:\/\/pb.edu.pl\/iros\/wp-content\/uploads\/sites\/24\/2020\/02\/nawa.jpg\" alt=\"\" width=\"181\" height=\"121\" srcset=\"https:\/\/pb.edu.pl\/iros\/wp-content\/uploads\/sites\/24\/2020\/02\/nawa.jpg 400w, https:\/\/pb.edu.pl\/iros\/wp-content\/uploads\/sites\/24\/2020\/02\/nawa-300x200.jpg 300w\" sizes=\"auto, (max-width: 181px) 100vw, 181px\" \/><\/p>\n<\/div>\n<div class=\"col-sm-4\">\n<p><img loading=\"lazy\" decoding=\"async\" class=\"alignnone size-full wp-image-4651\" src=\"https:\/\/pb.edu.pl\/iros\/wp-content\/uploads\/sites\/24\/2021\/04\/Kampania-fb-promocja-nawa-8-e1618836253676.png\" alt=\"kampania promocja PB\" width=\"960\" height=\"960\"><\/p>\n<div class=\"well well-sm lead text-center boxy-prawe\">\n<h2>Materia\u0142y promocyjne<\/h2>\n<p><a title=\"Ulotka BUT (580 KB)\" href=\"https:\/\/pb.edu.pl\/iros\/wp-content\/uploads\/sites\/24\/2020\/05\/promocja-ulotka-BUT.pdf\" rel=\"noopener noreferrer\">Ulotka BUT (580 KB)<\/a><br \/>\n<a title=\"Ulotka Study at BUT (797 KB)\" href=\"https:\/\/pb.edu.pl\/iros\/wp-content\/uploads\/sites\/24\/2020\/05\/promocja-ulotka-studyatbut.pdf\" rel=\"noopener noreferrer\">Ulotka Study at BUT (797 KB)<\/a><br \/>\n<a title=\"Ulotka Course Catalogue 2020\/21 (339 KB)\" href=\"https:\/\/pb.edu.pl\/iros\/wp-content\/uploads\/sites\/24\/2020\/05\/promocja-ulotka-katalogkursow2020.pdf\" rel=\"noopener noreferrer\">Ulotka Course Catalogue 2020\/21 (339 KB)<\/a><br \/>\n<a title=\"Informator BUT (6 MB)\" href=\"https:\/\/pb.edu.pl\/iros\/wp-content\/uploads\/sites\/24\/2020\/05\/promocja-informatorBUT.pdf\">Informator BUT (6 MB)<\/a><\/p>\n<\/div>\n<\/div>\n<\/div>\n","protected":false},"excerpt":{"rendered":"<p>G\u0142\u00f3wnymi celami projektu s\u0105: pozyskanie student\u00f3w na studia pe\u0142nop\u0142atne prowadzone w j\u0119zyku angielskim w Politechnice<\/p>\n","protected":false},"author":48,"featured_media":0,"parent":2058,"menu_order":0,"comment_status":"closed","ping_status":"closed","template":"","meta":{"_acf_changed":false,"ngg_post_thumbnail":0,"footnotes":""},"class_list":["post-2085","page","type-page","status-publish","hentry"],"acf":[],"_links":{"self":[{"href":"https:\/\/pb.edu.pl\/iros\/wp-json\/wp\/v2\/pages\/2085","targetHints":{"allow":["GET"]}}],"collection":[{"href":"https:\/\/pb.edu.pl\/iros\/wp-json\/wp\/v2\/pages"}],"about":[{"href":"https:\/\/pb.edu.pl\/iros\/wp-json\/wp\/v2\/types\/page"}],"author":[{"embeddable":true,"href":"https:\/\/pb.edu.pl\/iros\/wp-json\/wp\/v2\/users\/48"}],"replies":[{"embeddable":true,"href":"https:\/\/pb.edu.pl\/iros\/wp-json\/wp\/v2\/comments?post=2085"}],"version-history":[{"count":0,"href":"https:\/\/pb.edu.pl\/iros\/wp-json\/wp\/v2\/pages\/2085\/revisions"}],"up":[{"embeddable":true,"href":"https:\/\/pb.edu.pl\/iros\/wp-json\/wp\/v2\/pages\/2058"}],"wp:attachment":[{"href":"https:\/\/pb.edu.pl\/iros\/wp-json\/wp\/v2\/media?parent=2085"}],"curies":[{"name":"wp","href":"https:\/\/api.w.org\/{rel}","templated":true}]}}