{"id":20837,"date":"2024-09-30T21:33:28","date_gmt":"2024-09-30T19:33:28","guid":{"rendered":"https:\/\/pb.edu.pl\/iros\/?page_id=20837"},"modified":"2025-04-18T09:54:40","modified_gmt":"2025-04-18T07:54:40","slug":"kontakt","status":"publish","type":"page","link":"https:\/\/pb.edu.pl\/iros\/projekty-nawa\/prom-2024\/kontakt\/","title":{"rendered":"Kontakt"},"content":{"rendered":"<p><strong>Kierownik projektu<\/strong><br \/>\nmgr in\u017c. Agata Dzieko\u0144ska<br \/>\n85 746 9661<br \/>\n<a href=\"mailto:a.dziekonska@pb.edu.pl\">a.dziekonska@pb.edu.pl<\/a><\/p>\n<p><strong>Zast\u0119pca kierownika projektu<\/strong><br \/>\nmgr Anna Ulitko-\u0141awicka<br \/>\n85 746 7028<br \/>\n<a href=\"mailto:a.lawicka@pb.edu.pl\">a.lawicka@pb.edu.pl<\/a><\/p>\n<p><strong>Koordynator administracyjny<\/strong><br \/>\nmgr Izabela Karpi\u0144ska<br \/>\n85 746 7010<br \/>\n<a href=\"mailto:izabela.karpinska@pb.edu.pl\">izabela.karpinska@pb.edu.pl<\/a><\/p>\n<p><strong>Zast\u0119pca koordynatora administracyjnego<\/strong><br \/>\nmgr Kinga Piasecka<br \/>\n85 746 7028<br \/>\n<a href=\"mailto:kinga.piasecka@pb.edu.pl\">kinga.piasecka@pb.edu.pl<\/a><\/p>\n","protected":false},"excerpt":{"rendered":"<p>Kierownik projektu mgr in\u017c. Agata Dzieko\u0144ska 85 746 9661 a.dziekonska@pb.edu.pl Zast\u0119pca kierownika projektu mgr Anna<\/p>\n","protected":false},"author":2,"featured_media":0,"parent":20804,"menu_order":5,"comment_status":"closed","ping_status":"closed","template":"","meta":{"_acf_changed":false,"ngg_post_thumbnail":0,"footnotes":""},"class_list":["post-20837","page","type-page","status-publish","hentry"],"acf":[],"_links":{"self":[{"href":"https:\/\/pb.edu.pl\/iros\/wp-json\/wp\/v2\/pages\/20837","targetHints":{"allow":["GET"]}}],"collection":[{"href":"https:\/\/pb.edu.pl\/iros\/wp-json\/wp\/v2\/pages"}],"about":[{"href":"https:\/\/pb.edu.pl\/iros\/wp-json\/wp\/v2\/types\/page"}],"author":[{"embeddable":true,"href":"https:\/\/pb.edu.pl\/iros\/wp-json\/wp\/v2\/users\/2"}],"replies":[{"embeddable":true,"href":"https:\/\/pb.edu.pl\/iros\/wp-json\/wp\/v2\/comments?post=20837"}],"version-history":[{"count":0,"href":"https:\/\/pb.edu.pl\/iros\/wp-json\/wp\/v2\/pages\/20837\/revisions"}],"up":[{"embeddable":true,"href":"https:\/\/pb.edu.pl\/iros\/wp-json\/wp\/v2\/pages\/20804"}],"wp:attachment":[{"href":"https:\/\/pb.edu.pl\/iros\/wp-json\/wp\/v2\/media?parent=20837"}],"curies":[{"name":"wp","href":"https:\/\/api.w.org\/{rel}","templated":true}]}}