{"id":20835,"date":"2024-09-30T21:32:24","date_gmt":"2024-09-30T19:32:24","guid":{"rendered":"https:\/\/pb.edu.pl\/iros\/?page_id=20835"},"modified":"2025-11-21T11:09:47","modified_gmt":"2025-11-21T10:09:47","slug":"dokumenty","status":"publish","type":"page","link":"https:\/\/pb.edu.pl\/iros\/projekty-nawa\/prom-2024\/dokumenty\/","title":{"rendered":"Dokumenty"},"content":{"rendered":"<div class=\"row\">\n<div class=\"col-sm-6\">\n<p><span style=\"font-size: 12pt\">Og\u00f3lne zasady projektu PROM 2024<\/span><\/p>\n<p><span style=\"font-size: 12pt\"><a class=\"pdf\" href=\"https:\/\/pb.edu.pl\/iros\/wp-content\/uploads\/sites\/24\/2025\/10\/Regulamin-projektu-PROM-zmiana-okresu-trwania-projektu-do-31.12.2025.pdf\" target=\"_blank\" rel=\"noopener\" data-id=\"22112\">Regulamin projektu PROM (PDF, 230 KB, otworzy si\u0119 w nowej karcie)<\/a><\/span><\/p>\n<p><span style=\"font-size: 12pt\">Pozosta\u0142e dokumenty dost\u0119pne online w poni\u017cszym odno\u015bniku:<\/span><\/p>\n<p><span style=\"font-size: 12pt\"><a href=\"https:\/\/box.biaman.pl\/d\/2a4ce844ce754e098f91\/\">BOX BIAMAN &#8211; DOKUMENTY PROM 2024<\/a><\/span><\/p>\n<p><span style=\"font-size: 12pt\"><strong>Dokumenty nale\u017cy drukowa\u0107 w kolorze!<\/strong><\/span><\/p>\n<\/div>\n<div class=\"col-sm-6\">\n<p><span style=\"font-size: 12pt\">General regulations of PROM 2024 project<\/span><\/p>\n<p><span style=\"font-size: 12pt\"><a class=\"pdf\" href=\"https:\/\/pb.edu.pl\/iros\/wp-content\/uploads\/sites\/24\/2025\/10\/Regulations-of-PROM-project-change-of-dates.pdf\" target=\"_blank\" rel=\"noopener\" data-id=\"22180\">Regulations of PROM project (PDF, 222 KB, otworzy si\u0119 w nowej karcie)<\/a><\/span><\/p>\n<p><span style=\"font-size: 12pt\">Other documents can be found in the online access:<\/span><\/p>\n<p><span style=\"font-size: 12pt\"><a href=\"https:\/\/box.biaman.pl\/d\/6769a85820284e2d9fac\/\">BOX BIAMAN &#8211; DOCUMENTS PROM 2024<\/a><\/span><\/p>\n<p><span style=\"font-size: 12pt\"><strong>Documents must be printed in colour!<\/strong><\/span><\/p>\n<\/div>\n<\/div>\n<p>&nbsp;<\/p>\n<p>Dokumenty wydzia\u0142owe:<br \/>\n<div class=\"panel-group\" id=\"custom-collapse-0\">\n<div class=\"panel panel-default\">\n\t\t\t\t<div class=\"panel-heading\">\n\t\t\t\t\t<div class=\"panel-title\">\n\t\t\t\t\t\t<a class=\"collapsed h4\" data-toggle=\"collapse\" data-parent=\"#custom-collapse-0\" href=\"#custom-collapse-0-0\">Wydzia\u0142 Mechaniczny<\/a>\n\t\t\t\t\t<\/div>\n\t\t\t\t<\/div>\n\t\t\t\t<div id=\"custom-collapse-0-0\" class=\"panel-collapse collapse\">\n\t\t\t\t\t<div class=\"panel-body\">\n<p><strong>PL<\/strong><\/p>\n<p><a class=\"pdf\" href=\"https:\/\/pb.edu.pl\/iros\/wp-content\/uploads\/sites\/24\/2025\/01\/Wydzialowy-Regulamin-Rekrutacji-do-projektu-PROM-2024-Wydzial-Mechaniczny.pdf\" target=\"_blank\" rel=\"noopener\" data-id=\"22382\">Wydzialowy Regulamin Rekrutacji do projektu PROM 2024 Wydzia\u0142 Mechaniczny (PDF, 213 KB, otworzy si\u0119 w nowej karcie)<\/a><\/p>\n<p><a class=\"pdf\" href=\"https:\/\/pb.edu.pl\/iros\/wp-content\/uploads\/sites\/24\/2025\/01\/Zal-nr-3-Formularz-zgloszeniowy-kandydata-do-projektu-PROM_WM.pdf\" target=\"_blank\" rel=\"noopener\" data-id=\"22752\">Formularz zgloszeniowy kandydata do projektu PROM_WM (PDF, 218 KB, otworzy si\u0119 w nowej karcie)<\/a><\/p>\n<p><strong>ENG<\/strong><\/p>\n<p><a class=\"pdf\" href=\"https:\/\/pb.edu.pl\/iros\/wp-content\/uploads\/sites\/24\/2025\/01\/Faculty-of-Mechanical-Engineering-Regulations-for-Recruitment-to-the-Project.pdf\" target=\"_blank\" rel=\"noopener\" data-id=\"22739\">Faculty of Mechanical Engineering Regulations for Recruitment to the Project (PDF, 203 KB, otworzy si\u0119 w nowej karcie)<\/a><\/p>\n<p><a class=\"pdf\" href=\"https:\/\/pb.edu.pl\/iros\/wp-content\/uploads\/sites\/24\/2025\/01\/Application-form-of-the-candidate-Faculty-of-Mechanical-Engineering.pdf\" target=\"_blank\" rel=\"noopener\" data-id=\"22745\">Application form of the candidate Faculty of Mechanical Engineering (PDF, 209 KB, otworzy si\u0119 w nowej karcie)<\/a><br \/>\n<\/div>\n\t\t\t\t<\/div>\n\t\t\t<\/div>\n<div class=\"panel panel-default\">\n\t\t\t\t<div class=\"panel-heading\">\n\t\t\t\t\t<div class=\"panel-title\">\n\t\t\t\t\t\t<a class=\"collapsed h4\" data-toggle=\"collapse\" data-parent=\"#custom-collapse-0\" href=\"#custom-collapse-0-1\">Wydzia\u0142 Budownictwa i Nauk o \u015arodowisku<\/a>\n\t\t\t\t\t<\/div>\n\t\t\t\t<\/div>\n\t\t\t\t<div id=\"custom-collapse-0-1\" class=\"panel-collapse collapse\">\n\t\t\t\t\t<div class=\"panel-body\">\n<p><strong>PL<\/strong><\/p>\n<p><a class=\"pdf\" href=\"https:\/\/pb.edu.pl\/iros\/wp-content\/uploads\/sites\/24\/2025\/02\/WBiNS-Wydzialowy-Regulamin-Rekrutacji-do-projektu-PROM-2024-1-1.pdf\" target=\"_blank\" rel=\"noopener\" data-id=\"23147\">Wydzia\u0142owy Regulamin Rekrutacji do projektu PROM 2024 (PDF, 157 KB, otworzy si\u0119 w nowej karcie)<\/a><\/p>\n<p><a class=\"pdf\" href=\"https:\/\/pb.edu.pl\/iros\/wp-content\/uploads\/sites\/24\/2025\/11\/Szczegolowy-Regulamin-Rekrutacji-do-projektu-PROM-2024-Nauki-Lesne.pdf\" target=\"_blank\" rel=\"noopener\" data-id=\"27990\">Szczeg\u00f3\u0142owy Regulamin Rekrutacji do projektu PROM 2024 Nauki Le\u015bne (PDF, 249 KB, otworzy si\u0119 w nowej karcie)<\/a><\/p>\n<p><a class=\"pdf\" href=\"https:\/\/pb.edu.pl\/iros\/wp-content\/uploads\/sites\/24\/2025\/02\/wizyta-studyjna-UPM_Szczegolowy-Regulamin-Rekrutacji-do-projektu-PROM-2025-1.pdf\" target=\"_blank\" rel=\"noopener\" data-id=\"23152\">Wizyta studyjna UPM Szczegolowy Regulamin Rekrutacji do projektu PROM 2024 (PDF, 184 KB, otworzy si\u0119 w nowej karcie)<\/a><\/p>\n<p><a class=\"pdf\" href=\"https:\/\/pb.edu.pl\/iros\/wp-content\/uploads\/sites\/24\/2025\/02\/Szkola-letnia_Szczegolowy-Regulamin-Rekrutacji-do-projektu-PROM-2024-1.pdf\" target=\"_blank\" rel=\"noopener\" data-id=\"23163\">Szko\u0142a letnia PROM Szczeg\u00f3\u0142owy Regulamin Rekrutacji do projektu PROM 2024 (PDF, 314 KB, otworzy si\u0119 w nowej karcie)<\/a><\/p>\n<p><a class=\"pdf\" href=\"https:\/\/pb.edu.pl\/iros\/wp-content\/uploads\/sites\/24\/2025\/03\/wizyta-studyjna-USA_Szczegolowy-Regulamin-Rekrutacji-do-projektu-PROM-2024-1.pdf\" target=\"_blank\" rel=\"noopener\" data-id=\"23223\">Wizyta studyjna USA &#8211; Szczeg\u00f3\u0142owy Regulamin Rekrutacji do projektu PROM 2024 (PDF, 273 KB, otworzy si\u0119 w nowej karcie)<\/a><\/p>\n<p><strong>ENG<\/strong><\/p>\n<p><a class=\"pdf\" href=\"https:\/\/pb.edu.pl\/iros\/wp-content\/uploads\/sites\/24\/2025\/02\/Faculty-Regulations-for-Recruitment-PROM-2024-Civil-Engineering-and-Environmental-Sciences-ENG-1.pdf\" target=\"_blank\" rel=\"noopener\" data-id=\"23154\">Faculty Regulations for Recruitment PROM 2024 Civil Engineering and Environmental Sciences ENG (PDF, 149 KB, otworzy si\u0119 w nowej karcie)<\/a><\/p>\n<p><a class=\"pdf\" href=\"https:\/\/pb.edu.pl\/iros\/wp-content\/uploads\/sites\/24\/2025\/11\/Specific-Regulations-for-Recruitment-PROM-2024_WBNS_Faculty-of-Forestry-ENG.pdf\" target=\"_blank\" rel=\"noopener\" data-id=\"27992\">Specific Regulations for Recruitment PROM 2024_WBNS_Faculty of Forestry ENG (PDF, 234 KB, otworzy si\u0119 w nowej karcie)<\/a><\/p>\n<p><a class=\"pdf\" href=\"https:\/\/pb.edu.pl\/iros\/wp-content\/uploads\/sites\/24\/2025\/02\/Specific-Regulations-for-Recruitment-for-Study-Visit-to-Universidad-Politecnica-de-Madrid-PROM-2025-ENG-1.pdf\" target=\"_blank\" rel=\"noopener\" data-id=\"23158\">Specific Regulations for Recruitment for Study Visit to Universidad Politecnica de Madrid PROM 2024 ENG (PDF, 186 KB, otworzy si\u0119 w nowej karcie)<\/a><\/p>\n<p><a class=\"pdf\" href=\"https:\/\/pb.edu.pl\/iros\/wp-content\/uploads\/sites\/24\/2025\/02\/Specific-Regulations-for-Recruitment-to-the-Summer-School-2025-PROM-2024-ENG.pdf\" target=\"_blank\" rel=\"noopener\" data-id=\"23161\">Specific Regulations for Recruitment to the Summer School 2025 PROM 2024 ENG (PDF, 312 KB, otworzy si\u0119 w nowej karcie)<\/a><\/p>\n<p><a class=\"pdf\" href=\"https:\/\/pb.edu.pl\/iros\/wp-content\/uploads\/sites\/24\/2025\/03\/Specific-Regulations-for-Recruitment-for-Study-Visits-to-the-USA-2025-PROM-2024-1.pdf\" target=\"_blank\" rel=\"noopener\" data-id=\"23225\">Specific Regulations for Recruitment for Study Visit to the USA 2025 PROM 2024 (PDF, 278 KB, otworzy si\u0119 w nowej karcie)<\/a><\/p>\n<\/div>\n\t\t\t\t<\/div>\n\t\t\t<\/div>\n<div class=\"panel panel-default\">\n\t\t\t\t<div class=\"panel-heading\">\n\t\t\t\t\t<div class=\"panel-title\">\n\t\t\t\t\t\t<a class=\"collapsed h4\" data-toggle=\"collapse\" data-parent=\"#custom-collapse-0\" href=\"#custom-collapse-0-2\">Wydzia\u0142 Architektury<\/a>\n\t\t\t\t\t<\/div>\n\t\t\t\t<\/div>\n\t\t\t\t<div id=\"custom-collapse-0-2\" class=\"panel-collapse collapse\">\n\t\t\t\t\t<div class=\"panel-body\">\n<p><strong>PL<\/strong><\/p>\n<p><a class=\"pdf\" href=\"https:\/\/pb.edu.pl\/iros\/wp-content\/uploads\/sites\/24\/2025\/04\/Wydzialowy-Regulamin-Rekrutacji-do-projektu-PROM-2025_WAPB.pdf\" target=\"_blank\" rel=\"noopener\" data-id=\"23897\">Wydzia\u0142owy Regulamin Rekrutacji do projektu PROM 2025_WAPB (PDF, 197 KB, otworzy si\u0119 w nowej karcie)<\/a><\/p>\n<p><a class=\"pdf\" href=\"https:\/\/pb.edu.pl\/iros\/wp-content\/uploads\/sites\/24\/2025\/04\/Zal-nr-3-Formularz-zgloszeniowy-kandydata-do-projektu-PROM_WA.pdf\" target=\"_blank\" rel=\"noopener\" data-id=\"23899\">Formularz zg\u0142oszeniowy kandydata do projektu PROM_WA (PDF, 218 KB, otworzy si\u0119 w nowej karcie)<\/a><\/p>\n<p><strong>ENG<\/strong><\/p>\n<p><a class=\"pdf\" href=\"https:\/\/pb.edu.pl\/iros\/wp-content\/uploads\/sites\/24\/2025\/10\/Faculty-Regulations-for-Recruitment-to-the-Project-FACULTY-OF-ARCHITECTURE.pdf\" target=\"_blank\" rel=\"noopener\" data-id=\"27740\">Faculty Regulations for Recruitment to the Project Faculty of Architecture (PDF, 175 KB, otworzy si\u0119 w nowej karcie)<\/a><\/p>\n<p><a class=\"pdf\" href=\"https:\/\/pb.edu.pl\/iros\/wp-content\/uploads\/sites\/24\/2025\/04\/Application-form-of-the-candidate-Faculty-of-Architecture.pdf\" target=\"_blank\" rel=\"noopener\" data-id=\"23901\">Application form of the candidate Faculty of Architecture (PDF, 227 KB, otworzy si\u0119 w nowej karcie)<\/a><\/p>\n<\/div>\n\t\t\t\t<\/div>\n\t\t\t<\/div>\n<div class=\"panel panel-default\">\n\t\t\t\t<div class=\"panel-heading\">\n\t\t\t\t\t<div class=\"panel-title\">\n\t\t\t\t\t\t<a class=\"collapsed h4\" data-toggle=\"collapse\" data-parent=\"#custom-collapse-0\" href=\"#custom-collapse-0-3\">Wydzia\u0142 Elektryczny<\/a>\n\t\t\t\t\t<\/div>\n\t\t\t\t<\/div>\n\t\t\t\t<div id=\"custom-collapse-0-3\" class=\"panel-collapse collapse\">\n\t\t\t\t\t<div class=\"panel-body\">\n<p><strong>PL<\/strong><\/p>\n<p><a class=\"pdf\" href=\"https:\/\/pb.edu.pl\/iros\/wp-content\/uploads\/sites\/24\/2025\/10\/Wydzialowy-Regulamin-Rekrutacji-do-projektu-PROM-2024-WE.pdf\" target=\"_blank\" rel=\"noopener\" data-id=\"27735\">Wydzia\u0142owy Regulamin Rekrutacji do projektu PROM 2024 WE (PDF, 698 KB, otworzy si\u0119 w nowej karcie)<\/a><\/p>\n<p><a class=\"pdf\" href=\"https:\/\/pb.edu.pl\/iros\/wp-content\/uploads\/sites\/24\/2025\/02\/Formularz-zgloszeniowy-kandydata-do-projektu-PROM-WE.pdf\" target=\"_blank\" rel=\"noopener\" data-id=\"22939\">Formularz zg\u0142oszeniowy kandydata do projektu PROM WE (PDF, 218 KB, otworzy si\u0119 w nowej karcie)<\/a><\/p>\n<p><strong>ENG<\/strong><\/p>\n<p><a class=\"pdf\" href=\"https:\/\/pb.edu.pl\/iros\/wp-content\/uploads\/sites\/24\/2025\/10\/Faculty-Regulations-for-Recruitment-PROM-2024-WE-ENG.pdf\" target=\"_blank\" rel=\"noopener\" data-id=\"27737\">Faculty Regulations for Recruitment PROM 2024 WE ENG (PDF, 696 KB, otworzy si\u0119 w nowej karcie)<\/a><\/p>\n<p><a class=\"pdf\" href=\"https:\/\/pb.edu.pl\/iros\/wp-content\/uploads\/sites\/24\/2025\/02\/Application-form-of-the-candidate-for-the-PROM-WE-1.pdf\" target=\"_blank\" rel=\"noopener\" data-id=\"23086\">Application form of the candidate for the PROM WE (PDF, 209 KB, otworzy si\u0119 w nowej karcie)<\/a><\/p>\n<\/div>\n\t\t\t\t<\/div>\n\t\t\t<\/div>\n<div class=\"panel panel-default\">\n\t\t\t\t<div class=\"panel-heading\">\n\t\t\t\t\t<div class=\"panel-title\">\n\t\t\t\t\t\t<a class=\"collapsed h4\" data-toggle=\"collapse\" data-parent=\"#custom-collapse-0\" href=\"#custom-collapse-0-4\">Wydzia\u0142 Informatyki<\/a>\n\t\t\t\t\t<\/div>\n\t\t\t\t<\/div>\n\t\t\t\t<div id=\"custom-collapse-0-4\" class=\"panel-collapse collapse\">\n\t\t\t\t\t<div class=\"panel-body\">\n<p><strong>PL<\/strong><\/p>\n<p><a class=\"pdf\" href=\"https:\/\/pb.edu.pl\/iros\/wp-content\/uploads\/sites\/24\/2025\/02\/Wydzialowy-Regulamin-Rekrutacji-do-projektu-PROM-2024_WI-1.pdf\" target=\"_blank\" rel=\"noopener\" data-id=\"22847\">Wydzia\u0142owy Regulamin Rekrutacji do projektu PROM 2024 WI (PDF, 237 KB, otworzy si\u0119 w nowej karcie)<\/a><\/p>\n<p>Formularz zg\u0142oszeniowy online: <a href=\"https:\/\/forms.office.com\/pages\/responsepage.aspx?id=jfpgeCGkpUCDJwcSAm6Q5HK30MKqDBlCsbtVQHkANEtUMk1SS05DQ05FUlEyU0E2NDRFM1BMQ1dVTy4u&amp;origin=lprLink&amp;route=shorturl\">LINK<\/a><\/p>\n<p><strong>ENG<\/strong><\/p>\n<p><a class=\"pdf\" href=\"https:\/\/pb.edu.pl\/iros\/wp-content\/uploads\/sites\/24\/2025\/02\/Faculty-Regulations-for-Recruitment-to-the-Project-PROM-2024_WI-ENG.pdf\" target=\"_blank\" rel=\"noopener\" data-id=\"22849\">Faculty Regulations for Recruitment to the Project PROM 2024_WI ENG (PDF, 223 KB, otworzy si\u0119 w nowej karcie)<\/a><\/p>\n<p>Application form online: <a href=\"https:\/\/forms.office.com\/pages\/responsepage.aspx?id=jfpgeCGkpUCDJwcSAm6Q5HK30MKqDBlCsbtVQHkANEtUMk1SS05DQ05FUlEyU0E2NDRFM1BMQ1dVTy4u&amp;origin=lprLink&amp;route=shorturl\">LINK<\/a><\/p>\n<\/div>\n\t\t\t\t<\/div>\n\t\t\t<\/div>\n<div class=\"panel panel-default\">\n\t\t\t\t<div class=\"panel-heading\">\n\t\t\t\t\t<div class=\"panel-title\">\n\t\t\t\t\t\t<a class=\"collapsed h4\" data-toggle=\"collapse\" data-parent=\"#custom-collapse-0\" href=\"#custom-collapse-0-5\">Wydzia\u0142 In\u017cynierii Zarz\u0105dzania<\/a>\n\t\t\t\t\t<\/div>\n\t\t\t\t<\/div>\n\t\t\t\t<div id=\"custom-collapse-0-5\" class=\"panel-collapse collapse\">\n\t\t\t\t\t<div class=\"panel-body\">\n<p><strong>PL<\/strong><\/p>\n<p><a class=\"pdf\" href=\"https:\/\/pb.edu.pl\/iros\/wp-content\/uploads\/sites\/24\/2025\/01\/Wydzialowy-Regulamin-Rekrutacji-do-projektu-PROM-2024_WIZ.pdf\" target=\"_blank\" rel=\"noopener\" data-id=\"22748\">Wydzia\u0142owy Regulamin Rekrutacji do projektu PROM 2024_WIZ (PDF, 182 KB, otworzy si\u0119 w nowej karcie)<\/a><\/p>\n<p><a class=\"pdf\" href=\"https:\/\/pb.edu.pl\/iros\/wp-content\/uploads\/sites\/24\/2025\/01\/Zal.-nr-2.-Formularz-zgloszeniowy-kandydata-do-projektu-PROM_WIZ.pdf\" target=\"_blank\" rel=\"noopener\" data-id=\"22750\">Formularz zg\u0142oszeniowy kandydata do projektu PROM_WIZ (PDF, 220 KB, otworzy si\u0119 w nowej karcie)<\/a><\/p>\n<p><strong>ENG<\/strong><\/p>\n<p><a class=\"pdf\" href=\"https:\/\/pb.edu.pl\/iros\/wp-content\/uploads\/sites\/24\/2025\/01\/Faculty-Regulations-for-Recruitment-to-the-Project-FACULTY-OF-MANAGEMENT-ENGINEERING.pdf\" target=\"_blank\" rel=\"noopener\" data-id=\"22741\">Faculty Regulations for Recruitment to the Project FACULTY OF MANAGEMENT ENGINEERING (PDF, 173 KB, otworzy si\u0119 w nowej karcie)<\/a><\/p>\n<p><a class=\"pdf\" href=\"https:\/\/pb.edu.pl\/iros\/wp-content\/uploads\/sites\/24\/2025\/01\/Annex-2-Application-form-Faculty-of-Management-Engineering.pdf\" target=\"_blank\" rel=\"noopener\" data-id=\"22743\">Application form Faculty of Management Engineering (PDF, 212 KB, otworzy si\u0119 w nowej karcie)<\/a><\/p>\n<\/div>\n\t\t\t\t<\/div>\n\t\t\t<\/div>\n<\/div>\n","protected":false},"excerpt":{"rendered":"<p>Og\u00f3lne zasady projektu PROM 2024 Regulamin projektu PROM (PDF, 230 KB, otworzy si\u0119 w nowej<\/p>\n","protected":false},"author":2,"featured_media":0,"parent":20804,"menu_order":4,"comment_status":"closed","ping_status":"closed","template":"","meta":{"_acf_changed":false,"ngg_post_thumbnail":0,"footnotes":""},"class_list":["post-20835","page","type-page","status-publish","hentry"],"acf":[],"_links":{"self":[{"href":"https:\/\/pb.edu.pl\/iros\/wp-json\/wp\/v2\/pages\/20835","targetHints":{"allow":["GET"]}}],"collection":[{"href":"https:\/\/pb.edu.pl\/iros\/wp-json\/wp\/v2\/pages"}],"about":[{"href":"https:\/\/pb.edu.pl\/iros\/wp-json\/wp\/v2\/types\/page"}],"author":[{"embeddable":true,"href":"https:\/\/pb.edu.pl\/iros\/wp-json\/wp\/v2\/users\/2"}],"replies":[{"embeddable":true,"href":"https:\/\/pb.edu.pl\/iros\/wp-json\/wp\/v2\/comments?post=20835"}],"version-history":[{"count":0,"href":"https:\/\/pb.edu.pl\/iros\/wp-json\/wp\/v2\/pages\/20835\/revisions"}],"up":[{"embeddable":true,"href":"https:\/\/pb.edu.pl\/iros\/wp-json\/wp\/v2\/pages\/20804"}],"wp:attachment":[{"href":"https:\/\/pb.edu.pl\/iros\/wp-json\/wp\/v2\/media?parent=20835"}],"curies":[{"name":"wp","href":"https:\/\/api.w.org\/{rel}","templated":true}]}}