{"id":20832,"date":"2024-09-30T21:31:11","date_gmt":"2024-09-30T19:31:11","guid":{"rendered":"https:\/\/pb.edu.pl\/iros\/?page_id=20832"},"modified":"2025-05-27T11:34:20","modified_gmt":"2025-05-27T09:34:20","slug":"rekrutacja","status":"publish","type":"page","link":"https:\/\/pb.edu.pl\/iros\/projekty-nawa\/prom-2024\/rekrutacja\/","title":{"rendered":"Rekrutacja"},"content":{"rendered":"<p><span style=\"font-size: 12pt\">Rekrutacja do dzia\u0142a\u0144 projektowych jest koordynowana na poszczeg\u00f3lnych wydzia\u0142ach Uczelni. Informacje na temat rekrutacji wydzia\u0142owych dost\u0119pne s\u0105 w poni\u017cszych odno\u015bnikach:<\/span><\/p>\n<p><span style=\"font-size: 12pt\"><a href=\"https:\/\/wm.pb.edu.pl\/umiedzynarodowienie\/nawa\/prom-2024\/\">Wydzia\u0142 Mechaniczny<\/a><\/span><br \/>\n<a href=\"https:\/\/wb.pb.edu.pl\/umiedzynarodowienie\/nawa\/\"><span style=\"font-size: 12pt\">Wydzia\u0142 Budownictwa i Nauk o \u015arodowisku<\/span><\/a><br \/>\n<span style=\"font-size: 12pt\"><a title=\"\" href=\"https:\/\/wa.pb.edu.pl\/umiedzynarodowienie\/wymiana-w-ramach-nawa-prom\/\">Wydzia\u0142 Architektury<\/a><\/span><br \/>\n<a href=\"https:\/\/we.pb.edu.pl\/umiedzynarodowienie\/nawa\/\"><span style=\"font-size: 12pt\">Wydzia\u0142 Elektryczny<\/span><\/a><br \/>\n<a href=\"https:\/\/wi.pb.edu.pl\/umiedzynarodowienie\/nawa\/\"><span style=\"font-size: 12pt\">Wydzia\u0142 Informatyki<\/span><\/a><br \/>\n<a href=\"https:\/\/wiz.pb.edu.pl\/umiedzynarodowienie\/nawa\/prom-2024\/\"><span style=\"font-size: 12pt\">Wydzia\u0142 In\u017cynierii Zarz\u0105dzania<\/span><\/a><\/p>\n<p>&nbsp;<\/p>\n<p><a class=\"pdf\" href=\"https:\/\/pb.edu.pl\/iros\/wp-content\/uploads\/sites\/24\/2025\/05\/Roznorodnosc-Inkluzja-i-Rownosc-w-Procesie-Rekrutacyjnym\u2013-wytyczne-dr.-J.-Szydlo-1.pdf\" target=\"_blank\" rel=\"noopener\" data-id=\"25019\"><span style=\"font-size: 12pt\">Rekrutacyjne Zalecenia Doradcy ds. Polityk Horyzontalnych (PDF, 227 KB, otworzy si\u0119 w nowej karcie)<\/span><\/a><\/p>\n","protected":false},"excerpt":{"rendered":"<p>Rekrutacja do dzia\u0142a\u0144 projektowych jest koordynowana na poszczeg\u00f3lnych wydzia\u0142ach Uczelni. Informacje na temat rekrutacji wydzia\u0142owych<\/p>\n","protected":false},"author":2,"featured_media":0,"parent":20804,"menu_order":3,"comment_status":"closed","ping_status":"closed","template":"","meta":{"_acf_changed":false,"ngg_post_thumbnail":0,"footnotes":""},"class_list":["post-20832","page","type-page","status-publish","hentry"],"acf":[],"_links":{"self":[{"href":"https:\/\/pb.edu.pl\/iros\/wp-json\/wp\/v2\/pages\/20832","targetHints":{"allow":["GET"]}}],"collection":[{"href":"https:\/\/pb.edu.pl\/iros\/wp-json\/wp\/v2\/pages"}],"about":[{"href":"https:\/\/pb.edu.pl\/iros\/wp-json\/wp\/v2\/types\/page"}],"author":[{"embeddable":true,"href":"https:\/\/pb.edu.pl\/iros\/wp-json\/wp\/v2\/users\/2"}],"replies":[{"embeddable":true,"href":"https:\/\/pb.edu.pl\/iros\/wp-json\/wp\/v2\/comments?post=20832"}],"version-history":[{"count":0,"href":"https:\/\/pb.edu.pl\/iros\/wp-json\/wp\/v2\/pages\/20832\/revisions"}],"up":[{"embeddable":true,"href":"https:\/\/pb.edu.pl\/iros\/wp-json\/wp\/v2\/pages\/20804"}],"wp:attachment":[{"href":"https:\/\/pb.edu.pl\/iros\/wp-json\/wp\/v2\/media?parent=20832"}],"curies":[{"name":"wp","href":"https:\/\/api.w.org\/{rel}","templated":true}]}}