{"id":20828,"date":"2024-09-30T21:26:55","date_gmt":"2024-09-30T19:26:55","guid":{"rendered":"https:\/\/pb.edu.pl\/iros\/?page_id=20828"},"modified":"2025-10-02T09:09:20","modified_gmt":"2025-10-02T07:09:20","slug":"o-projekcie","status":"publish","type":"page","link":"https:\/\/pb.edu.pl\/iros\/projekty-nawa\/prom-2024\/o-projekcie\/","title":{"rendered":"O projekcie"},"content":{"rendered":"<p>Projekt PROM jest odpowiedzi\u0105 na ogromne zapotrzebowanie i zainteresowanie pracownik\u00f3w, doktorant\u00f3w oraz student\u00f3w mo\u017cliwo\u015bci\u0105 odbycia kr\u00f3tkookresowej wymiany mi\u0119dzynarodowej, umo\u017cliwiaj\u0105cej nabycie kompetencji. Potencjalni Uczestnicy \u015bwiadomi s\u0105 korzy\u015bci p\u0142yn\u0105cych z mi\u0119dzynarodowej mobilno\u015bci, kt\u00f3ra otwiera horyzonty, pozwala doskonali\u0107 j\u0119zyki obce, specjalistyczn\u0105 wiedz\u0119 i umiej\u0119tno\u015bci, jak r\u00f3wnie\u017c kompetencje mi\u0119kkie (komunikacja, kreatywno\u015b\u0107, zrozumienie r\u00f3\u017cnic kulturowych, oswajanie odmienno\u015bci, godzenie r\u00f3\u017cnych system\u00f3w warto\u015bci i zachowa\u0144, radzenie sobie ze zmian\u0105 i niepewno\u015bci\u0105). Kr\u00f3tkookresowa wymiana stypendialna przyczyni si\u0119 do rozwoju umi\u0119dzynarodowienia PB wpisuj\u0105c si\u0119 w realizacj\u0119 Strategii Umi\u0119dzynarodowienia PB. W\u0142\u0105czenie w proces kszta\u0142cenia mo\u017cliwo\u015bci zdobycia do\u015bwiadcze\u0144 mi\u0119dzynarodowych, odbycia sta\u017cy\/praktyk\/wizyt studyjnych w odmiennym \u015brodowisku oraz poznania r\u00f3\u017cnorodno\u015bci kulturowej i j\u0119zykowej przyczyni si\u0119 do podniesienia jako\u015bci kszta\u0142cenia.<\/p>\n<p>&nbsp;<\/p>\n<p>Politechnika Bia\u0142ostocka na realizacj\u0119 projektu \u201ePROM- kr\u00f3tkookresowa wymiana akademicka\u201d otrzyma\u0142a 1 967 479,99 z\u0142. G\u0142\u00f3wnym jego celem jest rozw\u00f3j kompetencji student\u00f3w, doktorant\u00f3w i kadry akademickiej Politechniki Bia\u0142ostockiej i przedstawicieli zagranicznych podmiot\u00f3w szkolnictwa wy\u017cszego i nauki z zagranicy poprzez realizacj\u0119 kr\u00f3tkookresowych mi\u0119dzynarodowych wymian stypendialnych, trwaj\u0105cych od 5 do 30 dni.<\/p>\n<p>Przedsi\u0119wzi\u0119cie b\u0119dzie realizowane od 01.10.2024 r. do 31.12.2025 r. Skorzysta z niego \u0142\u0105cznie 220 os\u00f3b, w tym 115 student\u00f3w, 63 doktorant\u00f3w, 42 nauczycieli akademickich.<\/p>\n<p>&nbsp;<\/p>\n<p>Projekt umo\u017cliwi wyjazdy student\u00f3w\/doktorant\u00f3w\/pracownik\u00f3w Politechniki Bia\u0142ostockiej do o\u015brodk\u00f3w za granic\u0105 z tytu\u0142u:<\/p>\n<p>&nbsp;<\/p>\n<ul>\n<li>wizyt studyjnych w celu kontynuacji dotychczasowej wsp\u00f3\u0142pracy, b\u0105d\u017a nawi\u0105zania nowych kontakt\u00f3w w uznanych o\u015brodkach badawczych i renomowanych uczelniach zagranicznych, m.in. University of Colorado, Colorado Springs (USA), Universidad Polit\u00e9cnica de Madrid (Hiszpania), TUD Dresden University of Technology (Niemcy), Maharaja Sayajirao University of Baroda (Indie), Uka Tarsadia University (Indie), Universidad Iberoamericana (Meksyk), TalTech Tallinn University of Technology (Estonia);<\/li>\n<li>udzia\u0142u w warsztatach i kursach organizowanych przez wiod\u0105ce instytucje akademickie i badawcze,<\/li>\n<li>pozyskania materia\u0142\u00f3w do artyku\u0142\u00f3w naukowych, prac doktorskich;<\/li>\n<li>udzia\u0142u w konferencjach organizowanych przez renomowane i uznane w \u015brodowisku naukowym o\u015brodki.<\/li>\n<\/ul>\n<p>&nbsp;<\/p>\n<p>Politechnika Bia\u0142ostocka b\u0119dzie r\u00f3wnie\u017c go\u015bci\u0107 student\u00f3w, doktorant\u00f3w i kadr\u0119 z uczelni zagranicznych, kt\u00f3rzy:<\/p>\n<p>&nbsp;<\/p>\n<ul>\n<li>wezm\u0105 udzia\u0142 w interdyscyplinarnych szko\u0142ach letnich;<\/li>\n<li>b\u0119d\u0105 uczestniczy\u0107 w mi\u0119dzynarodowej konferencji Digital Architecture Research DARe na Wydziale Architektury PB;<\/li>\n<li>przyjad\u0105 na Politechnik\u0119 Bia\u0142ostock\u0105 w ramach wizyt studyjnych;<\/li>\n<li>przy wsparciu opiekun\u00f3w naukowych z Politechniki Bia\u0142ostockiej, b\u0119d\u0105 chcieli pozyska\u0107 materia\u0142y do prac doktorskich, czy artyku\u0142\u00f3w naukowych.<\/li>\n<\/ul>\n<p>&nbsp;<\/p>\n<p>Program \u201ePROM \u2013 kr\u00f3tkookresowa wymiana akademicka\u201d jest finansowany ze \u015brodk\u00f3w Unii Europejskiej z Funduszu Europejskiego dla Rozwoju Spo\u0142ecznego 2021-2027 (FERS) w ramach projektu NAWA pt. \u201eKr\u00f3tkookresowa wymiana akademicka sposobem na podniesienie jako\u015bci kszta\u0142cenia w instytucjach szkolnictwa wy\u017cszego i nauki\u201d o numerze FERS.01.05-IP.08-0218\/23.<\/p>\n","protected":false},"excerpt":{"rendered":"<p>Projekt PROM jest odpowiedzi\u0105 na ogromne zapotrzebowanie i zainteresowanie pracownik\u00f3w, doktorant\u00f3w oraz student\u00f3w mo\u017cliwo\u015bci\u0105 odbycia<\/p>\n","protected":false},"author":2,"featured_media":0,"parent":20804,"menu_order":2,"comment_status":"closed","ping_status":"closed","template":"","meta":{"_acf_changed":false,"ngg_post_thumbnail":0,"footnotes":""},"class_list":["post-20828","page","type-page","status-publish","hentry"],"acf":[],"_links":{"self":[{"href":"https:\/\/pb.edu.pl\/iros\/wp-json\/wp\/v2\/pages\/20828","targetHints":{"allow":["GET"]}}],"collection":[{"href":"https:\/\/pb.edu.pl\/iros\/wp-json\/wp\/v2\/pages"}],"about":[{"href":"https:\/\/pb.edu.pl\/iros\/wp-json\/wp\/v2\/types\/page"}],"author":[{"embeddable":true,"href":"https:\/\/pb.edu.pl\/iros\/wp-json\/wp\/v2\/users\/2"}],"replies":[{"embeddable":true,"href":"https:\/\/pb.edu.pl\/iros\/wp-json\/wp\/v2\/comments?post=20828"}],"version-history":[{"count":0,"href":"https:\/\/pb.edu.pl\/iros\/wp-json\/wp\/v2\/pages\/20828\/revisions"}],"up":[{"embeddable":true,"href":"https:\/\/pb.edu.pl\/iros\/wp-json\/wp\/v2\/pages\/20804"}],"wp:attachment":[{"href":"https:\/\/pb.edu.pl\/iros\/wp-json\/wp\/v2\/media?parent=20828"}],"curies":[{"name":"wp","href":"https:\/\/api.w.org\/{rel}","templated":true}]}}