{"id":20826,"date":"2024-09-30T21:25:55","date_gmt":"2024-09-30T19:25:55","guid":{"rendered":"https:\/\/pb.edu.pl\/iros\/?page_id=20826"},"modified":"2025-12-02T10:36:37","modified_gmt":"2025-12-02T09:36:37","slug":"harmonogramy","status":"publish","type":"page","link":"https:\/\/pb.edu.pl\/iros\/projekty-nawa\/prom-2024\/harmonogramy\/","title":{"rendered":"Harmonogramy"},"content":{"rendered":"<p><a class=\"pdf\" href=\"https:\/\/pb.edu.pl\/iros\/wp-content\/uploads\/sites\/24\/2025\/11\/harmonogram-form-wsparcia-dla-uczestnikow-projektu-PROM-WE-1.pdf\" target=\"_blank\" rel=\"noopener\" data-id=\"28089\">Harmonogram form wsparcia dla uczestnik\u00f3w projektu PROM &#8211; Wydzia\u0142 Elektryczny (PDF, 288 KB, otworzy si\u0119 w nowej karcie)<\/a><br \/>\n<a class=\"xlsx\" title=\"pobierz plik\" href=\"https:\/\/pb.edu.pl\/iros\/wp-content\/uploads\/sites\/24\/2025\/11\/aktualizacja_harmonogramu-form-wsparcia-dla-uczestnikow-projektu-PROM-WI-1.xlsx\" data-id=\"27811\">Harmonogram wsparcia dla uczestnik\u00f3w projektu PROM &#8211; Wydzia\u0142 Informatyki (XLSX, 76 KB)<\/a><br \/>\n<a class=\"pdf\" href=\"https:\/\/pb.edu.pl\/iros\/wp-content\/uploads\/sites\/24\/2025\/11\/Harmonogram_PROM_WM.pdf\" target=\"_blank\" rel=\"noopener\" data-id=\"28103\">Harmonogram form wsparcia dla uczestnik\u00f3w projektu PROM_- Wydzia\u0142 Mechaniczny (PDF, 130 KB, otworzy si\u0119 w nowej karcie)<\/a><br \/>\n<a class=\"pdf\" href=\"https:\/\/pb.edu.pl\/iros\/wp-content\/uploads\/sites\/24\/2025\/12\/Harmonogram-form-wsparcia-dla-uczestnikow-projektu-PROM-Wydzial-Budownictwa-i-Nauk-o-Srodowisku-1.pdf\" target=\"_blank\" rel=\"noopener\" data-id=\"28149\">Harmonogram form wsparcia dla uczestniko\u0301w projektu PROM &#8211; Wydzia\u0142 Budownictwa i Nauk o \u015arodowisku (PDF, 220 KB, otworzy si\u0119 w nowej karcie)<\/a><br \/>\n<a class=\"pdf\" href=\"https:\/\/pb.edu.pl\/iros\/wp-content\/uploads\/sites\/24\/2025\/05\/Harmonogram-form-wsparcia-dla-uczestnikow-projektu-PROM-Szkola-Letnia-2025-WBNS.pdf\" target=\"_blank\" rel=\"noopener\" data-id=\"24574\">Harmonogram form wsparcia dla uczestnik\u00f3w projektu PROM &#8211; Interdyscyplinarna Szko\u0142a Letnia 2025 WBN\u015a (PDF, 259 KB, otworzy si\u0119 w nowej karcie)<\/a><br \/>\n<a class=\"pdf\" href=\"https:\/\/pb.edu.pl\/iros\/wp-content\/uploads\/sites\/24\/2025\/04\/Harmonogram-form-wsparcia-dla-uczestnikow-projektu-PROM-WIZ.pdf\" target=\"_blank\" rel=\"noopener\" data-id=\"24196\">Harmonogram wsparcia dla uczestnik\u00f3w projektu PROM &#8211; Wydzia\u0142 In\u017cynierii Zarz\u0105dzania PB (PDF, 292 KB, otworzy si\u0119 w nowej karcie)<\/a><br \/>\n<a class=\"pdf\" href=\"https:\/\/pb.edu.pl\/iros\/wp-content\/uploads\/sites\/24\/2025\/10\/Harmonogram-form-wsparcia-dla-uczestnikow-projektu-PROM-WA.pdf\" target=\"_blank\" rel=\"noopener\" data-id=\"27259\">Harmonogram wsparcia dla uczestnik\u00f3w projektu PROM &#8211; Wydzia\u0142 Architektury PB (PDF, 290 KB, otworzy si\u0119 w nowej karcie)<\/a><\/p>\n<p>&nbsp;<\/p>\n","protected":false},"excerpt":{"rendered":"<p>Harmonogram form wsparcia dla uczestnik\u00f3w projektu PROM &#8211; Wydzia\u0142 Elektryczny (PDF, 288 KB, otworzy si\u0119<\/p>\n","protected":false},"author":2,"featured_media":0,"parent":20804,"menu_order":1,"comment_status":"closed","ping_status":"closed","template":"","meta":{"_acf_changed":false,"ngg_post_thumbnail":0,"footnotes":""},"class_list":["post-20826","page","type-page","status-publish","hentry"],"acf":[],"_links":{"self":[{"href":"https:\/\/pb.edu.pl\/iros\/wp-json\/wp\/v2\/pages\/20826","targetHints":{"allow":["GET"]}}],"collection":[{"href":"https:\/\/pb.edu.pl\/iros\/wp-json\/wp\/v2\/pages"}],"about":[{"href":"https:\/\/pb.edu.pl\/iros\/wp-json\/wp\/v2\/types\/page"}],"author":[{"embeddable":true,"href":"https:\/\/pb.edu.pl\/iros\/wp-json\/wp\/v2\/users\/2"}],"replies":[{"embeddable":true,"href":"https:\/\/pb.edu.pl\/iros\/wp-json\/wp\/v2\/comments?post=20826"}],"version-history":[{"count":0,"href":"https:\/\/pb.edu.pl\/iros\/wp-json\/wp\/v2\/pages\/20826\/revisions"}],"up":[{"embeddable":true,"href":"https:\/\/pb.edu.pl\/iros\/wp-json\/wp\/v2\/pages\/20804"}],"wp:attachment":[{"href":"https:\/\/pb.edu.pl\/iros\/wp-json\/wp\/v2\/media?parent=20826"}],"curies":[{"name":"wp","href":"https:\/\/api.w.org\/{rel}","templated":true}]}}