{"id":20823,"date":"2024-09-30T21:23:57","date_gmt":"2024-09-30T19:23:57","guid":{"rendered":"https:\/\/pb.edu.pl\/iros\/?page_id=20823"},"modified":"2025-04-02T09:09:35","modified_gmt":"2025-04-02T07:09:35","slug":"aktualnosci","status":"publish","type":"page","link":"https:\/\/pb.edu.pl\/iros\/projekty-nawa\/prom-2024\/aktualnosci\/","title":{"rendered":"Relacje"},"content":{"rendered":"\t\t<div class=\"box news-box \">\n\t\t<div class=\"row\">\n\t\t\t\n\t\t\t\n\t\t\t\t\n\t\t\t\t\t\t\t\t\t\t<div class=\"col-sm-3\">\n\t\t\t\t\t\t\t\n<article class=\"format-standard\">\n    <span class=\"date text-right\"><i class=\"fal fa-calendar-alt\"><\/i> 07-01-2026<\/span>\n    <a href=\"https:\/\/pb.edu.pl\/iros\/2026\/01\/07\/wizyta-studyjna-na-boku-university-of-natural-resources-and-life-sciences-w-wiedniu\/\">\n      <div class=\"article-image\">\n        <img loading=\"lazy\" decoding=\"async\" width=\"480\" height=\"300\" src=\"https:\/\/pb.edu.pl\/iros\/wp-content\/uploads\/sites\/24\/2026\/01\/miniatura-m-post-480x300.jpg\" class=\"attachment-medium-image-16x10 size-medium-image-16x10 wp-post-image\" alt=\"\" \/>      <\/div>\n      <h3>Wizyta studyjna na BOKU \u2013 University of Natural Resources and Life Sciences w Wiedniu<\/h3>\n      Relacja z dzia\u0142ania w ramach PROM 2024.     <\/a>\n<\/article>\t\t\t\t\t\t<\/div>\n\t\t\t\t\t\t\t\t\t\t\t<div class=\"col-sm-3\">\n\t\t\t\t\t\t\t\n<article class=\"format-standard\">\n    <span class=\"date text-right\"><i class=\"fal fa-calendar-alt\"><\/i> 17-12-2025<\/span>\n    <a href=\"https:\/\/pb.edu.pl\/iros\/2025\/12\/17\/udzial-pracownika-wydzialu-elektrycznego-w-konferencji-naukowej-w-japonii\/\">\n      <div class=\"article-image\">\n        <img loading=\"lazy\" decoding=\"async\" width=\"480\" height=\"300\" src=\"https:\/\/pb.edu.pl\/iros\/wp-content\/uploads\/sites\/24\/2025\/12\/Weczenie-nagrody-organizator_konferencji-arch.-pryw.-Mateusz-Sumorek-480x300.jpg\" class=\"attachment-medium-image-16x10 size-medium-image-16x10 wp-post-image\" alt=\"\" \/>      <\/div>\n      <h3>Udzia\u0142 pracownika Wydzia\u0142u Elektrycznego w konferencji naukowej w Japonii<\/h3>\n      Relacja z konferencji w Fukuoce w Japonii w ramach programu PROM    <\/a>\n<\/article>\t\t\t\t\t\t<\/div>\n\t\t\t\t\t\t\t\t\t\t\t<div class=\"col-sm-3\">\n\t\t\t\t\t\t\t\n<article class=\"format-standard\">\n    <span class=\"date text-right\"><i class=\"fal fa-calendar-alt\"><\/i> 17-12-2025<\/span>\n    <a href=\"https:\/\/pb.edu.pl\/iros\/2025\/12\/17\/zagraniczni-doktoranci-na-wydziale-elektrycznym-warsztaty-w-ramach-programu-nawa-prom\/\">\n      <div class=\"article-image\">\n        <img loading=\"lazy\" decoding=\"async\" width=\"480\" height=\"300\" src=\"https:\/\/pb.edu.pl\/iros\/wp-content\/uploads\/sites\/24\/2025\/12\/2025_12_12_nawa_prom_workshop01-1024x576-1-480x300.jpg\" class=\"attachment-medium-image-16x10 size-medium-image-16x10 wp-post-image\" alt=\"\" \/>      <\/div>\n      <h3>Zagraniczni doktoranci na Wydziale Elektrycznym: warsztaty w ramach programu NAWA-PROM<\/h3>\n      Relacja z wizyty w dniach 8-12 grudnia 2025 r.    <\/a>\n<\/article>\t\t\t\t\t\t<\/div>\n\t\t\t\t\t\t\t\t\t\t\t<div class=\"col-sm-3\">\n\t\t\t\t\t\t\t\n<article class=\"format-standard\">\n    <span class=\"date text-right\"><i class=\"fal fa-calendar-alt\"><\/i> 15-12-2025<\/span>\n    <a href=\"https:\/\/pb.edu.pl\/iros\/2025\/12\/15\/wizyta-studyjna-na-west-university-of-timisoara\/\">\n      <div class=\"article-image\">\n        <img loading=\"lazy\" decoding=\"async\" width=\"480\" height=\"300\" src=\"https:\/\/pb.edu.pl\/iros\/wp-content\/uploads\/sites\/24\/2025\/12\/2.-Wyjazd-ze-studentami-do-wulkanu-w-okolicach-miasta-\u2013-Dr.-M.-Ardelean-480x300.jpg\" class=\"attachment-medium-image-16x10 size-medium-image-16x10 wp-post-image\" alt=\"\" \/>      <\/div>\n      <h3>Wizyta studyjna na West University of Timi\u0219oara<\/h3>\n      Relacja z wyjazdu do Rumunii w ramach programu PROM 2024.    <\/a>\n<\/article>\t\t\t\t\t\t<\/div>\n\t\t\t\t\t\t\t\t\t\t\t<div class=\"col-sm-3\">\n\t\t\t\t\t\t\t\n<article class=\"format-standard\">\n    <span class=\"date text-right\"><i class=\"fal fa-calendar-alt\"><\/i> 15-12-2025<\/span>\n    <a href=\"https:\/\/pb.edu.pl\/iros\/2025\/12\/15\/28502\/\">\n      <div class=\"article-image\">\n        <img loading=\"lazy\" decoding=\"async\" width=\"480\" height=\"300\" src=\"https:\/\/pb.edu.pl\/iros\/wp-content\/uploads\/sites\/24\/2025\/12\/IMG_9101a-480x300.jpg\" class=\"attachment-medium-image-16x10 size-medium-image-16x10 wp-post-image\" alt=\"\" \/>      <\/div>\n      <h3>Wizyta zagranicznych doktorant\u00f3w na Wydziale Mechanicznym PB w ramach programu NAWA PROM<\/h3>\n      Wizyta studyjna w dniach 8\u201312 grudnia 2025 r. PROM 2024.    <\/a>\n<\/article>\t\t\t\t\t\t<\/div>\n\t\t\t\t\t\t\t\t\t\t\t<div class=\"col-sm-3\">\n\t\t\t\t\t\t\t\n<article class=\"format-standard\">\n    <span class=\"date text-right\"><i class=\"fal fa-calendar-alt\"><\/i> 15-12-2025<\/span>\n    <a href=\"https:\/\/pb.edu.pl\/iros\/2025\/12\/15\/wizyta-przedstawicieli-uniwersytetu-technicznego-w-koszycach-na-wydziale-mechanicznym\/\">\n      <div class=\"article-image\">\n        <img loading=\"lazy\" decoding=\"async\" width=\"480\" height=\"300\" src=\"https:\/\/pb.edu.pl\/iros\/wp-content\/uploads\/sites\/24\/2025\/12\/Wizyta-gosci-na-WM-z-Technical-University-of-Kosice-2-480x300.jpg\" class=\"attachment-medium-image-16x10 size-medium-image-16x10 wp-post-image\" alt=\"\" \/>      <\/div>\n      <h3>Wizyta przedstawicieli Uniwersytetu Technicznego w Koszycach na Wydziale Mechanicznym<\/h3>\n      Relacja z dzia\u0142ania w ramach PROM 2024.     <\/a>\n<\/article>\t\t\t\t\t\t<\/div>\n\t\t\t\t\t\t\t\t\t\t\t<div class=\"col-sm-3\">\n\t\t\t\t\t\t\t\n<article class=\"format-standard\">\n    <span class=\"date text-right\"><i class=\"fal fa-calendar-alt\"><\/i> 08-12-2025<\/span>\n    <a href=\"https:\/\/pb.edu.pl\/iros\/2025\/12\/08\/wizyta-studentow-wydzialu-informatyki-politechniki-bialostockiej-na-university-of-banja-luka\/\">\n      <div class=\"article-image\">\n        <img loading=\"lazy\" decoding=\"async\" width=\"480\" height=\"300\" src=\"https:\/\/pb.edu.pl\/iros\/wp-content\/uploads\/sites\/24\/2025\/12\/Wizyta-na-Uniwersytecie-w-Banja-Luce-480x300.jpeg\" class=\"attachment-medium-image-16x10 size-medium-image-16x10 wp-post-image\" alt=\"\" \/>      <\/div>\n      <h3>Wizyta student\u00f3w Wydzia\u0142u Informatyki Politechniki Bia\u0142ostockiej na University of Banja Luka<\/h3>\n      Dzia\u0142anie w ramach PROM 2024.    <\/a>\n<\/article>\t\t\t\t\t\t<\/div>\n\t\t\t\t\t\t\t\t\t\t\t<div class=\"col-sm-3\">\n\t\t\t\t\t\t\t\n<article class=\"format-standard\">\n    <span class=\"date text-right\"><i class=\"fal fa-calendar-alt\"><\/i> 21-11-2025<\/span>\n    <a href=\"https:\/\/pb.edu.pl\/iros\/2025\/11\/21\/wizyta-studyjna-na-uniwersytecie-w-gironie\/\">\n      <div class=\"article-image\">\n        <img loading=\"lazy\" decoding=\"async\" width=\"480\" height=\"300\" src=\"https:\/\/pb.edu.pl\/iros\/wp-content\/uploads\/sites\/24\/2025\/11\/4_Spotkania-na-International-Dinner-cd-480x300.jpg\" class=\"attachment-medium-image-16x10 size-medium-image-16x10 wp-post-image\" alt=\"\" \/>      <\/div>\n      <h3>Wizyta studyjna na Uniwersytecie w Gironie<\/h3>\n      Relacja z wyjazdu w ramach PROM 2024.     <\/a>\n<\/article>\t\t\t\t\t\t<\/div>\n\t\t\t\t\t\t\t\t\t\t\t<div class=\"col-sm-3\">\n\t\t\t\t\t\t\t\n<article class=\"format-standard\">\n    <span class=\"date text-right\"><i class=\"fal fa-calendar-alt\"><\/i> 21-11-2025<\/span>\n    <a href=\"https:\/\/pb.edu.pl\/iros\/2025\/11\/21\/wyjazd-studyjny-na-uniwersytecie-helsinskim\/\">\n      <div class=\"article-image\">\n        <img loading=\"lazy\" decoding=\"async\" width=\"480\" height=\"300\" src=\"https:\/\/pb.edu.pl\/iros\/wp-content\/uploads\/sites\/24\/2025\/11\/Yauheni-Yurchanka-i-Ewelina-Baginska-przy-budynku-zielnika-Finskiego-Muzeum-Historii-Naturalnej-autor-I.-Viner-480x300.jpg\" class=\"attachment-medium-image-16x10 size-medium-image-16x10 wp-post-image\" alt=\"\" \/>      <\/div>\n      <h3>Wyjazd studyjny na Uniwersytecie Helsi\u0144skim<\/h3>\n      Relacja z wyjazdu w ramach PROM 2024.    <\/a>\n<\/article>\t\t\t\t\t\t<\/div>\n\t\t\t\t\t\t\t\t\t\t\t<div class=\"col-sm-3\">\n\t\t\t\t\t\t\t\n<article class=\"format-standard\">\n    <span class=\"date text-right\"><i class=\"fal fa-calendar-alt\"><\/i> 14-11-2025<\/span>\n    <a href=\"https:\/\/pb.edu.pl\/iros\/2025\/11\/14\/przedstawicielki-wydzialu-informatyki-na-konferencji-iww-2025-w-stambule\/\">\n      <div class=\"article-image\">\n        <img loading=\"lazy\" decoding=\"async\" width=\"480\" height=\"300\" src=\"https:\/\/pb.edu.pl\/iros\/wp-content\/uploads\/sites\/24\/2025\/11\/PHOTO-2025-11-03-14-12-00-2-480x300.jpg\" class=\"attachment-medium-image-16x10 size-medium-image-16x10 wp-post-image\" alt=\"\" \/>      <\/div>\n      <h3>Przedstawicielki Wydzia\u0142u Informatyki na Konferencji IWW 2025 w Stambule<\/h3>\n      W dniach 3\u20135 listopada 2025 roku pani dr hab. Agnieszka B.    <\/a>\n<\/article>\t\t\t\t\t\t<\/div>\n\t\t\t\t\t\t\t\t\t\t\t<div class=\"col-sm-3\">\n\t\t\t\t\t\t\t\n<article class=\"format-standard\">\n    <span class=\"date text-right\"><i class=\"fal fa-calendar-alt\"><\/i> 09-10-2025<\/span>\n    <a href=\"https:\/\/pb.edu.pl\/iros\/2025\/10\/09\/wizyty-studyjne-przedstawicieli-wbins-pb-na-prestizowych-amerykanskich-uczelniach\/\">\n      <div class=\"article-image\">\n        <img loading=\"lazy\" decoding=\"async\" width=\"480\" height=\"300\" src=\"https:\/\/pb.edu.pl\/iros\/wp-content\/uploads\/sites\/24\/2025\/10\/Colorado-School-of-Mines-8-480x300.jpg\" class=\"attachment-medium-image-16x10 size-medium-image-16x10 wp-post-image\" alt=\"\" \/>      <\/div>\n      <h3>Wizyty studyjne przedstawicieli WBiN\u015a PB na presti\u017cowych ameryka\u0144skich uczelniach<\/h3>\n      Dzia\u0142anie w ramach PROM 2024    <\/a>\n<\/article>\t\t\t\t\t\t<\/div>\n\t\t\t\t\t\t\t\t\t\t\t<div class=\"col-sm-3\">\n\t\t\t\t\t\t\t\n<article class=\"format-standard\">\n    <span class=\"date text-right\"><i class=\"fal fa-calendar-alt\"><\/i> 09-10-2025<\/span>\n    <a href=\"https:\/\/pb.edu.pl\/iros\/2025\/10\/09\/pracownik-wydzialu-informatyki-na-konferencji-synasc-2025\/\">\n      <div class=\"article-image\">\n        <img loading=\"lazy\" decoding=\"async\" width=\"480\" height=\"206\" src=\"https:\/\/pb.edu.pl\/iros\/wp-content\/uploads\/sites\/24\/2025\/10\/Uczestnicy-konferencji-480x206.jpg\" class=\"attachment-medium-image-16x10 size-medium-image-16x10 wp-post-image\" alt=\"\" \/>      <\/div>\n      <h3>Pracownik Wydzia\u0142u Informatyki na konferencji SYNASC 2025<\/h3>\n      Dzia\u0142anie w ramach PROM 2024.    <\/a>\n<\/article>\t\t\t\t\t\t<\/div>\n\t\t\t\t\t\n\t\t\t\t\n\t\t\t\t\t<\/div>\n\t\t\n\t<nav class=\"navigation pagination\" aria-label=\"Stronicowanie wpis\u00f3w\">\n\t\t<h2 class=\"screen-reader-text\">Stronicowanie wpis\u00f3w<\/h2>\n\t\t<div class=\"nav-links\"><span aria-current=\"page\" class=\"page-numbers current\">1<\/span>\n<a class=\"page-numbers\" href=\"https:\/\/pb.edu.pl\/iros\/wp-json\/wp\/v2\/pages\/20823\/page\/2\/\">2<\/a>\n<a class=\"page-numbers\" href=\"https:\/\/pb.edu.pl\/iros\/wp-json\/wp\/v2\/pages\/20823\/page\/3\/\">3<\/a>\n<a class=\"next page-numbers\" href=\"https:\/\/pb.edu.pl\/iros\/wp-json\/wp\/v2\/pages\/20823\/page\/2\/\">Nast\u0119pne<\/a><\/div>\n\t<\/nav>\t\t\t<\/div>\n\n<p>&nbsp;<\/p>\n","protected":false},"excerpt":{"rendered":"<p>&nbsp;<\/p>\n","protected":false},"author":2,"featured_media":0,"parent":20804,"menu_order":0,"comment_status":"closed","ping_status":"closed","template":"","meta":{"_acf_changed":false,"ngg_post_thumbnail":0,"footnotes":""},"class_list":["post-20823","page","type-page","status-publish","hentry"],"acf":[],"_links":{"self":[{"href":"https:\/\/pb.edu.pl\/iros\/wp-json\/wp\/v2\/pages\/20823","targetHints":{"allow":["GET"]}}],"collection":[{"href":"https:\/\/pb.edu.pl\/iros\/wp-json\/wp\/v2\/pages"}],"about":[{"href":"https:\/\/pb.edu.pl\/iros\/wp-json\/wp\/v2\/types\/page"}],"author":[{"embeddable":true,"href":"https:\/\/pb.edu.pl\/iros\/wp-json\/wp\/v2\/users\/2"}],"replies":[{"embeddable":true,"href":"https:\/\/pb.edu.pl\/iros\/wp-json\/wp\/v2\/comments?post=20823"}],"version-history":[{"count":0,"href":"https:\/\/pb.edu.pl\/iros\/wp-json\/wp\/v2\/pages\/20823\/revisions"}],"up":[{"embeddable":true,"href":"https:\/\/pb.edu.pl\/iros\/wp-json\/wp\/v2\/pages\/20804"}],"wp:attachment":[{"href":"https:\/\/pb.edu.pl\/iros\/wp-json\/wp\/v2\/media?parent=20823"}],"curies":[{"name":"wp","href":"https:\/\/api.w.org\/{rel}","templated":true}]}}