{"id":20508,"date":"2024-08-08T00:05:31","date_gmt":"2024-08-07T22:05:31","guid":{"rendered":"https:\/\/pb.edu.pl\/iros\/?page_id=20508"},"modified":"2024-11-03T19:14:32","modified_gmt":"2024-11-03T18:14:32","slug":"about-the-project","status":"publish","type":"page","link":"https:\/\/pb.edu.pl\/iros\/projekty-nawa\/akcja-integracja-2-0\/about-the-project\/","title":{"rendered":"About the project"},"content":{"rendered":"<div class=\"row content\">\n<div class=\"col-xs-12\">\n<p><em>Polish translation below<\/em><\/p>\n<p>&nbsp;<\/p>\n<p>Project financed within Welcome in Poland Programme by Polish National Agency for Academic Exchange.<\/p>\n<p><strong>Project title:<\/strong>&nbsp; \u201eAkcja-Integracja 2.0\u201d<\/p>\n<p><strong>Project budget:<\/strong> PLN 474 956,00<\/p>\n<p><strong>Project duration:<\/strong> September 1, 2024 \u2013 August 31, 2026<\/p>\n<p><strong>Main goal of the project:<\/strong><\/p>\n<p>The main goal of the project is to maintain a place dedicated to serving students and foreign staff at BUT, established in 2023 Welcome Center, which strengthens the image of our university as attractive to foreigners, not only due to the educational offer, but also due to the open, friendly academic community that cares about interpersonal integration. The activities of the Welcome Center are planned to include, among others: organizing integration meetings, preparing promotional materials, organizing trips around region, cultural and integration outings an meetings combined with culinary experience on Polish cuisine for international students and guests at BUT.<\/p>\n<p>The project will improve the quality of service for students and foreign guests, expand knowledge about Polish culture, perceive the city and country as a friendly and attractive place to live, which will contribute to building a positive image of the University on the international arena, and over time will result in a greater number of student mobility and members of the academic community of foreign universities.<\/p>\n<p><strong>Project manager:<\/strong> Marta Orpik, m.orpik@pb.edu.pl tel. 85 746 70 10<\/p>\n<hr>\n<p><em>Projekt finansowany w ramach Programu Welcome to Poland NAWA.<\/em><\/p>\n<p><strong>Tytu\u0142 projektu:<\/strong> \u201eAkcja-Integracja 2.0\u201d<\/p>\n<p><strong>Warto\u015b\u0107 dofinansowania projektu: <\/strong>474 956,00 PLN<\/p>\n<p><strong>Termin realizacji projektu:&nbsp;<\/strong>1 wrze\u015bnia 2024 roku \u2013 31 sierpnia 2026 roku<\/p>\n<p><strong>Cel g\u0142\u00f3wny projektu:<\/strong><\/p>\n<p>G\u0142\u00f3wnym celem projektu jest utrzymanie miejsca dedykowanego obs\u0142udze student\u00f3w i pracownik\u00f3w zagranicznych na PB, utworzonego w 2023 roku Welcome Center, kt\u00f3re wzmacnia wizerunek naszej uczelni jako atrakcyjnej dla obcokrajowc\u00f3w, nie tylko ze wzgl\u0119du na ofert\u0119 edukacyjn\u0105, ale tak\u017ce ze wzgl\u0119du na otwart\u0105, przyjazn\u0105 spo\u0142eczno\u015b\u0107 akademick\u0105, kt\u00f3ra dba o integracj\u0119 mi\u0119dzyludzk\u0105. W ramach dzia\u0142alno\u015bci Welcome Center planowane jest m.in. organizowanie spotka\u0144 integracyjnych, przygotowywanie materia\u0142\u00f3w promocyjnych, organizowanie wycieczek po regionie, wyj\u015b\u0107 kulturalno-integracyjnych oraz spotka\u0144 po\u0142\u0105czonych z do\u015bwiadczeniami kulinarnymi z zakresu kuchni polskiej dla student\u00f3w zagranicznych i go\u015bci PB.<\/p>\n<p>Projekt przyczyni si\u0119 do poprawy jako\u015bci obs\u0142ugi student\u00f3w i go\u015bci zagranicznych, poszerzenia wiedzy o kulturze polskiej, postrzegania miasta i kraju jako przyjaznego i atrakcyjnego miejsca do \u017cycia, co przyczyni si\u0119 do budowania pozytywnego wizerunku Uczelni na arenie mi\u0119dzynarodowej, a z czasem zaowocuje wi\u0119ksz\u0105 liczb\u0105 mobilno\u015bci studenckich i cz\u0142onk\u00f3w spo\u0142eczno\u015bci akademickiej uczelni zagranicznych.<\/p>\n<p><strong>Kierownik projektu:<\/strong> Marta Orpik, <a href=\"mailto:m.orpik@pb.edu.pl\">m.orpik@pb.edu.pl<\/a> tel. 85 746 70 10<\/p>\n<\/div>\n<\/div>\n","protected":false},"excerpt":{"rendered":"<p>Polish translation below &nbsp; Project financed within Welcome in Poland Programme by Polish National Agency<\/p>\n","protected":false},"author":2,"featured_media":0,"parent":20498,"menu_order":2,"comment_status":"closed","ping_status":"closed","template":"","meta":{"_acf_changed":false,"ngg_post_thumbnail":0,"footnotes":""},"class_list":["post-20508","page","type-page","status-publish","hentry"],"acf":[],"_links":{"self":[{"href":"https:\/\/pb.edu.pl\/iros\/wp-json\/wp\/v2\/pages\/20508","targetHints":{"allow":["GET"]}}],"collection":[{"href":"https:\/\/pb.edu.pl\/iros\/wp-json\/wp\/v2\/pages"}],"about":[{"href":"https:\/\/pb.edu.pl\/iros\/wp-json\/wp\/v2\/types\/page"}],"author":[{"embeddable":true,"href":"https:\/\/pb.edu.pl\/iros\/wp-json\/wp\/v2\/users\/2"}],"replies":[{"embeddable":true,"href":"https:\/\/pb.edu.pl\/iros\/wp-json\/wp\/v2\/comments?post=20508"}],"version-history":[{"count":0,"href":"https:\/\/pb.edu.pl\/iros\/wp-json\/wp\/v2\/pages\/20508\/revisions"}],"up":[{"embeddable":true,"href":"https:\/\/pb.edu.pl\/iros\/wp-json\/wp\/v2\/pages\/20498"}],"wp:attachment":[{"href":"https:\/\/pb.edu.pl\/iros\/wp-json\/wp\/v2\/media?parent=20508"}],"curies":[{"name":"wp","href":"https:\/\/api.w.org\/{rel}","templated":true}]}}