{"id":19774,"date":"2024-06-21T22:30:27","date_gmt":"2024-06-21T20:30:27","guid":{"rendered":"https:\/\/pb.edu.pl\/iros\/?page_id=19774"},"modified":"2024-11-03T19:27:18","modified_gmt":"2024-11-03T18:27:18","slug":"aktualnosci","status":"publish","type":"page","link":"https:\/\/pb.edu.pl\/iros\/programy-stypendialne\/program-ceepus\/aktualnosci\/","title":{"rendered":"Aktualno\u015bci"},"content":{"rendered":"\t\t<div class=\"box news-box \">\n\t\t<div class=\"row\">\n\t\t\t\n\t\t\t\n\t\t\t\t\n\t\t\t\t\t\t\t\t\t\t<div class=\"col-sm-3\">\n\t\t\t\t\t\t\t\n<article class=\"format-standard\">\n    <span class=\"date text-right\"><i class=\"fal fa-calendar-alt\"><\/i> 01-04-2026<\/span>\n    <a href=\"https:\/\/pb.edu.pl\/iros\/2026\/04\/01\/wizyta-naukowca-z-university-of-novi-sad-serbia\/\">\n      <div class=\"article-image\">\n        <img loading=\"lazy\" decoding=\"async\" width=\"480\" height=\"300\" src=\"https:\/\/pb.edu.pl\/iros\/wp-content\/uploads\/sites\/24\/2026\/04\/Milivoj-Radojcin-1-480x300.jpg\" class=\"attachment-medium-image-16x10 size-medium-image-16x10 wp-post-image\" alt=\"\" \/>      <\/div>\n      <h3>Wizyta naukowca z University of Novi Sad (Serbia)<\/h3>\n      Realizacja programu CEEPUS.    <\/a>\n<\/article>\t\t\t\t\t\t<\/div>\n\t\t\t\t\t\t\t\t\t\t\t<div class=\"col-sm-3\">\n\t\t\t\t\t\t\t\n<article class=\"format-standard\">\n    <span class=\"date text-right\"><i class=\"fal fa-calendar-alt\"><\/i> 25-09-2025<\/span>\n    <a href=\"https:\/\/pb.edu.pl\/iros\/2025\/09\/25\/nabor-na-mobilnosc-freemover-w-semestrze-letnim-2025-2026\/\">\n      <div class=\"article-image\">\n        <img loading=\"lazy\" decoding=\"async\" width=\"451\" height=\"300\" src=\"https:\/\/pb.edu.pl\/iros\/wp-content\/uploads\/sites\/24\/2023\/04\/ceepus.jpg\" class=\"attachment-medium-image-16x10 size-medium-image-16x10 wp-post-image\" alt=\"\" srcset=\"https:\/\/pb.edu.pl\/iros\/wp-content\/uploads\/sites\/24\/2023\/04\/ceepus.jpg 640w, https:\/\/pb.edu.pl\/iros\/wp-content\/uploads\/sites\/24\/2023\/04\/ceepus-300x200.jpg 300w, https:\/\/pb.edu.pl\/iros\/wp-content\/uploads\/sites\/24\/2023\/04\/ceepus-480x320.jpg 480w\" sizes=\"auto, (max-width: 451px) 100vw, 451px\" \/>      <\/div>\n      <h3>Nab\u00f3r na mobilno\u015b\u0107 Freemover w semestrze letnim 2025\/2026<\/h3>\n      Przypominamy, \u017ce termin z\u0142o\u017cenia aplikacji Freemover w programie CEEPUS, mija 1    <\/a>\n<\/article>\t\t\t\t\t\t<\/div>\n\t\t\t\t\t\t\t\t\t\t\t<div class=\"col-sm-3\">\n\t\t\t\t\t\t\t\n<article class=\"format-standard\">\n    <span class=\"date text-right\"><i class=\"fal fa-calendar-alt\"><\/i> 16-07-2025<\/span>\n    <a href=\"https:\/\/pb.edu.pl\/iros\/2025\/07\/16\/kolejny-wyjazd-na-staz-naukowy-w-wiedniu-w-ramach-programu-ceepus\/\">\n      <div class=\"article-image\">\n        <img loading=\"lazy\" decoding=\"async\" width=\"480\" height=\"300\" src=\"https:\/\/pb.edu.pl\/iros\/wp-content\/uploads\/sites\/24\/2025\/07\/Staz-w-BOKU-fot.-arch.-prywatne-Adriany-Dowbysz-2-480x300.jpeg\" class=\"attachment-medium-image-16x10 size-medium-image-16x10 wp-post-image\" alt=\"\" \/>      <\/div>\n      <h3>Kolejny wyjazd na sta\u017c naukowy w Wiedniu w ramach programu CEEPUS<\/h3>\n      Sta\u017c odby\u0142 si\u0119 w Universit\u00e4t f\u00fcr Bodenkultur Wien, Austria.    <\/a>\n<\/article>\t\t\t\t\t\t<\/div>\n\t\t\t\t\t\t\t\t\t\t\t<div class=\"col-sm-3\">\n\t\t\t\t\t\t\t\n<article class=\"format-standard\">\n    <span class=\"date text-right\"><i class=\"fal fa-calendar-alt\"><\/i> 23-06-2025<\/span>\n    <a href=\"https:\/\/pb.edu.pl\/iros\/2025\/06\/23\/wyjazd-pracownic-politechniki-bialostockiej-na-staz-naukowy-w-wiedniu-w-ramach-programu-ceepus\/\">\n      <div class=\"article-image\">\n        <img loading=\"lazy\" decoding=\"async\" width=\"480\" height=\"300\" src=\"https:\/\/pb.edu.pl\/iros\/wp-content\/uploads\/sites\/24\/2024\/06\/Projekt-bez-nazwy-2024-06-24T092913.181-480x300.png\" class=\"attachment-medium-image-16x10 size-medium-image-16x10 wp-post-image\" alt=\"\" \/>      <\/div>\n      <h3>Wyjazd pracownic Politechniki Bia\u0142ostockiej na sta\u017c naukowy w Wiedniu w ramach programu CEEPUS<\/h3>\n      Dzia\u0142anie w ramach CEEPUS.    <\/a>\n<\/article>\t\t\t\t\t\t<\/div>\n\t\t\t\t\t\t\t\t\t\t\t<div class=\"col-sm-3\">\n\t\t\t\t\t\t\t\n<article class=\"format-standard\">\n    <span class=\"date text-right\"><i class=\"fal fa-calendar-alt\"><\/i> 20-12-2024<\/span>\n    <a href=\"https:\/\/pb.edu.pl\/iros\/2024\/12\/20\/wizyta-w-katedrze-metalurgii-uniwersytetu-leoben\/\">\n      <div class=\"article-image\">\n        <img loading=\"lazy\" decoding=\"async\" width=\"480\" height=\"300\" src=\"https:\/\/pb.edu.pl\/iros\/wp-content\/uploads\/sites\/24\/2024\/12\/IMG_20241121_111525-scaled-e1734681492410-480x300.jpg\" class=\"attachment-medium-image-16x10 size-medium-image-16x10 wp-post-image\" alt=\"\" \/>      <\/div>\n      <h3>Wizyta w Katedrze Metalurgii Uniwersytetu Leoben<\/h3>\n      W dn. 18-24 listopada 2024 r. dr in\u017c. Anna Maria Bia\u0142ostocka    <\/a>\n<\/article>\t\t\t\t\t\t<\/div>\n\t\t\t\t\t\t\t\t\t\t\t<div class=\"col-sm-3\">\n\t\t\t\t\t\t\t\n<article class=\"format-standard\">\n    <span class=\"date text-right\"><i class=\"fal fa-calendar-alt\"><\/i> 18-09-2024<\/span>\n    <a href=\"https:\/\/pb.edu.pl\/iros\/2024\/09\/18\/nabor-wnioskow-sieci-akademickich-ceepus-na-rok-2025-26\/\">\n      <div class=\"article-image\">\n        <img loading=\"lazy\" decoding=\"async\" width=\"480\" height=\"300\" src=\"https:\/\/pb.edu.pl\/iros\/wp-content\/uploads\/sites\/24\/2024\/06\/Projekt-bez-nazwy-2024-06-24T092913.181-480x300.png\" class=\"attachment-medium-image-16x10 size-medium-image-16x10 wp-post-image\" alt=\"\" \/>      <\/div>\n      <h3>Nab\u00f3r wniosk\u00f3w sieci akademickich CEEPUS na rok 2025\/26<\/h3>\n      Centralne Biuro CEEPUS w Wiedniu og\u0142osi\u0142o nab\u00f3r wniosk\u00f3w sieci akademickich na    <\/a>\n<\/article>\t\t\t\t\t\t<\/div>\n\t\t\t\t\t\t\t\t\t\t\t<div class=\"col-sm-3\">\n\t\t\t\t\t\t\t\n<article class=\"format-standard\">\n    <span class=\"date text-right\"><i class=\"fal fa-calendar-alt\"><\/i> 01-07-2024<\/span>\n    <a href=\"https:\/\/pb.edu.pl\/iros\/2024\/07\/01\/start-naboru-wnioskow-na-mobilnosci-freemover-ceepus\/\">\n      <div class=\"article-image\">\n        <img loading=\"lazy\" decoding=\"async\" width=\"480\" height=\"300\" src=\"https:\/\/pb.edu.pl\/iros\/wp-content\/uploads\/sites\/24\/2024\/07\/Kopia-\u2013-www-miniaturki1-480x300.jpg\" class=\"attachment-medium-image-16x10 size-medium-image-16x10 wp-post-image\" alt=\"\" \/>      <\/div>\n      <h3>Start naboru wniosk\u00f3w na mobilno\u015bci Freemover CEEPUS<\/h3>\n      rozpocz\u0105\u0142 si\u0119 nab\u00f3r wniosk\u00f3w aplikacyjnych na mobilno\u015bci Freemover w ramach programu    <\/a>\n<\/article>\t\t\t\t\t\t<\/div>\n\t\t\t\t\t\t\t\t\t\t\t<div class=\"col-sm-3\">\n\t\t\t\t\t\t\t\n<article class=\"format-standard\">\n    <span class=\"date text-right\"><i class=\"fal fa-calendar-alt\"><\/i> 25-06-2024<\/span>\n    <a href=\"https:\/\/pb.edu.pl\/iros\/2024\/06\/25\/wez-udzial-w-webinarium-informacyjnym-dotyczacym-programu-ceepus\/\">\n      <div class=\"article-image\">\n        <img loading=\"lazy\" decoding=\"async\" width=\"451\" height=\"300\" src=\"https:\/\/pb.edu.pl\/iros\/wp-content\/uploads\/sites\/24\/2023\/04\/ceepus.jpg\" class=\"attachment-medium-image-16x10 size-medium-image-16x10 wp-post-image\" alt=\"\" srcset=\"https:\/\/pb.edu.pl\/iros\/wp-content\/uploads\/sites\/24\/2023\/04\/ceepus.jpg 640w, https:\/\/pb.edu.pl\/iros\/wp-content\/uploads\/sites\/24\/2023\/04\/ceepus-300x200.jpg 300w, https:\/\/pb.edu.pl\/iros\/wp-content\/uploads\/sites\/24\/2023\/04\/ceepus-480x320.jpg 480w\" sizes=\"auto, (max-width: 451px) 100vw, 451px\" \/>      <\/div>\n      <h3>We\u017a udzia\u0142 w webinarium informacyjnym dotycz\u0105cym programu CEEPUS<\/h3>\n      Ju\u017c 26.06.2024 o godz. 11.00.    <\/a>\n<\/article>\t\t\t\t\t\t<\/div>\n\t\t\t\t\t\t\t\t\t\t\t<div class=\"col-sm-3\">\n\t\t\t\t\t\t\t\n<article class=\"format-standard\">\n    <span class=\"date text-right\"><i class=\"fal fa-calendar-alt\"><\/i> 24-06-2024<\/span>\n    <a href=\"https:\/\/pb.edu.pl\/iros\/2024\/06\/24\/miedzynarodowe-wymiany-w-ramach-programu-ceepus-na-politechnice-bialostockiej\/\">\n      <div class=\"article-image\">\n        <img loading=\"lazy\" decoding=\"async\" width=\"480\" height=\"300\" src=\"https:\/\/pb.edu.pl\/iros\/wp-content\/uploads\/sites\/24\/2024\/06\/Projekt-bez-nazwy-2024-06-24T092913.181-480x300.png\" class=\"attachment-medium-image-16x10 size-medium-image-16x10 wp-post-image\" alt=\"\" \/>      <\/div>\n      <h3>Mi\u0119dzynarodowe Wymiany w Ramach Programu CEEPUS na Politechnice Bia\u0142ostockiej<\/h3>\n      Oferta skierowana do pracownik\u00f3w, doktorant\u00f3w oraz student\u00f3w PB.    <\/a>\n<\/article>\t\t\t\t\t\t<\/div>\n\t\t\t\t\t\n\t\t\t\t\n\t\t\t\t\t<\/div>\n\t\t\t\t\t<\/div>\n\n<p>&nbsp;<\/p>\n","protected":false},"excerpt":{"rendered":"<p>&nbsp;<\/p>\n","protected":false},"author":2,"featured_media":0,"parent":11780,"menu_order":2,"comment_status":"closed","ping_status":"closed","template":"","meta":{"_acf_changed":false,"ngg_post_thumbnail":0,"footnotes":""},"class_list":["post-19774","page","type-page","status-publish","hentry"],"acf":[],"_links":{"self":[{"href":"https:\/\/pb.edu.pl\/iros\/wp-json\/wp\/v2\/pages\/19774","targetHints":{"allow":["GET"]}}],"collection":[{"href":"https:\/\/pb.edu.pl\/iros\/wp-json\/wp\/v2\/pages"}],"about":[{"href":"https:\/\/pb.edu.pl\/iros\/wp-json\/wp\/v2\/types\/page"}],"author":[{"embeddable":true,"href":"https:\/\/pb.edu.pl\/iros\/wp-json\/wp\/v2\/users\/2"}],"replies":[{"embeddable":true,"href":"https:\/\/pb.edu.pl\/iros\/wp-json\/wp\/v2\/comments?post=19774"}],"version-history":[{"count":0,"href":"https:\/\/pb.edu.pl\/iros\/wp-json\/wp\/v2\/pages\/19774\/revisions"}],"up":[{"embeddable":true,"href":"https:\/\/pb.edu.pl\/iros\/wp-json\/wp\/v2\/pages\/11780"}],"wp:attachment":[{"href":"https:\/\/pb.edu.pl\/iros\/wp-json\/wp\/v2\/media?parent=19774"}],"curies":[{"name":"wp","href":"https:\/\/api.w.org\/{rel}","templated":true}]}}