{"id":19771,"date":"2024-06-21T22:28:27","date_gmt":"2024-06-21T20:28:27","guid":{"rendered":"https:\/\/pb.edu.pl\/iros\/?page_id=19771"},"modified":"2024-11-03T19:26:44","modified_gmt":"2024-11-03T18:26:44","slug":"o-programie","status":"publish","type":"page","link":"https:\/\/pb.edu.pl\/iros\/programy-stypendialne\/program-ceepus\/o-programie\/","title":{"rendered":"O Programie"},"content":{"rendered":"<p><strong>Program CEEPUS \u2013 \u015arodkowoeuropejski Program Wymiany Uniwersyteckiej<\/strong><\/p>\n<p>Podstawowym celem Porozumienia CEEPUS (&#8222;Central European Exchange Program for University Studies&#8221;) jest wspieranie wymiany akademickiej w&nbsp;zakresie kszta\u0142cenia oraz doskonalenia zawodowego student\u00f3w i&nbsp;nauczycieli akademickich. Umo\u017cliwia ono intensyfikacj\u0119 kontakt\u00f3w mi\u0119dzy szko\u0142ami wy\u017cszymi kraj\u00f3w b\u0119d\u0105cych stronami Porozumienia poprzez finansowanie mobilno\u015bci akademickiej.<\/p>\n<p><strong>Program CEEPUS oferuje:<\/strong><\/p>\n<ul>\n<li>stypendia kr\u00f3tkoterminowe w&nbsp;ramach sta\u017cy naukowych w&nbsp;ramach Sieci Akademickich;<\/li>\n<li>stypendia kr\u00f3tkoterminowe w&nbsp;ramach sta\u017cy naukowych \u201eFreemover\u201d;<\/li>\n<li>stypendia kr\u00f3tkoterminowe w&nbsp;ramach szk\u00f3\u0142 letnich i&nbsp;intensywnych kurs\u00f3w.<\/li>\n<\/ul>\n<p><strong>O&nbsp;stypendia zagraniczne w&nbsp;ramach CEEPUS aplikowa\u0107 mog\u0105:<\/strong><\/p>\n<ul>\n<li>studenci,<\/li>\n<li>studenci doktoranci,<\/li>\n<li>pracownicy naukowi.<\/li>\n<\/ul>\n<p><strong>Obecnie sygnatariuszami Porozumienia s\u0105:<\/strong><\/p>\n<p>Albania, Austria, Bu\u0142garia, Chorwacja, Czarnog\u00f3ra, Czechy, Macedonia, Mo\u0142dawia, Rumunia, Polska, S\u0142owacja, S\u0142owenia, Serbia, W\u0119gry, Bo\u015bnia i&nbsp;Hercegowina oraz Kosowo \u2013Uniwersytet w&nbsp;Prisztinie.<\/p>\n<p>W&nbsp;ramach obecnie realizowanego Porozumienia CEEPUS III w&nbsp;r\u00f3\u017cnych formach kszta\u0142cenia i&nbsp;podnoszenia kwalifikacji zawodowych corocznie uczestniczy ponad 500 polskich student\u00f3w i&nbsp;uczestnik\u00f3w studi\u00f3w doktoranckich oraz oko\u0142o 300 nauczycieli akademickich. \u015arednio w&nbsp;ci\u0105gu roku akademickiego przyje\u017cd\u017ca do Polski w&nbsp;ramach Programu oko\u0142o 300 zagranicznych student\u00f3w i&nbsp;doktorant\u00f3w oraz oko\u0142o 200 nauczycieli akademickich.<\/p>\n<p>Program CEEPUS jest dla Ministerstwa Nauki i&nbsp;Szkolnictwa Wy\u017cszego drugim co do wa\u017cno\u015bci wielostronnym programem wsp\u00f3\u0142pracy w&nbsp;obszarze szkolnictwa wy\u017cszego.<\/p>\n<p>Wszelkie procedury, informacje i&nbsp;zasady aplikowania znale\u017a\u0107 mo\u017cna na stronie <strong><a href=\"http:\/\/www.ceepus.info\/\">www.ceepus.info<\/a><\/strong>.<br \/>\n<em><br \/>\n\u0179r\u00f3d\u0142o: <a href=\"https:\/\/nawa.gov.pl\/naukowcy\/ceepus\">https:\/\/nawa.gov.pl\/naukowcy\/ceepus<\/a>.<\/em><\/p>\n<p><span style=\"font-size: 18pt\"><a href=\"https:\/\/nawa.gov.pl\/naukowcy\/ceepus\/komunikaty-dotyczace-programu-ceepus\">Komunikaty dotycz\u0105ce programu CEEPUS<\/a><\/span><\/p>\n<p><a href=\"https:\/\/nawa.gov.pl\/naukowcy\/ceepus\/informacje-dla-wnioskodawcow\"><span style=\"font-size: 18pt\">Informacje dla wnioskodawc\u00f3w<\/span><\/a><\/p>\n<div class=\"panel-group\" id=\"custom-collapse-0\">\n<div class=\"panel panel-default\">\n\t\t\t\t<div class=\"panel-heading\">\n\t\t\t\t\t<div class=\"panel-title\">\n\t\t\t\t\t\t<a class=\"collapsed h4\" data-toggle=\"collapse\" data-parent=\"#custom-collapse-0\" href=\"#custom-collapse-0-0\">Regulamin Wyjazdu Pracownika Uczelni w Ramach Programu CEEPUS w ramach Freemover<\/a>\n\t\t\t\t\t<\/div>\n\t\t\t\t<\/div>\n\t\t\t\t<div id=\"custom-collapse-0-0\" class=\"panel-collapse collapse\">\n\t\t\t\t\t<div class=\"panel-body\">\n<h3>Przygotowanie do Wyjazdu<\/h3>\n<ol>\n<li><strong> Sprawdzenie Uczelni Partnerskiej:<\/strong><\/li>\n<\/ol>\n<ul>\n<li>Upewnij si\u0119, \u017ce uczelnia partnerska jest sygnatariuszem porozumienia CEEPUS.<\/li>\n<li>Zapoznaj si\u0119 z ofert\u0105 dydaktyczn\u0105 uczelni partnerskiej oraz mo\u017cliwo\u015bciami wsp\u00f3\u0142pracy.<\/li>\n<\/ul>\n<ol start=\"2\">\n<li><strong> Wst\u0119pna Konsultacja z Koordynatorem uczelni przyjmuj\u0105cej:<\/strong><\/li>\n<\/ol>\n<ul>\n<li>Skontaktuj si\u0119 z uczelnianym koordynatorem programu CEEPUS, aby om\u00f3wi\u0107 mo\u017cliwo\u015bci wyjazdu oraz wst\u0119pne wymagania.<\/li>\n<\/ul>\n<ol start=\"3\">\n<li><strong> Przygotowanie Wst\u0119pnych Dokument\u00f3w:<\/strong><\/li>\n<\/ol>\n<ul>\n<li>Przygotuj wst\u0119pny plan wyjazdu, obejmuj\u0105cy cele dydaktyczne lub badawcze, planowane zaj\u0119cia oraz korzy\u015bci wynikaj\u0105ce z wyjazdu dla uczelni macierzystej i partnerskiej. Merytoryczny zakres wizyty dla kategorii Teacher to minimum 6 godzin dydaktycznych w ci\u0105gu 5 dni roboczych w uczelni przyjmuj\u0105cej (model 1+5+1).<\/li>\n<\/ul>\n<h3>Proces Aplikacji (Freemover)<\/h3>\n<ol>\n<li><strong> Z\u0142o\u017cenie Wniosku:<\/strong><\/li>\n<\/ol>\n<ul>\n<li>Wype\u0142nij i z\u0142\u00f3\u017c wniosek aplikacyjny w systemie CEEPUS jako Freemover (<a href=\"http:\/\/www.ceepus.info\">www.ceepus.info<\/a>).<\/li>\n<li>Do\u0142\u0105cz wymagane dokumenty, m.in. Letter of Acceptance zawieraj\u0105cy szczeg\u00f3\u0142owy plan wizyty (podpisany przez Dziekana uczelni przyjmuj\u0105cej) oraz dwa listy polecaj\u0105ce z uczelni macierzystej.<\/li>\n<\/ul>\n<ol start=\"2\">\n<li><strong> Zatwierdzenie przez Uczelni\u0119 Macierzyst\u0105:<\/strong><\/li>\n<\/ol>\n<ul>\n<li>Fakt z\u0142o\u017cenia wniosku powinien zosta\u0107 zg\u0142oszony do Dzia\u0142u Projekt\u00f3w Mi\u0119dzynarodowych Erasmus+ i NAWA (DPM). W niekt\u00f3rych przypadkach wniosek b\u0119dzie wymaga\u0142 zatwierdzenia przez uczelni\u0119 wysy\u0142aj\u0105c\u0105.<\/li>\n<\/ul>\n<ol start=\"3\">\n<li><strong> Potwierdzenie woli udzia\u0142u w wymianie:<\/strong><\/li>\n<\/ol>\n<ul>\n<li>W przypadku przyznania stypendium (po zatwierdzeniu wniosku przez zagraniczne biuro Ceepus), na wskazany w procesie aplikacyjnym e-mail zostan\u0105 przes\u0142ane wszystkie niezb\u0119dne informacje dotycz\u0105ce wyjazdu. Obowi\u0105zkiem stypendysty jest dok\u0142adne zapoznanie si\u0119 z otrzymanymi informacjami oraz instrukcjami dotycz\u0105cymi wyjazdu.<\/li>\n<li>Zaakceptuj w systemie CEEPUS warunki wyjazdu oraz potwierd\u017a wol\u0119 udzia\u0142u w przyznanej mobilno\u015bci.<\/li>\n<\/ul>\n<p>W ci\u0105gu 10 dni kalendarzowych od zatwierdzenia w systemie CEEPUS przyznanego stypendium, stypendysta sk\u0142ada w DPM kopi\u0119 dokument\u00f3w: Letter of Award, Letter of Acceptance oraz uzupe\u0142nione i podpisane przez bezpo\u015brednich prze\u0142o\u017conych polecenie wyjazdu.<\/p>\n<p>&nbsp;<\/p>\n<h3>Przed Wyjazdem<\/h3>\n<ol>\n<li><strong> Przygotowanie Formalno\u015bci Wyjazdowych:<\/strong><\/li>\n<\/ol>\n<ul>\n<li>Upewnij si\u0119, \u017ce masz wa\u017cny paszport lub dow\u00f3d osobisty.<\/li>\n<li>Za\u0142atw wszystkie sprawy zwi\u0105zane z zakwaterowaniem na uczelni partnerskiej.<\/li>\n<li>Zorganizuj ewentualne dodatkowe ubezpieczenie zdrowotne i podr\u00f3\u017cne na czas pobytu za granic\u0105. DPM zg\u0142asza wyjazdy w ramach CEEPUS do polisy ubezpieczeniowej zawartej pomi\u0119dzy Politechnik\u0105 Bia\u0142ostock\u0105 a wybranym ubezpieczycielem.<\/li>\n<li>Zakup bilety na podr\u00f3\u017c. Uczelnia po odbytej mobilno\u015bci zwraca koszty przejazdu stypendyst\u00f3w najta\u0144szym \u015brodkiem transportu (II klasa kolej, autobus). Zgoda na zmian\u0119 \u015brodka transportu mo\u017ce by\u0107 udzielona przez NCO-PL (polskie biuro Ceepus) jedynie przed realizacj\u0105 stypendium na podstawie pisemnego wniosku stypendysty zatwierdzonego przez uczelni\u0119 deleguj\u0105c\u0105, z za\u0142\u0105czonymi oficjalnymi wycenami transportu na danej trasie. Wnioski sk\u0142ada\u0107 nale\u017cy drog\u0105 elektroniczn\u0105 poprzez e-mail.<\/li>\n<li>Zapoznaj si\u0119 z przepisami dotycz\u0105cymi bezpiecze\u0144stwa oraz procedurami awaryjnymi obowi\u0105zuj\u0105cymi na uczelni partnerskiej.<\/li>\n<li>B\u0105d\u017a w kontakcie z koordynatorem programu CEEPUS na uczelni przyjmuj\u0105cej.<\/li>\n<\/ul>\n<h3>W Trakcie Wyjazdu<\/h3>\n<ol>\n<li><strong> Realizacja Planu Wyjazdu:<\/strong><\/li>\n<\/ol>\n<ul>\n<li>W pierwszym dniu pobytu skontaktuj si\u0119 z koordynatorem programu CEEPUS na uczelni przyjmuj\u0105cej (przyznane w ramach programu CEEPUS stypendium wyp\u0142acane jest na uczelni przyjmuj\u0105cej).<\/li>\n<li>Upewnij si\u0119, \u017ce realizujesz plan wyjazdu zgodnie z ustalonym harmonogramem.<\/li>\n<li>Regularnie zbieraj potwierdzenia realizacji zaplanowanej pracy dydaktycznej lub badawczej na uczelni przyjmuj\u0105cej, np. harmonogram wyk\u0142ad\u00f3w (zawieraj\u0105cy szczeg\u00f3\u0142owe informacje, tj. terminy, numery sal w kt\u00f3rych odbywaj\u0105 si\u0119 zaj\u0119cia), listy obecno\u015bci, fotografie itp.<\/li>\n<li>W trakcie odbywanego sta\u017cu nale\u017cy uzupe\u0142ni\u0107 oraz wygenerowa\u0107 z systemu CEEPUS: Letter of Confirmation oraz Teacher Mobility Report. Dokumenty te musz\u0105 zosta\u0107 podpisane przez zagranicznego Koordynatora-Partnera oraz wgrane do systemu CEEPUS.<\/li>\n<\/ul>\n<h3>Po Powrocie<\/h3>\n<ol>\n<li><strong> Sporz\u0105dzenie Raportu Ko\u0144cowego:<\/strong><\/li>\n<\/ol>\n<ul>\n<li>W ci\u0105gu 7 dni kalendarzowych od powrotu stypendysta sk\u0142ada w DPM raport ko\u0144cowy z wyjazdu (obejmuj\u0105cy osi\u0105gni\u0119te cele, zrealizowane zadania oraz korzy\u015bci wynikaj\u0105ce z wyjazdu), przesy\u0142a mailem kr\u00f3tk\u0105 notatk\u0119 z pobytu wraz ze zdj\u0119ciami z wyjazdu (wraz z opisem i podaniem autorstwa) oraz dostarcza kopie wgranych do systemu CEEPUS dokument\u00f3w: Letter of Confirmation i Teacher Mobility Report, listy obecno\u015bci z przeprowadzonych wyk\u0142ad\u00f3w.<\/li>\n<\/ul>\n<ol start=\"2\">\n<li><strong> Rozliczenie Finansowe:<\/strong><\/li>\n<\/ol>\n<ul>\n<li>W ci\u0105gu 7 dni kalendarzowych od powrotu stypendysta sk\u0142ada w DPM rachunki i inne dokumenty potwierdzaj\u0105ce poniesione koszty na podr\u00f3\u017c. Rozliczenie koszt\u00f3w podr\u00f3\u017cy odb\u0119dzie si\u0119 na podstawie aktualnego Zarz\u0105dzenia Rektora Politechniki Bia\u0142ostockiej w sprawie podr\u00f3\u017cy pracownik\u00f3w Politechniki Bia\u0142ostockiej na obszarze kraju i poza jego granicami.<\/li>\n<\/ul>\n<ol start=\"3\">\n<li><strong> Dzia\u0142ania Po Powrocie:<\/strong><\/li>\n<\/ol>\n<ul>\n<li>Podziel si\u0119 zdobytymi do\u015bwiadczeniami i wiedz\u0105 z innymi pracownikami uczelni.<\/li>\n<li>Zg\u0142o\u015b w DPM ewentualne propozycje dalszej wsp\u00f3\u0142pracy z uczelni\u0105 partnersk\u0105.<\/li>\n<\/ul>\n<h3>Kontakt<\/h3>\n<p>W przypadku pyta\u0144 lub potrzeby dodatkowych informacji prosimy o kontakt z Dzia\u0142em Projekt\u00f3w Mi\u0119dzynarodowych Erasmus+ i NAWA.<\/p>\n<ul>\n<li>Email: izabela.karpinska@pb.edu.pl<\/li>\n<li>Telefon: +48 85 746 70 10<\/li>\n<\/ul>\n<\/div>\n\t\t\t\t<\/div>\n\t\t\t<\/div>\n<\/div>\n&nbsp;<\/p>\n","protected":false},"excerpt":{"rendered":"<p>Program CEEPUS \u2013 \u015arodkowoeuropejski Program Wymiany Uniwersyteckiej Podstawowym celem Porozumienia CEEPUS (&#8222;Central European Exchange Program<\/p>\n","protected":false},"author":2,"featured_media":0,"parent":11780,"menu_order":0,"comment_status":"closed","ping_status":"closed","template":"","meta":{"_acf_changed":false,"ngg_post_thumbnail":0,"footnotes":""},"class_list":["post-19771","page","type-page","status-publish","hentry"],"acf":[],"_links":{"self":[{"href":"https:\/\/pb.edu.pl\/iros\/wp-json\/wp\/v2\/pages\/19771","targetHints":{"allow":["GET"]}}],"collection":[{"href":"https:\/\/pb.edu.pl\/iros\/wp-json\/wp\/v2\/pages"}],"about":[{"href":"https:\/\/pb.edu.pl\/iros\/wp-json\/wp\/v2\/types\/page"}],"author":[{"embeddable":true,"href":"https:\/\/pb.edu.pl\/iros\/wp-json\/wp\/v2\/users\/2"}],"replies":[{"embeddable":true,"href":"https:\/\/pb.edu.pl\/iros\/wp-json\/wp\/v2\/comments?post=19771"}],"version-history":[{"count":0,"href":"https:\/\/pb.edu.pl\/iros\/wp-json\/wp\/v2\/pages\/19771\/revisions"}],"up":[{"embeddable":true,"href":"https:\/\/pb.edu.pl\/iros\/wp-json\/wp\/v2\/pages\/11780"}],"wp:attachment":[{"href":"https:\/\/pb.edu.pl\/iros\/wp-json\/wp\/v2\/media?parent=19771"}],"curies":[{"name":"wp","href":"https:\/\/api.w.org\/{rel}","templated":true}]}}