{"id":19434,"date":"2024-06-14T15:30:45","date_gmt":"2024-06-14T13:30:45","guid":{"rendered":"https:\/\/pb.edu.pl\/iros\/?page_id=19434"},"modified":"2025-10-29T12:55:37","modified_gmt":"2025-10-29T11:55:37","slug":"statystyki","status":"publish","type":"page","link":"https:\/\/pb.edu.pl\/iros\/program-erasmus\/wyjazdy-pracownikow-program-ka171\/statystyki\/","title":{"rendered":"Statystyki"},"content":{"rendered":"<div class=\"row\">\n<div class=\"col-sm-8\">\n<p>Zestawienie wyjazd\u00f3w pracownik\u00f3w Politechniki Bia\u0142ostockiej w ramach programu Erasmus+ KA107 \/ KA171&nbsp; w latach 2018-2024:<\/p>\n<p><a href=\"https:\/\/pbial-my.sharepoint.com\/:x:\/g\/personal\/a_gniazdowska_st_pb_edu_pl\/EUOH0zy-iuhDoZ4htvwKJpQBGwPJnJsOha_-BjxlY_aiow?e=5Y5LMo\">Zestawienie wyjazd\u00f3w Erasmus+ KA171<\/a><\/p>\n<p><img loading=\"lazy\" decoding=\"async\" class=\"alignnone wp-image-20593\" src=\"https:\/\/pb.edu.pl\/iros\/wp-content\/uploads\/sites\/24\/2024\/08\/Zestawienie-wyjazdow-pracownikow-w-ramach-Erasmus-KA171-1-1024x456.png\" alt=\"\" width=\"741\" height=\"330\" srcset=\"https:\/\/pb.edu.pl\/iros\/wp-content\/uploads\/sites\/24\/2024\/08\/Zestawienie-wyjazdow-pracownikow-w-ramach-Erasmus-KA171-1-1024x456.png 1024w, https:\/\/pb.edu.pl\/iros\/wp-content\/uploads\/sites\/24\/2024\/08\/Zestawienie-wyjazdow-pracownikow-w-ramach-Erasmus-KA171-1-300x133.png 300w, https:\/\/pb.edu.pl\/iros\/wp-content\/uploads\/sites\/24\/2024\/08\/Zestawienie-wyjazdow-pracownikow-w-ramach-Erasmus-KA171-1-768x342.png 768w, https:\/\/pb.edu.pl\/iros\/wp-content\/uploads\/sites\/24\/2024\/08\/Zestawienie-wyjazdow-pracownikow-w-ramach-Erasmus-KA171-1-1536x683.png 1536w, https:\/\/pb.edu.pl\/iros\/wp-content\/uploads\/sites\/24\/2024\/08\/Zestawienie-wyjazdow-pracownikow-w-ramach-Erasmus-KA171-1-2048x911.png 2048w\" sizes=\"auto, (max-width: 741px) 100vw, 741px\" \/><\/p>\n<\/div>\n<div class=\"col-sm-4 text-center\">\n<div class=\"well well-sm lead text-center boxy-prawe\">\n<h2>Kontakt<\/h2>\n<h3>Pok\u00f3j C28<\/h3>\n<p>mgr Magdalena Wilczewska-Charkiewicz<br \/>\n<i class=\"fal fa-phone\"><\/i> (85) 746 90 43<br \/>\n<i class=\"fal fa-envelope\"><\/i> <a href=\"#\" rel=\"nofollow\"  onclick=\"this.href='mailto:' + 'magdalena.wilczewska-charkiewicz ' + '@' + 'pb.edu.pl'\">magdalena.wilczewska-charkiewicz  [at] pb.edu.pl<\/a>\n<\/div>\n<\/div>\n<\/div>\n<p><img loading=\"lazy\" decoding=\"async\" class=\"wp-image-9102 size-medium alignleft\" src=\"https:\/\/pb.edu.pl\/iros\/wp-content\/uploads\/sites\/24\/2022\/09\/PL-Wspolfinansowane-przez-Unie-Europejska_POS-300x54.png\" alt=\"logo Wsp\u00f3\u0142finansowane przez UE\" width=\"300\" height=\"54\" srcset=\"https:\/\/pb.edu.pl\/iros\/wp-content\/uploads\/sites\/24\/2022\/09\/PL-Wspolfinansowane-przez-Unie-Europejska_POS-300x54.png 300w, https:\/\/pb.edu.pl\/iros\/wp-content\/uploads\/sites\/24\/2022\/09\/PL-Wspolfinansowane-przez-Unie-Europejska_POS-1024x183.png 1024w, https:\/\/pb.edu.pl\/iros\/wp-content\/uploads\/sites\/24\/2022\/09\/PL-Wspolfinansowane-przez-Unie-Europejska_POS-768x137.png 768w, https:\/\/pb.edu.pl\/iros\/wp-content\/uploads\/sites\/24\/2022\/09\/PL-Wspolfinansowane-przez-Unie-Europejska_POS-1536x275.png 1536w, https:\/\/pb.edu.pl\/iros\/wp-content\/uploads\/sites\/24\/2022\/09\/PL-Wspolfinansowane-przez-Unie-Europejska_POS-2048x366.png 2048w\" sizes=\"auto, (max-width: 300px) 100vw, 300px\" \/><\/p>\n","protected":false},"excerpt":{"rendered":"<p>Zestawienie wyjazd\u00f3w pracownik\u00f3w Politechniki Bia\u0142ostockiej w ramach programu Erasmus+ KA107 \/ KA171&nbsp; w latach 2018-2024:<\/p>\n","protected":false},"author":2,"featured_media":0,"parent":477,"menu_order":10,"comment_status":"closed","ping_status":"closed","template":"","meta":{"_acf_changed":false,"ngg_post_thumbnail":0,"footnotes":""},"class_list":["post-19434","page","type-page","status-publish","hentry"],"acf":[],"_links":{"self":[{"href":"https:\/\/pb.edu.pl\/iros\/wp-json\/wp\/v2\/pages\/19434","targetHints":{"allow":["GET"]}}],"collection":[{"href":"https:\/\/pb.edu.pl\/iros\/wp-json\/wp\/v2\/pages"}],"about":[{"href":"https:\/\/pb.edu.pl\/iros\/wp-json\/wp\/v2\/types\/page"}],"author":[{"embeddable":true,"href":"https:\/\/pb.edu.pl\/iros\/wp-json\/wp\/v2\/users\/2"}],"replies":[{"embeddable":true,"href":"https:\/\/pb.edu.pl\/iros\/wp-json\/wp\/v2\/comments?post=19434"}],"version-history":[{"count":0,"href":"https:\/\/pb.edu.pl\/iros\/wp-json\/wp\/v2\/pages\/19434\/revisions"}],"up":[{"embeddable":true,"href":"https:\/\/pb.edu.pl\/iros\/wp-json\/wp\/v2\/pages\/477"}],"wp:attachment":[{"href":"https:\/\/pb.edu.pl\/iros\/wp-json\/wp\/v2\/media?parent=19434"}],"curies":[{"name":"wp","href":"https:\/\/api.w.org\/{rel}","templated":true}]}}