{"id":19427,"date":"2024-06-14T15:24:19","date_gmt":"2024-06-14T13:24:19","guid":{"rendered":"https:\/\/pb.edu.pl\/iros\/?page_id=19427"},"modified":"2025-10-29T12:51:03","modified_gmt":"2025-10-29T11:51:03","slug":"zasady-finansowania","status":"publish","type":"page","link":"https:\/\/pb.edu.pl\/iros\/program-erasmus\/wyjazdy-pracownikow-program-ka171\/zasady-finansowania\/","title":{"rendered":"Zasady finansowania"},"content":{"rendered":"<div class=\"row\">\n<div class=\"col-sm-8\">Dofinansowanie z bud\u017cetu programu Erasmus+ jest przeznaczone na cz\u0119\u015bciowe pokrycie koszt\u00f3w zwi\u0105zanych z podr\u00f3\u017c\u0105 i utrzymaniem za granic\u0105.Pracownicy PB zakwalifikowani na wyjazd otrzymuj\u0105 dofinansowanie UE jako wk\u0142ad w koszty podr\u00f3\u017cy i utrzymania ponoszone w czasie pobytu za granic\u0105.<\/p>\n<p>&nbsp;<\/p>\n<p><strong><u>Wsparcie indywidualne:<\/u><\/strong><\/p>\n<p>s\u0105 to \u015brodki przeznaczone na pokrycie koszt\u00f3w bezpo\u015brednio zwi\u0105zanych z utrzymaniem podczas pobytu za granic\u0105; pobyt pracownika za granic\u0105 mo\u017ce trwa\u0107 minimum 5 dni (z wy\u0142\u0105czeniem czasu podr\u00f3\u017cy) i maksymalnie 2 miesi\u0105ce. Minimalna liczba dni musi obejmowa\u0107 dni kolejno nast\u0119puj\u0105ce po sobie.<\/p>\n<p>Wsparcie indywidualne jest przyznawane na dni pobytu obejmuj\u0105ce fizyczn\u0105 obecno\u015b\u0107 uczestnika w instytucji przyjmuj\u0105cej. Politechnika Bia\u0142ostocka &nbsp;przyj\u0119\u0142a og\u00f3ln\u0105 zasad\u0119, \u017ce dofinansowanie jest przyznawane na okres maksymalnie 5 dni.<\/p>\n<p>Do wsparcia indywidualnego dodawane s\u0105 2 dodatkowe dni na podr\u00f3\u017c.<\/p>\n<p>Wysoko\u015b\u0107 wsparcia indywidualnego uzale\u017cniona jest od grupy kraj\u00f3w, do kt\u00f3rej nale\u017cy kraj instytucji przyjmuj\u0105cej.<\/p>\n<p><strong><u>Wsparcie podr\u00f3\u017cy:<\/u><\/strong><\/p>\n<p>wysoko\u015b\u0107 stypendium na podr\u00f3\u017c uzale\u017cniona jest od wybranego \u015brodka transportu oraz od odleg\u0142o\u015bci dziel\u0105cej miejsce rozpocz\u0119cia podr\u00f3\u017cy oraz miejsce docelowe i jest okre\u015blona przez Komisj\u0119 Europejsk\u0105 w Kalkulatorze odleg\u0142o\u015bci. Do obliczenia dofinansowania dla pracownika PB, przyjmuje si\u0119, \u017ce miejscem rozpocz\u0119cia podr\u00f3\u017cy jest Bia\u0142ystok jako siedziba Politechniki Bia\u0142ostockiej.<\/p>\n<p><strong><u>Dofinansowanie wyjazdu dla pracownik\u00f3w z niepe\u0142nosprawno\u015bci\u0105:<\/u><\/strong><\/p>\n<p>Pracownicy z niepe\u0142nosprawno\u015bci\u0105, posiadaj\u0105cy orzeczenie o niepe\u0142nosprawno\u015bci, mog\u0105&nbsp;&nbsp;wnioskowa\u0107 o przyznanie dofinansowania&nbsp;&nbsp;na dodatkowe koszty wyjazdu zwi\u0105zane z niepe\u0142nosprawno\u015bci\u0105. S\u0105 to dodatkowe \u015brodki na pokrycie koszt\u00f3w bezpo\u015brednio zwi\u0105zanych z niepe\u0142nosprawno\u015bci\u0105, bez kt\u00f3rych realizacja wyjazdu nie by\u0142aby mo\u017cliwa oraz kt\u00f3re nie s\u0105 zapewnione przez uczelni\u0119\/instytucj\u0119 przyjmuj\u0105c\u0105 lub nie s\u0105 finansowane z innych \u017ar\u00f3de\u0142.&nbsp;<\/p>\n<p>&nbsp;<br \/>\n<img loading=\"lazy\" decoding=\"async\" class=\"wp-image-9102 size-medium alignleft\" src=\"https:\/\/pb.edu.pl\/iros\/wp-content\/uploads\/sites\/24\/2022\/09\/PL-Wspolfinansowane-przez-Unie-Europejska_POS-300x54.png\" alt=\"logo Wsp\u00f3\u0142finansowane przez UE\" width=\"300\" height=\"54\" srcset=\"https:\/\/pb.edu.pl\/iros\/wp-content\/uploads\/sites\/24\/2022\/09\/PL-Wspolfinansowane-przez-Unie-Europejska_POS-300x54.png 300w, https:\/\/pb.edu.pl\/iros\/wp-content\/uploads\/sites\/24\/2022\/09\/PL-Wspolfinansowane-przez-Unie-Europejska_POS-1024x183.png 1024w, https:\/\/pb.edu.pl\/iros\/wp-content\/uploads\/sites\/24\/2022\/09\/PL-Wspolfinansowane-przez-Unie-Europejska_POS-768x137.png 768w, https:\/\/pb.edu.pl\/iros\/wp-content\/uploads\/sites\/24\/2022\/09\/PL-Wspolfinansowane-przez-Unie-Europejska_POS-1536x275.png 1536w, https:\/\/pb.edu.pl\/iros\/wp-content\/uploads\/sites\/24\/2022\/09\/PL-Wspolfinansowane-przez-Unie-Europejska_POS-2048x366.png 2048w\" sizes=\"auto, (max-width: 300px) 100vw, 300px\" \/><\/p>\n<\/div>\n<div class=\"col-sm-4 text-center\">\n<div class=\"well well-sm lead text-center boxy-prawe\">\n<h2>Kontakt<\/h2>\n<h3>Pok\u00f3j C28<\/h3>\n<p>mgr Magdalena Wilczewska-Charkiewicz&nbsp;<br \/>\n<i class=\"fal fa-phone\"><\/i> (85) 746 90 43<br \/>\n<i class=\"fal fa-envelope\"><\/i> <a href=\"#\" rel=\"nofollow\"  onclick=\"this.href='mailto:' + 'magdalena.wilczewska-charkiewicz ' + '@' + 'pb.edu.pl'\">magdalena.wilczewska-charkiewicz  [at] pb.edu.pl<\/a>\n<\/div>\n<\/div>\n<\/div>\n","protected":false},"excerpt":{"rendered":"<p>Dofinansowanie z bud\u017cetu programu Erasmus+ jest przeznaczone na cz\u0119\u015bciowe pokrycie koszt\u00f3w zwi\u0105zanych z podr\u00f3\u017c\u0105 i<\/p>\n","protected":false},"author":2,"featured_media":0,"parent":477,"menu_order":6,"comment_status":"closed","ping_status":"closed","template":"","meta":{"_acf_changed":false,"ngg_post_thumbnail":0,"footnotes":""},"class_list":["post-19427","page","type-page","status-publish","hentry"],"acf":[],"_links":{"self":[{"href":"https:\/\/pb.edu.pl\/iros\/wp-json\/wp\/v2\/pages\/19427","targetHints":{"allow":["GET"]}}],"collection":[{"href":"https:\/\/pb.edu.pl\/iros\/wp-json\/wp\/v2\/pages"}],"about":[{"href":"https:\/\/pb.edu.pl\/iros\/wp-json\/wp\/v2\/types\/page"}],"author":[{"embeddable":true,"href":"https:\/\/pb.edu.pl\/iros\/wp-json\/wp\/v2\/users\/2"}],"replies":[{"embeddable":true,"href":"https:\/\/pb.edu.pl\/iros\/wp-json\/wp\/v2\/comments?post=19427"}],"version-history":[{"count":0,"href":"https:\/\/pb.edu.pl\/iros\/wp-json\/wp\/v2\/pages\/19427\/revisions"}],"up":[{"embeddable":true,"href":"https:\/\/pb.edu.pl\/iros\/wp-json\/wp\/v2\/pages\/477"}],"wp:attachment":[{"href":"https:\/\/pb.edu.pl\/iros\/wp-json\/wp\/v2\/media?parent=19427"}],"curies":[{"name":"wp","href":"https:\/\/api.w.org\/{rel}","templated":true}]}}