{"id":19422,"date":"2024-06-14T15:22:33","date_gmt":"2024-06-14T13:22:33","guid":{"rendered":"https:\/\/pb.edu.pl\/iros\/?page_id=19422"},"modified":"2025-10-29T12:49:05","modified_gmt":"2025-10-29T11:49:05","slug":"rozliczenie-wyjazdu","status":"publish","type":"page","link":"https:\/\/pb.edu.pl\/iros\/program-erasmus\/wyjazdy-pracownikow-program-ka171\/rozliczenie-wyjazdu\/","title":{"rendered":"Rozliczenie wyjazdu"},"content":{"rendered":"<div class=\"row\">\n<div class=\"col-sm-8\">\n<p><strong>W terminie 7 dni od powrotu<\/strong>&nbsp;pracownik sk\u0142ada w Dziale Mobilno\u015bci i Obs\u0142ugi Um\u00f3w Mi\u0119dzynarodowych nast\u0119puj\u0105ce dokumenty\/materia\u0142y:<\/p>\n<ul>\n<li><strong>Confirmation letter<\/strong>, tj. dokument po\u015bwiadczaj\u0105cy czas pobytu i w przypadku nauczyciela liczb\u0119 godzin zrealizowanych zaj\u0119\u0107, przygotowany przez uczelni\u0119 przyjmuj\u0105c\u0105. Okres pobytu potwierdzonego przez uczelni\u0119 przyjmuj\u0105c\u0105 musi si\u0119 zgadza\u0107 z terminem podanym w <strong>Staff Mobility for Teaching\/Training<\/strong>&nbsp;oraz w umowie finansowej (tj. 5 dni);&nbsp;<\/li>\n<li><strong>Sprawozdanie&nbsp;<\/strong>z realizacji programu pobytu \u2013 w formie ankiety (z konkretnymi informacjami, wnioskami i propozycjami);<\/li>\n<li><strong>Materia\u0142y informacyjne <\/strong>o uczelni przyjmuj\u0105cej, propozycje wsp\u00f3\u0142pracy itp.;<\/li>\n<li>Przesy\u0142a mailem notatk\u0119 z pobytu wraz ze zdj\u0119ciami z wyjazdu (z ich opisem i podaniem autorstwa), kt\u00f3re zostan\u0105 zamieszczone na stronie Dzia\u0142u Mobilno\u015bci i Obs\u0142ugi Um\u00f3w Mi\u0119dzynarodowych i w innych mediach spo\u0142eczno\u015bciowych;<\/li>\n<li>Po mailowym wezwaniu poprzez serwer Komisji Europejskiej Erasmus+ pracownik wype\u0142nia on-line Ankiet\u0119 Stypendysty \u2013<strong>Participant Report Request<\/strong>, najp\u00f3\u017aniej w terminie 30 dni po otrzymaniu wezwania;<\/li>\n<li>Przekazuje zainteresowanym studentom informacje o wizytowanej uczelni (np. na pro\u015bb\u0119 wydzia\u0142owego koordynatora Programu Erasmus+, dziekana, samych student\u00f3w);<\/li>\n<li>Uczestniczy w wydarzeniach promocyjnych dotycz\u0105cych mobilno\u015bci Programu Erasmus+ organizowanych przez Dzia\u0142 Mobilno\u015bci i Obs\u0142ugi Um\u00f3w Mi\u0119dzynarodowych i Uczelni\u0119.<\/li>\n<\/ul>\n<p>&nbsp;<br \/>\n<img loading=\"lazy\" decoding=\"async\" class=\"wp-image-9102 size-medium alignleft\" src=\"https:\/\/pb.edu.pl\/iros\/wp-content\/uploads\/sites\/24\/2022\/09\/PL-Wspolfinansowane-przez-Unie-Europejska_POS-300x54.png\" alt=\"logo Wsp\u00f3\u0142finansowane przez UE\" width=\"300\" height=\"54\" srcset=\"https:\/\/pb.edu.pl\/iros\/wp-content\/uploads\/sites\/24\/2022\/09\/PL-Wspolfinansowane-przez-Unie-Europejska_POS-300x54.png 300w, https:\/\/pb.edu.pl\/iros\/wp-content\/uploads\/sites\/24\/2022\/09\/PL-Wspolfinansowane-przez-Unie-Europejska_POS-1024x183.png 1024w, https:\/\/pb.edu.pl\/iros\/wp-content\/uploads\/sites\/24\/2022\/09\/PL-Wspolfinansowane-przez-Unie-Europejska_POS-768x137.png 768w, https:\/\/pb.edu.pl\/iros\/wp-content\/uploads\/sites\/24\/2022\/09\/PL-Wspolfinansowane-przez-Unie-Europejska_POS-1536x275.png 1536w, https:\/\/pb.edu.pl\/iros\/wp-content\/uploads\/sites\/24\/2022\/09\/PL-Wspolfinansowane-przez-Unie-Europejska_POS-2048x366.png 2048w\" sizes=\"auto, (max-width: 300px) 100vw, 300px\" \/><\/p>\n<\/div>\n<div class=\"col-sm-4 text-center\">\n<div class=\"well well-sm lead text-center boxy-prawe\">\n<h2>Kontakt<\/h2>\n<h3>Pok\u00f3j C28<\/h3>\n<p>mgr Magdalena Wilczewska-Charkiewicz<br \/>\n<i class=\"fal fa-phone\"><\/i> (85) 746 90 43<br \/>\n<i class=\"fal fa-envelope\"><\/i> <a href=\"#\" rel=\"nofollow\"  onclick=\"this.href='mailto:' + 'magdalena.wilczewska-charkiewicz ' + '@' + 'pb.edu.pl'\">magdalena.wilczewska-charkiewicz  [at] pb.edu.pl<\/a>\n<\/div>\n<\/div>\n<\/div>\n","protected":false},"excerpt":{"rendered":"<p>W terminie 7 dni od powrotu&nbsp;pracownik sk\u0142ada w Dziale Mobilno\u015bci i Obs\u0142ugi Um\u00f3w Mi\u0119dzynarodowych nast\u0119puj\u0105ce<\/p>\n","protected":false},"author":2,"featured_media":0,"parent":477,"menu_order":4,"comment_status":"closed","ping_status":"closed","template":"","meta":{"_acf_changed":false,"ngg_post_thumbnail":0,"footnotes":""},"class_list":["post-19422","page","type-page","status-publish","hentry"],"acf":[],"_links":{"self":[{"href":"https:\/\/pb.edu.pl\/iros\/wp-json\/wp\/v2\/pages\/19422","targetHints":{"allow":["GET"]}}],"collection":[{"href":"https:\/\/pb.edu.pl\/iros\/wp-json\/wp\/v2\/pages"}],"about":[{"href":"https:\/\/pb.edu.pl\/iros\/wp-json\/wp\/v2\/types\/page"}],"author":[{"embeddable":true,"href":"https:\/\/pb.edu.pl\/iros\/wp-json\/wp\/v2\/users\/2"}],"replies":[{"embeddable":true,"href":"https:\/\/pb.edu.pl\/iros\/wp-json\/wp\/v2\/comments?post=19422"}],"version-history":[{"count":0,"href":"https:\/\/pb.edu.pl\/iros\/wp-json\/wp\/v2\/pages\/19422\/revisions"}],"up":[{"embeddable":true,"href":"https:\/\/pb.edu.pl\/iros\/wp-json\/wp\/v2\/pages\/477"}],"wp:attachment":[{"href":"https:\/\/pb.edu.pl\/iros\/wp-json\/wp\/v2\/media?parent=19422"}],"curies":[{"name":"wp","href":"https:\/\/api.w.org\/{rel}","templated":true}]}}