{"id":19418,"date":"2024-06-14T15:19:54","date_gmt":"2024-06-14T13:19:54","guid":{"rendered":"https:\/\/pb.edu.pl\/iros\/?page_id=19418"},"modified":"2025-10-29T12:47:24","modified_gmt":"2025-10-29T11:47:24","slug":"formalnosci-przed-wyjazdem","status":"publish","type":"page","link":"https:\/\/pb.edu.pl\/iros\/program-erasmus\/wyjazdy-pracownikow-program-ka171\/formalnosci-przed-wyjazdem\/","title":{"rendered":"Formalno\u015bci przed wyjazdem"},"content":{"rendered":"<div class=\"row\">\n<div class=\"col-sm-8\">\n<div class=\"h2\">Formularze do pobrania<\/div>\n<div class=\"row\">\n<div class=\"col-sm-6 text-center\"><a class=\"button text-center animated zoomIn lead\" style=\"width: 100%\" href=\"\/iros\/program-erasmus\/wyjazdy-pracownikow-program-ka171\/formularze-do-pobrania-nauczyciele\/\"><strong>Wyjazdy w celach dydaktycznych<\/strong><\/a><\/div>\n<div class=\"col-sm-6 text-center\"><a class=\"button text-center animated zoomIn lead\" style=\"width: 100%\" href=\"\/iros\/program-erasmus\/wyjazdy-pracownikow-program-ka171\/formularze-do-pobrania-administracja\/\"><strong>Wyjazdy w celach szkoleniowych<\/strong><\/a><\/div>\n<\/div>\n<hr>\n<ul>\n<li>Pracownik, kt\u00f3ry otrzyma\u0142 zgod\u0119 na wyjazd w ramach rekrutacji, kontaktuje si\u0119 z uczelni\u0105 partnersk\u0105 w celu uzgodnienia terminu wizyty (mo\u017ce skorzysta\u0107 z pomocy wydzia\u0142owego koordynatora Programu Erasmus+);<\/li>\n<li>Po uzgodnieniu terminu wizyty pracownik wysy\u0142a do uczelni partnerskiej skan wype\u0142nionego formularza Mobility Agreement Staff Mobility for Teaching\/Training z pro\u015bb\u0105 o akceptacj\u0119 terminu wyjazdu i tematyki zaj\u0119\u0107 dydaktycznych\/zakresu dzia\u0142a\u0144;<\/li>\n<li>Podpisany dokument przez uczelni\u0119 partnersk\u0105, zaakceptowany na PB przez wydzia\u0142owego koordynatora Programu Erasmus+ oraz dziekana, a tak\u017ce Polecenie wyjazdu zaakceptowane przez bezpo\u015bredniego prze\u0142o\u017conego, wydzia\u0142owego koordynatora Programu Erasmus+ oraz dziekana&nbsp;pracownik dostarcza do Dzia\u0142u Mobilno\u015bci i Obs\u0142ugi Um\u00f3w Mi\u0119dzynarodowych;<\/li>\n<li>Przesy\u0142a r\u00f3wnie\u017c do Dzia\u0142u Mobilno\u015bci i Obs\u0142ugi Um\u00f3w Mi\u0119dzynarodowych Ankiet\u0119 osobow\u0105 wraz z Informacj\u0105 o przetwarzaniu danych osobowych, Zezwolenie na utrwalanie i rozpowszechnianie wizerunku (o ile nie uczyni\u0142 tego wcze\u015bniej). Dokumenty dost\u0119pne s\u0105 w Dziale Mobilno\u015bci i Obs\u0142ugi Um\u00f3w Mi\u0119dzynarodowych;<\/li>\n<li>Dzia\u0142 Mobilno\u015bci i Obs\u0142ugi Um\u00f3w Mi\u0119dzynarodowych przygotowuje umow\u0105 finansow\u0105 pomi\u0119dzy pracownikiem a PB na wyjazd w ramach Programu Erasmus+ i przed wyjazdem zaprasza pracownika po odbi\u00f3r: umowy finansowej, karty ubezpieczeniowej, dofinansowania wraz z rycza\u0142tem na podr\u00f3\u017c (kt\u00f3re pracownik mo\u017ce otrzyma\u0107 w formie got\u00f3wki lub przelewu na konto w Euro najwcze\u015bniej 30 dni przed wyjazdem);<\/li>\n<li>Rycza\u0142t na podr\u00f3\u017c liczony jest zgodnie z&nbsp;<a href=\"http:\/\/ec.europa.eu\/programmes\/erasmus-plus\/resources\/distance-calculator_pl\">kalkulatorem odleg\u0142o\u015bci Komisji Europejskiej<\/a><\/li>\n<li>Pracownik dokonuje zakupu biletu lotniczego\/kolejowego\/autobusowego, rezerwuje hotel itp.;<\/li>\n<li>Pracownik sam dope\u0142nia wszelkich formalno\u015bci zwi\u0105zanych z uzyskaniem wizy oraz ponosi koszty z tym zwi\u0105zane.<\/li>\n<li>Okres pobytu pracownika w uczelni partnerskiej (bez dni przeznaczonych na podr\u00f3\u017c)&nbsp;<strong>to 5 dni roboczych <\/strong>podczas kt\u00f3rych wyk\u0142adowca zobowi\u0105zany jest przeprowadzi\u0107&nbsp;<strong>co najmniej 8 godzin <\/strong>zaj\u0119\u0107 dydaktycznych.<\/li>\n<\/ul>\n<p>&nbsp;<\/p>\n<\/div>\n<div class=\"col-sm-4 text-center\">\n<div class=\"well well-sm lead text-center boxy-prawe\">\n<h2>Kontakt<\/h2>\n<h3>Pok\u00f3j C28<\/h3>\n<p>mgr Magdalena Wilczewska-Charkiewicz&nbsp;<br \/>\n<i class=\"fal fa-phone\"><\/i> (85) 746 90 43<br \/>\n<i class=\"fal fa-envelope\"><\/i> <a href=\"#\" rel=\"nofollow\"  onclick=\"this.href='mailto:' + 'magdalena.wilczewska-charkiewicz' + '@' + 'pb.edu.pl'\">magdalena.wilczewska-charkiewicz [at] pb.edu.pl<\/a>\n<\/div>\n<\/div>\n<\/div>\n<p><img loading=\"lazy\" decoding=\"async\" class=\"wp-image-9102 size-medium alignleft\" src=\"https:\/\/pb.edu.pl\/iros\/wp-content\/uploads\/sites\/24\/2022\/09\/PL-Wspolfinansowane-przez-Unie-Europejska_POS-300x54.png\" alt=\"logo Wsp\u00f3\u0142finansowane przez UE\" width=\"300\" height=\"54\" srcset=\"https:\/\/pb.edu.pl\/iros\/wp-content\/uploads\/sites\/24\/2022\/09\/PL-Wspolfinansowane-przez-Unie-Europejska_POS-300x54.png 300w, https:\/\/pb.edu.pl\/iros\/wp-content\/uploads\/sites\/24\/2022\/09\/PL-Wspolfinansowane-przez-Unie-Europejska_POS-1024x183.png 1024w, https:\/\/pb.edu.pl\/iros\/wp-content\/uploads\/sites\/24\/2022\/09\/PL-Wspolfinansowane-przez-Unie-Europejska_POS-768x137.png 768w, https:\/\/pb.edu.pl\/iros\/wp-content\/uploads\/sites\/24\/2022\/09\/PL-Wspolfinansowane-przez-Unie-Europejska_POS-1536x275.png 1536w, https:\/\/pb.edu.pl\/iros\/wp-content\/uploads\/sites\/24\/2022\/09\/PL-Wspolfinansowane-przez-Unie-Europejska_POS-2048x366.png 2048w\" sizes=\"auto, (max-width: 300px) 100vw, 300px\" \/><\/p>\n","protected":false},"excerpt":{"rendered":"<p>Formularze do pobrania Wyjazdy w celach dydaktycznych Wyjazdy w celach szkoleniowych Pracownik, kt\u00f3ry otrzyma\u0142 zgod\u0119<\/p>\n","protected":false},"author":2,"featured_media":0,"parent":477,"menu_order":2,"comment_status":"closed","ping_status":"closed","template":"","meta":{"_acf_changed":false,"ngg_post_thumbnail":0,"footnotes":""},"class_list":["post-19418","page","type-page","status-publish","hentry"],"acf":[],"_links":{"self":[{"href":"https:\/\/pb.edu.pl\/iros\/wp-json\/wp\/v2\/pages\/19418","targetHints":{"allow":["GET"]}}],"collection":[{"href":"https:\/\/pb.edu.pl\/iros\/wp-json\/wp\/v2\/pages"}],"about":[{"href":"https:\/\/pb.edu.pl\/iros\/wp-json\/wp\/v2\/types\/page"}],"author":[{"embeddable":true,"href":"https:\/\/pb.edu.pl\/iros\/wp-json\/wp\/v2\/users\/2"}],"replies":[{"embeddable":true,"href":"https:\/\/pb.edu.pl\/iros\/wp-json\/wp\/v2\/comments?post=19418"}],"version-history":[{"count":0,"href":"https:\/\/pb.edu.pl\/iros\/wp-json\/wp\/v2\/pages\/19418\/revisions"}],"up":[{"embeddable":true,"href":"https:\/\/pb.edu.pl\/iros\/wp-json\/wp\/v2\/pages\/477"}],"wp:attachment":[{"href":"https:\/\/pb.edu.pl\/iros\/wp-json\/wp\/v2\/media?parent=19418"}],"curies":[{"name":"wp","href":"https:\/\/api.w.org\/{rel}","templated":true}]}}