{"id":185,"date":"2018-11-12T20:42:13","date_gmt":"2018-11-12T19:42:13","guid":{"rendered":"https:\/\/pb.edu.pl\/bwm\/?page_id=185"},"modified":"2026-03-06T13:41:09","modified_gmt":"2026-03-06T12:41:09","slug":"wyjazdy-pracownikow","status":"publish","type":"page","link":"https:\/\/pb.edu.pl\/iros\/umowy-o-wspolpracy\/wyjazdy-pracownikow\/","title":{"rendered":"Wyjazdy pracownik\u00f3w"},"content":{"rendered":"<div class=\"row\">\n<div class=\"col-sm-8 text-justify\"><div class=\"panel-group\" id=\"custom-collapse-0\">\n<div class=\"panel panel-default\">\n\t\t\t\t<div class=\"panel-heading\">\n\t\t\t\t\t<div class=\"panel-title\">\n\t\t\t\t\t\t<a class=\"collapsed h4\" data-toggle=\"collapse\" data-parent=\"#custom-collapse-0\" href=\"#custom-collapse-0-0\">Warunki wyjazdu<\/a>\n\t\t\t\t\t<\/div>\n\t\t\t\t<\/div>\n\t\t\t\t<div id=\"custom-collapse-0-0\" class=\"panel-collapse collapse\">\n\t\t\t\t\t<div class=\"panel-body\">\nDzia\u0142 Mobilno\u015bci i Obs\u0142ugi Um\u00f3w Mi\u0119dzynarodowych obs\u0142uguje wyjazdy zagraniczne pracownik\u00f3w PB zgodnie z <a title=\"przejd\u017a do strony\" href=\"https:\/\/bd.uci.pb.edu.pl\/446-lista-dokumentow\/d\/2612\/5\/\">ZARZ\u0104DZENIE NR 121\/2025 Rektora Politechniki Bia\u0142ostockiej z dnia 11 grudnia 2025 roku w sprawie podr\u00f3\u017cy pracownik\u00f3w Politechniki Bia\u0142ostockiej na obszarze kraju i poza jego granicami<\/a><\/p>\n<p style=\"text-align: left\">Wyjazdy za granic\u0119 mog\u0105 by\u0107 realizowane w nast\u0119puj\u0105cych celach:<\/p>\n<ol style=\"text-align: left\">\n<li>realizacja um\u00f3w o wsp\u00f3\u0142pracy naukowej z zagranic\u0105,<\/li>\n<li>prowadzenia bada\u0144 naukowych,<\/li>\n<li>podejmowania dzia\u0142alno\u015bci dydaktycznej,<\/li>\n<li>szkoleniowych na:\n<ul>\n<li>odbycie cz\u0119\u015bci jednolitych studi\u00f3w magisterskich lub uzupe\u0142niaj\u0105cych studi\u00f3w magisterskich albo wy\u017cszych studi\u00f3w zawodowych,<\/li>\n<li>studia doktoranckie,<\/li>\n<li>studia podyplomowe,<\/li>\n<li>sta\u017ce naukowe i artystyczne oraz specjalizacje zawodowe,<\/li>\n<li>kursy j\u0119zykowe i inne kursy podnosz\u0105ce kwalifikacje zawodowe,<\/li>\n<li>praktyki zawodowe,<\/li>\n<\/ul>\n<\/li>\n<li>innych, np. udzia\u0142 w konferencjach naukowych, sympozjach, zjazdach itp.<\/li>\n<\/ol>\n<p style=\"text-align: left\">Na okres nieprzekraczaj\u0105cy miesi\u0105ca przys\u0142uguje urlop szkoleniowy p\u0142atny wed\u0142ug zasad obowi\u0105zuj\u0105cych przy obliczaniu wynagrodzenia za urlop wypoczynkowy (Zarz\u0105dzenie Rektora PB Nr 16 z 28 lutego 2011 dotycz\u0105ce zasad kierowania pracownik\u00f3w, doktorant\u00f3w i student\u00f3w PB za granic\u0119 w celach naukowych, dydaktycznych i szkoleniowych).<\/p>\n<p style=\"text-align: left\">Na okres przekraczaj\u0105cy miesi\u0105c pracownik mo\u017ce uzyska\u0107 urlop szkoleniowy, na og\u00f3lnych warunkach udzielania urlop\u00f3w lub urlop bezp\u0142atny.<\/p>\n<p style=\"text-align: left\">W uzasadnionych przypadkach istnieje mo\u017cliwo\u015b\u0107 ubiegania si\u0119 o wyp\u0142acanie \u015bwiadcze\u0144 na rzecz pracownika lub pozostaj\u0105cej w kraju jego rodziny. Rektor mo\u017ce wyrazi\u0107 zgod\u0119 i zawrze\u0107 umow\u0119 o wyp\u0142acaniu ustalonych \u015bwiadcze\u0144 na wniosek wyje\u017cd\u017caj\u0105cego zaopiniowany przez dyrektora instytutu i rad\u0119 wydzia\u0142u.<\/p>\n<p style=\"text-align: left\">Pracownik staraj\u0105cy si\u0119 o wyjazd za granic\u0119 w celu realizacji konkretnych zada\u0144 winien uzyska\u0107 zgod\u0119, odpowiednio do charakteru wyjazdu i \u017ar\u00f3d\u0142a finansowania, dysponenta \u015brodk\u00f3w finansowych i dyrektora instytutu\/kierownika katedry.<\/p>\n<p style=\"text-align: left\"><\/div>\n\t\t\t\t<\/div>\n\t\t\t<\/div>\n<div class=\"panel panel-default\">\n\t\t\t\t<div class=\"panel-heading\">\n\t\t\t\t\t<div class=\"panel-title\">\n\t\t\t\t\t\t<a class=\"collapsed h4\" data-toggle=\"collapse\" data-parent=\"#custom-collapse-0\" href=\"#custom-collapse-0-1\">\u015awiadczenia przys\u0142uguj\u0105ce wyje\u017cd\u017caj\u0105cym za granic\u0119<\/a>\n\t\t\t\t\t<\/div>\n\t\t\t\t<\/div>\n\t\t\t\t<div id=\"custom-collapse-0-1\" class=\"panel-collapse collapse\">\n\t\t\t\t\t<div class=\"panel-body\">\nZakres i wysoko\u015b\u0107 \u015bwiadcze\u0144, kt\u00f3re mog\u0105 by\u0107 przyznane wyje\u017cd\u017caj\u0105cym zale\u017cy od rodzaju i celu wyjazdu oraz od mo\u017cliwo\u015bci finansowych jednostki organizacyjnej PB.<\/p>\n<p style=\"text-align: left\">Osobom udaj\u0105cym si\u0119 w zagraniczn\u0105 podr\u00f3\u017c s\u0142u\u017cbow\u0105 (np. udzia\u0142 w konferencjach naukowych, sympozjach, kongresach) przys\u0142uguj\u0105 nast\u0119puj\u0105ce \u015bwiadczenia:<br \/>\ndiety oraz sfinansowanie koszt\u00f3w przejazd\u00f3w i dojazd\u00f3w, nocleg\u00f3w, op\u0142at wizowych, ubezpieczenia, op\u0142at zwi\u0105zanych z udzia\u0142em w konferencjach, kongresach itp.<br \/>\n<\/div>\n\t\t\t\t<\/div>\n\t\t\t<\/div>\n<div class=\"panel panel-default\">\n\t\t\t\t<div class=\"panel-heading\">\n\t\t\t\t\t<div class=\"panel-title\">\n\t\t\t\t\t\t<a class=\"collapsed h4\" data-toggle=\"collapse\" data-parent=\"#custom-collapse-0\" href=\"#custom-collapse-0-2\">Diety<\/a>\n\t\t\t\t\t<\/div>\n\t\t\t\t<\/div>\n\t\t\t\t<div id=\"custom-collapse-0-2\" class=\"panel-collapse collapse\">\n\t\t\t\t\t<div class=\"panel-body\">\n<p style=\"text-align: left\"><strong>Dieta na utrzymanie <\/strong><\/p>\n<p style=\"text-align: left\">Przeznaczona jest na pokrycie koszt\u00f3w wy\u017cywienia i inne drobne wydatki podczas pobytu za granic\u0105 i przys\u0142uguje w wysoko\u015bci obowi\u0105zuj\u0105cej dla docelowego kraju wyjazdu.<\/p>\n<p style=\"text-align: left\">Czas pobytu poza granicami kraju liczy si\u0119 przy podr\u00f3\u017cy odbywanej \u015brodkami komunikacji:<\/p>\n<ul style=\"text-align: left\">\n<li>l\u0105dowej &#8211; od przekroczenia granicy polskiej w drodze za granic\u0119 do przekroczenia granicy polskiej w drodze powrotnej do kraju,<\/li>\n<li>lotniczej &#8211; od startu samolotu z ostatniego lotniska w kraju do l\u0105dowania w drodze powrotnej na pierwszym lotnisku w kraju,<\/li>\n<li>morskiej &#8211; od wyj\u015bcia statku\/promu z portu polskiego do wej\u015bcia statku\/promu w drodze powrotnej do portu polskiego.<\/li>\n<\/ul>\n<p style=\"text-align: left\">Je\u017celi wyje\u017cd\u017caj\u0105cy otrzymuje za granic\u0105 cz\u0119\u015bciowe wy\u017cywienie, dieta zostaje zmniejszona odpowiednio o:<\/p>\n<ul style=\"text-align: left\">\n<li>30% gdy jest to obiad,<\/li>\n<li>30% gdy jest to kolacja,<\/li>\n<li>15% gdy jest to \u015bniadanie.<\/li>\n<\/ul>\n<p style=\"text-align: left\"><strong>Dieta dojazdowa <\/strong><\/p>\n<p style=\"text-align: left\">Jest to rycza\u0142t przeznaczony na pokrycie koszt\u00f3w dojazdu z\/do dworca kolejowego, autobusowego, portu lotniczego lub morskiego, w wysoko\u015bci jednej diety w miejscowo\u015bci docelowej za granic\u0105 oraz w ka\u017cdej innej miejscowo\u015bci, w kt\u00f3rej wyje\u017cd\u017caj\u0105cy korzysta\u0142 z noclegu.<br \/>\nDieta komunikacyjna 10%<br \/>\nJest to rycza\u0142t na pokrycie koszt\u00f3w dojazd\u00f3w \u015brodkami komunikacji miejscowej w wysoko\u015bci 10% diety za rozpocz\u0119t\u0105 dob\u0119 pobytu w podr\u00f3\u017cy.<\/p>\n<p style=\"text-align: left\">Diety dojazdowe i diety komunikacyjne nie przys\u0142uguj\u0105, je\u017celi:<\/p>\n<ul style=\"text-align: left\">\n<li>wyje\u017cd\u017caj\u0105cy odbywa podr\u00f3\u017c samochodem,<\/li>\n<li>strona zagraniczna zapewnia bezp\u0142atne przejazdy,<\/li>\n<li>delegowany nie ponosi koszt\u00f3w, na kt\u00f3rych pokrycie przeznaczone s\u0105 w\/w rycza\u0142ty<\/li>\n<\/ul>\n<p style=\"text-align: left\"><\/div>\n\t\t\t\t<\/div>\n\t\t\t<\/div>\n<div class=\"panel panel-default\">\n\t\t\t\t<div class=\"panel-heading\">\n\t\t\t\t\t<div class=\"panel-title\">\n\t\t\t\t\t\t<a class=\"collapsed h4\" data-toggle=\"collapse\" data-parent=\"#custom-collapse-0\" href=\"#custom-collapse-0-3\">Limity hotelowe<\/a>\n\t\t\t\t\t<\/div>\n\t\t\t\t<\/div>\n\t\t\t\t<div id=\"custom-collapse-0-3\" class=\"panel-collapse collapse\">\n\t\t\t\t\t<div class=\"panel-body\">\nZa nocleg przys\u0142uguje zwrot koszt\u00f3w w wysoko\u015bci stwierdzonej rachunkiem hotelowym w granicach ustalonego na ten cel limitu. W razie nieprzed\u0142o\u017cenia rachunku, za nocleg przys\u0142uguje rycza\u0142t w wysoko\u015bci 25% limitu.<br \/>\nRycza\u0142t nie przys\u0142uguje gdy strona zagraniczna zapewni\u0142a bezp\u0142atny nocleg lub pokry\u0142a koszty noclegu.<br \/>\n<\/div>\n\t\t\t\t<\/div>\n\t\t\t<\/div>\n<div class=\"panel panel-default\">\n\t\t\t\t<div class=\"panel-heading\">\n\t\t\t\t\t<div class=\"panel-title\">\n\t\t\t\t\t\t<a class=\"collapsed h4\" data-toggle=\"collapse\" data-parent=\"#custom-collapse-0\" href=\"#custom-collapse-0-4\">Podr\u00f3\u017c<\/a>\n\t\t\t\t\t<\/div>\n\t\t\t\t<\/div>\n\t\t\t\t<div id=\"custom-collapse-0-4\" class=\"panel-collapse collapse\">\n\t\t\t\t\t<div class=\"panel-body\">\n<p style=\"text-align: left\">Wyje\u017cd\u017caj\u0105cym przys\u0142uguj\u0105 bilety:<\/p>\n<ul style=\"text-align: left\">\n<li>przy podr\u00f3\u017cy samolotami \u2013 w klasie ekonomicznej,<\/li>\n<li>przy podr\u00f3\u017cy kolejami &#8211; w klasie 2 (z miejsc\u00f3wkami lub w wagonach sypialnych).<\/li>\n<\/ul>\n<p style=\"text-align: left\"><\/div>\n\t\t\t\t<\/div>\n\t\t\t<\/div>\n<div class=\"panel panel-default\">\n\t\t\t\t<div class=\"panel-heading\">\n\t\t\t\t\t<div class=\"panel-title\">\n\t\t\t\t\t\t<a class=\"collapsed h4\" data-toggle=\"collapse\" data-parent=\"#custom-collapse-0\" href=\"#custom-collapse-0-5\">Ubezpieczenie<\/a>\n\t\t\t\t\t<\/div>\n\t\t\t\t<\/div>\n\t\t\t\t<div id=\"custom-collapse-0-5\" class=\"panel-collapse collapse\">\n\t\t\t\t\t<div class=\"panel-body\">\nPolitechnika Bia\u0142ostocka zawar\u0142a umow\u0119 z Compensa TU S.A. VIG w sprawie ubezpieczenia pracownik\u00f3w na czas ich pobytu za granic\u0105 (w kraju docelowym).<\/p>\n<p style=\"text-align: left\">Zakres ubezpieczenia obejmuje: Ubezpieczenie koszt\u00f3w leczenia za granic\u0105, Ubezpieczenie Nast\u0119pstw Nieszcz\u0119\u015bliwych Wypadk\u00f3w, Ubezpieczenie baga\u017cu, Ubezpieczenie odpowiedzialno\u015bci cywilnej, Ubezpieczenie Assistance.<\/p>\n<p style=\"text-align: left\">Ubezpieczeni otrzymuj\u0105 w Dziale Mobilno\u015bci i Obs\u0142ugi Um\u00f3w Mi\u0119dzynarodowych potwierdzenie ubezpieczenia w formie jednorazowej karty z numerem polisy i warunkami umowy.<\/p>\n<p style=\"text-align: left\"><\/div>\n\t\t\t\t<\/div>\n\t\t\t<\/div>\n<div class=\"panel panel-default\">\n\t\t\t\t<div class=\"panel-heading\">\n\t\t\t\t\t<div class=\"panel-title\">\n\t\t\t\t\t\t<a class=\"collapsed h4\" data-toggle=\"collapse\" data-parent=\"#custom-collapse-0\" href=\"#custom-collapse-0-6\">Op\u0142aty konferencyjne<\/a>\n\t\t\t\t\t<\/div>\n\t\t\t\t<\/div>\n\t\t\t\t<div id=\"custom-collapse-0-6\" class=\"panel-collapse collapse\">\n\t\t\t\t\t<div class=\"panel-body\">\nWysoko\u015b\u0107 op\u0142at z tytu\u0142u uczestnictwa w imprezach naukowych ustala organizator tych imprez i okre\u015bla r\u00f3wnie\u017c termin wniesienia op\u0142at i podaje numer konta. Jednostka organizacyjna deleguj\u0105ca swojego przedstawiciela na zagraniczn\u0105 imprez\u0119 naukow\u0105 kieruje do Kwestury PB dyspozycje przelewu za granic\u0119 oraz za\u0142\u0105czone do niej dokumenty \u017ar\u00f3d\u0142owe dotycz\u0105ce szczeg\u00f3\u0142\u00f3w wydatku, np. formularz zg\u0142oszeniowy udzia\u0142u w konferencji, faktura proforma, itp. Dyspozycj\u0119 podpisuj\u0105 osoby upowa\u017cnione do dysponowania finansami jednostki organizacyjnej.<br \/>\n<\/div>\n\t\t\t\t<\/div>\n\t\t\t<\/div>\n<div class=\"panel panel-default\">\n\t\t\t\t<div class=\"panel-heading\">\n\t\t\t\t\t<div class=\"panel-title\">\n\t\t\t\t\t\t<a class=\"collapsed h4\" data-toggle=\"collapse\" data-parent=\"#custom-collapse-0\" href=\"#custom-collapse-0-7\">Urlop<\/a>\n\t\t\t\t\t<\/div>\n\t\t\t\t<\/div>\n\t\t\t\t<div id=\"custom-collapse-0-7\" class=\"panel-collapse collapse\">\n\t\t\t\t\t<div class=\"panel-body\">\n<p style=\"text-align: left\">Pracownik Politechniki Bia\u0142ostockiej mo\u017ce zosta\u0107 skierowany za granic\u0119, je\u017celi uzyska zgod\u0119 w\u0142asnej jednostki organizacyjnej oraz zostanie mu udzielony urlop szkoleniowy lub urlop bezp\u0142atny:<\/p>\n<ul style=\"text-align: left\">\n<li>w przypadku wyjazdu za granic\u0119 na okres nieprzekraczaj\u0105cy miesi\u0105ca pracownik otrzymuje urlop szkoleniowy p\u0142atny wed\u0142ug zasad obowi\u0105zuj\u0105cych przy obliczaniu wynagrodzenia za urlop wypoczynkowy;<\/li>\n<li>w przypadku skierowania za granic\u0119 na okres przekraczaj\u0105cy miesi\u0105c lub w przypadku przed\u0142u\u017cenia okresu skierowania na pozosta\u0142y okres skierowania pracownik mo\u017ce otrzyma\u0107 urlop szkoleniowy.<\/li>\n<\/ul>\n<p style=\"text-align: left\"><\/div>\n\t\t\t\t<\/div>\n\t\t\t<\/div>\n<div class=\"panel panel-default\">\n\t\t\t\t<div class=\"panel-heading\">\n\t\t\t\t\t<div class=\"panel-title\">\n\t\t\t\t\t\t<a class=\"collapsed h4\" data-toggle=\"collapse\" data-parent=\"#custom-collapse-0\" href=\"#custom-collapse-0-8\">Odbi\u00f3r przygotowanych \u015bwiadcze\u0144<\/a>\n\t\t\t\t\t<\/div>\n\t\t\t\t<\/div>\n\t\t\t\t<div id=\"custom-collapse-0-8\" class=\"panel-collapse collapse\">\n\t\t\t\t\t<div class=\"panel-body\">\n<p style=\"text-align: left\">Wyje\u017cd\u017caj\u0105cy lub osoba przez niego upowa\u017cniona odbiera w:<\/p>\n<ol style=\"text-align: left\">\n<li>Dziale Mobilno\u015bci i Obs\u0142ugi Um\u00f3w Mi\u0119dzynarodowych<\/li>\n<\/ol>\n<ul class=\"rteindent1\" style=\"text-align: left\">\n<li>potwierdzenie ubezpieczenia na czas pobytu za granic\u0105.<\/li>\n<\/ul>\n<ol style=\"text-align: left\" start=\"2\">\n<li>Banku PEKAO S.A. ,ul. Wiejska 45 A ( na terenie Uczelni)<\/li>\n<\/ol>\n<ul class=\"rteindent1\" style=\"text-align: left\">\n<li>zaliczk\u0119 dewizow\u0105<\/li>\n<\/ul>\n<p style=\"text-align: left\"><\/div>\n\t\t\t\t<\/div>\n\t\t\t<\/div>\n<div class=\"panel panel-default\">\n\t\t\t\t<div class=\"panel-heading\">\n\t\t\t\t\t<div class=\"panel-title\">\n\t\t\t\t\t\t<a class=\"collapsed h4\" data-toggle=\"collapse\" data-parent=\"#custom-collapse-0\" href=\"#custom-collapse-0-9\">Rozliczenie wyjazdu zagranicznego<\/a>\n\t\t\t\t\t<\/div>\n\t\t\t\t<\/div>\n\t\t\t\t<div id=\"custom-collapse-0-9\" class=\"panel-collapse collapse\">\n\t\t\t\t\t<div class=\"panel-body\">\n<ol style=\"text-align: left\">\n<li>Rozliczenia koszt\u00f3w podr\u00f3\u017cy nale\u017cy dokona\u0107 w terminie 14 dni od zako\u0144czenia podr\u00f3\u017cy. Do rozliczenia nale\u017cy za\u0142\u0105czy\u0107: rachunki za hotel, orygina\u0142 faktury za uczestnictwo, inne rachunki podlegaj\u0105ce rozliczeniu.<\/li>\n<li>Po powrocie z wyjazdu zagranicznego wyje\u017cd\u017caj\u0105cy sk\u0142ada pisemne sprawozdanie z wyjazdu i przekazuje je do Dzia\u0142u Mobilno\u015bci i Obs\u0142ugi Um\u00f3w Mi\u0119dzynarodowych.<\/li>\n<li>Materia\u0142y konferencyjne \/otrzymane w ramach Registration Fee \/ i inne wydawnictwa naukowe zakupione na koszt jednostki deleguj\u0105cej musz\u0105 by\u0107 zarejestrowane w Bibliotece G\u0142\u00f3wnej PB.<\/li>\n<\/ol>\n<p style=\"text-align: left\"><\/div>\n\t\t\t\t<\/div>\n\t\t\t<\/div>\n<div class=\"panel panel-default\">\n\t\t\t\t<div class=\"panel-heading\">\n\t\t\t\t\t<div class=\"panel-title\">\n\t\t\t\t\t\t<a class=\"collapsed h4\" data-toggle=\"collapse\" data-parent=\"#custom-collapse-0\" href=\"#custom-collapse-0-10\">Formularze<\/a>\n\t\t\t\t\t<\/div>\n\t\t\t\t<\/div>\n\t\t\t\t<div id=\"custom-collapse-0-10\" class=\"panel-collapse collapse\">\n\t\t\t\t\t<div class=\"panel-body\">\n<a class=\"docx\" title=\"pobierz plik\" href=\"https:\/\/pb.edu.pl\/iros\/wp-content\/uploads\/sites\/24\/2025\/12\/Zalacznik-nr-1-do-Zarzadzenia-polecenie-wyjazdu.docx\" data-id=\"28659\">Polecenie wyjazdu 2025 (DOCX, 42 KB)<\/a><\/p>\n<p><a class=\"docx\" title=\"pobierz plik\" href=\"https:\/\/pb.edu.pl\/iros\/wp-content\/uploads\/sites\/24\/2025\/12\/Zalacznik-nr-2-do-Zarzadzenia-uzupelnienie.docx\" data-id=\"28662\">Uzupe\u0142nienie do polecenia wyjazdu (DOCX, 23 KB)<\/a><br \/>\n<a class=\"docx\" title=\"pobierz plik\" href=\"https:\/\/pb.edu.pl\/iros\/wp-content\/uploads\/sites\/24\/2025\/12\/Zalacznik-nr-3-do-Zarzadzenia-oswiadczenie.docx\" data-id=\"28665\">O\u015bwiadczenie po\u0142\u0105czenie wyjazd\u00f3w (DOCX, 15 KB)<\/a><br \/>\n<a class=\"docx\" title=\"pobierz plik\" href=\"https:\/\/pb.edu.pl\/iros\/wp-content\/uploads\/sites\/24\/2025\/12\/Zalacznik-nr-5-do-Zarzadzenia-osw.-dot.-podrozy.docx\" data-id=\"28675\">O\u015bwiadczenie dotycz\u0105ce podr\u00f3\u017cy poza granica kraju (DOCX, 19 KB)<\/a><br \/>\n<a class=\"docx\" title=\"pobierz plik\" href=\"https:\/\/pb.edu.pl\/iros\/wp-content\/uploads\/sites\/24\/2025\/12\/Zalacznik-nr-4-do-Zarzadzenia-wniosek.docx\" data-id=\"28668\">Wniosek o zaliczk\u0119 (DOCX, 24 KB)<\/a><\/p>\n<p style=\"text-align: left\"><a class=\"docx\" title=\"pobierz plik\" href=\"https:\/\/pb.edu.pl\/iros\/wp-content\/uploads\/sites\/24\/2025\/12\/Zalacznik-nr-6-do-Zarzadzenia-rozliczenie.docx\" data-id=\"28671\">Rozliczenie podr\u00f3\u017cy zagranicznej (DOCX, 23 KB)<\/a><br \/>\n<\/div>\n\t\t\t\t<\/div>\n\t\t\t<\/div>\n<\/div>\n<\/div>\n<div class=\"col-sm-4 text-center\">\n<div class=\"well well-sm lead text-center boxy-prawe\">\n<h2>Wyjazdy pracownik\u00f3w<br \/>\npok. C28<\/h2>\n<p>mgr Magdalena Wilczewska-Charkiewicz<br \/>\n<i class=\"fa fa-phone\" aria-hidden=\"true\"><\/i> (85) 746-90-43<\/p>\n<i class=\"fa fa-envelope-o\" aria-hidden=\"true\"><\/i> magdalena.wilczewska-charkiewicz [at] pb.edu.pl\n<\/div>\n<\/div>\n<\/div>\n","protected":false},"excerpt":{"rendered":"<p>Wyjazdy pracownik\u00f3w pok. C28 mgr Magdalena Wilczewska-Charkiewicz (85) 746-90-43<\/p>\n","protected":false},"author":2,"featured_media":0,"parent":35,"menu_order":1,"comment_status":"closed","ping_status":"closed","template":"","meta":{"_acf_changed":false,"ngg_post_thumbnail":0,"footnotes":""},"class_list":["post-185","page","type-page","status-publish","hentry"],"acf":[],"_links":{"self":[{"href":"https:\/\/pb.edu.pl\/iros\/wp-json\/wp\/v2\/pages\/185","targetHints":{"allow":["GET"]}}],"collection":[{"href":"https:\/\/pb.edu.pl\/iros\/wp-json\/wp\/v2\/pages"}],"about":[{"href":"https:\/\/pb.edu.pl\/iros\/wp-json\/wp\/v2\/types\/page"}],"author":[{"embeddable":true,"href":"https:\/\/pb.edu.pl\/iros\/wp-json\/wp\/v2\/users\/2"}],"replies":[{"embeddable":true,"href":"https:\/\/pb.edu.pl\/iros\/wp-json\/wp\/v2\/comments?post=185"}],"version-history":[{"count":1,"href":"https:\/\/pb.edu.pl\/iros\/wp-json\/wp\/v2\/pages\/185\/revisions"}],"predecessor-version":[{"id":29701,"href":"https:\/\/pb.edu.pl\/iros\/wp-json\/wp\/v2\/pages\/185\/revisions\/29701"}],"up":[{"embeddable":true,"href":"https:\/\/pb.edu.pl\/iros\/wp-json\/wp\/v2\/pages\/35"}],"wp:attachment":[{"href":"https:\/\/pb.edu.pl\/iros\/wp-json\/wp\/v2\/media?parent=185"}],"curies":[{"name":"wp","href":"https:\/\/api.w.org\/{rel}","templated":true}]}}