{"id":17642,"date":"2024-03-06T21:12:19","date_gmt":"2024-03-06T20:12:19","guid":{"rendered":"https:\/\/pb.edu.pl\/iros\/?page_id=17642"},"modified":"2025-10-29T12:45:10","modified_gmt":"2025-10-29T11:45:10","slug":"statystyki","status":"publish","type":"page","link":"https:\/\/pb.edu.pl\/iros\/program-erasmus\/wyjazdy-pracownikow-program-ka131\/statystyki\/","title":{"rendered":"Statystyki"},"content":{"rendered":"<div class=\"row\">\n<div class=\"col-sm-8\">\n<p>Zestawienie wyjazd\u00f3w pracownik\u00f3w Politechniki Bia\u0142ostockiej w ramach programu Erasmus+ KA103 \/ KA131&nbsp; w latach 2018-2024<\/p>\n<p><a href=\"https:\/\/pbial-my.sharepoint.com\/:x:\/g\/personal\/a_gniazdowska_st_pb_edu_pl\/EYIj25X20olEqTWH-E-GD8QBcTjEfXCunMWJJuvIqbOujQ\">Zestawienie wyjazd\u00f3w Erasmus+ KA131.xlsx<\/a><\/p>\n<\/div>\n<div class=\"col-sm-8\">\n<p><img loading=\"lazy\" decoding=\"async\" class=\"alignnone size-large wp-image-21144\" src=\"https:\/\/pb.edu.pl\/iros\/wp-content\/uploads\/sites\/24\/2024\/10\/Zestawienie-wyjazdow-pracownikow-KA131-1-1024x600.jpg\" alt=\"\" width=\"1024\" height=\"600\" srcset=\"https:\/\/pb.edu.pl\/iros\/wp-content\/uploads\/sites\/24\/2024\/10\/Zestawienie-wyjazdow-pracownikow-KA131-1-1024x600.jpg 1024w, https:\/\/pb.edu.pl\/iros\/wp-content\/uploads\/sites\/24\/2024\/10\/Zestawienie-wyjazdow-pracownikow-KA131-1-300x176.jpg 300w, https:\/\/pb.edu.pl\/iros\/wp-content\/uploads\/sites\/24\/2024\/10\/Zestawienie-wyjazdow-pracownikow-KA131-1-768x450.jpg 768w, https:\/\/pb.edu.pl\/iros\/wp-content\/uploads\/sites\/24\/2024\/10\/Zestawienie-wyjazdow-pracownikow-KA131-1-1536x900.jpg 1536w, https:\/\/pb.edu.pl\/iros\/wp-content\/uploads\/sites\/24\/2024\/10\/Zestawienie-wyjazdow-pracownikow-KA131-1-2048x1200.jpg 2048w\" sizes=\"auto, (max-width: 1024px) 100vw, 1024px\" \/><br \/>\n&nbsp;<\/p>\n<\/div>\n<div>&nbsp;<\/div>\n<div class=\"col-sm-4 text-center\">\n<div class=\"well well-sm lead text-center boxy-prawe\">\n<h2>Kontakt<\/h2>\n<h3>Pok\u00f3j C28<\/h3>\n<p>mgr Magdalena Wilczewska-Charkiewicz &nbsp;<br \/>\n<i class=\"fal fa-phone\"><\/i> (85) 746 90 43<br \/>\n<i class=\"fal fa-envelope\"><\/i> <a href=\"#\" rel=\"nofollow\"  onclick=\"this.href='mailto:' + 'magdalena.wilczewska-charkiewicz' + '@' + 'pb.edu.pl'\">magdalena.wilczewska-charkiewicz [at] pb.edu.pl<\/a>\n<\/div>\n<div class=\"well well-sm lead text-center boxy-prawe\">\n<h2>Formularze do pobrania<\/h2>\n<p><a title=\"Formularze do pobrania - nauczyciele\" href=\"https:\/\/pb.edu.pl\/iros\/program-erasmus\/wyjazdy-pracownikow-program-ka131\/formularze-do-pobrania-nauczyciele\/\">Wyjazdy w celach dydaktycznych<\/a><br \/>\n<a title=\"Formularze do pobrania - pracownicy administracji\" href=\"https:\/\/pb.edu.pl\/iros\/program-erasmus\/wyjazdy-pracownikow-program-ka131\/formularze-do-pobrania-administracja\/\">Wyjazdy w celach szkoleniowych<\/a><\/p>\n<\/div>\n<\/div>\n<\/div>\n<p>&nbsp;<br \/>\n<img loading=\"lazy\" decoding=\"async\" class=\"wp-image-9102 size-medium alignleft\" src=\"https:\/\/pb.edu.pl\/iros\/wp-content\/uploads\/sites\/24\/2022\/09\/PL-Wspolfinansowane-przez-Unie-Europejska_POS-300x54.png\" alt=\"logo Wsp\u00f3\u0142finansowane przez UE\" width=\"300\" height=\"54\" srcset=\"https:\/\/pb.edu.pl\/iros\/wp-content\/uploads\/sites\/24\/2022\/09\/PL-Wspolfinansowane-przez-Unie-Europejska_POS-300x54.png 300w, https:\/\/pb.edu.pl\/iros\/wp-content\/uploads\/sites\/24\/2022\/09\/PL-Wspolfinansowane-przez-Unie-Europejska_POS-1024x183.png 1024w, https:\/\/pb.edu.pl\/iros\/wp-content\/uploads\/sites\/24\/2022\/09\/PL-Wspolfinansowane-przez-Unie-Europejska_POS-768x137.png 768w, https:\/\/pb.edu.pl\/iros\/wp-content\/uploads\/sites\/24\/2022\/09\/PL-Wspolfinansowane-przez-Unie-Europejska_POS-1536x275.png 1536w, https:\/\/pb.edu.pl\/iros\/wp-content\/uploads\/sites\/24\/2022\/09\/PL-Wspolfinansowane-przez-Unie-Europejska_POS-2048x366.png 2048w\" sizes=\"auto, (max-width: 300px) 100vw, 300px\" \/><\/p>\n","protected":false},"excerpt":{"rendered":"<p>Zestawienie wyjazd\u00f3w pracownik\u00f3w Politechniki Bia\u0142ostockiej w ramach programu Erasmus+ KA103 \/ KA131&nbsp; w latach 2018-2024<\/p>\n","protected":false},"author":2,"featured_media":0,"parent":473,"menu_order":8,"comment_status":"closed","ping_status":"closed","template":"","meta":{"_acf_changed":false,"ngg_post_thumbnail":0,"footnotes":""},"class_list":["post-17642","page","type-page","status-publish","hentry"],"acf":[],"_links":{"self":[{"href":"https:\/\/pb.edu.pl\/iros\/wp-json\/wp\/v2\/pages\/17642","targetHints":{"allow":["GET"]}}],"collection":[{"href":"https:\/\/pb.edu.pl\/iros\/wp-json\/wp\/v2\/pages"}],"about":[{"href":"https:\/\/pb.edu.pl\/iros\/wp-json\/wp\/v2\/types\/page"}],"author":[{"embeddable":true,"href":"https:\/\/pb.edu.pl\/iros\/wp-json\/wp\/v2\/users\/2"}],"replies":[{"embeddable":true,"href":"https:\/\/pb.edu.pl\/iros\/wp-json\/wp\/v2\/comments?post=17642"}],"version-history":[{"count":0,"href":"https:\/\/pb.edu.pl\/iros\/wp-json\/wp\/v2\/pages\/17642\/revisions"}],"up":[{"embeddable":true,"href":"https:\/\/pb.edu.pl\/iros\/wp-json\/wp\/v2\/pages\/473"}],"wp:attachment":[{"href":"https:\/\/pb.edu.pl\/iros\/wp-json\/wp\/v2\/media?parent=17642"}],"curies":[{"name":"wp","href":"https:\/\/api.w.org\/{rel}","templated":true}]}}