{"id":17640,"date":"2024-03-06T21:11:14","date_gmt":"2024-03-06T20:11:14","guid":{"rendered":"https:\/\/pb.edu.pl\/iros\/?page_id=17640"},"modified":"2025-10-29T12:44:15","modified_gmt":"2025-10-29T11:44:15","slug":"relacje","status":"publish","type":"page","link":"https:\/\/pb.edu.pl\/iros\/program-erasmus\/wyjazdy-pracownikow-program-ka131\/relacje\/","title":{"rendered":"Relacje"},"content":{"rendered":"<div class=\"row\">\n<div class=\"col-sm-8\">\t\t<div class=\"box news-box \">\n\t\t<div class=\"row\">\n\t\t\t\n\t\t\t\n\t\t\t\t\n\t\t\t\t\t\t\t\t\t\t<div class=\"col-sm-4\">\n\t\t\t\t\t\t\t\n<article class=\"format-standard\">\n    <span class=\"date text-right\"><i class=\"fal fa-calendar-alt\"><\/i> 28-03-2026<\/span>\n    <a href=\"https:\/\/pb.edu.pl\/iros\/2026\/03\/28\/przedstawiciel-wydzialu-inzynierii-zarzadzania-na-universitat-autonoma-de-barcelona\/\">\n      <div class=\"article-image\">\n        <img loading=\"lazy\" decoding=\"async\" width=\"480\" height=\"300\" src=\"https:\/\/pb.edu.pl\/iros\/wp-content\/uploads\/sites\/24\/2026\/04\/Dr-Andrzej-Magruk-i-dr-Jordi-Cruz-Sanchez-w-trakcie-zwiedzania-uczelni-fot.-pracownik-EUSS-e1775127353985-480x300.jpg\" class=\"attachment-medium-image-16x10 size-medium-image-16x10 wp-post-image\" alt=\"\" \/>      <\/div>\n      <h3>Przedstawiciel Wydzia\u0142u In\u017cynierii Zarz\u0105dzania na Universitat Aut\u00f2noma de Barcelona.<\/h3>\n      Mobilno\u015b\u0107 w ramach programu Erasmus+    <\/a>\n<\/article>\t\t\t\t\t\t<\/div>\n\t\t\t\t\t\t\t\t\t\t\t<div class=\"col-sm-4\">\n\t\t\t\t\t\t\t\n<article class=\"format-standard\">\n    <span class=\"date text-right\"><i class=\"fal fa-calendar-alt\"><\/i> 24-03-2026<\/span>\n    <a href=\"https:\/\/pb.edu.pl\/iros\/2026\/03\/24\/wizyta-dr-inz-andrzeja-andrzejewskiego-w-iset-higher-institute-of-technological-studies-of-sfax\/\">\n      <div class=\"article-image\">\n        <img loading=\"lazy\" decoding=\"async\" width=\"480\" height=\"300\" src=\"https:\/\/pb.edu.pl\/iros\/wp-content\/uploads\/sites\/24\/2026\/04\/REKRUTACJA-UZUPELNIAJACA-91-480x300.png\" class=\"attachment-medium-image-16x10 size-medium-image-16x10 wp-post-image\" alt=\"\" \/>      <\/div>\n      <h3>Wizyta dr. in\u017c. Andrzeja Andrzejewskiego w ISET &#8211; Higher Institute of Technological Studies of Sfax<\/h3>\n      Wyk\u0142ady dla student\u00f3w tunezyjskiej uczelni    <\/a>\n<\/article>\t\t\t\t\t\t<\/div>\n\t\t\t\t\t\t\t\t\t\t\t<div class=\"col-sm-4\">\n\t\t\t\t\t\t\t\n<article class=\"format-standard\">\n    <span class=\"date text-right\"><i class=\"fal fa-calendar-alt\"><\/i> 23-03-2026<\/span>\n    <a href=\"https:\/\/pb.edu.pl\/iros\/2026\/03\/23\/pracownik-studium-jezykow-obcych-z-wizyta-w-tallinie\/\">\n      <div class=\"article-image\">\n        <img loading=\"lazy\" decoding=\"async\" width=\"480\" height=\"300\" src=\"https:\/\/pb.edu.pl\/iros\/wp-content\/uploads\/sites\/24\/2026\/04\/Symposium-participants-at-University-of-Tallinn-Szkolenie-w-Tallinie-fot.-arch.-prywatne-A.Staszewskiej-e1775123948503-480x300.jpg\" class=\"attachment-medium-image-16x10 size-medium-image-16x10 wp-post-image\" alt=\"\" \/>      <\/div>\n      <h3>Pracownik Studium J\u0119zyk\u00f3w Obcych z wizyt\u0105 w Tallinie<\/h3>\n      Mobilno\u015b\u0107 w ramach programu Erasmus+    <\/a>\n<\/article>\t\t\t\t\t\t<\/div>\n\t\t\t\t\t\t\t\t\t\t\t<div class=\"col-sm-4\">\n\t\t\t\t\t\t\t\n<article class=\"format-standard\">\n    <span class=\"date text-right\"><i class=\"fal fa-calendar-alt\"><\/i> 23-03-2026<\/span>\n    <a href=\"https:\/\/pb.edu.pl\/iros\/2026\/03\/23\/wyjazd-przedstawicielki-i-studentow-wydzialu-architektury-na-bip-w-madrycie\/\">\n      <div class=\"article-image\">\n        <img loading=\"lazy\" decoding=\"async\" width=\"480\" height=\"300\" src=\"https:\/\/pb.edu.pl\/iros\/wp-content\/uploads\/sites\/24\/2026\/04\/3-e1775121691347-480x300.jpg\" class=\"attachment-medium-image-16x10 size-medium-image-16x10 wp-post-image\" alt=\"\" \/>      <\/div>\n      <h3>Wyjazd przedstawicielki i student\u00f3w Wydzia\u0142u Architektury na BIP w Madrycie<\/h3>\n      BIP w Madrycie    <\/a>\n<\/article>\t\t\t\t\t\t<\/div>\n\t\t\t\t\t\t\t\t\t\t\t<div class=\"col-sm-4\">\n\t\t\t\t\t\t\t\n<article class=\"format-standard\">\n    <span class=\"date text-right\"><i class=\"fal fa-calendar-alt\"><\/i> 10-03-2026<\/span>\n    <a href=\"https:\/\/pb.edu.pl\/iros\/2026\/03\/10\/przedstawicielka-iro-pb-na-szkoleniu-bip-benefits-and-opportunities-of-erasmus-mobilities-portugalia\/\">\n      <div class=\"article-image\">\n        <img loading=\"lazy\" decoding=\"async\" width=\"480\" height=\"300\" src=\"https:\/\/pb.edu.pl\/iros\/wp-content\/uploads\/sites\/24\/2026\/03\/MINIATURY-NA-STRONE-1-1-480x300.png\" class=\"attachment-medium-image-16x10 size-medium-image-16x10 wp-post-image\" alt=\"\" \/>      <\/div>\n      <h3>Przedstawicielka IRO PB na szkoleniu BIP \u201eBenefits and Opportunities of Erasmus+ Mobilities&#8221;, Portugalia<\/h3>\n      Mobilno\u015b\u0107 w ramach programu Erasmus+    <\/a>\n<\/article>\t\t\t\t\t\t<\/div>\n\t\t\t\t\t\t\t\t\t\t\t<div class=\"col-sm-4\">\n\t\t\t\t\t\t\t\n<article class=\"format-standard\">\n    <span class=\"date text-right\"><i class=\"fal fa-calendar-alt\"><\/i> 25-02-2026<\/span>\n    <a href=\"https:\/\/pb.edu.pl\/iros\/2026\/02\/25\/kierownik-dzialu-mobilnosci-i-obslugi-umow-miedzynarodowych-odbyla-wizyte-w-uniwersytecie-bolonskim\/\">\n      <div class=\"article-image\">\n        <img loading=\"lazy\" decoding=\"async\" width=\"480\" height=\"300\" src=\"https:\/\/pb.edu.pl\/iros\/wp-content\/uploads\/sites\/24\/2026\/02\/Uniwersytet-Bolonski-budynek-Rektoratu-e1772004251233-480x300.jpg\" class=\"attachment-medium-image-16x10 size-medium-image-16x10 wp-post-image\" alt=\"\" \/>      <\/div>\n      <h3>Kierownik Dzia\u0142u Mobilno\u015bci i Obs\u0142ugi Um\u00f3w Mi\u0119dzynarodowych odby\u0142a wizyt\u0119 w Uniwersytecie Bolo\u0144skim<\/h3>\n      Mobilno\u015b\u0107 w ramach programu Erasmus+    <\/a>\n<\/article>\t\t\t\t\t\t<\/div>\n\t\t\t\t\t\t\t\t\t\t\t<div class=\"col-sm-4\">\n\t\t\t\t\t\t\t\n<article class=\"format-standard\">\n    <span class=\"date text-right\"><i class=\"fal fa-calendar-alt\"><\/i> 14-12-2025<\/span>\n    <a href=\"https:\/\/pb.edu.pl\/iros\/2025\/12\/14\/dziennikarka-radia-akadera-na-politechnice-cypryjskiej\/\">\n      <div class=\"article-image\">\n        <img loading=\"lazy\" decoding=\"async\" width=\"480\" height=\"300\" src=\"https:\/\/pb.edu.pl\/iros\/wp-content\/uploads\/sites\/24\/2026\/03\/Podroze-z-Erasmusem-na-Cyprze-zwiedzanie-Politechniki-Cyprysjkiej-fot.-archiwum-prywatne-1-e1773151327513-480x300.jpg\" class=\"attachment-medium-image-16x10 size-medium-image-16x10 wp-post-image\" alt=\"\" \/>      <\/div>\n      <h3>Dziennikarka Radia AKADERA na Politechnice Cypryjskiej.<\/h3>\n      Mobilno\u015b\u0107 w ramach programu Erasmus+    <\/a>\n<\/article>\t\t\t\t\t\t<\/div>\n\t\t\t\t\t\t\t\t\t\t\t<div class=\"col-sm-4\">\n\t\t\t\t\t\t\t\n<article class=\"format-standard\">\n    <span class=\"date text-right\"><i class=\"fal fa-calendar-alt\"><\/i> 11-12-2025<\/span>\n    <a href=\"https:\/\/pb.edu.pl\/iros\/2025\/12\/11\/profesor-wydzialu-mechanicznego-z-wizyta-w-technical-university-of-kosice-slowacja\/\">\n      <div class=\"article-image\">\n        <img loading=\"lazy\" decoding=\"async\" width=\"480\" height=\"300\" src=\"https:\/\/pb.edu.pl\/iros\/wp-content\/uploads\/sites\/24\/2026\/03\/1-480x300.jpg\" class=\"attachment-medium-image-16x10 size-medium-image-16x10 wp-post-image\" alt=\"\" \/>      <\/div>\n      <h3>Profesor Wydzia\u0142u Mechanicznego z wizyt\u0105 w Technical University of Ko\u0161ice (S\u0142owacja)<\/h3>\n      Mobilno\u015b\u0107 w ramach programu Erasmus+    <\/a>\n<\/article>\t\t\t\t\t\t<\/div>\n\t\t\t\t\t\t\t\t\t\t\t<div class=\"col-sm-4\">\n\t\t\t\t\t\t\t\n<article class=\"format-standard\">\n    <span class=\"date text-right\"><i class=\"fal fa-calendar-alt\"><\/i> 02-12-2025<\/span>\n    <a href=\"https:\/\/pb.edu.pl\/iros\/2025\/12\/02\/pracownik-wydzialu-architektury-z-wizyta-w-luca-school-of-arts-w-brukseli\/\">\n      <div class=\"article-image\">\n        <img loading=\"lazy\" decoding=\"async\" width=\"480\" height=\"300\" src=\"https:\/\/pb.edu.pl\/iros\/wp-content\/uploads\/sites\/24\/2026\/03\/J8-e1773140279340-480x300.jpg\" class=\"attachment-medium-image-16x10 size-medium-image-16x10 wp-post-image\" alt=\"\" \/>      <\/div>\n      <h3>Pracownik Wydzia\u0142u Architektury z wizyt\u0105 w LUCA School of Arts w Brukseli.<\/h3>\n      W dniach 03.11.2025\u201307.11.2025 Aleksandra Jaku\u0107, pracownik Katedry Sztuk Projektowych Wydzia\u0142u Architektury    <\/a>\n<\/article>\t\t\t\t\t\t<\/div>\n\t\t\t\t\t\t\t\t\t\t\t<div class=\"col-sm-4\">\n\t\t\t\t\t\t\t\n<article class=\"format-standard\">\n    <span class=\"date text-right\"><i class=\"fal fa-calendar-alt\"><\/i> 01-12-2025<\/span>\n    <a href=\"https:\/\/pb.edu.pl\/iros\/2025\/12\/01\/wizyta-profesora-wydzialu-elektrycznego-na-prestizowym-university-of-perpignan-via-domitia-upvd-we-francji\/\">\n      <div class=\"article-image\">\n        <img loading=\"lazy\" decoding=\"async\" width=\"480\" height=\"300\" src=\"https:\/\/pb.edu.pl\/iros\/wp-content\/uploads\/sites\/24\/2026\/02\/Mystkowski-3-e1772115216735-480x300.jpg\" class=\"attachment-medium-image-16x10 size-medium-image-16x10 wp-post-image\" alt=\"\" \/>      <\/div>\n      <h3>Wizyta profesora Wydzia\u0142u Elektrycznego na presti\u017cowym University of Perpignan Via Domitia (UPVD) we Francji<\/h3>\n      Mobilno\u015b\u0107 szkoleniowo-badawcza (STT)    <\/a>\n<\/article>\t\t\t\t\t\t<\/div>\n\t\t\t\t\t\t\t\t\t\t\t<div class=\"col-sm-4\">\n\t\t\t\t\t\t\t\n<article class=\"format-standard\">\n    <span class=\"date text-right\"><i class=\"fal fa-calendar-alt\"><\/i> 17-11-2025<\/span>\n    <a href=\"https:\/\/pb.edu.pl\/iros\/2025\/11\/17\/wykladowca-politechniki-bialostockiej-na-uniwersytecie-sw-cyryla-i-metodego-ucm-w-trnavie-slowacja\/\">\n      <div class=\"article-image\">\n        <img loading=\"lazy\" decoding=\"async\" width=\"480\" height=\"300\" src=\"https:\/\/pb.edu.pl\/iros\/wp-content\/uploads\/sites\/24\/2026\/02\/S1-480x300.jpg\" class=\"attachment-medium-image-16x10 size-medium-image-16x10 wp-post-image\" alt=\"\" \/>      <\/div>\n      <h3>Wyk\u0142adowca Politechniki Bia\u0142ostockiej na Uniwersytecie \u015bw. Cyryla i Metodego (UCM) w Trnavie (S\u0142owacja)<\/h3>\n      Blended Intesive Programme na S\u0142owacji    <\/a>\n<\/article>\t\t\t\t\t\t<\/div>\n\t\t\t\t\t\t\t\t\t\t\t<div class=\"col-sm-4\">\n\t\t\t\t\t\t\t\n<article class=\"format-standard\">\n    <span class=\"date text-right\"><i class=\"fal fa-calendar-alt\"><\/i> 07-11-2025<\/span>\n    <a href=\"https:\/\/pb.edu.pl\/iros\/2025\/11\/07\/wizyta-przedstawicielki-wiz-na-universitat-autonoma-de-barcelona\/\">\n      <div class=\"article-image\">\n        <img loading=\"lazy\" decoding=\"async\" width=\"480\" height=\"300\" src=\"https:\/\/pb.edu.pl\/iros\/wp-content\/uploads\/sites\/24\/2026\/02\/1567462d-d7ba-426a-8570-46a7ad8adaf2-e1772100762655-480x300.jpeg\" class=\"attachment-medium-image-16x10 size-medium-image-16x10 wp-post-image\" alt=\"\" \/>      <\/div>\n      <h3>Wizyta przedstawicielki WiZ  na Universitat Autonoma de Barcelona<\/h3>\n      Mobilno\u015b\u0107 w ramach programu Erasmus+    <\/a>\n<\/article>\t\t\t\t\t\t<\/div>\n\t\t\t\t\t\n\t\t\t\t\n\t\t\t\t\t<\/div>\n\t\t\n\t<nav class=\"navigation pagination\" aria-label=\"Stronicowanie wpis\u00f3w\">\n\t\t<h2 class=\"screen-reader-text\">Stronicowanie wpis\u00f3w<\/h2>\n\t\t<div class=\"nav-links\"><span aria-current=\"page\" class=\"page-numbers current\">1<\/span>\n<a class=\"page-numbers\" href=\"https:\/\/pb.edu.pl\/iros\/wp-json\/wp\/v2\/pages\/17640\/page\/2\/\">2<\/a>\n<a class=\"page-numbers\" href=\"https:\/\/pb.edu.pl\/iros\/wp-json\/wp\/v2\/pages\/17640\/page\/3\/\">3<\/a>\n<span class=\"page-numbers dots\">&hellip;<\/span>\n<a class=\"page-numbers\" href=\"https:\/\/pb.edu.pl\/iros\/wp-json\/wp\/v2\/pages\/17640\/page\/9\/\">9<\/a>\n<a class=\"next page-numbers\" href=\"https:\/\/pb.edu.pl\/iros\/wp-json\/wp\/v2\/pages\/17640\/page\/2\/\">Nast\u0119pne<\/a><\/div>\n\t<\/nav>\t\t\t<\/div>\n\n\t\t<div class=\"box news-box \">\n\t\t<div class=\"row\">\n\t\t\t\n\t\t\t\n\t\t\t\t\n\t\t\t\t\t\t\t\t\t\t<div class=\"col-sm-4\">\n\t\t\t\t\t\t\t\n<article class=\"format-standard\">\n    <span class=\"date text-right\"><i class=\"fal fa-calendar-alt\"><\/i> 17-09-2024<\/span>\n    <a href=\"https:\/\/pb.edu.pl\/iros\/2024\/09\/17\/mobilnosc-w-ramach-programu-erasmus-na-dokuz-eylul-university-turcja\/\">\n      <div class=\"article-image\">\n        <img loading=\"lazy\" decoding=\"async\" width=\"480\" height=\"300\" src=\"https:\/\/pb.edu.pl\/iros\/wp-content\/uploads\/sites\/24\/2024\/09\/Projekt-bez-nazwy-2024-09-16T141257.778-480x300.png\" class=\"attachment-medium-image-16x10 size-medium-image-16x10 wp-post-image\" alt=\"\" \/>      <\/div>\n      <h3>Mobilno\u015b\u0107 w ramach programu Erasmus+ na Dokuz Eylul University, Turcja.<\/h3>\n      Wyjazd dr hab. in\u017c. Joanny Mystkowskiej z WM PB.    <\/a>\n<\/article>\t\t\t\t\t\t<\/div>\n\t\t\t\t\t\t\t\t\t\t\t<div class=\"col-sm-4\">\n\t\t\t\t\t\t\t\n<article class=\"format-standard\">\n    <span class=\"date text-right\"><i class=\"fal fa-calendar-alt\"><\/i> 16-09-2024<\/span>\n    <a href=\"https:\/\/pb.edu.pl\/iros\/2024\/09\/16\/wyjazd-dydaktyczny-przedstawicielki-wiz-pb-do-instituto-politecnico-de-tomar-w-portugalii\/\">\n      <div class=\"article-image\">\n        <img loading=\"lazy\" decoding=\"async\" width=\"480\" height=\"300\" src=\"https:\/\/pb.edu.pl\/iros\/wp-content\/uploads\/sites\/24\/2024\/09\/Projekt-bez-nazwy-2024-09-16T135744.989-480x300.png\" class=\"attachment-medium-image-16x10 size-medium-image-16x10 wp-post-image\" alt=\"\" \/>      <\/div>\n      <h3>Wyjazd dydaktyczny przedstawicielki WIZ PB do Instituto Polit\u00e9cnico de Tomar w Portugalii.<\/h3>\n      Mobilno\u015b\u0107 w ramach programu Erasmus+    <\/a>\n<\/article>\t\t\t\t\t\t<\/div>\n\t\t\t\t\t\t\t\t\t\t\t<div class=\"col-sm-4\">\n\t\t\t\t\t\t\t\n<article class=\"format-standard\">\n    <span class=\"date text-right\"><i class=\"fal fa-calendar-alt\"><\/i> 12-08-2024<\/span>\n    <a href=\"https:\/\/pb.edu.pl\/iros\/2024\/08\/12\/dr-n-med-inz-jolanta-grazyna-zuzda-z-wizyta-na-universidad-politecnica-de-madrid\/\">\n      <div class=\"article-image\">\n        <img loading=\"lazy\" decoding=\"async\" width=\"480\" height=\"300\" src=\"https:\/\/pb.edu.pl\/iros\/wp-content\/uploads\/sites\/24\/2024\/09\/internacional-480x300.png\" class=\"attachment-medium-image-16x10 size-medium-image-16x10 wp-post-image\" alt=\"\" \/>      <\/div>\n      <h3>Dr n. med. in\u017c. Jolanta Gra\u017cyna Zuzda z wizyt\u0105 na Universidad Politecnica de Madrid<\/h3>\n      W dniach 15-19 lipca 2024 r. dr n. med. in\u017c. Jolanta    <\/a>\n<\/article>\t\t\t\t\t\t<\/div>\n\t\t\t\t\t\t\t\t\t\t\t<div class=\"col-sm-4\">\n\t\t\t\t\t\t\t\n<article class=\"format-standard\">\n    <span class=\"date text-right\"><i class=\"fal fa-calendar-alt\"><\/i> 06-08-2024<\/span>\n    <a href=\"https:\/\/pb.edu.pl\/iros\/2024\/08\/06\/wizyta-na-alanya-university-w-ramach-programu-erasmus\/\">\n      <div class=\"article-image\">\n        <img loading=\"lazy\" decoding=\"async\" width=\"480\" height=\"300\" src=\"https:\/\/pb.edu.pl\/iros\/wp-content\/uploads\/sites\/24\/2024\/08\/WhatsApp-Image-2024-07-31-at-15.26.09-480x300.jpeg\" class=\"attachment-medium-image-16x10 size-medium-image-16x10 wp-post-image\" alt=\"\" \/>      <\/div>\n      <h3>Wizyta na Alanya University w ramach programu Erasmus+<\/h3>\n      Pracownica Studium J\u0119zyk\u00f3w Obcych, w dniach 22 -26 lipca 2024 r.    <\/a>\n<\/article>\t\t\t\t\t\t<\/div>\n\t\t\t\t\t\t\t\t\t\t\t<div class=\"col-sm-4\">\n\t\t\t\t\t\t\t\n<article class=\"format-standard\">\n    <span class=\"date text-right\"><i class=\"fal fa-calendar-alt\"><\/i> 23-07-2024<\/span>\n    <a href=\"https:\/\/pb.edu.pl\/iros\/2024\/07\/23\/koordynatorka-programu-erasmus-na-wiz-pb-odwiedzila-university-of-split-chorwacja\/\">\n      <div class=\"article-image\">\n        <img loading=\"lazy\" decoding=\"async\" width=\"480\" height=\"300\" src=\"https:\/\/pb.edu.pl\/iros\/wp-content\/uploads\/sites\/24\/2024\/07\/Projekt-bez-nazwy-2024-07-23T130839.937-480x300.png\" class=\"attachment-medium-image-16x10 size-medium-image-16x10 wp-post-image\" alt=\"\" \/>      <\/div>\n      <h3>Koordynatorka Programu Erasmus+ WIZ PB odwiedzi\u0142a University of Split, Chorwacja<\/h3>\n      Mobilno\u015b\u0107 w ramach programu Erasmus+    <\/a>\n<\/article>\t\t\t\t\t\t<\/div>\n\t\t\t\t\t\t\t\t\t\t\t<div class=\"col-sm-4\">\n\t\t\t\t\t\t\t\n<article class=\"format-standard\">\n    <span class=\"date text-right\"><i class=\"fal fa-calendar-alt\"><\/i> 22-07-2024<\/span>\n    <a href=\"https:\/\/pb.edu.pl\/iros\/2024\/07\/22\/przedstawicielki-wiz-pb-na-university-of-mauritius\/\">\n      <div class=\"article-image\">\n        <img loading=\"lazy\" decoding=\"async\" width=\"480\" height=\"300\" src=\"https:\/\/pb.edu.pl\/iros\/wp-content\/uploads\/sites\/24\/2024\/07\/Projekt-bez-nazwy-2024-07-22T130922.486-480x300.png\" class=\"attachment-medium-image-16x10 size-medium-image-16x10 wp-post-image\" alt=\"\" \/>      <\/div>\n      <h3>Przedstawicielki WIZ PB na University of Mauritius<\/h3>\n      Mobilno\u015b\u0107 w ramach programu Erasmus+    <\/a>\n<\/article>\t\t\t\t\t\t<\/div>\n\t\t\t\t\t\t\t\t\t\t\t<div class=\"col-sm-4\">\n\t\t\t\t\t\t\t\n<article class=\"format-standard\">\n    <span class=\"date text-right\"><i class=\"fal fa-calendar-alt\"><\/i> 15-07-2024<\/span>\n    <a href=\"https:\/\/pb.edu.pl\/iros\/2024\/07\/15\/przedstawicielka-wiz-pb-na-uniwersytecie-trackim-w-starej-zagorze-wydzial-inzynierii-i-technologii-w-jambol-bulgaria\/\">\n      <div class=\"article-image\">\n        <img loading=\"lazy\" decoding=\"async\" width=\"480\" height=\"300\" src=\"https:\/\/pb.edu.pl\/iros\/wp-content\/uploads\/sites\/24\/2024\/07\/Projekt-bez-nazwy-2024-07-15T122337.005-480x300.png\" class=\"attachment-medium-image-16x10 size-medium-image-16x10 wp-post-image\" alt=\"\" \/>      <\/div>\n      <h3>Przedstawicielka WIZ PB na Uniwersytecie Trackim w Starej Zagorze, Wydzia\u0142 In\u017cynierii i Technologii w Jambo\u0142, Bu\u0142garia<\/h3>\n      Mobilno\u015b\u0107 w ramach programu Erasmus+    <\/a>\n<\/article>\t\t\t\t\t\t<\/div>\n\t\t\t\t\t\t\t\t\t\t\t<div class=\"col-sm-4\">\n\t\t\t\t\t\t\t\n<article class=\"format-standard\">\n    <span class=\"date text-right\"><i class=\"fal fa-calendar-alt\"><\/i> 10-07-2024<\/span>\n    <a href=\"https:\/\/pb.edu.pl\/iros\/2024\/07\/10\/pracownicy-wydzialu-budownictwa-i-nauk-o-srodowisku-z-wizyta-na-uczelni-technical-university-w-zvoleniu\/\">\n      <div class=\"article-image\">\n        <img loading=\"lazy\" decoding=\"async\" width=\"480\" height=\"300\" src=\"https:\/\/pb.edu.pl\/iros\/wp-content\/uploads\/sites\/24\/2024\/07\/Projekt-bez-nazwy-2024-07-12T121858.830-480x300.png\" class=\"attachment-medium-image-16x10 size-medium-image-16x10 wp-post-image\" alt=\"\" \/>      <\/div>\n      <h3>Pracownicy Wydzia\u0142u Budownictwa i Nauk o \u015arodowisku z wizyt\u0105 na uczelni Technical University w Zvoleniu<\/h3>\n      Mobilno\u015b\u0107 w ramach Programu Erasmus+    <\/a>\n<\/article>\t\t\t\t\t\t<\/div>\n\t\t\t\t\t\t\t\t\t\t\t<div class=\"col-sm-4\">\n\t\t\t\t\t\t\t\n<article class=\"format-standard\">\n    <span class=\"date text-right\"><i class=\"fal fa-calendar-alt\"><\/i> 10-07-2024<\/span>\n    <a href=\"https:\/\/pb.edu.pl\/iros\/2024\/07\/10\/wizyta-dr-eweliny-tomaszewskiej-w-escola-universitaria-salesiana-de-sarria-w-barcelonie\/\">\n      <div class=\"article-image\">\n        <img loading=\"lazy\" decoding=\"async\" width=\"480\" height=\"300\" src=\"https:\/\/pb.edu.pl\/iros\/wp-content\/uploads\/sites\/24\/2024\/07\/Projekt-bez-nazwy-2024-07-10T145618.296-480x300.png\" class=\"attachment-medium-image-16x10 size-medium-image-16x10 wp-post-image\" alt=\"\" \/>      <\/div>\n      <h3>Wizyta dr Eweliny Tomaszewskiej w Escola Universit\u00e0ria Salesiana de Sarri\u00e0 w Barcelonie<\/h3>\n      Mobilno\u015b\u0107 w ramach programu Erasmus+    <\/a>\n<\/article>\t\t\t\t\t\t<\/div>\n\t\t\t\t\t\t\t\t\t\t\t<div class=\"col-sm-4\">\n\t\t\t\t\t\t\t\n<article class=\"format-standard\">\n    <span class=\"date text-right\"><i class=\"fal fa-calendar-alt\"><\/i> 10-07-2024<\/span>\n    <a href=\"https:\/\/pb.edu.pl\/iros\/2024\/07\/10\/zajecia-wykladowcow-z-wiz-pb-dla-studentow-free-burgas-university-bulgaria\/\">\n      <div class=\"article-image\">\n        <img loading=\"lazy\" decoding=\"async\" width=\"480\" height=\"300\" src=\"https:\/\/pb.edu.pl\/iros\/wp-content\/uploads\/sites\/24\/2024\/07\/Projekt-bez-nazwy-2024-07-10T144630.668-480x300.png\" class=\"attachment-medium-image-16x10 size-medium-image-16x10 wp-post-image\" alt=\"\" \/>      <\/div>\n      <h3>Zaj\u0119cia wyk\u0142adowc\u00f3w z WIZ PB dla student\u00f3w Free Burgas University (Bu\u0142garia).<\/h3>\n      Mobilno\u015b\u0107 w ramach programu Erasmus+    <\/a>\n<\/article>\t\t\t\t\t\t<\/div>\n\t\t\t\t\t\t\t\t\t\t\t<div class=\"col-sm-4\">\n\t\t\t\t\t\t\t\n<article class=\"format-standard\">\n    <span class=\"date text-right\"><i class=\"fal fa-calendar-alt\"><\/i> 05-07-2024<\/span>\n    <a href=\"https:\/\/pb.edu.pl\/iros\/2024\/07\/05\/dr-hab-inz-zofia-koloszko-chomentowska-wiz-pb-odwiedzila-uniwersytet-w-foggi\/\">\n      <div class=\"article-image\">\n        <img loading=\"lazy\" decoding=\"async\" width=\"480\" height=\"300\" src=\"https:\/\/pb.edu.pl\/iros\/wp-content\/uploads\/sites\/24\/2024\/07\/Projekt-bez-nazwy-2024-07-08T160513.600-480x300.png\" class=\"attachment-medium-image-16x10 size-medium-image-16x10 wp-post-image\" alt=\"\" \/>      <\/div>\n      <h3>Dr hab. in\u017c. Zofia Ko\u0142oszko-Chomentowska, WIZ PB odwiedzi\u0142a uniwersytet w Foggi.<\/h3>\n      Mobilno\u015b\u0107 w ramach Programu Erasmus+    <\/a>\n<\/article>\t\t\t\t\t\t<\/div>\n\t\t\t\t\t\t\t\t\t\t\t<div class=\"col-sm-4\">\n\t\t\t\t\t\t\t\n<article class=\"format-standard\">\n    <span class=\"date text-right\"><i class=\"fal fa-calendar-alt\"><\/i> 05-07-2024<\/span>\n    <a href=\"https:\/\/pb.edu.pl\/iros\/2024\/07\/05\/uczestnictwo-przedstawiciele-pb-w-5th-international-staff-training-week-jaume-hiszpania\/\">\n      <div class=\"article-image\">\n        <img loading=\"lazy\" decoding=\"async\" width=\"480\" height=\"300\" src=\"https:\/\/pb.edu.pl\/iros\/wp-content\/uploads\/sites\/24\/2024\/07\/uczestnicy-5th-International-Week-zakonczenie-autor-fotograf-UJI-480x300.jpg\" class=\"attachment-medium-image-16x10 size-medium-image-16x10 wp-post-image\" alt=\"\" \/>      <\/div>\n      <h3>Uczestnictwo przedstawicielek PB w 5th International Staff Training Week, Jaume, Hiszpania<\/h3>\n      W dniach 17-21 czerwca 2024 roku przedstawicielki Politechniki Bia\u0142ostockiej: Anna Kukor-B\u0105k    <\/a>\n<\/article>\t\t\t\t\t\t<\/div>\n\t\t\t\t\t\n\t\t\t\t\n\t\t\t\t\t<\/div>\n\t\t\n\t<nav class=\"navigation pagination\" aria-label=\"Stronicowanie wpis\u00f3w\">\n\t\t<h2 class=\"screen-reader-text\">Stronicowanie wpis\u00f3w<\/h2>\n\t\t<div class=\"nav-links\"><span aria-current=\"page\" class=\"page-numbers current\">1<\/span>\n<a class=\"page-numbers\" href=\"https:\/\/pb.edu.pl\/iros\/wp-json\/wp\/v2\/pages\/17640\/page\/2\/\">2<\/a>\n<a class=\"page-numbers\" href=\"https:\/\/pb.edu.pl\/iros\/wp-json\/wp\/v2\/pages\/17640\/page\/3\/\">3<\/a>\n<span class=\"page-numbers dots\">&hellip;<\/span>\n<a class=\"page-numbers\" href=\"https:\/\/pb.edu.pl\/iros\/wp-json\/wp\/v2\/pages\/17640\/page\/7\/\">7<\/a>\n<a class=\"next page-numbers\" href=\"https:\/\/pb.edu.pl\/iros\/wp-json\/wp\/v2\/pages\/17640\/page\/2\/\">Nast\u0119pne<\/a><\/div>\n\t<\/nav>\t\t\t<\/div>\n<\/div>\n<div class=\"col-sm-4 text-center\">\n<div class=\"well well-sm lead text-center boxy-prawe\">\n<h2>Kontakt<\/h2>\n<h3>Pok\u00f3j C28<\/h3>\n<p>mgr Magdalena Wilczewska-Charkiewicz&nbsp;<br \/>\n<i class=\"fal fa-phone\"><\/i> (85) 746 90 43<br \/>\n<i class=\"fal fa-envelope\"><\/i> <a href=\"#\" rel=\"nofollow\"  onclick=\"this.href='mailto:' + 'magdalena.wilczewska-charkiewicz' + '@' + 'pb.edu.pl'\">magdalena.wilczewska-charkiewicz [at] pb.edu.pl<\/a>\n<\/div>\n<div class=\"well well-sm lead text-center boxy-prawe\">\n<h2>Formularze do pobrania<\/h2>\n<p><a title=\"Formularze do pobrania - nauczyciele\" href=\"https:\/\/pb.edu.pl\/iros\/program-erasmus\/wyjazdy-pracownikow-program-ka131\/formularze-do-pobrania-nauczyciele\/\">Wyjazdy w celach dydaktycznych<\/a><br \/>\n<a title=\"Formularze do pobrania - pracownicy administracji\" href=\"https:\/\/pb.edu.pl\/iros\/program-erasmus\/wyjazdy-pracownikow-program-ka131\/formularze-do-pobrania-administracja\/\">Wyjazdy w celach szkoleniowych<\/a><\/p>\n<\/div>\n<\/div>\n<\/div>\n<p>&nbsp;<br \/>\n<img loading=\"lazy\" decoding=\"async\" class=\"aligncenter wp-image-21876\" src=\"https:\/\/pb.edu.pl\/iros\/wp-content\/uploads\/sites\/24\/2024\/11\/PL-Dofinansowane-przez-Unie-Europejska-POS-100px.jpg\" alt=\"Dofinansowane przez Uni\u0119 Europejsk\u0105 \" width=\"297\" height=\"60\" srcset=\"https:\/\/pb.edu.pl\/iros\/wp-content\/uploads\/sites\/24\/2024\/11\/PL-Dofinansowane-przez-Unie-Europejska-POS-100px.jpg 495w, https:\/\/pb.edu.pl\/iros\/wp-content\/uploads\/sites\/24\/2024\/11\/PL-Dofinansowane-przez-Unie-Europejska-POS-100px-300x61.jpg 300w\" sizes=\"auto, (max-width: 297px) 100vw, 297px\" \/><\/p>\n","protected":false},"excerpt":{"rendered":"<p>Kontakt Pok\u00f3j C28 mgr Magdalena Wilczewska-Charkiewicz&nbsp; (85) 746 90 43 Formularze do pobrania Wyjazdy w<\/p>\n","protected":false},"author":2,"featured_media":0,"parent":473,"menu_order":7,"comment_status":"closed","ping_status":"closed","template":"","meta":{"_acf_changed":false,"ngg_post_thumbnail":0,"footnotes":""},"class_list":["post-17640","page","type-page","status-publish","hentry"],"acf":[],"_links":{"self":[{"href":"https:\/\/pb.edu.pl\/iros\/wp-json\/wp\/v2\/pages\/17640","targetHints":{"allow":["GET"]}}],"collection":[{"href":"https:\/\/pb.edu.pl\/iros\/wp-json\/wp\/v2\/pages"}],"about":[{"href":"https:\/\/pb.edu.pl\/iros\/wp-json\/wp\/v2\/types\/page"}],"author":[{"embeddable":true,"href":"https:\/\/pb.edu.pl\/iros\/wp-json\/wp\/v2\/users\/2"}],"replies":[{"embeddable":true,"href":"https:\/\/pb.edu.pl\/iros\/wp-json\/wp\/v2\/comments?post=17640"}],"version-history":[{"count":0,"href":"https:\/\/pb.edu.pl\/iros\/wp-json\/wp\/v2\/pages\/17640\/revisions"}],"up":[{"embeddable":true,"href":"https:\/\/pb.edu.pl\/iros\/wp-json\/wp\/v2\/pages\/473"}],"wp:attachment":[{"href":"https:\/\/pb.edu.pl\/iros\/wp-json\/wp\/v2\/media?parent=17640"}],"curies":[{"name":"wp","href":"https:\/\/api.w.org\/{rel}","templated":true}]}}