{"id":17634,"date":"2024-03-06T21:07:44","date_gmt":"2024-03-06T20:07:44","guid":{"rendered":"https:\/\/pb.edu.pl\/iros\/?page_id=17634"},"modified":"2025-10-29T12:40:09","modified_gmt":"2025-10-29T11:40:09","slug":"zasady-kwalifikacji","status":"publish","type":"page","link":"https:\/\/pb.edu.pl\/iros\/program-erasmus\/wyjazdy-pracownikow-program-ka131\/zasady-kwalifikacji\/","title":{"rendered":"Zasady kwalifikacji"},"content":{"rendered":"<div class=\"row\">\n<div class=\"col-sm-8\">\n<p>Wyjazdy pracownik\u00f3w Politechniki Bia\u0142ostockiej&nbsp;<strong>w ramach programu ERASMUS+ KA 131 <\/strong>w roku akademickim 2024\/2025 realizowane s\u0105 zgodnie z <a href=\"https:\/\/bip.pb.edu.pl\/index.php?event=informacja&amp;id=21491\">zarz\u0105dzeniem nr 65\/2024 Rektora PB<\/a>&nbsp; z dnia 19 sierpnia 2024 r.<\/p>\n<p>Rekrutacja na wyjazdy prowadzona jest raz w roku<\/p>\n<p>Nab\u00f3r podstawowy rozpoczyna si\u0119 w pa\u017adzierniku, a ewentualne nabory dodatkowe, w okresie od stycznia do maja.<\/p>\n<p>&nbsp;<\/p>\n<p>&#8212;&#8212;&#8212;&#8212;&#8212;&#8212;&#8212;&#8212;&#8212;&#8212;&#8212;&#8212;&#8212;&#8212;&#8212;&#8212;&#8212;&#8212;&#8212;&#8212;&#8212;&#8212;&#8212;&#8212;&#8212;&#8212;&#8212;&#8212;&#8212;&#8212;&#8212;&#8212;&#8212;&#8212;&#8212;&#8212;&#8212;&#8212;&#8212;&#8212;&#8212;&#8212;&#8212;&#8212;&#8212;&#8212;&#8212;&#8212;&#8212;&#8212;&#8212;&#8212;&#8212;&#8212;&#8212;&#8212;&#8212;&#8212;&#8211;<\/p>\n<p>&nbsp;<\/p>\n<p>Wyjazdy pracownik\u00f3w Politechniki Bia\u0142ostockiej <strong>w ramach programu ERASMUS+ KA 131 <\/strong>w roku akademickim 2023\/2024 realizowane s\u0105 zgodnie z&nbsp;<a href=\"https:\/\/bip.pb.edu.pl\/index.php?event=informacja&amp;id=19914\">zarz\u0105dzeniem nr 96\/2022 Rektora PB<\/a>&nbsp; z dnia 20 pa\u017adziernika 2022 r.<\/p>\n<p>Rekrutacja na wyjazdy prowadzona jest raz w roku.&nbsp;<\/p>\n<\/div>\n<div class=\"col-sm-4 text-center\">\n<div class=\"well well-sm lead text-center boxy-prawe\">\n<h2>Kontakt<\/h2>\n<h3>Pok\u00f3j C28<\/h3>\n<p>mgr Magdalena Wilczewska-Charkiewicz &nbsp;<br \/>\n<i class=\"fal fa-phone\"><\/i> (85) 746 90 43<br \/>\n<i class=\"fal fa-envelope\"><\/i> <a href=\"#\" rel=\"nofollow\"  onclick=\"this.href='mailto:' + 'magdalena.wilczewska-charkiewicz' + '@' + 'pb.edu.pl'\">magdalena.wilczewska-charkiewicz [at] pb.edu.pl<\/a>\n<\/div>\n<div class=\"well well-sm lead text-center boxy-prawe\">\n<h2>Formularze do pobrania<\/h2>\n<p><a title=\"Formularze do pobrania - nauczyciele\" href=\"https:\/\/pb.edu.pl\/iros\/program-erasmus\/wyjazdy-pracownikow-program-ka131\/formularze-do-pobrania-nauczyciele\/\">Wyjazdy w celach dydaktycznych<\/a><br \/>\n<a title=\"Formularze do pobrania - pracownicy administracji\" href=\"https:\/\/pb.edu.pl\/iros\/program-erasmus\/wyjazdy-pracownikow-program-ka131\/formularze-do-pobrania-administracja\/\">Wyjazdy w celach szkoleniowych<\/a><\/p>\n<\/div>\n<\/div>\n<\/div>\n<p>&nbsp;<br \/>\n<img loading=\"lazy\" decoding=\"async\" class=\"wp-image-9102 size-medium alignleft\" src=\"https:\/\/pb.edu.pl\/iros\/wp-content\/uploads\/sites\/24\/2022\/09\/PL-Wspolfinansowane-przez-Unie-Europejska_POS-300x54.png\" alt=\"logo Wsp\u00f3\u0142finansowane przez UE\" width=\"300\" height=\"54\" srcset=\"https:\/\/pb.edu.pl\/iros\/wp-content\/uploads\/sites\/24\/2022\/09\/PL-Wspolfinansowane-przez-Unie-Europejska_POS-300x54.png 300w, https:\/\/pb.edu.pl\/iros\/wp-content\/uploads\/sites\/24\/2022\/09\/PL-Wspolfinansowane-przez-Unie-Europejska_POS-1024x183.png 1024w, https:\/\/pb.edu.pl\/iros\/wp-content\/uploads\/sites\/24\/2022\/09\/PL-Wspolfinansowane-przez-Unie-Europejska_POS-768x137.png 768w, https:\/\/pb.edu.pl\/iros\/wp-content\/uploads\/sites\/24\/2022\/09\/PL-Wspolfinansowane-przez-Unie-Europejska_POS-1536x275.png 1536w, https:\/\/pb.edu.pl\/iros\/wp-content\/uploads\/sites\/24\/2022\/09\/PL-Wspolfinansowane-przez-Unie-Europejska_POS-2048x366.png 2048w\" sizes=\"auto, (max-width: 300px) 100vw, 300px\" \/><\/p>\n","protected":false},"excerpt":{"rendered":"<p>Wyjazdy pracownik\u00f3w Politechniki Bia\u0142ostockiej&nbsp;w ramach programu ERASMUS+ KA 131 w roku akademickim 2024\/2025 realizowane s\u0105<\/p>\n","protected":false},"author":2,"featured_media":0,"parent":473,"menu_order":5,"comment_status":"closed","ping_status":"closed","template":"","meta":{"_acf_changed":false,"ngg_post_thumbnail":0,"footnotes":""},"class_list":["post-17634","page","type-page","status-publish","hentry"],"acf":[],"_links":{"self":[{"href":"https:\/\/pb.edu.pl\/iros\/wp-json\/wp\/v2\/pages\/17634","targetHints":{"allow":["GET"]}}],"collection":[{"href":"https:\/\/pb.edu.pl\/iros\/wp-json\/wp\/v2\/pages"}],"about":[{"href":"https:\/\/pb.edu.pl\/iros\/wp-json\/wp\/v2\/types\/page"}],"author":[{"embeddable":true,"href":"https:\/\/pb.edu.pl\/iros\/wp-json\/wp\/v2\/users\/2"}],"replies":[{"embeddable":true,"href":"https:\/\/pb.edu.pl\/iros\/wp-json\/wp\/v2\/comments?post=17634"}],"version-history":[{"count":0,"href":"https:\/\/pb.edu.pl\/iros\/wp-json\/wp\/v2\/pages\/17634\/revisions"}],"up":[{"embeddable":true,"href":"https:\/\/pb.edu.pl\/iros\/wp-json\/wp\/v2\/pages\/473"}],"wp:attachment":[{"href":"https:\/\/pb.edu.pl\/iros\/wp-json\/wp\/v2\/media?parent=17634"}],"curies":[{"name":"wp","href":"https:\/\/api.w.org\/{rel}","templated":true}]}}