{"id":17629,"date":"2024-03-06T21:04:59","date_gmt":"2024-03-06T20:04:59","guid":{"rendered":"https:\/\/pb.edu.pl\/iros\/?page_id=17629"},"modified":"2025-10-29T12:37:33","modified_gmt":"2025-10-29T11:37:33","slug":"w-trakcie","status":"publish","type":"page","link":"https:\/\/pb.edu.pl\/iros\/program-erasmus\/wyjazdy-pracownikow-program-ka131\/w-trakcie\/","title":{"rendered":"W trakcie"},"content":{"rendered":"<div class=\"row\">\n<div class=\"col-sm-8\">\n<p>Pracownik uczestniczy we wszystkich zaplanowanych zaj\u0119ciach i spotkaniach:<\/p>\n<ul>\n<li>promuje r\u00f3\u017cne formy i warunki kszta\u0142cenia w PB:<br \/>\n\u2013 oferta w ramach Programu Erasmus+ oraz dla freemover\u00f3w,<br \/>\n\u2013 umowy o podw\u00f3jnym dyplomowaniu;<\/li>\n<li>ocenia perspektywy wymiany student\u00f3w;<\/li>\n<li>weryfikuje mo\u017cliwo\u015bci wsp\u00f3\u0142pracy naukowej, dydaktycznej (nauczyciele):<br \/>\n\u2013 wsp\u00f3lne naukowe tematy robocze;<br \/>\n\u2013 wsp\u00f3lne aplikowanie o projekty;<br \/>\n\u2013 og\u00f3lna dwustronna umowa o wsp\u00f3\u0142pracy (prorektorzy, dziekani);<br \/>\n\u2013 inne;<\/li>\n<\/ul>\n<\/div>\n<div class=\"col-sm-4 text-center\">\n<div class=\"well well-sm lead text-center boxy-prawe\">\n<h2>Kontakt<\/h2>\n<h3>Pok\u00f3j C28<\/h3>\n<p>mgr Magdalena Wilczewska-Charkiewicz&nbsp;<br \/>\n<i class=\"fal fa-phone\"><\/i> (85) 746 90 43<br \/>\n<i class=\"fal fa-envelope\"><\/i> <a href=\"#\" rel=\"nofollow\"  onclick=\"this.href='mailto:' + 'magdalena.wilczewska-charkiewicz' + '@' + 'pb.edu.pl'\">magdalena.wilczewska-charkiewicz [at] pb.edu.pl<\/a>\n<\/div>\n<div class=\"well well-sm lead text-center boxy-prawe\">\n<h2>Formularze do pobrania<\/h2>\n<p><a title=\"Formularze do pobrania - nauczyciele\" href=\"https:\/\/pb.edu.pl\/iros\/program-erasmus\/wyjazdy-pracownikow-program-ka131\/formularze-do-pobrania-nauczyciele\/\">Wyjazdy w celach dydaktycznych<\/a><br \/>\n<a title=\"Formularze do pobrania - pracownicy administracji\" href=\"https:\/\/pb.edu.pl\/iros\/program-erasmus\/wyjazdy-pracownikow-program-ka131\/formularze-do-pobrania-administracja\/\">Wyjazdy w celach szkoleniowych<\/a><\/p>\n<\/div>\n<\/div>\n<\/div>\n<p>&nbsp;<br \/>\n<img loading=\"lazy\" decoding=\"async\" class=\"wp-image-9102 size-medium alignleft\" src=\"https:\/\/pb.edu.pl\/iros\/wp-content\/uploads\/sites\/24\/2022\/09\/PL-Wspolfinansowane-przez-Unie-Europejska_POS-300x54.png\" alt=\"logo Wsp\u00f3\u0142finansowane przez UE\" width=\"300\" height=\"54\" srcset=\"https:\/\/pb.edu.pl\/iros\/wp-content\/uploads\/sites\/24\/2022\/09\/PL-Wspolfinansowane-przez-Unie-Europejska_POS-300x54.png 300w, https:\/\/pb.edu.pl\/iros\/wp-content\/uploads\/sites\/24\/2022\/09\/PL-Wspolfinansowane-przez-Unie-Europejska_POS-1024x183.png 1024w, https:\/\/pb.edu.pl\/iros\/wp-content\/uploads\/sites\/24\/2022\/09\/PL-Wspolfinansowane-przez-Unie-Europejska_POS-768x137.png 768w, https:\/\/pb.edu.pl\/iros\/wp-content\/uploads\/sites\/24\/2022\/09\/PL-Wspolfinansowane-przez-Unie-Europejska_POS-1536x275.png 1536w, https:\/\/pb.edu.pl\/iros\/wp-content\/uploads\/sites\/24\/2022\/09\/PL-Wspolfinansowane-przez-Unie-Europejska_POS-2048x366.png 2048w\" sizes=\"auto, (max-width: 300px) 100vw, 300px\" \/><\/p>\n","protected":false},"excerpt":{"rendered":"<p>Pracownik uczestniczy we wszystkich zaplanowanych zaj\u0119ciach i spotkaniach: promuje r\u00f3\u017cne formy i warunki kszta\u0142cenia w<\/p>\n","protected":false},"author":2,"featured_media":0,"parent":473,"menu_order":3,"comment_status":"closed","ping_status":"closed","template":"","meta":{"_acf_changed":false,"ngg_post_thumbnail":0,"footnotes":""},"class_list":["post-17629","page","type-page","status-publish","hentry"],"acf":[],"_links":{"self":[{"href":"https:\/\/pb.edu.pl\/iros\/wp-json\/wp\/v2\/pages\/17629","targetHints":{"allow":["GET"]}}],"collection":[{"href":"https:\/\/pb.edu.pl\/iros\/wp-json\/wp\/v2\/pages"}],"about":[{"href":"https:\/\/pb.edu.pl\/iros\/wp-json\/wp\/v2\/types\/page"}],"author":[{"embeddable":true,"href":"https:\/\/pb.edu.pl\/iros\/wp-json\/wp\/v2\/users\/2"}],"replies":[{"embeddable":true,"href":"https:\/\/pb.edu.pl\/iros\/wp-json\/wp\/v2\/comments?post=17629"}],"version-history":[{"count":0,"href":"https:\/\/pb.edu.pl\/iros\/wp-json\/wp\/v2\/pages\/17629\/revisions"}],"up":[{"embeddable":true,"href":"https:\/\/pb.edu.pl\/iros\/wp-json\/wp\/v2\/pages\/473"}],"wp:attachment":[{"href":"https:\/\/pb.edu.pl\/iros\/wp-json\/wp\/v2\/media?parent=17629"}],"curies":[{"name":"wp","href":"https:\/\/api.w.org\/{rel}","templated":true}]}}