{"id":17625,"date":"2024-03-06T21:02:41","date_gmt":"2024-03-06T20:02:41","guid":{"rendered":"https:\/\/pb.edu.pl\/iros\/?page_id=17625"},"modified":"2025-10-29T12:37:01","modified_gmt":"2025-10-29T11:37:01","slug":"oferta","status":"publish","type":"page","link":"https:\/\/pb.edu.pl\/iros\/program-erasmus\/wyjazdy-pracownikow-program-ka131\/oferta\/","title":{"rendered":"Oferta"},"content":{"rendered":"<div class=\"row\">\n<div class=\"col-sm-8\">\n<div class=\"h4\">Mobilno\u015b\u0107 pracownik\u00f3w Politechniki Bia\u0142ostockiej, realizowana w ramach programu Erasmus+, projekt KA131, jest wsp\u00f3\u0142finansowana ze \u015brodk\u00f3w Unii Europejskiej. Wymiana mi\u0119dzynarodowa pracownik\u00f3w Politechniki Bia\u0142ostockiej realizowana jest w formie kr\u00f3tkich wyjazd\u00f3w<\/div>\n<div class=\"h4\">Rodzaje mobilno\u015bci:<\/div>\n<ol>\n<li><strong>Wyjazdy w celu prowadzenia zaj\u0119\u0107 dydaktycznych (Staff Mobility for Teaching \u2013 STA) <\/strong><br \/>\nW wyjazdach w celu prowadzenia zaj\u0119\u0107 dydaktycznych mog\u0105 bra\u0107 udzia\u0142 nauczyciele akademiccy zatrudnieni w PB na umow\u0119 o prac\u0119 w\u0142adaj\u0105cy j\u0119zykiem obcym u\u017cywanym w czasie wyjazdu na poziomie co najmniej B2. Podczas trwania mobilno\u015bci, nauczyciel akademicki zobowi\u0105zany jest do przeprowadzenia zaj\u0119\u0107 w wymiarze minimum 8h.Je\u017celi dzia\u0142anie dydaktyczne jest \u0142\u0105czone z dzia\u0142aniem szkoleniowym podczas jednego okresu pobytu za granic\u0105, w\u00f3wczas minimalna liczba godzin dydaktycznych na tydzie\u0144 (lub kr\u00f3tszy okres pobytu) jest ograniczona do 4 godzin. Mobilno\u015bci te musz\u0105 odby\u0107 si\u0119 w uczelni, z kt\u00f3r\u0105 Politechnika Bia\u0142ostocka podpisa\u0142a umow\u0119 mi\u0119dzyinstytucjonaln\u0105. Uczelnia ta musi posiada\u0107 wa\u017cn\u0105 kart\u0119 Erasmusa (ECHE) przyznan\u0105 przez Komisj\u0119 Europejsk\u0105 uprawniaj\u0105c\u0105 do uczestnictwa w programie.<\/li>\n<li><strong>Wyjazdy w celu szkoleniowym (Staff Mobility for Training \u2013 STT) <\/strong><br \/>\nW wyjazdach szkoleniowych mog\u0105 bra\u0107 udzia\u0142 pracownicy nieb\u0119d\u0105cy nauczycielami akademickimi i nauczyciele akademiccy zajmuj\u0105cy stanowiska funkcyjne, zatrudnieni w PB na umow\u0119 o prac\u0119, w\u0142adaj\u0105cy j\u0119zykiem obcym u\u017cywanym w czasie wyjazdu na poziomie co najmniej B2. Pozostali nauczyciele akademiccy mog\u0105 bra\u0107 udzia\u0142 w wyjazdach szkoleniowych tylko w formie wyjazdu \u0142\u0105cz\u0105cego dzia\u0142anie dydaktyczne z dzia\u0142aniem szkoleniowym podczas jednego okresu pobytu za granic\u0105. Wyjazdy w celach szkoleniowych obejmuj\u0105 wyjazdy typu:<\/p>\n<ul>\n<li>mi\u0119dzynarodowe tygodnie szkoleniowe tzw. International Staff Training Weeks, zorganizowane przez uczelni\u0119 lub instytucj\u0119 zagraniczn\u0105, w kt\u00f3rych uczestniczy jednocze\u015bnie wi\u0119ksza grupa pracownik\u00f3w z r\u00f3\u017cnych uczelni zagranicznych.&nbsp;<\/li>\n<li>indywidulane wyjazdy do uczelni lub instytucji zagranicznej w celu wymiany do\u015bwiadcze\u0144 mi\u0119dzy uczelniami, tzw. job shadowing, udzia\u0142u w szkoleniach i warsztatach doskonal\u0105cych umiej\u0119tno\u015bci i podnosz\u0105cych kompetencje zawodowe.<\/li>\n<\/ul>\n<p>Wyjazdy szkoleniowe nie obejmuj\u0105 wyjazd\u00f3w na konferencje.<\/p>\n<p>Wyjazdy w celach szkoleniowych mog\u0105 by\u0107 realizowane zar\u00f3wno w uczelni zagranicznej, jak i w instytucji nieakademickiej (przedsi\u0119biorstwo, organizacja, itp.), kt\u00f3ra znajduje si\u0119 w jednym z pa\u0144stw uczestnicz\u0105cych w programie Erasmus+. W przypadku mobilno\u015bci do uczelni, musi ona posiada\u0107 wa\u017cn\u0105 kart\u0119 Erasmusa (Erasmus Charter for Higher Education) przyznan\u0105 przez Komisj\u0119 Europejsk\u0105 uprawniaj\u0105c\u0105 do uczestnictwa w programie.<\/li>\n<li><strong>Wyjazdy w celu dydaktyczno &#8211; szkoleniowym ( Staff Mobility for Teaching \u2013 STA)<\/strong><br \/>\nWyjazd w celu prowadzenia zaj\u0119\u0107 dydaktycznych mo\u017ce zosta\u0107 po\u0142\u0105czony z dzia\u0142aniami w zakresie szkolenia podczas jednego okresu pobytu za granic\u0105 w tej samej jednostce. Minimalna liczba godzin dydaktycznych na tydzie\u0144 (lub kr\u00f3tszy okres pobytu) zostaje zmniejszona do 4 godzin.&nbsp;<\/li>\n<li><strong>Wyjazdy pracownik\u00f3w na mieszane programy intensywne, tzw. BIP (Blended Intensive Programmes) <\/strong><br \/>\nBIP to kr\u00f3tkotrwa\u0142y intensywny program szkoleniowy \u0142\u0105cz\u0105cy mobilno\u015b\u0107 fizyczn\u0105 za granic\u0105 z obowi\u0105zkowym komponentem wirtualnym umo\u017cliwiaj\u0105cym zespo\u0142ow\u0105 prac\u0119 online. Uczestnictwo w BIP musi przyczyni\u0107 si\u0119 do zwi\u0119kszenia kompetencji pracownika. W wyjazdach typu BIP mog\u0105 bra\u0107 udzia\u0142 pracownicy PB zatrudnieni na umow\u0119 o prac\u0119, w\u0142adaj\u0105cy j\u0119zykiem obcym (u\u017cywanym w czasie szkolenia) przynajmniej na poziomie B2.<\/li>\n<\/ol>\n<\/div>\n<div class=\"col-sm-4 text-center\">\n<div class=\"well well-sm lead text-center boxy-prawe\">\n<h2>Kontakt<\/h2>\n<h3>Pok\u00f3j C28<\/h3>\n<p>mgr Magdalena Wilczewska-Charkiewicz&nbsp;<br \/>\n<i class=\"fal fa-phone\"><\/i> (85) 746 90 43<br \/>\n<i class=\"fal fa-envelope\"><\/i> <a href=\"#\" rel=\"nofollow\"  onclick=\"this.href='mailto:' + 'magdalena.wilczewska-charkiewicz' + '@' + 'pb.edu.pl'\">magdalena.wilczewska-charkiewicz [at] pb.edu.pl<\/a>\n<\/div>\n<div class=\"well well-sm lead text-center boxy-prawe\">\n<h2>Formularze do pobrania<\/h2>\n<p><a title=\"Formularze do pobrania - nauczyciele\" href=\"https:\/\/pb.edu.pl\/iros\/program-erasmus\/wyjazdy-pracownikow-program-ka131\/formularze-do-pobrania-nauczyciele\/\">Wyjazdy w celach dydaktycznych<\/a><br \/>\n<a title=\"Formularze do pobrania - pracownicy administracji\" href=\"https:\/\/pb.edu.pl\/iros\/program-erasmus\/wyjazdy-pracownikow-program-ka131\/formularze-do-pobrania-administracja\/\">Wyjazdy w celach szkoleniowych<\/a><\/p>\n<\/div>\n<\/div>\n<\/div>\n<p>&nbsp;<br \/>\n<img loading=\"lazy\" decoding=\"async\" class=\"wp-image-9102 size-medium alignleft\" src=\"https:\/\/pb.edu.pl\/iros\/wp-content\/uploads\/sites\/24\/2022\/09\/PL-Wspolfinansowane-przez-Unie-Europejska_POS-300x54.png\" alt=\"logo Wsp\u00f3\u0142finansowane przez UE\" width=\"300\" height=\"54\" srcset=\"https:\/\/pb.edu.pl\/iros\/wp-content\/uploads\/sites\/24\/2022\/09\/PL-Wspolfinansowane-przez-Unie-Europejska_POS-300x54.png 300w, https:\/\/pb.edu.pl\/iros\/wp-content\/uploads\/sites\/24\/2022\/09\/PL-Wspolfinansowane-przez-Unie-Europejska_POS-1024x183.png 1024w, https:\/\/pb.edu.pl\/iros\/wp-content\/uploads\/sites\/24\/2022\/09\/PL-Wspolfinansowane-przez-Unie-Europejska_POS-768x137.png 768w, https:\/\/pb.edu.pl\/iros\/wp-content\/uploads\/sites\/24\/2022\/09\/PL-Wspolfinansowane-przez-Unie-Europejska_POS-1536x275.png 1536w, https:\/\/pb.edu.pl\/iros\/wp-content\/uploads\/sites\/24\/2022\/09\/PL-Wspolfinansowane-przez-Unie-Europejska_POS-2048x366.png 2048w\" sizes=\"auto, (max-width: 300px) 100vw, 300px\" \/><\/p>\n","protected":false},"excerpt":{"rendered":"<p>Mobilno\u015b\u0107 pracownik\u00f3w Politechniki Bia\u0142ostockiej, realizowana w ramach programu Erasmus+, projekt KA131, jest wsp\u00f3\u0142finansowana ze \u015brodk\u00f3w<\/p>\n","protected":false},"author":2,"featured_media":0,"parent":473,"menu_order":1,"comment_status":"closed","ping_status":"closed","template":"","meta":{"_acf_changed":false,"ngg_post_thumbnail":0,"footnotes":""},"class_list":["post-17625","page","type-page","status-publish","hentry"],"acf":[],"_links":{"self":[{"href":"https:\/\/pb.edu.pl\/iros\/wp-json\/wp\/v2\/pages\/17625","targetHints":{"allow":["GET"]}}],"collection":[{"href":"https:\/\/pb.edu.pl\/iros\/wp-json\/wp\/v2\/pages"}],"about":[{"href":"https:\/\/pb.edu.pl\/iros\/wp-json\/wp\/v2\/types\/page"}],"author":[{"embeddable":true,"href":"https:\/\/pb.edu.pl\/iros\/wp-json\/wp\/v2\/users\/2"}],"replies":[{"embeddable":true,"href":"https:\/\/pb.edu.pl\/iros\/wp-json\/wp\/v2\/comments?post=17625"}],"version-history":[{"count":0,"href":"https:\/\/pb.edu.pl\/iros\/wp-json\/wp\/v2\/pages\/17625\/revisions"}],"up":[{"embeddable":true,"href":"https:\/\/pb.edu.pl\/iros\/wp-json\/wp\/v2\/pages\/473"}],"wp:attachment":[{"href":"https:\/\/pb.edu.pl\/iros\/wp-json\/wp\/v2\/media?parent=17625"}],"curies":[{"name":"wp","href":"https:\/\/api.w.org\/{rel}","templated":true}]}}