{"id":17,"date":"2018-11-07T13:41:27","date_gmt":"2018-11-07T12:41:27","guid":{"rendered":"https:\/\/pb.edu.pl\/bwm\/?page_id=17"},"modified":"2026-03-31T14:32:19","modified_gmt":"2026-03-31T12:32:19","slug":"zarzadzenia","status":"publish","type":"page","link":"https:\/\/pb.edu.pl\/iros\/zarzadzenia\/","title":{"rendered":"Zarz\u0105dzenia"},"content":{"rendered":"<h3>Erasmus+<\/h3>\n<ul>\n<li><a href=\"https:\/\/bip.pb.edu.pl\/index.php?event=informacja&amp;id=22311\">Zarz\u0105dzenie nr 66\/2025 w sprawie zmiany \u201eZasad realizacji mobilno\u015bci pracownik\u00f3w Uczelni i&nbsp;pracownik\u00f3w przyje\u017cd\u017caj\u0105cych na&nbsp;Politechnik\u0119 Bia\u0142ostock\u0105 (nauczycieli akademickich w&nbsp;celu prowadzenia zaj\u0119\u0107 dydaktycznych oraz pracownik\u00f3w w&nbsp;celach szkoleniowych) w&nbsp;ramach programu Erasmus+, projekty&nbsp;KA131 i&nbsp;KA171\u201d<\/a><\/li>\n<li><a title=\"przejd\u017a do strony\" href=\"https:\/\/bip.pb.edu.pl\/index.php?event=informacja&amp;id=21491\">Zarz\u0105dzenie nr 65\/2024 &#8211; Zasady realizacji mobilno\u015bci pracownik\u00f3w Uczelni i pracownik\u00f3w przyje\u017cd\u017caj\u0105cych na Politechnik\u0119 Bia\u0142ostock\u0105 (nauczycieli akademickich w celu prowadzenia zaj\u0119\u0107 dydaktycznych oraz pracownik\u00f3w w celach szkoleniowych) w ramach programu Erasmus+, projekty KA131 i KA171<\/a><\/li>\n<li><a title=\"przejd\u017a do strony\" href=\"https:\/\/bip.pb.edu.pl\/index.php?event=informacja&amp;id=21480\" target=\"_blank\" rel=\"noopener\">Zarz\u0105dzenie nr 63\/2024 &#8211; Regulaminu wymiany mi\u0119dzynarodowej student\u00f3w i&nbsp;doktorant\u00f3w w&nbsp;Politechnice Bia\u0142ostockiej w&nbsp;ramach programu Erasmus+<\/a><\/li>\n<li><a title=\"\" href=\"https:\/\/bip.pb.edu.pl\/index.php?event=informacja&amp;id=21990\" target=\"_blank\" rel=\"noopener\">Zarz\u0105dzanie nr 18\/2025 \u2013 zmiana do Zarz\u0105dzenia w sprawie wprowadzenia w \u017cycie \u201eRegulaminu wymiany mi\u0119dzynarodowej student\u00f3w i doktorant\u00f3w w Politechnice Bia\u0142ostockiej w ramach programu Erasmus+\u201d<\/a><\/li>\n<\/ul>\n<h3>Studenci zagraniczni<\/h3>\n<ul>\n<li><a title=\"przejd\u017a do strony\" href=\"https:\/\/bip.pb.edu.pl\/index.php?event=informacja&amp;id=17899\">Zarz\u0105dzenie nr 1220\/2020 &#8211; obieg dokument\u00f3w zwi\u0105zanych z przyj\u0119ciem i przebiegiem studi\u00f3w przez cudzoziemc\u00f3w<\/a><\/li>\n<li><a title=\"\" href=\"https:\/\/bip.pb.edu.pl\/index.php?event=informacja&amp;id=22040\">Zarz\u0105dzenie nr 30\/2025 w sprawie ustalenia harmonogramu rekrutacji oraz ustalenia wzor\u00f3w dokument\u00f3w obowi\u0105zuj\u0105cych w rekrutacji cudzoziemc\u00f3w na studia pierwszego i drugiego stopnia prowadzone w j\u0119zyku obcym w Politechnice Bia\u0142ostockiej w roku akademickim 2025\/2026<\/a><\/li>\n<li><a title=\"\" href=\"https:\/\/bip.pb.edu.pl\/?event=informacja&amp;id=22067\">Zarz\u0105dzenie nr 32\/2025 w sprawie ustalenia wysoko\u015bci op\u0142at pobieranych od student\u00f3w zagranicznych rozpoczynaj\u0105cych kszta\u0142cenie w j\u0119zyku obcym w Politechnice Bia\u0142ostockiej w roku akademickim 2025\/2026<\/a><\/li>\n<li><a href=\"https:\/\/bip.pb.edu.pl\/index.php?event=informacja&amp;id=20258\">Zarz\u0105dzenie nr 40\/2023 w sprawie wprowadzenia op\u0142aty za przeprowadzenie rekrutacji dla cudzoziemc\u00f3w aplikuj\u0105cych na studia pierwszego i drugiego stopnia prowadzone w j\u0119zyku obcym w Politechnice Bia\u0142ostockiej od roku&nbsp; akademickiego 2023\/2024 oraz ustalenia jej wysoko\u015bci<\/a><\/li>\n<li><a title=\"\" href=\"https:\/\/bip.pb.edu.pl\/index.php?event=informacja&amp;id=19423\">Zarz\u0105dzenie nr 33\/2022 &#8211; zasady pobierania op\u0142at za us\u0142ugi edukacyjne oraz warunk\u00f3w i trybu zwalniania z tych op\u0142at student\u00f3w PB<\/a><\/li>\n<li><a class=\"pdf\" title=\"\" href=\"https:\/\/bip.pb.edu.pl\/?event=informacja&amp;id=22327\" target=\"_blank\" rel=\"noopener\" data-id=\"24055\">Uchwa\u0142a nr 61\/X\/XVII\/2025 Senatu Politechniki Bia\u0142ostockiej z dnia 26 czerwca 2025 roku w sprawie ustalenia zasad rekrutacji na rok akademicki 2026\/2027<\/a><\/li>\n<\/ul>\n<h3>Wyjazdy\/przyjazdy pracownik\u00f3w<\/h3>\n<ul>\n<li><a href=\"https:\/\/www.bip.pb.edu.pl\/index.php?event=informacja&amp;id=16851\">Zarz\u0105dzenie nr 752\/2017 (tekst ujednolicony z 18.02.2020) &#8211; podr\u00f3\u017ce pracownik\u00f3w Politechniki Bia\u0142ostockiej na obszarze kraju i poza jego granicami<\/a><\/li>\n<li><a title=\"\" href=\"https:\/\/bd.uci.pb.edu.pl\/446-lista-dokumentow\/d\/2612\/5\/\">Zarz\u0105dzenie Nr 121\/2025 Rektora Politechniki Bia\u0142ostockiej z dnia 11 grudnia 2025 roku w sprawie podr\u00f3\u017cy pracownik\u00f3w Politechniki Bia\u0142ostockiej na obszarze kraju i poza jego granicami<\/a><\/li>\n<li><a title=\"\" href=\"https:\/\/drive.google.com\/viewer?url=https%3A%2F%2Fpb.edu.pl%2Fdss%2Fwp-content%2Fuploads%2Fsites%2F166%2F2025%2F12%2FZarzadzenie-Nr-122-2025_zwrot-kosztow-podrozy-studentom.pdf&amp;embedded=true\">Zarz\u0105dzenie nr 122\/2025 Rektora Politechniki Bia\u0142ostockiej z dnia 11 grudnia 2025 roku w sprawie zwrotu koszt\u00f3w podr\u00f3\u017cy osobom nieb\u0119d\u0105cym pracownikami Politechniki Bia\u0142ostockiej oraz przyznawania \u015bwiadcze\u0144 go\u015bciom zagranicznym przyje\u017cd\u017caj\u0105cym do Politechniki Bia\u0142ostockiej<\/a><\/li>\n<\/ul>\n<h3>Pozosta\u0142e zarz\u0105dzenia<\/h3>\n<ul>\n<li><a title=\"przejd\u017a do strony\" href=\"https:\/\/www.bip.pb.edu.pl\/index.php?event=informacja&amp;id=15646\">Zarz\u0105dzenie nr 953\/2019 &#8211; podzia\u0142 nale\u017cnych op\u0142at za us\u0142ugi edukacyjne \u015bwiadczone przez PB<\/a><\/li>\n<li><a href=\"https:\/\/bip.pb.edu.pl\/index.php?event=informacja&amp;id=20953\">Zarz\u0105dzenie nr 117\/2023 &#8211; przygotowanie oraz realizacja projekt\u00f3w finansowanych ze \u017ar\u00f3de\u0142 zewn\u0119trznych<\/a><\/li>\n<li><a title=\"przejd\u017a do strony\" href=\"https:\/\/bip.pb.edu.pl\/index.php?event=informacja&amp;id=20633\">Zarz\u0105dzenie nr 86\/2023 &#8211; ustalenie zasad tworzenia i realizacji program\u00f3w podw\u00f3jnego dyplomowania realizowanych przez PB<\/a><\/li>\n<li><a class=\"pdf\" href=\"https:\/\/pb.edu.pl\/iros\/wp-content\/uploads\/sites\/24\/2026\/03\/Zarzadzenie-Nr-28.2026.pdf\" target=\"_blank\" rel=\"noopener\" data-id=\"29702\">Zarz\u0105dzenie nr 28\/2026 Rektora Politechniki Bia\u0142ostockiej z dnia 19 lutego 2026 roku w sprawie powo\u0142ania Zespo\u0142u do opiniowania katalogu przedmiot\u00f3w oferowanych studentom przyje\u017cd\u017caj\u0105cym w ramach programu wymiany akademickiej Erasmus+ w Politechnice Bia\u0142ostockiej (PDF, 172 KB, otworzy si\u0119 w nowej karcie)<\/a><\/li>\n<\/ul>\n<h3>Strategie<\/h3>\n<ul>\n<li><a title=\"\" href=\"https:\/\/bip.pb.edu.pl\/index.php?event=informacja&amp;id=22248\"><span style=\"font-family: 'Open Sans', sans-serif;font-size: 1.5rem\">Strategia umi\u0119dzynarodowienia PB 2025-2028 z perspektyw\u0105 przed\u0142u\u017cenia do 2035 r.&nbsp;<\/span><\/a><\/li>\n<li><a class=\"pdf\" href=\"https:\/\/pb.edu.pl\/iros\/wp-content\/uploads\/sites\/24\/2023\/12\/Strategia-umiedzynarodowienia-PB-2021-2024-2030-1.pdf\" target=\"_blank\" rel=\"noopener\" data-id=\"14105\">Strategia umi\u0119dzynarodowienia PB 2021-2024 (-2030) (PDF, 322 KB, otworzy si\u0119 w nowej karcie)<\/a><\/li>\n<li><a class=\"pdf\" title=\"otworzy si\u0119 w nowej karcie\" href=\"https:\/\/pb.edu.pl\/iros\/wp-content\/uploads\/sites\/24\/2021\/02\/Strategia-Internacjonalizacji-BWM-2018.pdf\" target=\"_blank\" rel=\"noopener\" data-id=\"4184\">Strategia Internacjonalizacji, BWM 2018 (PDF, wersja dost\u0119pna cyfrowo, 141 KB)<\/a><\/li>\n<li><a title=\"przejd\u017a do strony\" href=\"https:\/\/bip.pb.edu.pl\/index.php?event=informacja&amp;id=17987\">Strategia rozwoju PB na lata 2021-2024 z perspektyw\u0105 przed\u0142u\u017cenia do 2030 r.<\/a><\/li>\n<\/ul>\n","protected":false},"excerpt":{"rendered":"<p>Erasmus+ Zarz\u0105dzenie nr 66\/2025 w sprawie zmiany \u201eZasad realizacji mobilno\u015bci pracownik\u00f3w Uczelni i&nbsp;pracownik\u00f3w przyje\u017cd\u017caj\u0105cych na&nbsp;Politechnik\u0119<\/p>\n","protected":false},"author":2,"featured_media":0,"parent":0,"menu_order":10,"comment_status":"closed","ping_status":"closed","template":"","meta":{"_acf_changed":false,"ngg_post_thumbnail":0,"footnotes":""},"class_list":["post-17","page","type-page","status-publish","hentry"],"acf":[],"_links":{"self":[{"href":"https:\/\/pb.edu.pl\/iros\/wp-json\/wp\/v2\/pages\/17","targetHints":{"allow":["GET"]}}],"collection":[{"href":"https:\/\/pb.edu.pl\/iros\/wp-json\/wp\/v2\/pages"}],"about":[{"href":"https:\/\/pb.edu.pl\/iros\/wp-json\/wp\/v2\/types\/page"}],"author":[{"embeddable":true,"href":"https:\/\/pb.edu.pl\/iros\/wp-json\/wp\/v2\/users\/2"}],"replies":[{"embeddable":true,"href":"https:\/\/pb.edu.pl\/iros\/wp-json\/wp\/v2\/comments?post=17"}],"version-history":[{"count":6,"href":"https:\/\/pb.edu.pl\/iros\/wp-json\/wp\/v2\/pages\/17\/revisions"}],"predecessor-version":[{"id":30019,"href":"https:\/\/pb.edu.pl\/iros\/wp-json\/wp\/v2\/pages\/17\/revisions\/30019"}],"wp:attachment":[{"href":"https:\/\/pb.edu.pl\/iros\/wp-json\/wp\/v2\/media?parent=17"}],"curies":[{"name":"wp","href":"https:\/\/api.w.org\/{rel}","templated":true}]}}