{"id":1380,"date":"2019-09-14T23:54:06","date_gmt":"2019-09-14T21:54:06","guid":{"rendered":"https:\/\/pb.edu.pl\/bwm\/?page_id=1380"},"modified":"2021-06-22T08:09:15","modified_gmt":"2021-06-22T06:09:15","slug":"formularze-do-pobrania-podczas-pobytu","status":"publish","type":"page","link":"https:\/\/pb.edu.pl\/iros\/program-erasmus\/wyjazdy-studentow-program-ka107\/formularze-do-pobrania-podczas-pobytu\/","title":{"rendered":"Formularze do pobrania \u2013 podczas pobytu"},"content":{"rendered":"<h3 style=\"color: red\">UWAGA!!! Wszystkie dokumenty nale\u017cy uzupe\u0142nia\u0107 komputerowo.<\/h3>\n<p><a class=\"doc\" title=\"pobierz plik\" href=\"https:\/\/pb.edu.pl\/iros\/wp-content\/uploads\/sites\/24\/2021\/06\/changes-to-LA-KA107.doc\" data-id=\"5157\">CHANGES TO THE ORIGINAL LEARNING AGREEMENT-KA-107 (DOC, 114 KB)<\/a><\/p>\n","protected":false},"excerpt":{"rendered":"<p>UWAGA!!! Wszystkie dokumenty nale\u017cy uzupe\u0142nia\u0107 komputerowo. CHANGES TO THE ORIGINAL LEARNING AGREEMENT-KA-107 (DOC, 114 KB)<\/p>\n","protected":false},"author":2,"featured_media":0,"parent":475,"menu_order":6,"comment_status":"closed","ping_status":"closed","template":"","meta":{"_acf_changed":false,"ngg_post_thumbnail":0,"footnotes":""},"class_list":["post-1380","page","type-page","status-publish","hentry"],"acf":[],"_links":{"self":[{"href":"https:\/\/pb.edu.pl\/iros\/wp-json\/wp\/v2\/pages\/1380","targetHints":{"allow":["GET"]}}],"collection":[{"href":"https:\/\/pb.edu.pl\/iros\/wp-json\/wp\/v2\/pages"}],"about":[{"href":"https:\/\/pb.edu.pl\/iros\/wp-json\/wp\/v2\/types\/page"}],"author":[{"embeddable":true,"href":"https:\/\/pb.edu.pl\/iros\/wp-json\/wp\/v2\/users\/2"}],"replies":[{"embeddable":true,"href":"https:\/\/pb.edu.pl\/iros\/wp-json\/wp\/v2\/comments?post=1380"}],"version-history":[{"count":0,"href":"https:\/\/pb.edu.pl\/iros\/wp-json\/wp\/v2\/pages\/1380\/revisions"}],"up":[{"embeddable":true,"href":"https:\/\/pb.edu.pl\/iros\/wp-json\/wp\/v2\/pages\/475"}],"wp:attachment":[{"href":"https:\/\/pb.edu.pl\/iros\/wp-json\/wp\/v2\/media?parent=1380"}],"curies":[{"name":"wp","href":"https:\/\/api.w.org\/{rel}","templated":true}]}}