{"id":1378,"date":"2019-09-14T23:53:07","date_gmt":"2019-09-14T21:53:07","guid":{"rendered":"https:\/\/pb.edu.pl\/bwm\/?page_id=1378"},"modified":"2021-08-20T08:55:33","modified_gmt":"2021-08-20T06:55:33","slug":"formularze-do-pobrania-przed-wyjazdem-na-studia","status":"publish","type":"page","link":"https:\/\/pb.edu.pl\/iros\/program-erasmus\/wyjazdy-studentow-program-ka107\/formularze-do-pobrania-przed-wyjazdem-na-studia\/","title":{"rendered":"Formularze do pobrania &#8211; przed wyjazdem na studia"},"content":{"rendered":"<h3 style=\"color: red\">UWAGA!!! Wszystkie dokumenty nale\u017cy uzupe\u0142nia\u0107 komputerowo.<\/h3>\n<p><a class=\"doc\" title=\"\" href=\"https:\/\/pb.edu.pl\/iros\/wp-content\/uploads\/sites\/24\/2019\/11\/ankieta-kandydata-2019-20-sem.-letni-KA107-POPRAWIONE.doc\" target=\"_blank\" rel=\"noopener noreferrer\" data-id=\"1593\">ANKIETA KANDYDATA KA-107<\/a><br \/>\n<a class=\"doc\" title=\"pobierz plik\" href=\"https:\/\/pb.edu.pl\/iros\/wp-content\/uploads\/sites\/24\/2021\/06\/LA-studia-KA-107-1.doc\" data-id=\"5153\">Learning Agreement &#8211; studia KA-107 (DOC, 149 KB)<\/a><\/p>\n<p><a class=\"docx\" title=\"pobierz plik\" href=\"https:\/\/pb.edu.pl\/iros\/wp-content\/uploads\/sites\/24\/2021\/08\/DRUK-PRZELEWU-2021-2022-EURO.docx\" data-id=\"5516\">DRUK PRZELEWU 2021-2022 EURO (DOCX, 24 KB)<\/a><\/p>\n","protected":false},"excerpt":{"rendered":"<p>UWAGA!!! Wszystkie dokumenty nale\u017cy uzupe\u0142nia\u0107 komputerowo. ANKIETA KANDYDATA KA-107 Learning Agreement &#8211; studia KA-107 (DOC,<\/p>\n","protected":false},"author":2,"featured_media":0,"parent":475,"menu_order":6,"comment_status":"closed","ping_status":"closed","template":"","meta":{"_acf_changed":false,"ngg_post_thumbnail":0,"footnotes":""},"class_list":["post-1378","page","type-page","status-publish","hentry"],"acf":[],"_links":{"self":[{"href":"https:\/\/pb.edu.pl\/iros\/wp-json\/wp\/v2\/pages\/1378","targetHints":{"allow":["GET"]}}],"collection":[{"href":"https:\/\/pb.edu.pl\/iros\/wp-json\/wp\/v2\/pages"}],"about":[{"href":"https:\/\/pb.edu.pl\/iros\/wp-json\/wp\/v2\/types\/page"}],"author":[{"embeddable":true,"href":"https:\/\/pb.edu.pl\/iros\/wp-json\/wp\/v2\/users\/2"}],"replies":[{"embeddable":true,"href":"https:\/\/pb.edu.pl\/iros\/wp-json\/wp\/v2\/comments?post=1378"}],"version-history":[{"count":0,"href":"https:\/\/pb.edu.pl\/iros\/wp-json\/wp\/v2\/pages\/1378\/revisions"}],"up":[{"embeddable":true,"href":"https:\/\/pb.edu.pl\/iros\/wp-json\/wp\/v2\/pages\/475"}],"wp:attachment":[{"href":"https:\/\/pb.edu.pl\/iros\/wp-json\/wp\/v2\/media?parent=1378"}],"curies":[{"name":"wp","href":"https:\/\/api.w.org\/{rel}","templated":true}]}}