{"id":1365,"date":"2019-09-14T23:38:34","date_gmt":"2019-09-14T21:38:34","guid":{"rendered":"https:\/\/pb.edu.pl\/bwm\/?page_id=1365"},"modified":"2024-04-03T13:38:25","modified_gmt":"2024-04-03T11:38:25","slug":"koordynatorzy-wydzialowi","status":"publish","type":"page","link":"https:\/\/pb.edu.pl\/iros\/program-erasmus\/wyjazdy-studentow-program-ka107\/koordynatorzy-wydzialowi\/","title":{"rendered":"Koordynatorzy wydzia\u0142owi"},"content":{"rendered":"<h2>Koordynatorzy programu Erasmus+ na Politechnice Bia\u0142ostockiej<\/h2>\n<h3>Wydzia\u0142 Architektury<\/h3>\n<p><strong>mgr in\u017c. arch. Anna Naumiuk-Jakuc <\/strong><br \/>\n<strong>pok\u00f3j 117<\/strong><\/p>\n<i class=\"fa fa-phone\" aria-hidden=\"true\"><\/i> 85 746 99 32<br \/>\n<i class=\"fal fa-envelope\"><\/i> <i class=\"fa fa-envelope-o\" aria-hidden=\"true\"><\/i><a href=\"#\" rel=\"nofollow\"  onclick=\"this.href='mailto:' + 'wa.erasmus' + '@' + 'pb.edu.pl'\">wa.erasmus [at] pb.edu.pl<\/a>\n<p>Konsultacje:<br \/>\n\u015broda 12:00-13:30&nbsp;<br \/>\n<i class=\"fal fa-envelope\"><\/i> WA 115<\/p>\n<p><strong>mgr in\u017c. arch. Katarzyna Matyszewska-Fuszara<\/strong><br \/>\n<strong>pok\u00f3j 117<\/strong><\/p>\n<i class=\"fa fa-phone\" aria-hidden=\"true\"><\/i> 85 746 99 32<br \/>\n<i class=\"fa fa-envelope-o\" aria-hidden=\"true\"><\/i><a href=\"#\" rel=\"nofollow\"  onclick=\"this.href='mailto:' + 'wa.erasmus' + '@' + 'pb.edu.pl'\">wa.erasmus [at] pb.edu.pl<\/a>\n<p>Konsultacje:<br \/>\npi\u0105tek 12:45-13:30&nbsp;<br \/>\n<i class=\"fal fa-envelope\"><\/i> WA 117<\/p>\n<hr>\n<h3>Wydzia\u0142 Budownictwa i Nauk o \u015arodowisku<\/h3>\n<p><strong>Budownictwo, Gospodarka Przestrzenna, Architektura Krajobrazu<\/strong><br \/>\n<strong>dr in\u017c. Natalia Stankiewicz<\/strong><br \/>\npok\u00f3j WB-66B<br \/>\n<i class=\"fa fa-envelope-o\" aria-hidden=\"true\"><\/i> <a href=\"#\" rel=\"nofollow\"  onclick=\"this.href='mailto:' + 'wb.erasmus' + '@' + 'pb.edu.pl'\">wb.erasmus [at] pb.edu.pl<\/a>\n<p>Konsultacje:<br \/>\n\u015broda 11:15-12:00<br \/>\nWB 66B\/MS Teams<\/p>\n<p>&nbsp;<\/p>\n<p><strong>In\u017cynieria \u015arodowiska, Biotechnologia, In\u017cynieria Rolno-Spo\u017cywcza, Le\u015bnictwo<\/strong><br \/>\n<strong>dr in\u017c. Piotr Rynkowski<\/strong><br \/>\n<i class=\"fa fa-phone\" aria-hidden=\"true\"><\/i> 85 746 96 58<br \/>\n<i class=\"fa fa-envelope-o\" aria-hidden=\"true\"><\/i> <a href=\"#\" rel=\"nofollow\"  onclick=\"this.href='mailto:' + 'wnos.erasmus' + '@' + 'pb.edu.pl'\">wnos.erasmus [at] pb.edu.pl<\/a>\n<span style=\"font-size: 1.5rem\">pok\u00f3j WB-73B<\/span><\/p>\n<hr>\n<h3>Wydzia\u0142 Elektryczny<\/h3>\n<p><strong> dr in\u017c. Jaros\u0142aw Forenc<\/strong><br \/>\n<i class=\"fa fa-phone\" aria-hidden=\"true\"><\/i> 85 746 93 97<br \/>\n<i class=\"fa fa-envelope-o\" aria-hidden=\"true\"><\/i> <a href=\"#\" rel=\"nofollow\"  onclick=\"this.href='mailto:' + 'we.erasmus' + '@' + 'pb.edu.pl'\">we.erasmus [at] pb.edu.pl<\/a>\n<span style=\"font-size: 1.5rem\">pok\u00f3j WE 204<\/span><\/p>\n<p>Konsultacje:<br \/>\nwtorek 10:30-12:00<br \/>\n<span style=\"font-size: 1.5rem\">czwartek 12:00-13:20<\/span><br \/>\n<span style=\"font-size: 1.5rem\">pok\u00f3j WE 204<\/span><\/p>\n<p>&nbsp;<\/p>\n<p><strong>Sekretariat:<\/strong><br \/>\nmgr in\u017c. Izabela Cie\u015bluk<br \/>\n<i class=\"fa fa-phone\" aria-hidden=\"true\"><\/i> 85 746 93 68<br \/>\n<i class=\"fa fa-envelope-o\" aria-hidden=\"true\"><\/i> <a href=\"#\" rel=\"nofollow\"  onclick=\"this.href='mailto:' + 'we.erasmus' + '@' + 'pb.edu.pl'\">we.erasmus [at] pb.edu.pl<\/a>\n<span style=\"font-size: 1.5rem\">pok\u00f3j WE-001<\/span><\/p>\n<hr>\n<h3>Wydzia\u0142 Informatyki<\/h3>\n<p><strong>dr Ewa Girejko <\/strong><br \/>\n<i class=\"fa fa-phone\" aria-hidden=\"true\"><\/i> 85 746 90 58<br \/>\n<i class=\"fa fa-envelope-o\" aria-hidden=\"true\"><\/i> <a href=\"#\" rel=\"nofollow\"  onclick=\"this.href='mailto:' + 'wi.erasmus' + '@' + 'pb.edu.pl'\">wi.erasmus [at] pb.edu.pl<\/a>\np<span style=\"font-size: 1.5rem\">ok\u00f3j 117 (Budynek Rektoratu)<\/span><\/p>\n<p>&nbsp;<\/p>\n<p><strong>dr Joanna Karbowska-Chili\u0144ska <\/strong><br \/>\n<i class=\"fa fa-envelope-o\" aria-hidden=\"true\"><\/i> <a href=\"#\" rel=\"nofollow\"  onclick=\"this.href='mailto:' + 'wi.erasmus' + '@' + 'pb.edu.pl'\">wi.erasmus [at] pb.edu.pl<\/a>\np<span style=\"font-size: 1.5rem\">ok\u00f3j 211 (Budynek Rektoratu)<\/span><\/p>\n<p>Konsultacje:<br \/>\n\u015broda 12:00-12:45<br \/>\nWI 211<\/p>\n<hr>\n<h3>Wydzia\u0142 Mechaniczny<\/h3>\n<p><strong>dr hab. in\u017c. Joanna Mystkowska, prof. PB<\/strong><br \/>\n<i class=\"fa fa-phone\" aria-hidden=\"true\"><\/i> 571 443 083<br \/>\n<i class=\"fa fa-envelope-o\" aria-hidden=\"true\"><\/i> <a href=\"#\" rel=\"nofollow\"  onclick=\"this.href='mailto:' + 'wm.erasmus' + '@' + 'pb.edu.pl'\">wm.erasmus [at] pb.edu.pl<\/a>\npok. M-303<\/p>\n<p>&nbsp;<\/p>\n<p><strong>mgr Ma\u0142gorzata Zdrodowska<\/strong><\/p>\n<i class=\"fa fa-phone\" aria-hidden=\"true\"><\/i> 797 990 774<br \/>\n<i class=\"fa fa-envelope-o\" aria-hidden=\"true\"><\/i> <a href=\"#\" rel=\"nofollow\"  onclick=\"this.href='mailto:' + 'wm.erasmus' + '@' + 'pb.edu.pl'\">wm.erasmus [at] pb.edu.pl<\/a>\npok. M-325<\/p>\n<p>Konsultacje:<br \/>\nwtorek 8:30-11:00, 13:00-13:45<br \/>\n\u015broda 7:45-8:30<br \/>\nWM 325<\/p>\n<p>&nbsp;<\/p>\n<p><strong>Sekretariat:<\/strong><br \/>\nJoanna Czarnecka<br \/>\npok\u00f3j 108 (WM)<br \/>\n<i class=\"fa fa-envelope-o\" aria-hidden=\"true\"><\/i> <a href=\"#\" rel=\"nofollow\"  onclick=\"this.href='mailto:' + 'j.czarnecka' + '@' + 'pb.edu.pl'\">j.czarnecka [at] pb.edu.pl<\/a>\n<hr>\n<h3>Wydzia\u0142 In\u017cynierii Zarz\u0105dzania<\/h3>\n<p><strong> dr Danuta Szpilko<\/strong><br \/>\n<i class=\"fa fa-phone\" aria-hidden=\"true\"><\/i> 85 746 74 68<br \/>\n<i class=\"fa fa-envelope-o\" aria-hidden=\"true\"><\/i> <a href=\"#\" rel=\"nofollow\"  onclick=\"this.href='mailto:' + 'wiz.erasmus' + '@' + 'pb.edu.pl'\">wiz.erasmus [at] pb.edu.pl<\/a>\npok\u00f3j 11 DZ (Kleosin)<\/p>\n<p><i class=\"fal fa-envelope\"><\/i>Konsultacje:<br \/>\nponiedzia\u0142ek 14:15-15:00&nbsp;<br \/>\n\u015broda 8:15-12:00<br \/>\nWIZ 11 DZ<\/p>\n<p>&nbsp;<\/p>\n<p><strong>dr Aleksandra Gulc <\/strong><br \/>\n<i class=\"fa fa-phone\" aria-hidden=\"true\"><\/i> 85 746 74 76<br \/>\n<i class=\"fa fa-envelope-o\" aria-hidden=\"true\"><\/i> <a href=\"#\" rel=\"nofollow\"  onclick=\"this.href='mailto:' + 'wiz.erasmus' + '@' + 'pb.edu.pl'\">wiz.erasmus [at] pb.edu.pl<\/a>\npok\u00f3j 110 KS (Kleosin)<\/p>\n<p>Konsultacje:<br \/>\nwtorek 14:00-15:30&nbsp;<br \/>\n\u015broda 12:15-14:00<br \/>\nWIZ 110 KS<\/p>\n<hr>\n<h3>Studium J\u0119zyk\u00f3w Obcych<\/h3>\n<p><strong>mgr Ma\u0142gorzata Komarewska<\/strong><\/p>\n<i class=\"fa fa-phone\" aria-hidden=\"true\"><\/i> 85 746 96 29<br \/>\n<i class=\"fa fa-envelope-o\" aria-hidden=\"true\"><\/i> <a href=\"#\" rel=\"nofollow\"  onclick=\"this.href='mailto:' + 'sjo.erasmus' + '@' + 'pb.edu.pl'\">sjo.erasmus [at] pb.edu.pl<\/a>\npok\u00f3j 11, II pi\u0119tro CNK<\/p>\n<p>Konsultacje:<br \/>\npi\u0105tek 12:15-13:45<br \/>\nCNK 2\/11<\/p>\n","protected":false},"excerpt":{"rendered":"<p>Koordynatorzy programu Erasmus+ na Politechnice Bia\u0142ostockiej Wydzia\u0142 Architektury mgr in\u017c. arch. Anna Naumiuk-Jakuc pok\u00f3j 117<\/p>\n","protected":false},"author":2,"featured_media":0,"parent":475,"menu_order":3,"comment_status":"closed","ping_status":"closed","template":"","meta":{"_acf_changed":false,"ngg_post_thumbnail":0,"footnotes":""},"class_list":["post-1365","page","type-page","status-publish","hentry"],"acf":[],"_links":{"self":[{"href":"https:\/\/pb.edu.pl\/iros\/wp-json\/wp\/v2\/pages\/1365","targetHints":{"allow":["GET"]}}],"collection":[{"href":"https:\/\/pb.edu.pl\/iros\/wp-json\/wp\/v2\/pages"}],"about":[{"href":"https:\/\/pb.edu.pl\/iros\/wp-json\/wp\/v2\/types\/page"}],"author":[{"embeddable":true,"href":"https:\/\/pb.edu.pl\/iros\/wp-json\/wp\/v2\/users\/2"}],"replies":[{"embeddable":true,"href":"https:\/\/pb.edu.pl\/iros\/wp-json\/wp\/v2\/comments?post=1365"}],"version-history":[{"count":0,"href":"https:\/\/pb.edu.pl\/iros\/wp-json\/wp\/v2\/pages\/1365\/revisions"}],"up":[{"embeddable":true,"href":"https:\/\/pb.edu.pl\/iros\/wp-json\/wp\/v2\/pages\/475"}],"wp:attachment":[{"href":"https:\/\/pb.edu.pl\/iros\/wp-json\/wp\/v2\/media?parent=1365"}],"curies":[{"name":"wp","href":"https:\/\/api.w.org\/{rel}","templated":true}]}}