{"id":13095,"date":"2023-10-05T11:11:49","date_gmt":"2023-10-05T09:11:49","guid":{"rendered":"https:\/\/pb.edu.pl\/bwm\/?page_id=13095"},"modified":"2023-12-19T20:51:16","modified_gmt":"2023-12-19T19:51:16","slug":"dane-bwm","status":"publish","type":"page","link":"https:\/\/pb.edu.pl\/iros\/dane-bwm\/","title":{"rendered":"Dane Dzia\u0142\u00f3w Wsp\u00f3\u0142pracy Mi\u0119dzynarodowej"},"content":{"rendered":"<p class=\"text-center\">\nTre\u015bci publikowane na tej stronie www s\u0105 dost\u0119pne po zalogowaniu na konto Microsoft Office 365.\n<\/p>\n<p class=\"text-center\">\n <a class=\"h3\" href=\"https:\/\/pbial.sharepoint.com\/sites\/DaneBWM\/\">Dost\u0119p do huba informacyjnego Dane IROs<\/a><\/p>\n","protected":false},"excerpt":{"rendered":"<p>Tre\u015bci publikowane na tej stronie www s\u0105 dost\u0119pne po zalogowaniu na konto Microsoft Office 365.<\/p>\n","protected":false},"author":2,"featured_media":0,"parent":0,"menu_order":1000,"comment_status":"closed","ping_status":"closed","template":"","meta":{"_acf_changed":false,"ngg_post_thumbnail":0,"footnotes":""},"class_list":["post-13095","page","type-page","status-publish","hentry"],"acf":[],"_links":{"self":[{"href":"https:\/\/pb.edu.pl\/iros\/wp-json\/wp\/v2\/pages\/13095","targetHints":{"allow":["GET"]}}],"collection":[{"href":"https:\/\/pb.edu.pl\/iros\/wp-json\/wp\/v2\/pages"}],"about":[{"href":"https:\/\/pb.edu.pl\/iros\/wp-json\/wp\/v2\/types\/page"}],"author":[{"embeddable":true,"href":"https:\/\/pb.edu.pl\/iros\/wp-json\/wp\/v2\/users\/2"}],"replies":[{"embeddable":true,"href":"https:\/\/pb.edu.pl\/iros\/wp-json\/wp\/v2\/comments?post=13095"}],"version-history":[{"count":0,"href":"https:\/\/pb.edu.pl\/iros\/wp-json\/wp\/v2\/pages\/13095\/revisions"}],"wp:attachment":[{"href":"https:\/\/pb.edu.pl\/iros\/wp-json\/wp\/v2\/media?parent=13095"}],"curies":[{"name":"wp","href":"https:\/\/api.w.org\/{rel}","templated":true}]}}