{"id":1279,"date":"2019-09-14T12:42:44","date_gmt":"2019-09-14T10:42:44","guid":{"rendered":"https:\/\/pb.edu.pl\/bwm\/?page_id=1279"},"modified":"2025-12-16T09:02:12","modified_gmt":"2025-12-16T08:02:12","slug":"formularze-do-pobrania-przed-wyjazdem-na-praktyki","status":"publish","type":"page","link":"https:\/\/pb.edu.pl\/iros\/program-erasmus\/wyjazdy-studentow-program-ka131\/praktyki-erasmus\/formularze-do-pobrania-przed-wyjazdem-na-praktyki\/","title":{"rendered":"Formularze do pobrania &#8211; PRAKTYKI"},"content":{"rendered":"<p><strong><span style=\"color: #ff0000\">UWAGA!!! Wszystkie dokumenty nale\u017cy uzupe\u0142nia\u0107 komputerowo.<\/span><\/strong><\/p>\n<p><strong>Przed wyjazdem:<\/strong><\/p>\n<i class=\"fa fa-file-o\" aria-hidden=\"true\"><\/i> <a title=\"\" href=\"https:\/\/pb.edu.pl\/iros\/wp-content\/uploads\/sites\/24\/2024\/11\/PRAKTYKI-wniosek-student.docx\">Wniosek dla studenta<\/a><\/p>\n<i class=\"fa fa-file-o\" aria-hidden=\"true\"><\/i> <a title=\"\" href=\"https:\/\/pb.edu.pl\/iros\/wp-content\/uploads\/sites\/24\/2024\/11\/PRAKTYKI-wniosek-absolwent.docx\">Wniosek dla absolwenta<\/a><\/p>\n<i class=\"fa fa-file-o\" aria-hidden=\"true\"><\/i> <a title=\"\" href=\"https:\/\/pb.edu.pl\/iros\/wp-content\/uploads\/sites\/24\/2024\/11\/LEARNING-AGREEMENT-FOR-TRAINEESHIPS-before-the-mobility-111.docx\">Learning Agreement for Traineeships<\/a><\/p>\n<i class=\"fa fa-file-o\" aria-hidden=\"true\"><\/i> <a title=\"\" href=\"https:\/\/pb.edu.pl\/iros\/wp-content\/uploads\/sites\/24\/2025\/01\/STUDIA-DRUK-PRZELEWU.docx\">Druk przelewu<\/a><\/p>\n<i class=\"fa fa-file-o\" aria-hidden=\"true\"><\/i> <a href=\"https:\/\/pb.edu.pl\/iros\/wp-content\/uploads\/sites\/24\/2025\/05\/GT-Projekt-2024-15.docx\">Deklaracja Green Travel PRAKTYKI<\/a><\/p>\n<p>&nbsp;<\/p>\n<p><strong>Podczas pobytu:<\/strong><\/p>\n<i class=\"fa fa-file-o\" aria-hidden=\"true\"><\/i> <a href=\"https:\/\/pb.edu.pl\/iros\/wp-content\/uploads\/sites\/24\/2024\/03\/PRAKTYKI-Traineeship-Certificate.doc\">Traineeship Certificate<\/a><\/p>\n<p>&nbsp;<\/p>\n<p><strong>Po powrocie:<\/strong><\/p>\n<i class=\"fa fa-file-o\" aria-hidden=\"true\"><\/i> <a href=\"https:\/\/pb.edu.pl\/iros\/wp-content\/uploads\/sites\/24\/2024\/03\/PRAKTYKI-dane-do-raportu.doc\">Dane do raportu &#8211; PRAKTYKI<\/a><\/p>\n<i class=\"fa fa-file-o\" aria-hidden=\"true\"><\/i> <a href=\"https:\/\/pb.edu.pl\/iros\/wp-content\/uploads\/sites\/24\/2024\/03\/Oswiadczenie-carpooling.docx\">O\u015bwiadczenie carpooling<\/a><\/p>\n<p>&nbsp;<\/p>\n","protected":false},"excerpt":{"rendered":"<p>UWAGA!!! Wszystkie dokumenty nale\u017cy uzupe\u0142nia\u0107 komputerowo. Przed wyjazdem: Wniosek dla studenta Wniosek dla absolwenta Learning<\/p>\n","protected":false},"author":2,"featured_media":0,"parent":498,"menu_order":1,"comment_status":"closed","ping_status":"closed","template":"","meta":{"_acf_changed":false,"ngg_post_thumbnail":0,"footnotes":""},"class_list":["post-1279","page","type-page","status-publish","hentry"],"acf":[],"_links":{"self":[{"href":"https:\/\/pb.edu.pl\/iros\/wp-json\/wp\/v2\/pages\/1279","targetHints":{"allow":["GET"]}}],"collection":[{"href":"https:\/\/pb.edu.pl\/iros\/wp-json\/wp\/v2\/pages"}],"about":[{"href":"https:\/\/pb.edu.pl\/iros\/wp-json\/wp\/v2\/types\/page"}],"author":[{"embeddable":true,"href":"https:\/\/pb.edu.pl\/iros\/wp-json\/wp\/v2\/users\/2"}],"replies":[{"embeddable":true,"href":"https:\/\/pb.edu.pl\/iros\/wp-json\/wp\/v2\/comments?post=1279"}],"version-history":[{"count":0,"href":"https:\/\/pb.edu.pl\/iros\/wp-json\/wp\/v2\/pages\/1279\/revisions"}],"up":[{"embeddable":true,"href":"https:\/\/pb.edu.pl\/iros\/wp-json\/wp\/v2\/pages\/498"}],"wp:attachment":[{"href":"https:\/\/pb.edu.pl\/iros\/wp-json\/wp\/v2\/media?parent=1279"}],"curies":[{"name":"wp","href":"https:\/\/api.w.org\/{rel}","templated":true}]}}