{"id":1276,"date":"2019-09-14T12:40:14","date_gmt":"2019-09-14T10:40:14","guid":{"rendered":"https:\/\/pb.edu.pl\/bwm\/?page_id=1276"},"modified":"2025-11-05T09:32:45","modified_gmt":"2025-11-05T08:32:45","slug":"formularze-do-pobrania-przed-wyjazdem-na-studia-dla-studentow","status":"publish","type":"page","link":"https:\/\/pb.edu.pl\/iros\/program-erasmus\/wyjazdy-studentow-program-ka131\/formularze-do-pobrania-przed-wyjazdem-na-studia-dla-studentow\/","title":{"rendered":"Formularze do pobrania &#8211; wyjazd na studia"},"content":{"rendered":"<p><span style=\"color: #ff0000\"><strong>Uwaga!!! Wszystkie dokumenty nale\u017cy uzupe\u0142nia\u0107 komputerowo. Dokumenty uzupe\u0142nione odr\u0119cznie nie b\u0119d\u0105 przyjmowane.<\/strong><br \/>\n<\/span><\/p>\n<p>&nbsp;<\/p>\n<p><span style=\"text-decoration: underline;font-size: 12pt\"><strong>Przed wyjazdem:<\/strong><\/span><\/p>\n<p style=\"color: red\"><span style=\"font-size: 11pt\"><a title=\"otworzy si\u0119 w nowej karcie\" href=\"https:\/\/docs.uci.pb.edu.pl\/usos\/wymianast.html#\" target=\"_blank\" rel=\"noopener\">Instrukcja wype\u0142niania ankiety w USOSwebie<\/a><\/span><\/p>\n<p><a title=\"\" href=\"https:\/\/pb.edu.pl\/iros\/wp-content\/uploads\/sites\/24\/2025\/03\/Zalacznik-nr-7-do-zarzadzenia.docx\">Wniosek o ustalenie indywidualnych wymaga\u0144 programowych <\/a>&#8211; <span style=\"font-size: 10pt\"><strong><em>dotyczy student\u00f3w Wydzia\u0142u Informatyki<\/em><\/strong><\/span><\/p>\n<p><span style=\"font-size: 11pt\"><span style=\"color: #000000\"><i class=\"fa fa-file-o\" aria-hidden=\"true\"><\/i><\/span> <a class=\"docx\" title=\"pobierz plik\" href=\"https:\/\/pb.edu.pl\/iros\/wp-content\/uploads\/sites\/24\/2025\/11\/STUDIA-LEARNING-AGREEMENT.docx\" data-id=\"27758\">STUDIA-LEARNING-AGREEMENT (DOCX, 43 KB)<\/a><\/span><\/p>\n<p><span style=\"font-size: 11pt\"><span style=\"color: #000000\"><i class=\"fa fa-file-o\" aria-hidden=\"true\"><\/i> <a title=\"\" href=\"https:\/\/pb.edu.pl\/iros\/wp-content\/uploads\/sites\/24\/2025\/01\/STUDIA-DRUK-PRZELEWU.docx\">Druk przelewu<\/a><\/span><\/span><\/p>\n<i class=\"fa fa-file-o\" aria-hidden=\"true\"><\/i> <a title=\"\" href=\"https:\/\/pb.edu.pl\/iros\/wp-content\/uploads\/sites\/24\/2025\/01\/GT-Projekt-2024-1.docx\" target=\"_blank\" rel=\"noopener\">Deklaracja Green Travel <\/a><\/p>\n<p>&nbsp;<\/p>\n<p><span style=\"text-decoration: underline;font-size: 12pt\"><strong>Podczas pobytu:<\/strong><\/span><\/p>\n<p><span style=\"font-size: 11pt\"><span style=\"color: #000000\"><i class=\"fa fa-file-o\" aria-hidden=\"true\"><\/i> <a href=\"https:\/\/pb.edu.pl\/iros\/wp-content\/uploads\/sites\/24\/2024\/03\/STUDIA-CHANGES-TO-LA.doc\">Changes to Learning Agreement<\/a><\/span><\/span><\/p>\n<p><a href=\"https:\/\/pb.edu.pl\/iros\/wp-content\/uploads\/sites\/24\/2025\/03\/Zalacznik-nr-1-Wniosek-o-przedluzenie-mobilnosci-w-ramach-programu-Erasmus.docx\">Wniosek o przed\u0142u\u017cenie mobilno\u015bci o semestr letni<\/a><\/p>\n<i class=\"fa fa-file-o\" aria-hidden=\"true\"><\/i> <a href=\"https:\/\/pb.edu.pl\/iros\/wp-content\/uploads\/sites\/24\/2024\/03\/Certificate-of-Attendance-.pdf\">Certificate of Attendance<\/a><\/p>\n<p>&nbsp;<\/p>\n<p><span style=\"text-decoration: underline\"><span style=\"font-size: 12pt\"><strong>Po powrocie:<\/strong><\/span><\/span><\/p>\n<p><span style=\"font-size: 11pt\"><span style=\"color: #000000\"><i class=\"fa fa-file-o\" aria-hidden=\"true\"><\/i> <a title=\"\" href=\"https:\/\/pb.edu.pl\/iros\/wp-content\/uploads\/sites\/24\/2025\/01\/Dane-do-raportu.doc\">Dane do raportu STUDIA<\/a><br \/>\n<\/span><\/span><\/p>\n<p><span style=\"font-size: 11pt\"><span style=\"color: #000000\"><i class=\"fa fa-file-o\" aria-hidden=\"true\"><\/i> <a href=\"https:\/\/pb.edu.pl\/iros\/wp-content\/uploads\/sites\/24\/2025\/01\/Oswiadczenie-Carpooling.docx\">O\u015bwiadczenie Carpooling<\/a><\/span><\/span><\/p>\n<p><a href=\"https:\/\/pb.edu.pl\/iros\/wp-content\/uploads\/sites\/24\/2025\/03\/Zalacznik-nr-8-do-Regulaminu-organizacji-studenckiej-wymiany-miedzynarodowej-na-PB-w-ramach-programu-Erasmus.docx\">Wyci\u0105g z zagranicznego transkryptu ocen<\/a> &#8211; <strong><span style=\"font-size: 10pt\"><em>uzupe\u0142niony plik przes\u0142a\u0107 bezpo\u015brednio do Wydzia\u0142owego Koordynatora ds. Erasmus+<\/em><\/span><\/strong><\/p>\n","protected":false},"excerpt":{"rendered":"<p>Uwaga!!! Wszystkie dokumenty nale\u017cy uzupe\u0142nia\u0107 komputerowo. Dokumenty uzupe\u0142nione odr\u0119cznie nie b\u0119d\u0105 przyjmowane. &nbsp; Przed wyjazdem:<\/p>\n","protected":false},"author":2,"featured_media":0,"parent":467,"menu_order":11,"comment_status":"closed","ping_status":"closed","template":"","meta":{"_acf_changed":false,"ngg_post_thumbnail":0,"footnotes":""},"class_list":["post-1276","page","type-page","status-publish","hentry"],"acf":[],"_links":{"self":[{"href":"https:\/\/pb.edu.pl\/iros\/wp-json\/wp\/v2\/pages\/1276","targetHints":{"allow":["GET"]}}],"collection":[{"href":"https:\/\/pb.edu.pl\/iros\/wp-json\/wp\/v2\/pages"}],"about":[{"href":"https:\/\/pb.edu.pl\/iros\/wp-json\/wp\/v2\/types\/page"}],"author":[{"embeddable":true,"href":"https:\/\/pb.edu.pl\/iros\/wp-json\/wp\/v2\/users\/2"}],"replies":[{"embeddable":true,"href":"https:\/\/pb.edu.pl\/iros\/wp-json\/wp\/v2\/comments?post=1276"}],"version-history":[{"count":0,"href":"https:\/\/pb.edu.pl\/iros\/wp-json\/wp\/v2\/pages\/1276\/revisions"}],"up":[{"embeddable":true,"href":"https:\/\/pb.edu.pl\/iros\/wp-json\/wp\/v2\/pages\/467"}],"wp:attachment":[{"href":"https:\/\/pb.edu.pl\/iros\/wp-json\/wp\/v2\/media?parent=1276"}],"curies":[{"name":"wp","href":"https:\/\/api.w.org\/{rel}","templated":true}]}}