{"id":1261,"date":"2019-09-12T22:55:17","date_gmt":"2019-09-12T20:55:17","guid":{"rendered":"https:\/\/pb.edu.pl\/bwm\/?page_id=1261"},"modified":"2022-11-25T17:03:13","modified_gmt":"2022-11-25T16:03:13","slug":"zadania","status":"publish","type":"page","link":"https:\/\/pb.edu.pl\/iros\/projekty-nawa\/prom-2019\/zadania\/","title":{"rendered":"Zadania"},"content":{"rendered":"<p>Dzia\u0142aniami uprawnionymi do realizacji w Programie s\u0105 wyjazdy lub przyjazdy zwi\u0105zane z tematyk\u0105 doktoratu lub prowadzon\u0105 prac\u0105 dydaktyczn\u0105 i naukow\u0105 maj\u0105ce na celu:<\/p>\n<ul>\n<li>aktywny udzia\u0142 w konferencji zagranicznej (w tym np. udzia\u0142 w sesji posterowej i flash talk);<\/li>\n<li>pozyskanie materia\u0142\u00f3w do pracy doktorskiej\/artyku\u0142u naukowego;<\/li>\n<li>udzia\u0142 w szkole letniej\/szkole zimowej (zar\u00f3wno jako s\u0142uchacz szko\u0142y, jak i prowadz\u0105cy zaj\u0119cia). Tematyka programu szko\u0142y musi by\u0107 \u015bci\u015ble zwi\u0105zana z tematyk\u0105 rozprawy doktorskiej i\/lub prowadzonymi badaniami;<\/li>\n<li>wykonanie pomiar\u00f3w korzystaj\u0105c z unikatowej aparatury, w tym korzystaj\u0105c z du\u017cej infrastruktury badawczej niedost\u0119pnej (trudno dost\u0119pnej) w Polsce;<\/li>\n<li>udzia\u0142 w kr\u00f3tkich formach kszta\u0142cenia tj. kursach, warsztatach, sta\u017cach zawodowych lub sta\u017cach przemys\u0142owych, wizytach studyjnych, w tym r\u00f3wnie\u017c realizowanych u przedsi\u0119biorc\u00f3w;<\/li>\n<li>udzia\u0142 w szkoleniach (w tym szkoleniach dotycz\u0105cych przedsi\u0119biorczo\u015bci lub dzia\u0142alno\u015bci wdro\u017ceniowej);<\/li>\n<li>wykonanie kwerend archiwalnych\/ bibliotecznych;<\/li>\n<li>udzia\u0142 w spotkaniach brokerskich;<\/li>\n<li>prowadzenie zaj\u0119\u0107 dydaktycznych;<\/li>\n<li>udzia\u0142 w przygotowaniu mi\u0119dzynarodowego wniosku grantowego;<\/li>\n<li>inne kr\u00f3tkie formy kszta\u0142cenia umo\u017cliwiaj\u0105ce zwi\u0119kszenie kompetencji uczestnika projektu.<\/li>\n<\/ul>\n","protected":false},"excerpt":{"rendered":"<p>Dzia\u0142aniami uprawnionymi do realizacji w Programie s\u0105 wyjazdy lub przyjazdy zwi\u0105zane z tematyk\u0105 doktoratu lub<\/p>\n","protected":false},"author":2,"featured_media":0,"parent":1251,"menu_order":4,"comment_status":"closed","ping_status":"closed","template":"","meta":{"_acf_changed":false,"ngg_post_thumbnail":0,"footnotes":""},"class_list":["post-1261","page","type-page","status-publish","hentry"],"acf":[],"_links":{"self":[{"href":"https:\/\/pb.edu.pl\/iros\/wp-json\/wp\/v2\/pages\/1261","targetHints":{"allow":["GET"]}}],"collection":[{"href":"https:\/\/pb.edu.pl\/iros\/wp-json\/wp\/v2\/pages"}],"about":[{"href":"https:\/\/pb.edu.pl\/iros\/wp-json\/wp\/v2\/types\/page"}],"author":[{"embeddable":true,"href":"https:\/\/pb.edu.pl\/iros\/wp-json\/wp\/v2\/users\/2"}],"replies":[{"embeddable":true,"href":"https:\/\/pb.edu.pl\/iros\/wp-json\/wp\/v2\/comments?post=1261"}],"version-history":[{"count":0,"href":"https:\/\/pb.edu.pl\/iros\/wp-json\/wp\/v2\/pages\/1261\/revisions"}],"up":[{"embeddable":true,"href":"https:\/\/pb.edu.pl\/iros\/wp-json\/wp\/v2\/pages\/1251"}],"wp:attachment":[{"href":"https:\/\/pb.edu.pl\/iros\/wp-json\/wp\/v2\/media?parent=1261"}],"curies":[{"name":"wp","href":"https:\/\/api.w.org\/{rel}","templated":true}]}}