{"id":1259,"date":"2019-09-12T22:54:42","date_gmt":"2019-09-12T20:54:42","guid":{"rendered":"https:\/\/pb.edu.pl\/bwm\/?page_id=1259"},"modified":"2023-04-06T09:52:50","modified_gmt":"2023-04-06T07:52:50","slug":"o-projekcie","status":"publish","type":"page","link":"https:\/\/pb.edu.pl\/iros\/projekty-nawa\/prom-2019\/o-projekcie\/","title":{"rendered":"O  projekcie"},"content":{"rendered":"<p>Celem projektu jest stworzenie mechanizmu wsparcia finansowego program\u00f3w wymiany stypendialnej adresowanych do doktorant\u00f3w i kadry akademickiej. Programy te umo\u017cliwia\u0107 b\u0119d\u0105 wzi\u0119cie udzia\u0142u w kr\u00f3tkich formach kszta\u0142cenia (trwaj\u0105cych od 5 do 30 dni), kt\u00f3rych celem jest podniesienie kompetencji i kwalifikacji. Projekt przyczyni si\u0119 do poprawy dost\u0119pno\u015bci mi\u0119dzynarodowych program\u00f3w kszta\u0142cenia i zwi\u0119kszy mobilno\u015b\u0107 kadr zar\u00f3wno w zakresie wyjazd\u00f3w przedstawicieli polskich uczelni i instytucji naukowych za granic\u0119, jak i przyjazd\u00f3w stypendyst\u00f3w do Polski, w tym os\u00f3b pochodz\u0105cych spoza UE.<\/p>\n<p>Projekt jest realizowany w okresie pa\u017adziernik 2019 roku \u2013 czerwiec 2023 roku.<\/p>\n<p>Politechnika Bia\u0142ostocka otrzyma\u0142a finansowanie z Narodowej Agencji Wymiany Akademickiej w wysoko\u015bci 1 194 130,00 z\u0142.<\/p>\n<p>W projekcie udzia\u0142 wzi\u0119\u0142y nast\u0119puj\u0105ce Wydzia\u0142y Politechniki Bia\u0142ostockiej:<\/p>\n<ul>\n<li>Wydzia\u0142 Architektury,<\/li>\n<li>Wydzia\u0142 In\u017cynierii Zarz\u0105dzania,<\/li>\n<li>Wydzia\u0142 Mechaniczny,<\/li>\n<li>Wydzia\u0142 Budownictwa i Nauk o \u015arodowisku<\/li>\n<li>Wydzia\u0142 Informatyki.<\/li>\n<\/ul>\n<p>Projekt PROM koordynuje Biuro ds. Wsp\u00f3\u0142pracy Mi\u0119dzynarodowej.<\/p>\n<p><a title=\"Przejd\u017a do serwisu\" href=\"https:\/\/nawa.gov.pl\/instytucje\/program-prom\" target=\"_blank\" rel=\"noopener noreferrer\">Narodowa Agencja Wymiany Akademickiej<\/a><\/p>\n","protected":false},"excerpt":{"rendered":"<p>Celem projektu jest stworzenie mechanizmu wsparcia finansowego program\u00f3w wymiany stypendialnej adresowanych do doktorant\u00f3w i kadry<\/p>\n","protected":false},"author":2,"featured_media":0,"parent":1251,"menu_order":3,"comment_status":"closed","ping_status":"closed","template":"","meta":{"_acf_changed":false,"ngg_post_thumbnail":0,"footnotes":""},"class_list":["post-1259","page","type-page","status-publish","hentry"],"acf":[],"_links":{"self":[{"href":"https:\/\/pb.edu.pl\/iros\/wp-json\/wp\/v2\/pages\/1259","targetHints":{"allow":["GET"]}}],"collection":[{"href":"https:\/\/pb.edu.pl\/iros\/wp-json\/wp\/v2\/pages"}],"about":[{"href":"https:\/\/pb.edu.pl\/iros\/wp-json\/wp\/v2\/types\/page"}],"author":[{"embeddable":true,"href":"https:\/\/pb.edu.pl\/iros\/wp-json\/wp\/v2\/users\/2"}],"replies":[{"embeddable":true,"href":"https:\/\/pb.edu.pl\/iros\/wp-json\/wp\/v2\/comments?post=1259"}],"version-history":[{"count":0,"href":"https:\/\/pb.edu.pl\/iros\/wp-json\/wp\/v2\/pages\/1259\/revisions"}],"up":[{"embeddable":true,"href":"https:\/\/pb.edu.pl\/iros\/wp-json\/wp\/v2\/pages\/1251"}],"wp:attachment":[{"href":"https:\/\/pb.edu.pl\/iros\/wp-json\/wp\/v2\/media?parent=1259"}],"curies":[{"name":"wp","href":"https:\/\/api.w.org\/{rel}","templated":true}]}}